{"id":74234,"date":"2022-07-04T22:55:36","date_gmt":"2022-07-05T01:55:36","guid":{"rendered":"https:\/\/levelprint.com.br\/?page_id=74234"},"modified":"2022-07-04T22:56:48","modified_gmt":"2022-07-05T01:56:48","slug":"squeeze-aluminio","status":"publish","type":"page","link":"https:\/\/levelprint.com.br\/pt\/personalizados\/squeeze-aluminio\/","title":{"rendered":"SQUEEZE ALUM\u00cdNIO"},"content":{"rendered":"<div class=\"wpb-content-wrapper\"><div class=\"vc_row wpb_row row\"><div class=\"vc_column_container col-md-8\"><div class=\"wpb_wrapper vc_column-inner\">\n\t<div class=\"wpb_text_column wpb_content_element\" >\n\t\t<div class=\"wpb_wrapper\">\n\t\t\t<p>Um\u00a0<strong>Squeeze\u00a0<\/strong> Personalizado \u00e9 uma m\u00eddia de comunica\u00e7\u00e3o muito atrativa para empresas fidelizarem suas marcas porque \u00e9 um item de uso pessoal\u00a0 que contribui com a quest\u00e3o ambiental, diminuindo o uso de copos descart\u00e1veis.<\/p>\n<p>Al\u00e9m disso o Squeeze para sublima\u00e7\u00e3o de Aluminio Prata &#8211; 500ml tamb\u00e9m \u00e9 um Produto de alto valor agregado para ser presenteado nas mais diversas datas comemorativas.<\/p>\n<p><strong>Especifica\u00e7\u00f5es:<\/strong><\/p>\n<ul>\n<li>Capacidade: 600ml<\/li>\n<li>Material: Alum\u00ednio<\/li>\n<li>De ante m\u00e3o, as cores da arte podem variar de acordo com seu monitor.<\/li>\n<\/ul>\n\n\t\t<\/div>\n\t<\/div>\n<\/div><\/div><div class=\"vc_column_container col-md-4\"><div class=\"wpb_wrapper vc_column-inner\"><style>.vc_btn3-style-gradient-custom.vc_btn-gradient-btn-69d7db4dab6cc:hover,.vc_btn3-style-gradient-custom.vc_btn-gradient-btn-69d7db4dab6cc:focus{color: #ffffff;background-color: #1e6606;border: none;background-position: 100% 0;} .vc_btn3-style-gradient-custom.vc_btn-gradient-btn-69d7db4dab6cc{color: #ffffff;border: none;background-color: #36ed4b;background-image: -webkit-linear-gradient(left, #36ed4b 0%, #1e6606 50%,#36ed4b 100%);background-image: linear-gradient(to right, #36ed4b 0%, #1e6606 50%,#36ed4b 100%);transition: all .2s ease-in-out;background-size: 200% 100%;}<\/style><div class=\"vc_btn3-container vc_btn3-center\" >\n\t<a data-vc-gradient-1=\"#36ed4b\" data-vc-gradient-2=\"#1e6606\" class=\"vc_general vc_btn3 vc_btn3-size-xl vc_btn3-shape-default vc_btn3-style-gradient-custom vc_btn3-block wpb_custom_4eba9bcc8f6c36e45e1d476fc3d9024c vc_btn-gradient-btn-69d7db4dab6cc btn\" href=\"https:\/\/api.whatsapp.com\/send?phone=5582988982750\" title=\"FALAR COM ATENDENTE\" target=\"_blank\">SOLICITAR OR\u00c7AMENTO<\/a>\t<\/div>\n<div class=\"wpb_gallery wpb_content_element vc_clearfix wpb_content_element\" ><div class=\"wpb_wrapper\"><div class=\"wpb_gallery_slides wpb_flexslider flexslider_slide flexslider\" data-interval=\"3\" data-flex_fx=\"slide\"><ul class=\"slides\"><li><a class=\"\" href=\"https:\/\/levelprint.com.br\/wp-content\/uploads\/2021\/08\/Squeeze-Alum\u00ednio-600ml-Level-Print.jpg\" data-lightbox=\"lightbox[rel-74234-3872655882]\"><img decoding=\"async\" class=\"\" src=\"\" width=\"\" height=\"\" alt=\"Squeeze Alum\u00ednio 600ml Level Print\" title=\"Squeeze Alum\u00ednio 600ml Level Print\" loading=\"lazy\" \/><\/a><\/li><li><a class=\"\" href=\"https:\/\/levelprint.com.br\/wp-content\/uploads\/2021\/08\/Squeeze-Alum\u00ednio-600ml-Level-Print2.jpg\" data-lightbox=\"lightbox[rel-74234-3872655882]\"><img decoding=\"async\" class=\"\" src=\"\" width=\"\" height=\"\" alt=\"Squeeze Alum\u00ednio 600ml Level Print2\" title=\"Squeeze Alum\u00ednio 600ml Level Print2\" loading=\"lazy\" \/><\/a><\/li><li><a class=\"\" href=\"https:\/\/levelprint.com.br\/wp-content\/uploads\/2022\/07\/squeeze.jpeg\" data-lightbox=\"lightbox[rel-74234-3872655882]\"><img decoding=\"async\" class=\"\" src=\"https:\/\/levelprint.com.br\/wp-content\/uploads\/2022\/07\/squeeze-388x400.jpeg\" width=\"388\" height=\"400\" alt=\"squeeze\" title=\"squeeze\" loading=\"lazy\" \/><\/a><\/li><\/ul><\/div><\/div><\/div><\/div><\/div><\/div><div class=\"vc_row wpb_row row\"><div class=\"vc_column_container col-md-12\"><div class=\"wpb_wrapper vc_column-inner\">\n<div class=\"vc_grid-container-wrapper vc_clearfix vc_grid-animation-fadeIn\">\n\t<div class=\"vc_grid-container vc_clearfix wpb_content_element vc_masonry_media_grid\" data-initial-loading-animation=\"fadeIn\" data-vc-grid-settings=\"{&quot;page_id&quot;:74234,&quot;style&quot;:&quot;load-more-masonry&quot;,&quot;action&quot;:&quot;vc_get_vc_grid_data&quot;,&quot;shortcode_id&quot;:&quot;1656985380896-ae987e21-e8f8-4&quot;,&quot;items_per_page&quot;:&quot;10&quot;,&quot;btn_data&quot;:{&quot;title&quot;:&quot;Carregar mais&quot;,&quot;style&quot;:&quot;modern&quot;,&quot;gradient_color_1&quot;:&quot;&quot;,&quot;gradient_color_2&quot;:&quot;&quot;,&quot;gradient_custom_color_1&quot;:&quot;&quot;,&quot;gradient_custom_color_2&quot;:&quot;&quot;,&quot;gradient_text_color&quot;:&quot;&quot;,&quot;custom_background&quot;:&quot;#ededed&quot;,&quot;custom_text&quot;:&quot;#666&quot;,&quot;outline_custom_color&quot;:&quot;#666&quot;,&quot;outline_custom_hover_background&quot;:&quot;#666&quot;,&quot;outline_custom_hover_text&quot;:&quot;#fff&quot;,&quot;shape&quot;:&quot;default&quot;,&quot;color&quot;:&quot;default&quot;,&quot;size&quot;:&quot;xs&quot;,&quot;align&quot;:&quot;inline&quot;,&quot;button_block&quot;:&quot;&quot;,&quot;add_icon&quot;:&quot;&quot;,&quot;i_align&quot;:&quot;left&quot;,&quot;i_type&quot;:&quot;fontawesome&quot;,&quot;i_icon_fontawesome&quot;:&quot;fas fa-adjust&quot;,&quot;i_icon_openiconic&quot;:&quot;vc-oi vc-oi-dial&quot;,&quot;i_icon_typicons&quot;:&quot;typcn typcn-adjust-brightness&quot;,&quot;i_icon_entypo&quot;:&quot;entypo-icon entypo-icon-note&quot;,&quot;i_icon_linecons&quot;:&quot;vc_li vc_li-heart&quot;,&quot;i_icon_monosocial&quot;:&quot;&quot;,&quot;i_icon_material&quot;:&quot;&quot;,&quot;i_icon_pixelicons&quot;:&quot;vc_pixel_icon vc_pixel_icon-alert&quot;,&quot;skin&quot;:&quot;&quot;,&quot;scale&quot;:&quot;&quot;,&quot;contextual&quot;:&quot;&quot;,&quot;btn_fs&quot;:&quot;&quot;,&quot;btn_fw&quot;:&quot;&quot;,&quot;btn_ls&quot;:&quot;&quot;,&quot;btn_px&quot;:&quot;&quot;,&quot;btn_py&quot;:&quot;&quot;,&quot;btn_icon_size&quot;:&quot;&quot;,&quot;btn_icon_spacing&quot;:&quot;&quot;,&quot;el_cls&quot;:&quot;&quot;,&quot;label&quot;:&quot;&quot;,&quot;show_arrow&quot;:&quot;&quot;,&quot;btn_arrow&quot;:&quot;&quot;,&quot;animation_type&quot;:&quot;&quot;,&quot;animation_duration&quot;:&quot;&quot;,&quot;animation_delay&quot;:&quot;&quot;,&quot;floating_start_pos&quot;:&quot;&quot;,&quot;floating_speed&quot;:&quot;&quot;,&quot;floating_transition&quot;:&quot;&quot;,&quot;floating_horizontal&quot;:&quot;&quot;,&quot;floating_duration&quot;:&quot;&quot;,&quot;i_icon_porto&quot;:&quot;&quot;,&quot;hover_effect&quot;:&quot;&quot;,&quot;el_id&quot;:&quot;&quot;,&quot;custom_onclick&quot;:&quot;&quot;,&quot;custom_onclick_code&quot;:&quot;&quot;},&quot;tag&quot;:&quot;vc_masonry_media_grid&quot;}\" data-vc-request=\"https:\/\/levelprint.com.br\/wp-admin\/admin-ajax.php\" data-vc-post-id=\"74234\" data-vc-public-nonce=\"c27b61ed91\">\n\t\t\n\t<\/div>\n<\/div><\/div><\/div><\/div>\n<\/div>","protected":false},"excerpt":{"rendered":"Um\u00a0Squeeze\u00a0 Personalizado \u00e9 uma m\u00eddia de comunica\u00e7\u00e3o muito atrativa para empresas fidelizarem suas marcas porque \u00e9 um item de uso pessoal\u00a0 que contribui com a quest\u00e3o ambiental, diminuindo o uso de copos descart\u00e1veis. Al\u00e9m disso o Squeeze para sublima\u00e7\u00e3o de Aluminio Prata - 500ml tamb\u00e9m \u00e9 um Produto de alto valor agregado para ser presenteado [...]","protected":false},"author":1,"featured_media":0,"parent":74195,"menu_order":0,"comment_status":"closed","ping_status":"closed","template":"","meta":{"footnotes":""},"class_list":["post-74234","page","type-page","status-publish","hentry"],"yoast_head":"<!-- This site is optimized with the Yoast SEO plugin v27.3 - https:\/\/yoast.com\/product\/yoast-seo-wordpress\/ -->\n<title>SQUEEZE ALUM\u00cdNIO - Level Print Gr\u00e1fica e Personalizados<\/title>\n<meta name=\"robots\" content=\"index, follow, max-snippet:-1, max-image-preview:large, max-video-preview:-1\" \/>\n<link rel=\"canonical\" href=\"https:\/\/levelprint.com.br\/pt\/personalizados\/squeeze-aluminio\/\" \/>\n<meta property=\"og:locale\" content=\"pt_BR\" \/>\n<meta property=\"og:type\" content=\"article\" \/>\n<meta property=\"og:title\" content=\"SQUEEZE ALUM\u00cdNIO - Level Print Gr\u00e1fica e Personalizados\" \/>\n<meta property=\"og:url\" content=\"https:\/\/levelprint.com.br\/pt\/personalizados\/squeeze-aluminio\/\" \/>\n<meta property=\"og:site_name\" content=\"Level Print Gr\u00e1fica e Personalizados\" \/>\n<meta property=\"article:publisher\" content=\"https:\/\/www.facebook.com\/levelprintgrafica\" \/>\n<meta property=\"article:modified_time\" content=\"2022-07-05T01:56:48+00:00\" \/>\n<meta property=\"og:image\" content=\"https:\/\/levelprint.com.br\/wp-content\/uploads\/2025\/07\/Logo-Level-Print-Grafica-Lateral.webp\" \/>\n\t<meta property=\"og:image:width\" content=\"1594\" \/>\n\t<meta property=\"og:image:height\" content=\"804\" \/>\n\t<meta property=\"og:image:type\" content=\"image\/jpeg\" \/>\n<meta name=\"twitter:card\" content=\"summary_large_image\" \/>\n<meta name=\"twitter:site\" content=\"@levelprintbr\" \/>\n<meta name=\"twitter:label1\" content=\"Est. tempo de leitura\" \/>\n\t<meta name=\"twitter:data1\" content=\"1 minuto\" \/>\n<script type=\"application\/ld+json\" class=\"yoast-schema-graph\">{\"@context\":\"https:\\\/\\\/schema.org\",\"@graph\":[{\"@type\":\"WebPage\",\"@id\":\"https:\\\/\\\/levelprint.com.br\\\/personalizados\\\/squeeze-aluminio\\\/\",\"url\":\"https:\\\/\\\/levelprint.com.br\\\/personalizados\\\/squeeze-aluminio\\\/\",\"name\":\"SQUEEZE ALUM\u00cdNIO - Level Print Gr\u00e1fica e Personalizados\",\"isPartOf\":{\"@id\":\"https:\\\/\\\/levelprint.com.br\\\/#website\"},\"datePublished\":\"2022-07-05T01:55:36+00:00\",\"dateModified\":\"2022-07-05T01:56:48+00:00\",\"breadcrumb\":{\"@id\":\"https:\\\/\\\/levelprint.com.br\\\/personalizados\\\/squeeze-aluminio\\\/#breadcrumb\"},\"inLanguage\":\"pt-BR\",\"potentialAction\":[{\"@type\":\"ReadAction\",\"target\":[\"https:\\\/\\\/levelprint.com.br\\\/personalizados\\\/squeeze-aluminio\\\/\"]}]},{\"@type\":\"BreadcrumbList\",\"@id\":\"https:\\\/\\\/levelprint.com.br\\\/personalizados\\\/squeeze-aluminio\\\/#breadcrumb\",\"itemListElement\":[{\"@type\":\"ListItem\",\"position\":1,\"name\":\"In\u00edcio\",\"item\":\"https:\\\/\\\/levelprint.com.br\\\/\"},{\"@type\":\"ListItem\",\"position\":2,\"name\":\"PERSONALIZADOS\",\"item\":\"https:\\\/\\\/levelprint.com.br\\\/personalizados\\\/\"},{\"@type\":\"ListItem\",\"position\":3,\"name\":\"SQUEEZE ALUM\u00cdNIO\"}]},{\"@type\":\"WebSite\",\"@id\":\"https:\\\/\\\/levelprint.com.br\\\/#website\",\"url\":\"https:\\\/\\\/levelprint.com.br\\\/\",\"name\":\"Level Print Gr\u00e1fica em Alagoas | Banners, Crach\u00e1s, Canecas Personalizadas e Mais\",\"description\":\"L\u00edder em Gr\u00e1fica e Personalizados em Macei\u00f3\",\"publisher\":{\"@id\":\"https:\\\/\\\/levelprint.com.br\\\/#organization\"},\"alternateName\":\"Gr\u00e1fica em Macei\u00f3 - Level Print | Banners, Canecas, Crach\u00e1s, Cord\u00f5es Personalizados\",\"potentialAction\":[{\"@type\":\"SearchAction\",\"target\":{\"@type\":\"EntryPoint\",\"urlTemplate\":\"https:\\\/\\\/levelprint.com.br\\\/?s={search_term_string}\"},\"query-input\":{\"@type\":\"PropertyValueSpecification\",\"valueRequired\":true,\"valueName\":\"search_term_string\"}}],\"inLanguage\":\"pt-BR\"},{\"@type\":\"Organization\",\"@id\":\"https:\\\/\\\/levelprint.com.br\\\/#organization\",\"name\":\"Level Print Gr\u00e1fica e Personalizados LTDA.\",\"alternateName\":\"Level Print Gr\u00e1fica\",\"url\":\"https:\\\/\\\/levelprint.com.br\\\/\",\"logo\":{\"@type\":\"ImageObject\",\"inLanguage\":\"pt-BR\",\"@id\":\"https:\\\/\\\/levelprint.com.br\\\/#\\\/schema\\\/logo\\\/image\\\/\",\"url\":\"https:\\\/\\\/levelprint.com.br\\\/wp-content\\\/uploads\\\/2025\\\/07\\\/Logo-Level-Print-Grafica.webp\",\"contentUrl\":\"https:\\\/\\\/levelprint.com.br\\\/wp-content\\\/uploads\\\/2025\\\/07\\\/Logo-Level-Print-Grafica.webp\",\"width\":1176,\"height\":1176,\"caption\":\"Level Print Gr\u00e1fica e Personalizados LTDA.\"},\"image\":{\"@id\":\"https:\\\/\\\/levelprint.com.br\\\/#\\\/schema\\\/logo\\\/image\\\/\"},\"sameAs\":[\"https:\\\/\\\/www.facebook.com\\\/levelprintgrafica\",\"https:\\\/\\\/x.com\\\/levelprintbr\",\"https:\\\/\\\/instagram.com\\\/levelprintgrafica\",\"https:\\\/\\\/www.linkedin.com\\\/company\\\/levelprint\\\/\",\"https:\\\/\\\/br.pinterest.com\\\/simones6766\\\/_saved\\\/https:\\\/\\\/br.pinterest.com\\\/simones6766\\\/_saved\\\/\",\"https:\\\/\\\/www.youtube.com\\\/channel\\\/UC3fz7xDpzPqorul-xhH6lBg\"]}]}<\/script>\n<!-- \/ Yoast SEO plugin. -->","yoast_head_json":{"title":"SQUEEZE ALUM\u00cdNIO - Level Print Gr\u00e1fica e Personalizados","robots":{"index":"index","follow":"follow","max-snippet":"max-snippet:-1","max-image-preview":"max-image-preview:large","max-video-preview":"max-video-preview:-1"},"canonical":"https:\/\/levelprint.com.br\/pt\/personalizados\/squeeze-aluminio\/","og_locale":"pt_BR","og_type":"article","og_title":"SQUEEZE ALUM\u00cdNIO - Level Print Gr\u00e1fica e Personalizados","og_url":"https:\/\/levelprint.com.br\/pt\/personalizados\/squeeze-aluminio\/","og_site_name":"Level Print Gr\u00e1fica e Personalizados","article_publisher":"https:\/\/www.facebook.com\/levelprintgrafica","article_modified_time":"2022-07-05T01:56:48+00:00","og_image":[{"width":1594,"height":804,"url":"https:\/\/levelprint.com.br\/wp-content\/uploads\/2025\/07\/Logo-Level-Print-Grafica-Lateral.webp","type":"image\/jpeg"}],"twitter_card":"summary_large_image","twitter_site":"@levelprintbr","twitter_misc":{"Est. tempo de leitura":"1 minuto"},"schema":{"@context":"https:\/\/schema.org","@graph":[{"@type":"WebPage","@id":"https:\/\/levelprint.com.br\/personalizados\/squeeze-aluminio\/","url":"https:\/\/levelprint.com.br\/personalizados\/squeeze-aluminio\/","name":"SQUEEZE ALUM\u00cdNIO - Level Print Gr\u00e1fica e Personalizados","isPartOf":{"@id":"https:\/\/levelprint.com.br\/#website"},"datePublished":"2022-07-05T01:55:36+00:00","dateModified":"2022-07-05T01:56:48+00:00","breadcrumb":{"@id":"https:\/\/levelprint.com.br\/personalizados\/squeeze-aluminio\/#breadcrumb"},"inLanguage":"pt-BR","potentialAction":[{"@type":"ReadAction","target":["https:\/\/levelprint.com.br\/personalizados\/squeeze-aluminio\/"]}]},{"@type":"BreadcrumbList","@id":"https:\/\/levelprint.com.br\/personalizados\/squeeze-aluminio\/#breadcrumb","itemListElement":[{"@type":"ListItem","position":1,"name":"In\u00edcio","item":"https:\/\/levelprint.com.br\/"},{"@type":"ListItem","position":2,"name":"PERSONALIZADOS","item":"https:\/\/levelprint.com.br\/personalizados\/"},{"@type":"ListItem","position":3,"name":"SQUEEZE ALUM\u00cdNIO"}]},{"@type":"WebSite","@id":"https:\/\/levelprint.com.br\/#website","url":"https:\/\/levelprint.com.br\/","name":"Level Print Gr\u00e1fica em Alagoas | Banners, Crach\u00e1s, Canecas Personalizadas e Mais","description":"L\u00edder em Gr\u00e1fica e Personalizados em Macei\u00f3","publisher":{"@id":"https:\/\/levelprint.com.br\/#organization"},"alternateName":"Gr\u00e1fica em Macei\u00f3 - Level Print | Banners, Canecas, Crach\u00e1s, Cord\u00f5es Personalizados","potentialAction":[{"@type":"SearchAction","target":{"@type":"EntryPoint","urlTemplate":"https:\/\/levelprint.com.br\/?s={search_term_string}"},"query-input":{"@type":"PropertyValueSpecification","valueRequired":true,"valueName":"search_term_string"}}],"inLanguage":"pt-BR"},{"@type":"Organization","@id":"https:\/\/levelprint.com.br\/#organization","name":"Level Print Gr\u00e1fica e Personalizados LTDA.","alternateName":"Level Print Gr\u00e1fica","url":"https:\/\/levelprint.com.br\/","logo":{"@type":"ImageObject","inLanguage":"pt-BR","@id":"https:\/\/levelprint.com.br\/#\/schema\/logo\/image\/","url":"https:\/\/levelprint.com.br\/wp-content\/uploads\/2025\/07\/Logo-Level-Print-Grafica.webp","contentUrl":"https:\/\/levelprint.com.br\/wp-content\/uploads\/2025\/07\/Logo-Level-Print-Grafica.webp","width":1176,"height":1176,"caption":"Level Print Gr\u00e1fica e Personalizados LTDA."},"image":{"@id":"https:\/\/levelprint.com.br\/#\/schema\/logo\/image\/"},"sameAs":["https:\/\/www.facebook.com\/levelprintgrafica","https:\/\/x.com\/levelprintbr","https:\/\/instagram.com\/levelprintgrafica","https:\/\/www.linkedin.com\/company\/levelprint\/","https:\/\/br.pinterest.com\/simones6766\/_saved\/https:\/\/br.pinterest.com\/simones6766\/_saved\/","https:\/\/www.youtube.com\/channel\/UC3fz7xDpzPqorul-xhH6lBg"]}]}},"_links":{"self":[{"href":"https:\/\/levelprint.com.br\/pt\/wp-json\/wp\/v2\/pages\/74234","targetHints":{"allow":["GET"]}}],"collection":[{"href":"https:\/\/levelprint.com.br\/pt\/wp-json\/wp\/v2\/pages"}],"about":[{"href":"https:\/\/levelprint.com.br\/pt\/wp-json\/wp\/v2\/types\/page"}],"author":[{"embeddable":true,"href":"https:\/\/levelprint.com.br\/pt\/wp-json\/wp\/v2\/users\/1"}],"replies":[{"embeddable":true,"href":"https:\/\/levelprint.com.br\/pt\/wp-json\/wp\/v2\/comments?post=74234"}],"version-history":[{"count":1,"href":"https:\/\/levelprint.com.br\/pt\/wp-json\/wp\/v2\/pages\/74234\/revisions"}],"predecessor-version":[{"id":74459,"href":"https:\/\/levelprint.com.br\/pt\/wp-json\/wp\/v2\/pages\/74234\/revisions\/74459"}],"up":[{"embeddable":true,"href":"https:\/\/levelprint.com.br\/pt\/wp-json\/wp\/v2\/pages\/74195"}],"wp:attachment":[{"href":"https:\/\/levelprint.com.br\/pt\/wp-json\/wp\/v2\/media?parent=74234"}],"curies":[{"name":"wp","href":"https:\/\/api.w.org\/{rel}","templated":true}]}}