{"id":74612,"date":"2023-08-28T13:06:02","date_gmt":"2023-08-28T16:06:02","guid":{"rendered":"https:\/\/levelprint.com.br\/?page_id=74612"},"modified":"2024-01-27T00:45:01","modified_gmt":"2024-01-27T03:45:01","slug":"sobre-a-level","status":"publish","type":"page","link":"https:\/\/levelprint.com.br\/pt\/sobre-a-level\/","title":{"rendered":"SOBRE A LEVEL"},"content":{"rendered":"<p>H\u00e1 mais de 5 anos no mercado e com um processo de desenvolvimento focado no interesse do cliente, a Level Print \u00e9 l\u00edder no segmento de personalizados, brindes e gr\u00e1fica r\u00e1pida em Alagoas, e isso se reflete nas estat\u00edsticas do Google. Com base nos dados dispon\u00edveis, a Level Print \u00e9 amplamente reconhecida por tr\u00eas aspectos fundamentais:<\/p>\n<h3>Produtos e servi\u00e7os com qualidade excepcional<\/h3>\n<p>A Level Print se destaca pela produ\u00e7\u00e3o de produtos personalizados e brindes de alta qualidade. Os clientes confiam na empresa para receber itens bem elaborados, impressos com precis\u00e3o e durabilidade, atendendo \u00e0s mais altas expectativas de qualidade.<\/p>\n<h3>Excelente atendimento ao cliente<\/h3>\n<p>A <strong>Level Print<\/strong> se orgulha de oferecer um atendimento ao cliente excepcional. Estamos prontos para auxiliar os clientes desde o processo de escolha de produtos at\u00e9 a personaliza\u00e7\u00e3o e acompanhamento do pedido. A empresa valoriza as necessidades de seus clientes e trabalha para garantir sua satisfa\u00e7\u00e3o total.<\/p>\n<h3>Rapidez na Entrega<\/h3>\n<p>Somos conhecidos pela efici\u00eancia na entrega. Os clientes t\u00eam a confian\u00e7a de que seus pedidos ser\u00e3o processados e entregues dentro dos prazos prometidos, tornando a Level Print uma escolha popular para projetos com cronogramas apertados.<\/p>\n<p>Essas estat\u00edsticas do Google mostram que a Level Print \u00e9 uma refer\u00eancia no mercado de personalizados, brindes e gr\u00e1fica r\u00e1pida em Alagoas. Seu compromisso com a qualidade, rapidez na entrega e atendimento de alto n\u00edvel a coloca em uma posi\u00e7\u00e3o privilegiada, tanto para atender \u00e0s necessidades individuais quanto para servir a empresas em busca de solu\u00e7\u00f5es personalizadas e eficientes.<\/p>\n<p>#VemPraLevel<\/p>\n","protected":false},"excerpt":{"rendered":"<p>H\u00e1 mais de 5 anos no mercado e com um processo de desenvolvimento focado no interesse do cliente, a Level Print \u00e9 l\u00edder no segmento de personalizados, brindes e gr\u00e1fica r\u00e1pida em Alagoas, e isso se reflete nas estat\u00edsticas do Google. Com base nos dados dispon\u00edveis, a Level Print \u00e9 amplamente reconhecida por tr\u00eas aspectos [&hellip;]<\/p>\n","protected":false},"author":1,"featured_media":0,"parent":0,"menu_order":0,"comment_status":"closed","ping_status":"closed","template":"","meta":{"footnotes":""},"class_list":["post-74612","page","type-page","status-publish","hentry"],"yoast_head":"<!-- This site is optimized with the Yoast SEO plugin v27.3 - https:\/\/yoast.com\/product\/yoast-seo-wordpress\/ -->\n<title>SOBRE A LEVEL - Level Print Gr\u00e1fica e Personalizados<\/title>\n<meta name=\"robots\" content=\"index, follow, max-snippet:-1, max-image-preview:large, max-video-preview:-1\" \/>\n<link rel=\"canonical\" href=\"https:\/\/levelprint.com.br\/pt\/sobre-a-level\/\" \/>\n<meta property=\"og:locale\" content=\"pt_BR\" \/>\n<meta property=\"og:type\" content=\"article\" \/>\n<meta property=\"og:title\" content=\"SOBRE A LEVEL - Level Print Gr\u00e1fica e Personalizados\" \/>\n<meta property=\"og:description\" content=\"H\u00e1 mais de 5 anos no mercado e com um processo de desenvolvimento focado no interesse do cliente, a Level Print \u00e9 l\u00edder no segmento de personalizados, brindes e gr\u00e1fica r\u00e1pida em Alagoas, e isso se reflete nas estat\u00edsticas do Google. Com base nos dados dispon\u00edveis, a Level Print \u00e9 amplamente reconhecida por tr\u00eas aspectos [&hellip;]\" \/>\n<meta property=\"og:url\" content=\"https:\/\/levelprint.com.br\/pt\/sobre-a-level\/\" \/>\n<meta property=\"og:site_name\" content=\"Level Print Gr\u00e1fica e Personalizados\" \/>\n<meta property=\"article:publisher\" content=\"https:\/\/www.facebook.com\/levelprintgrafica\" \/>\n<meta property=\"article:modified_time\" content=\"2024-01-27T03:45:01+00:00\" \/>\n<meta property=\"og:image\" content=\"https:\/\/levelprint.com.br\/wp-content\/uploads\/2025\/07\/Logo-Level-Print-Grafica-Lateral.webp\" \/>\n\t<meta property=\"og:image:width\" content=\"1594\" \/>\n\t<meta property=\"og:image:height\" content=\"804\" \/>\n\t<meta property=\"og:image:type\" content=\"image\/jpeg\" \/>\n<meta name=\"twitter:card\" content=\"summary_large_image\" \/>\n<meta name=\"twitter:site\" content=\"@levelprintbr\" \/>\n<meta name=\"twitter:label1\" content=\"Est. tempo de leitura\" \/>\n\t<meta name=\"twitter:data1\" content=\"2 minutos\" \/>\n<script type=\"application\/ld+json\" class=\"yoast-schema-graph\">{\"@context\":\"https:\\\/\\\/schema.org\",\"@graph\":[{\"@type\":\"WebPage\",\"@id\":\"https:\\\/\\\/levelprint.com.br\\\/sobre-a-level\\\/\",\"url\":\"https:\\\/\\\/levelprint.com.br\\\/sobre-a-level\\\/\",\"name\":\"SOBRE A LEVEL - Level Print Gr\u00e1fica e Personalizados\",\"isPartOf\":{\"@id\":\"https:\\\/\\\/levelprint.com.br\\\/#website\"},\"datePublished\":\"2023-08-28T16:06:02+00:00\",\"dateModified\":\"2024-01-27T03:45:01+00:00\",\"breadcrumb\":{\"@id\":\"https:\\\/\\\/levelprint.com.br\\\/sobre-a-level\\\/#breadcrumb\"},\"inLanguage\":\"pt-BR\",\"potentialAction\":[{\"@type\":\"ReadAction\",\"target\":[\"https:\\\/\\\/levelprint.com.br\\\/sobre-a-level\\\/\"]}]},{\"@type\":\"BreadcrumbList\",\"@id\":\"https:\\\/\\\/levelprint.com.br\\\/sobre-a-level\\\/#breadcrumb\",\"itemListElement\":[{\"@type\":\"ListItem\",\"position\":1,\"name\":\"In\u00edcio\",\"item\":\"https:\\\/\\\/levelprint.com.br\\\/\"},{\"@type\":\"ListItem\",\"position\":2,\"name\":\"SOBRE A LEVEL\"}]},{\"@type\":\"WebSite\",\"@id\":\"https:\\\/\\\/levelprint.com.br\\\/#website\",\"url\":\"https:\\\/\\\/levelprint.com.br\\\/\",\"name\":\"Level Print Gr\u00e1fica em Alagoas | Banners, Crach\u00e1s, Canecas Personalizadas e Mais\",\"description\":\"L\u00edder em Gr\u00e1fica e Personalizados em Macei\u00f3\",\"publisher\":{\"@id\":\"https:\\\/\\\/levelprint.com.br\\\/#organization\"},\"alternateName\":\"Gr\u00e1fica em Macei\u00f3 - Level Print | Banners, Canecas, Crach\u00e1s, Cord\u00f5es Personalizados\",\"potentialAction\":[{\"@type\":\"SearchAction\",\"target\":{\"@type\":\"EntryPoint\",\"urlTemplate\":\"https:\\\/\\\/levelprint.com.br\\\/?s={search_term_string}\"},\"query-input\":{\"@type\":\"PropertyValueSpecification\",\"valueRequired\":true,\"valueName\":\"search_term_string\"}}],\"inLanguage\":\"pt-BR\"},{\"@type\":\"Organization\",\"@id\":\"https:\\\/\\\/levelprint.com.br\\\/#organization\",\"name\":\"Level Print Gr\u00e1fica e Personalizados LTDA.\",\"alternateName\":\"Level Print Gr\u00e1fica\",\"url\":\"https:\\\/\\\/levelprint.com.br\\\/\",\"logo\":{\"@type\":\"ImageObject\",\"inLanguage\":\"pt-BR\",\"@id\":\"https:\\\/\\\/levelprint.com.br\\\/#\\\/schema\\\/logo\\\/image\\\/\",\"url\":\"https:\\\/\\\/levelprint.com.br\\\/wp-content\\\/uploads\\\/2025\\\/07\\\/Logo-Level-Print-Grafica.webp\",\"contentUrl\":\"https:\\\/\\\/levelprint.com.br\\\/wp-content\\\/uploads\\\/2025\\\/07\\\/Logo-Level-Print-Grafica.webp\",\"width\":1176,\"height\":1176,\"caption\":\"Level Print Gr\u00e1fica e Personalizados LTDA.\"},\"image\":{\"@id\":\"https:\\\/\\\/levelprint.com.br\\\/#\\\/schema\\\/logo\\\/image\\\/\"},\"sameAs\":[\"https:\\\/\\\/www.facebook.com\\\/levelprintgrafica\",\"https:\\\/\\\/x.com\\\/levelprintbr\",\"https:\\\/\\\/instagram.com\\\/levelprintgrafica\",\"https:\\\/\\\/www.linkedin.com\\\/company\\\/levelprint\\\/\",\"https:\\\/\\\/br.pinterest.com\\\/simones6766\\\/_saved\\\/https:\\\/\\\/br.pinterest.com\\\/simones6766\\\/_saved\\\/\",\"https:\\\/\\\/www.youtube.com\\\/channel\\\/UC3fz7xDpzPqorul-xhH6lBg\"]}]}<\/script>\n<!-- \/ Yoast SEO plugin. -->","yoast_head_json":{"title":"SOBRE A LEVEL - Level Print Gr\u00e1fica e Personalizados","robots":{"index":"index","follow":"follow","max-snippet":"max-snippet:-1","max-image-preview":"max-image-preview:large","max-video-preview":"max-video-preview:-1"},"canonical":"https:\/\/levelprint.com.br\/pt\/sobre-a-level\/","og_locale":"pt_BR","og_type":"article","og_title":"SOBRE A LEVEL - Level Print Gr\u00e1fica e Personalizados","og_description":"H\u00e1 mais de 5 anos no mercado e com um processo de desenvolvimento focado no interesse do cliente, a Level Print \u00e9 l\u00edder no segmento de personalizados, brindes e gr\u00e1fica r\u00e1pida em Alagoas, e isso se reflete nas estat\u00edsticas do Google. Com base nos dados dispon\u00edveis, a Level Print \u00e9 amplamente reconhecida por tr\u00eas aspectos [&hellip;]","og_url":"https:\/\/levelprint.com.br\/pt\/sobre-a-level\/","og_site_name":"Level Print Gr\u00e1fica e Personalizados","article_publisher":"https:\/\/www.facebook.com\/levelprintgrafica","article_modified_time":"2024-01-27T03:45:01+00:00","og_image":[{"width":1594,"height":804,"url":"https:\/\/levelprint.com.br\/wp-content\/uploads\/2025\/07\/Logo-Level-Print-Grafica-Lateral.webp","type":"image\/jpeg"}],"twitter_card":"summary_large_image","twitter_site":"@levelprintbr","twitter_misc":{"Est. tempo de leitura":"2 minutos"},"schema":{"@context":"https:\/\/schema.org","@graph":[{"@type":"WebPage","@id":"https:\/\/levelprint.com.br\/sobre-a-level\/","url":"https:\/\/levelprint.com.br\/sobre-a-level\/","name":"SOBRE A LEVEL - Level Print Gr\u00e1fica e Personalizados","isPartOf":{"@id":"https:\/\/levelprint.com.br\/#website"},"datePublished":"2023-08-28T16:06:02+00:00","dateModified":"2024-01-27T03:45:01+00:00","breadcrumb":{"@id":"https:\/\/levelprint.com.br\/sobre-a-level\/#breadcrumb"},"inLanguage":"pt-BR","potentialAction":[{"@type":"ReadAction","target":["https:\/\/levelprint.com.br\/sobre-a-level\/"]}]},{"@type":"BreadcrumbList","@id":"https:\/\/levelprint.com.br\/sobre-a-level\/#breadcrumb","itemListElement":[{"@type":"ListItem","position":1,"name":"In\u00edcio","item":"https:\/\/levelprint.com.br\/"},{"@type":"ListItem","position":2,"name":"SOBRE A LEVEL"}]},{"@type":"WebSite","@id":"https:\/\/levelprint.com.br\/#website","url":"https:\/\/levelprint.com.br\/","name":"Level Print Gr\u00e1fica em Alagoas | Banners, Crach\u00e1s, Canecas Personalizadas e Mais","description":"L\u00edder em Gr\u00e1fica e Personalizados em Macei\u00f3","publisher":{"@id":"https:\/\/levelprint.com.br\/#organization"},"alternateName":"Gr\u00e1fica em Macei\u00f3 - Level Print | Banners, Canecas, Crach\u00e1s, Cord\u00f5es Personalizados","potentialAction":[{"@type":"SearchAction","target":{"@type":"EntryPoint","urlTemplate":"https:\/\/levelprint.com.br\/?s={search_term_string}"},"query-input":{"@type":"PropertyValueSpecification","valueRequired":true,"valueName":"search_term_string"}}],"inLanguage":"pt-BR"},{"@type":"Organization","@id":"https:\/\/levelprint.com.br\/#organization","name":"Level Print Gr\u00e1fica e Personalizados LTDA.","alternateName":"Level Print Gr\u00e1fica","url":"https:\/\/levelprint.com.br\/","logo":{"@type":"ImageObject","inLanguage":"pt-BR","@id":"https:\/\/levelprint.com.br\/#\/schema\/logo\/image\/","url":"https:\/\/levelprint.com.br\/wp-content\/uploads\/2025\/07\/Logo-Level-Print-Grafica.webp","contentUrl":"https:\/\/levelprint.com.br\/wp-content\/uploads\/2025\/07\/Logo-Level-Print-Grafica.webp","width":1176,"height":1176,"caption":"Level Print Gr\u00e1fica e Personalizados LTDA."},"image":{"@id":"https:\/\/levelprint.com.br\/#\/schema\/logo\/image\/"},"sameAs":["https:\/\/www.facebook.com\/levelprintgrafica","https:\/\/x.com\/levelprintbr","https:\/\/instagram.com\/levelprintgrafica","https:\/\/www.linkedin.com\/company\/levelprint\/","https:\/\/br.pinterest.com\/simones6766\/_saved\/https:\/\/br.pinterest.com\/simones6766\/_saved\/","https:\/\/www.youtube.com\/channel\/UC3fz7xDpzPqorul-xhH6lBg"]}]}},"_links":{"self":[{"href":"https:\/\/levelprint.com.br\/pt\/wp-json\/wp\/v2\/pages\/74612","targetHints":{"allow":["GET"]}}],"collection":[{"href":"https:\/\/levelprint.com.br\/pt\/wp-json\/wp\/v2\/pages"}],"about":[{"href":"https:\/\/levelprint.com.br\/pt\/wp-json\/wp\/v2\/types\/page"}],"author":[{"embeddable":true,"href":"https:\/\/levelprint.com.br\/pt\/wp-json\/wp\/v2\/users\/1"}],"replies":[{"embeddable":true,"href":"https:\/\/levelprint.com.br\/pt\/wp-json\/wp\/v2\/comments?post=74612"}],"version-history":[{"count":4,"href":"https:\/\/levelprint.com.br\/pt\/wp-json\/wp\/v2\/pages\/74612\/revisions"}],"predecessor-version":[{"id":74678,"href":"https:\/\/levelprint.com.br\/pt\/wp-json\/wp\/v2\/pages\/74612\/revisions\/74678"}],"wp:attachment":[{"href":"https:\/\/levelprint.com.br\/pt\/wp-json\/wp\/v2\/media?parent=74612"}],"curies":[{"name":"wp","href":"https:\/\/api.w.org\/{rel}","templated":true}]}}