{"id":74865,"date":"2024-03-02T08:42:32","date_gmt":"2024-03-02T11:42:32","guid":{"rendered":"https:\/\/levelprint.com.br\/?page_id=74865"},"modified":"2025-07-11T12:09:51","modified_gmt":"2025-07-11T15:09:51","slug":"comunicacao-visual","status":"publish","type":"page","link":"https:\/\/levelprint.com.br\/pt\/comunicacao-visual\/","title":{"rendered":"COMUNICA\u00c7\u00c3O VISUAL"},"content":{"rendered":"<div class=\"wpb-content-wrapper\"><div class=\"vc_row wpb_row row\"><div class=\"vc_column_container col-md-12\"><div class=\"wpb_wrapper vc_column-inner\"><div class=\"vc_row wpb_row vc_inner row vc_column-gap-30\"><div class=\"vc_column_container col-md-12\"><div class=\"wpb_wrapper vc_column-inner\"><\/div><\/div><\/div><div class=\"vc_separator vc_text_separator vc_separator_align_center vc_sep_width_100 vc_sep_pos_align_center\">\n\t<span class=\"vc_sep_holder vc_sep_holder_l\"><span style=\"background-image: -webkit-linear-gradient(left, transparent, grey);\n\t background-image: linear-gradient(to right, transparent, grey);\" class=\"vc_sep_line\"><\/span><\/span>\n\t\t\t\t<h4>COMUNICA\u00c7\u00c3O VISUAL<\/h4>\t<span class=\"vc_sep_holder vc_sep_holder_r\"><span style=\"background-image: -webkit-linear-gradient(left, grey, transparent);\n\t background-image: linear-gradient(to right, grey, transparent);\" class=\"vc_sep_line\"><\/span><\/span>\n<\/div>\n\n\t<div class=\"wpb_text_column wpb_content_element\" >\n\t\t<div class=\"wpb_wrapper\">\n\t\t\t\n\t\t<\/div>\n\t<\/div>\n<div class=\"woocommerce columns-3\"><ul class=\"products products-container grid pcols-lg-3 pcols-md-3 pcols-xs-2 pcols-ls-2 pwidth-lg-3 pwidth-md-3 pwidth-xs-2 pwidth-ls-1 is-shortcode\"\n\t data-product_layout=\"product-default\">\n\n<li class=\"product-category product-col\">\n\t\t<a href=\"https:\/\/levelprint.com.br\/pt\/produto\/grafica\/adesivos\/\">\n\t\t<div class=\"thumb-info \">\n\t\t\t\t\t\t\t\t\t<div class=\"thumb-info-wrapper\">\n\t\t\t\t\t<img loading=\"lazy\" decoding=\"async\" src=\"https:\/\/levelprint.com.br\/wp-content\/uploads\/2022\/04\/adesivo-transparente-01-300x300.jpg\" alt=\"ADESIVOS\" width=\"300\" height=\"300\" \/>\t\t\t\t<\/div>\n\t\t\t\t\t\t\t\t\t\t\t\t\t<div class=\"thumb-info-wrap\">\n\t\t\t\t\t<div class=\"thumb-info-title\">\n\t\t\t\t\t\t\t\t\t\t\t\t\t\t\t\t<h3 class=\"sub-title thumb-info-inner\">ADESIVOS<\/h3>\n\t\t\t\t\t\t\t\t\t\t\t\t\t\t\t\t\t\t<span class=\"thumb-info-type\">\n\t\t\t\t\t\t\t\t\t\t\t\t\t\t\t\t <mark class=\"count\">6<\/mark> Produtos\t\t\t\t\t\t\t<\/span>\n\t\t\t\t\t\t\t\t\t\t\t\t\t\t\t\t\t\t\t<\/div>\n\t\t\t\t<\/div>\n\t\t\t\t\t<\/div>\n\t<\/a>\n\n\t\n\t<\/li>\n\n<li class=\"product-category product-col\">\n\t\t<a href=\"https:\/\/levelprint.com.br\/pt\/produto\/grafica\/banners\/\">\n\t\t<div class=\"thumb-info \">\n\t\t\t\t\t\t\t\t\t<div class=\"thumb-info-wrapper\">\n\t\t\t\t\t<img loading=\"lazy\" decoding=\"async\" src=\"https:\/\/levelprint.com.br\/wp-content\/uploads\/2024\/02\/Banner-TCC-Academico-Universitario-300x300.jpg\" alt=\"BANNER&#039;S\" width=\"300\" height=\"300\" \/>\t\t\t\t<\/div>\n\t\t\t\t\t\t\t\t\t\t\t\t\t<div class=\"thumb-info-wrap\">\n\t\t\t\t\t<div class=\"thumb-info-title\">\n\t\t\t\t\t\t\t\t\t\t\t\t\t\t\t\t<h3 class=\"sub-title thumb-info-inner\">BANNER&#039;S<\/h3>\n\t\t\t\t\t\t\t\t\t\t\t\t\t\t\t\t\t\t<span class=\"thumb-info-type\">\n\t\t\t\t\t\t\t\t\t\t\t\t\t\t\t\t <mark class=\"count\">4<\/mark> Produtos\t\t\t\t\t\t\t<\/span>\n\t\t\t\t\t\t\t\t\t\t\t\t\t\t\t\t\t\t\t<\/div>\n\t\t\t\t<\/div>\n\t\t\t\t\t<\/div>\n\t<\/a>\n\n\t\n\t<\/li>\n\n<li class=\"product-category product-col\">\n\t\t<a href=\"https:\/\/levelprint.com.br\/pt\/produto\/grafica\/crachas\/\">\n\t\t<div class=\"thumb-info \">\n\t\t\t\t\t\t\t\t\t<div class=\"thumb-info-wrapper\">\n\t\t\t\t\t<img loading=\"lazy\" decoding=\"async\" src=\"https:\/\/levelprint.com.br\/wp-content\/uploads\/2022\/05\/cordao-cracha-300x300.jpg\" alt=\"CRACH\u00c1S\" width=\"300\" height=\"300\" \/>\t\t\t\t<\/div>\n\t\t\t\t\t\t\t\t\t\t\t\t\t<div class=\"thumb-info-wrap\">\n\t\t\t\t\t<div class=\"thumb-info-title\">\n\t\t\t\t\t\t\t\t\t\t\t\t\t\t\t\t<h3 class=\"sub-title thumb-info-inner\">CRACH\u00c1S<\/h3>\n\t\t\t\t\t\t\t\t\t\t\t\t\t\t\t\t\t\t<span class=\"thumb-info-type\">\n\t\t\t\t\t\t\t\t\t\t\t\t\t\t\t\t <mark class=\"count\">5<\/mark> Produtos\t\t\t\t\t\t\t<\/span>\n\t\t\t\t\t\t\t\t\t\t\t\t\t\t\t\t\t\t\t<\/div>\n\t\t\t\t<\/div>\n\t\t\t\t\t<\/div>\n\t<\/a>\n\n\t\n\t<\/li>\n\n<li class=\"product-category product-col\">\n\t\t<a href=\"https:\/\/levelprint.com.br\/pt\/produto\/comunicacao-visual\/placas-de-aviso\/\">\n\t\t<div class=\"thumb-info \">\n\t\t\t\t\t\t\t\t\t<div class=\"thumb-info-wrapper\">\n\t\t\t\t\t<img loading=\"lazy\" decoding=\"async\" src=\"https:\/\/levelprint.com.br\/wp-content\/uploads\/2023\/03\/Placa-Identificacao-Autista-Autismo-300x300.jpg\" alt=\"PLACAS DE AVISO\" width=\"300\" height=\"300\" \/>\t\t\t\t<\/div>\n\t\t\t\t\t\t\t\t\t\t\t\t\t<div class=\"thumb-info-wrap\">\n\t\t\t\t\t<div class=\"thumb-info-title\">\n\t\t\t\t\t\t\t\t\t\t\t\t\t\t\t\t<h3 class=\"sub-title thumb-info-inner\">PLACAS DE AVISO<\/h3>\n\t\t\t\t\t\t\t\t\t\t\t\t\t\t\t\t\t\t<span class=\"thumb-info-type\">\n\t\t\t\t\t\t\t\t\t\t\t\t\t\t\t\t <mark class=\"count\">3<\/mark> Produtos\t\t\t\t\t\t\t<\/span>\n\t\t\t\t\t\t\t\t\t\t\t\t\t\t\t\t\t\t\t<\/div>\n\t\t\t\t<\/div>\n\t\t\t\t\t<\/div>\n\t<\/a>\n\n\t\n\t<\/li>\n\n<li class=\"product-category product-col\">\n\t\t<a href=\"https:\/\/levelprint.com.br\/pt\/produto\/placas-identificacao\/\">\n\t\t<div class=\"thumb-info \">\n\t\t\t\t\t\t\t\t\t<div class=\"thumb-info-wrapper\">\n\t\t\t\t\t<img loading=\"lazy\" decoding=\"async\" src=\"https:\/\/levelprint.com.br\/wp-content\/uploads\/woocommerce-placeholder-300x300.png\" alt=\"PLACAS IDENTIFICA\u00c7\u00c3O\" width=\"300\" height=\"300\" \/>\t\t\t\t<\/div>\n\t\t\t\t\t\t\t\t\t\t\t\t\t<div class=\"thumb-info-wrap\">\n\t\t\t\t\t<div class=\"thumb-info-title\">\n\t\t\t\t\t\t\t\t\t\t\t\t\t\t\t\t<h3 class=\"sub-title thumb-info-inner\">PLACAS IDENTIFICA\u00c7\u00c3O<\/h3>\n\t\t\t\t\t\t\t\t\t\t\t\t\t\t\t\t\t\t<span class=\"thumb-info-type\">\n\t\t\t\t\t\t\t\t\t\t\t\t\t\t\t\t <mark class=\"count\">7<\/mark> Produtos\t\t\t\t\t\t\t<\/span>\n\t\t\t\t\t\t\t\t\t\t\t\t\t\t\t\t\t\t\t<\/div>\n\t\t\t\t<\/div>\n\t\t\t\t\t<\/div>\n\t<\/a>\n\n\t\n\t<\/li>\n<\/ul>\n<\/div><\/div><\/div><\/div>\n<\/div>","protected":false},"excerpt":{"rendered":"COMUNICA\u00c7\u00c3O VISUAL ADESIVOS 6 Produtos BANNER&#039;S 4 Produtos CRACH\u00c1S 5 Produtos PLACAS DE AVISO 3 Produtos PLACAS IDENTIFICA\u00c7\u00c3O 7 Produtos","protected":false},"author":1,"featured_media":0,"parent":0,"menu_order":0,"comment_status":"closed","ping_status":"closed","template":"","meta":{"footnotes":""},"class_list":["post-74865","page","type-page","status-publish","hentry"],"yoast_head":"<!-- This site is optimized with the Yoast SEO plugin v27.3 - https:\/\/yoast.com\/product\/yoast-seo-wordpress\/ -->\n<title>COMUNICA\u00c7\u00c3O VISUAL - Level Print Gr\u00e1fica e Personalizados<\/title>\n<meta name=\"description\" content=\"adesivos, banners lona, crach\u00e1s, placa de identifica\u00e7\u00e3o, placas de aviso, adesivos perfurados, fachadas lona, cavaletes, cord\u00f5es, crach\u00e1s\" \/>\n<meta name=\"robots\" content=\"index, follow, max-snippet:-1, max-image-preview:large, max-video-preview:-1\" \/>\n<link rel=\"canonical\" href=\"https:\/\/levelprint.com.br\/pt\/comunicacao-visual\/\" \/>\n<meta property=\"og:locale\" content=\"pt_BR\" \/>\n<meta property=\"og:type\" content=\"article\" \/>\n<meta property=\"og:title\" content=\"COMUNICA\u00c7\u00c3O VISUAL - Level Print Gr\u00e1fica e Personalizados\" \/>\n<meta property=\"og:description\" content=\"adesivos, banners lona, crach\u00e1s, placa de identifica\u00e7\u00e3o, placas de aviso, adesivos perfurados, fachadas lona, cavaletes, cord\u00f5es, crach\u00e1s\" \/>\n<meta property=\"og:url\" content=\"https:\/\/levelprint.com.br\/pt\/comunicacao-visual\/\" \/>\n<meta property=\"og:site_name\" content=\"Level Print Gr\u00e1fica e Personalizados\" \/>\n<meta property=\"article:publisher\" content=\"https:\/\/www.facebook.com\/levelprintgrafica\" \/>\n<meta property=\"article:modified_time\" content=\"2025-07-11T15:09:51+00:00\" \/>\n<meta property=\"og:image\" content=\"https:\/\/levelprint.com.br\/wp-content\/uploads\/2025\/07\/Logo-Level-Print-Grafica-Lateral.webp\" \/>\n\t<meta property=\"og:image:width\" content=\"1594\" \/>\n\t<meta property=\"og:image:height\" content=\"804\" \/>\n\t<meta property=\"og:image:type\" content=\"image\/jpeg\" \/>\n<meta name=\"twitter:card\" content=\"summary_large_image\" \/>\n<meta name=\"twitter:site\" content=\"@levelprintbr\" \/>\n<meta name=\"twitter:label1\" content=\"Est. tempo de leitura\" \/>\n\t<meta name=\"twitter:data1\" content=\"1 minuto\" \/>\n<script type=\"application\/ld+json\" class=\"yoast-schema-graph\">{\"@context\":\"https:\\\/\\\/schema.org\",\"@graph\":[{\"@type\":\"WebPage\",\"@id\":\"https:\\\/\\\/levelprint.com.br\\\/comunicacao-visual\\\/\",\"url\":\"https:\\\/\\\/levelprint.com.br\\\/comunicacao-visual\\\/\",\"name\":\"COMUNICA\u00c7\u00c3O VISUAL - Level Print Gr\u00e1fica e Personalizados\",\"isPartOf\":{\"@id\":\"https:\\\/\\\/levelprint.com.br\\\/#website\"},\"datePublished\":\"2024-03-02T11:42:32+00:00\",\"dateModified\":\"2025-07-11T15:09:51+00:00\",\"description\":\"adesivos, banners lona, crach\u00e1s, placa de identifica\u00e7\u00e3o, placas de aviso, adesivos perfurados, fachadas lona, cavaletes, cord\u00f5es, crach\u00e1s\",\"breadcrumb\":{\"@id\":\"https:\\\/\\\/levelprint.com.br\\\/comunicacao-visual\\\/#breadcrumb\"},\"inLanguage\":\"pt-BR\",\"potentialAction\":[{\"@type\":\"ReadAction\",\"target\":[\"https:\\\/\\\/levelprint.com.br\\\/comunicacao-visual\\\/\"]}]},{\"@type\":\"BreadcrumbList\",\"@id\":\"https:\\\/\\\/levelprint.com.br\\\/comunicacao-visual\\\/#breadcrumb\",\"itemListElement\":[{\"@type\":\"ListItem\",\"position\":1,\"name\":\"In\u00edcio\",\"item\":\"https:\\\/\\\/levelprint.com.br\\\/\"},{\"@type\":\"ListItem\",\"position\":2,\"name\":\"COMUNICA\u00c7\u00c3O VISUAL\"}]},{\"@type\":\"WebSite\",\"@id\":\"https:\\\/\\\/levelprint.com.br\\\/#website\",\"url\":\"https:\\\/\\\/levelprint.com.br\\\/\",\"name\":\"Level Print Gr\u00e1fica em Alagoas | Banners, Crach\u00e1s, Canecas Personalizadas e Mais\",\"description\":\"L\u00edder em Gr\u00e1fica e Personalizados em Macei\u00f3\",\"publisher\":{\"@id\":\"https:\\\/\\\/levelprint.com.br\\\/#organization\"},\"alternateName\":\"Gr\u00e1fica em Macei\u00f3 - Level Print | Banners, Canecas, Crach\u00e1s, Cord\u00f5es Personalizados\",\"potentialAction\":[{\"@type\":\"SearchAction\",\"target\":{\"@type\":\"EntryPoint\",\"urlTemplate\":\"https:\\\/\\\/levelprint.com.br\\\/?s={search_term_string}\"},\"query-input\":{\"@type\":\"PropertyValueSpecification\",\"valueRequired\":true,\"valueName\":\"search_term_string\"}}],\"inLanguage\":\"pt-BR\"},{\"@type\":\"Organization\",\"@id\":\"https:\\\/\\\/levelprint.com.br\\\/#organization\",\"name\":\"Level Print Gr\u00e1fica e Personalizados LTDA.\",\"alternateName\":\"Level Print Gr\u00e1fica\",\"url\":\"https:\\\/\\\/levelprint.com.br\\\/\",\"logo\":{\"@type\":\"ImageObject\",\"inLanguage\":\"pt-BR\",\"@id\":\"https:\\\/\\\/levelprint.com.br\\\/#\\\/schema\\\/logo\\\/image\\\/\",\"url\":\"https:\\\/\\\/levelprint.com.br\\\/wp-content\\\/uploads\\\/2025\\\/07\\\/Logo-Level-Print-Grafica.webp\",\"contentUrl\":\"https:\\\/\\\/levelprint.com.br\\\/wp-content\\\/uploads\\\/2025\\\/07\\\/Logo-Level-Print-Grafica.webp\",\"width\":1176,\"height\":1176,\"caption\":\"Level Print Gr\u00e1fica e Personalizados LTDA.\"},\"image\":{\"@id\":\"https:\\\/\\\/levelprint.com.br\\\/#\\\/schema\\\/logo\\\/image\\\/\"},\"sameAs\":[\"https:\\\/\\\/www.facebook.com\\\/levelprintgrafica\",\"https:\\\/\\\/x.com\\\/levelprintbr\",\"https:\\\/\\\/instagram.com\\\/levelprintgrafica\",\"https:\\\/\\\/www.linkedin.com\\\/company\\\/levelprint\\\/\",\"https:\\\/\\\/br.pinterest.com\\\/simones6766\\\/_saved\\\/https:\\\/\\\/br.pinterest.com\\\/simones6766\\\/_saved\\\/\",\"https:\\\/\\\/www.youtube.com\\\/channel\\\/UC3fz7xDpzPqorul-xhH6lBg\"]}]}<\/script>\n<!-- \/ Yoast SEO plugin. -->","yoast_head_json":{"title":"COMUNICA\u00c7\u00c3O VISUAL - Level Print Gr\u00e1fica e Personalizados","description":"adesivos, banners lona, crach\u00e1s, placa de identifica\u00e7\u00e3o, placas de aviso, adesivos perfurados, fachadas lona, cavaletes, cord\u00f5es, crach\u00e1s","robots":{"index":"index","follow":"follow","max-snippet":"max-snippet:-1","max-image-preview":"max-image-preview:large","max-video-preview":"max-video-preview:-1"},"canonical":"https:\/\/levelprint.com.br\/pt\/comunicacao-visual\/","og_locale":"pt_BR","og_type":"article","og_title":"COMUNICA\u00c7\u00c3O VISUAL - Level Print Gr\u00e1fica e Personalizados","og_description":"adesivos, banners lona, crach\u00e1s, placa de identifica\u00e7\u00e3o, placas de aviso, adesivos perfurados, fachadas lona, cavaletes, cord\u00f5es, crach\u00e1s","og_url":"https:\/\/levelprint.com.br\/pt\/comunicacao-visual\/","og_site_name":"Level Print Gr\u00e1fica e Personalizados","article_publisher":"https:\/\/www.facebook.com\/levelprintgrafica","article_modified_time":"2025-07-11T15:09:51+00:00","og_image":[{"width":1594,"height":804,"url":"https:\/\/levelprint.com.br\/wp-content\/uploads\/2025\/07\/Logo-Level-Print-Grafica-Lateral.webp","type":"image\/jpeg"}],"twitter_card":"summary_large_image","twitter_site":"@levelprintbr","twitter_misc":{"Est. tempo de leitura":"1 minuto"},"schema":{"@context":"https:\/\/schema.org","@graph":[{"@type":"WebPage","@id":"https:\/\/levelprint.com.br\/comunicacao-visual\/","url":"https:\/\/levelprint.com.br\/comunicacao-visual\/","name":"COMUNICA\u00c7\u00c3O VISUAL - Level Print Gr\u00e1fica e Personalizados","isPartOf":{"@id":"https:\/\/levelprint.com.br\/#website"},"datePublished":"2024-03-02T11:42:32+00:00","dateModified":"2025-07-11T15:09:51+00:00","description":"adesivos, banners lona, crach\u00e1s, placa de identifica\u00e7\u00e3o, placas de aviso, adesivos perfurados, fachadas lona, cavaletes, cord\u00f5es, crach\u00e1s","breadcrumb":{"@id":"https:\/\/levelprint.com.br\/comunicacao-visual\/#breadcrumb"},"inLanguage":"pt-BR","potentialAction":[{"@type":"ReadAction","target":["https:\/\/levelprint.com.br\/comunicacao-visual\/"]}]},{"@type":"BreadcrumbList","@id":"https:\/\/levelprint.com.br\/comunicacao-visual\/#breadcrumb","itemListElement":[{"@type":"ListItem","position":1,"name":"In\u00edcio","item":"https:\/\/levelprint.com.br\/"},{"@type":"ListItem","position":2,"name":"COMUNICA\u00c7\u00c3O VISUAL"}]},{"@type":"WebSite","@id":"https:\/\/levelprint.com.br\/#website","url":"https:\/\/levelprint.com.br\/","name":"Level Print Gr\u00e1fica em Alagoas | Banners, Crach\u00e1s, Canecas Personalizadas e Mais","description":"L\u00edder em Gr\u00e1fica e Personalizados em Macei\u00f3","publisher":{"@id":"https:\/\/levelprint.com.br\/#organization"},"alternateName":"Gr\u00e1fica em Macei\u00f3 - Level Print | Banners, Canecas, Crach\u00e1s, Cord\u00f5es Personalizados","potentialAction":[{"@type":"SearchAction","target":{"@type":"EntryPoint","urlTemplate":"https:\/\/levelprint.com.br\/?s={search_term_string}"},"query-input":{"@type":"PropertyValueSpecification","valueRequired":true,"valueName":"search_term_string"}}],"inLanguage":"pt-BR"},{"@type":"Organization","@id":"https:\/\/levelprint.com.br\/#organization","name":"Level Print Gr\u00e1fica e Personalizados LTDA.","alternateName":"Level Print Gr\u00e1fica","url":"https:\/\/levelprint.com.br\/","logo":{"@type":"ImageObject","inLanguage":"pt-BR","@id":"https:\/\/levelprint.com.br\/#\/schema\/logo\/image\/","url":"https:\/\/levelprint.com.br\/wp-content\/uploads\/2025\/07\/Logo-Level-Print-Grafica.webp","contentUrl":"https:\/\/levelprint.com.br\/wp-content\/uploads\/2025\/07\/Logo-Level-Print-Grafica.webp","width":1176,"height":1176,"caption":"Level Print Gr\u00e1fica e Personalizados LTDA."},"image":{"@id":"https:\/\/levelprint.com.br\/#\/schema\/logo\/image\/"},"sameAs":["https:\/\/www.facebook.com\/levelprintgrafica","https:\/\/x.com\/levelprintbr","https:\/\/instagram.com\/levelprintgrafica","https:\/\/www.linkedin.com\/company\/levelprint\/","https:\/\/br.pinterest.com\/simones6766\/_saved\/https:\/\/br.pinterest.com\/simones6766\/_saved\/","https:\/\/www.youtube.com\/channel\/UC3fz7xDpzPqorul-xhH6lBg"]}]}},"_links":{"self":[{"href":"https:\/\/levelprint.com.br\/pt\/wp-json\/wp\/v2\/pages\/74865","targetHints":{"allow":["GET"]}}],"collection":[{"href":"https:\/\/levelprint.com.br\/pt\/wp-json\/wp\/v2\/pages"}],"about":[{"href":"https:\/\/levelprint.com.br\/pt\/wp-json\/wp\/v2\/types\/page"}],"author":[{"embeddable":true,"href":"https:\/\/levelprint.com.br\/pt\/wp-json\/wp\/v2\/users\/1"}],"replies":[{"embeddable":true,"href":"https:\/\/levelprint.com.br\/pt\/wp-json\/wp\/v2\/comments?post=74865"}],"version-history":[{"count":8,"href":"https:\/\/levelprint.com.br\/pt\/wp-json\/wp\/v2\/pages\/74865\/revisions"}],"predecessor-version":[{"id":75457,"href":"https:\/\/levelprint.com.br\/pt\/wp-json\/wp\/v2\/pages\/74865\/revisions\/75457"}],"wp:attachment":[{"href":"https:\/\/levelprint.com.br\/pt\/wp-json\/wp\/v2\/media?parent=74865"}],"curies":[{"name":"wp","href":"https:\/\/api.w.org\/{rel}","templated":true}]}}