{"id":75574,"date":"2025-07-08T12:55:27","date_gmt":"2025-07-08T15:55:27","guid":{"rendered":"https:\/\/levelprint.com.br\/?page_id=75574"},"modified":"2025-07-08T14:28:37","modified_gmt":"2025-07-08T17:28:37","slug":"caneca-magica-personalizada-maceio","status":"publish","type":"page","link":"https:\/\/levelprint.com.br\/pt\/personalizados\/caneca-magica-personalizada-maceio\/","title":{"rendered":"Caneca M\u00e1gica Personalizada Macei\u00f3"},"content":{"rendered":"<h2>Caneca M\u00e1gica Personalizada em Porcelana \u2013 Macei\u00f3<\/h2>\n<p>&nbsp;<\/p>\n<p data-start=\"2081\" data-end=\"2422\">A caneca m\u00e1gica de porcelana encanta ao revelar sua estampa com bebidas quentes. Um brinde criativo e exclusivo para impressionar<\/p>\n<p>\u00a0quem receber<a href=\"https:\/\/wa.me\/82988982750?text=Ol\u00e1, pessoal, gostaria de saber mais informa\u00e7\u00f5es sobre Kit Crach\u00e1s e Cord\u00f5es Personalizados Macei\u00f3, https:\/\/levelprint.com.br\/pt\/kit-crachas-e-cordoes-personalizados-maceio\/.\"><img loading=\"lazy\" decoding=\"async\" class=\"wp-image-75501 size-medium alignright\" src=\"https:\/\/levelprint.com.br\/wp-content\/uploads\/2025\/07\/Botao-Saiba-Mais-Produto-Level-Print-300x75.webp\" alt=\"\" width=\"300\" height=\"75\" \/><\/a><\/p>\n<p><strong data-start=\"2424\" data-end=\"2439\">Benef\u00edcios:<\/strong><\/p>\n<ul data-start=\"2442\" data-end=\"2601\">\n<li data-start=\"2442\" data-end=\"2477\">\n<p data-start=\"2444\" data-end=\"2477\">Rea\u00e7\u00e3o t\u00e9rmica revela a estampa<\/p>\n<\/li>\n<li data-start=\"2478\" data-end=\"2522\">\n<p data-start=\"2480\" data-end=\"2522\">Acabamento preto fosco de alta qualidade<\/p>\n<\/li>\n<li data-start=\"2523\" data-end=\"2546\">\n<p data-start=\"2525\" data-end=\"2546\">Capacidade de 325ml<a href=\"https:\/\/levelprint.com.br\/wp-content\/uploads\/2021\/08\/caneca-quente.png\"><img loading=\"lazy\" decoding=\"async\" class=\"size-medium wp-image-74661 alignright\" src=\"https:\/\/levelprint.com.br\/wp-content\/uploads\/2021\/08\/caneca-quente-300x295.png\" alt=\"\" width=\"300\" height=\"295\" \/><\/a><\/p>\n<\/li>\n<li data-start=\"2547\" data-end=\"2601\">\n<p data-start=\"2549\" data-end=\"2601\">Ideal para a\u00e7\u00f5es promocionais e lembran\u00e7as criativas<\/p>\n<\/li>\n<\/ul>\n<h5><strong data-start=\"2603\" data-end=\"2621\">Indicado para:<\/strong><br data-start=\"2621\" data-end=\"2624\" \/>Empresas que querem impressionar, presentes afetivos, datas especiais.<\/h5>\n","protected":false},"excerpt":{"rendered":"<p>Caneca M\u00e1gica Personalizada em Porcelana \u2013 Macei\u00f3 &nbsp; A caneca m\u00e1gica de porcelana encanta ao revelar sua estampa com bebidas quentes. Um brinde criativo e exclusivo para impressionar \u00a0quem receber Benef\u00edcios: Rea\u00e7\u00e3o t\u00e9rmica revela a estampa Acabamento preto fosco de alta qualidade Capacidade de 325ml Ideal para a\u00e7\u00f5es promocionais e lembran\u00e7as criativas Indicado para:Empresas que [&hellip;]<\/p>\n","protected":false},"author":1,"featured_media":0,"parent":74195,"menu_order":0,"comment_status":"closed","ping_status":"closed","template":"","meta":{"footnotes":""},"class_list":["post-75574","page","type-page","status-publish","hentry"],"yoast_head":"<!-- This site is optimized with the Yoast SEO plugin v27.3 - https:\/\/yoast.com\/product\/yoast-seo-wordpress\/ -->\n<title>Caneca M\u00e1gica Personalizada Macei\u00f3 - Level Print Gr\u00e1fica e Personalizados<\/title>\n<meta name=\"description\" content=\"A caneca m\u00e1gica personalizada muda de cor com l\u00edquido quente. Surpreenda com este brinde criativo.\" \/>\n<meta name=\"robots\" content=\"index, follow, max-snippet:-1, max-image-preview:large, max-video-preview:-1\" \/>\n<link rel=\"canonical\" href=\"https:\/\/levelprint.com.br\/pt\/personalizados\/caneca-magica-personalizada-maceio\/\" \/>\n<meta property=\"og:locale\" content=\"pt_BR\" \/>\n<meta property=\"og:type\" content=\"article\" \/>\n<meta property=\"og:title\" content=\"Caneca M\u00e1gica Personalizada Macei\u00f3 - Level Print Gr\u00e1fica e Personalizados\" \/>\n<meta property=\"og:description\" content=\"A caneca m\u00e1gica personalizada muda de cor com l\u00edquido quente. Surpreenda com este brinde criativo.\" \/>\n<meta property=\"og:url\" content=\"https:\/\/levelprint.com.br\/pt\/personalizados\/caneca-magica-personalizada-maceio\/\" \/>\n<meta property=\"og:site_name\" content=\"Level Print Gr\u00e1fica e Personalizados\" \/>\n<meta property=\"article:publisher\" content=\"https:\/\/www.facebook.com\/levelprintgrafica\" \/>\n<meta property=\"article:modified_time\" content=\"2025-07-08T17:28:37+00:00\" \/>\n<meta property=\"og:image\" content=\"https:\/\/levelprint.com.br\/wp-content\/uploads\/2025\/07\/Botao-Saiba-Mais-Produto-Level-Print-300x75.webp\" \/>\n<meta name=\"twitter:card\" content=\"summary_large_image\" \/>\n<meta name=\"twitter:site\" content=\"@levelprintbr\" \/>\n<meta name=\"twitter:label1\" content=\"Est. tempo de leitura\" \/>\n\t<meta name=\"twitter:data1\" content=\"1 minuto\" \/>\n<script type=\"application\/ld+json\" class=\"yoast-schema-graph\">{\"@context\":\"https:\\\/\\\/schema.org\",\"@graph\":[{\"@type\":\"WebPage\",\"@id\":\"https:\\\/\\\/levelprint.com.br\\\/personalizados\\\/caneca-magica-personalizada-maceio\\\/\",\"url\":\"https:\\\/\\\/levelprint.com.br\\\/personalizados\\\/caneca-magica-personalizada-maceio\\\/\",\"name\":\"Caneca M\u00e1gica Personalizada Macei\u00f3 - Level Print Gr\u00e1fica e Personalizados\",\"isPartOf\":{\"@id\":\"https:\\\/\\\/levelprint.com.br\\\/#website\"},\"primaryImageOfPage\":{\"@id\":\"https:\\\/\\\/levelprint.com.br\\\/personalizados\\\/caneca-magica-personalizada-maceio\\\/#primaryimage\"},\"image\":{\"@id\":\"https:\\\/\\\/levelprint.com.br\\\/personalizados\\\/caneca-magica-personalizada-maceio\\\/#primaryimage\"},\"thumbnailUrl\":\"https:\\\/\\\/levelprint.com.br\\\/wp-content\\\/uploads\\\/2025\\\/07\\\/Botao-Saiba-Mais-Produto-Level-Print-300x75.webp\",\"datePublished\":\"2025-07-08T15:55:27+00:00\",\"dateModified\":\"2025-07-08T17:28:37+00:00\",\"description\":\"A caneca m\u00e1gica personalizada muda de cor com l\u00edquido quente. Surpreenda com este brinde criativo.\",\"breadcrumb\":{\"@id\":\"https:\\\/\\\/levelprint.com.br\\\/personalizados\\\/caneca-magica-personalizada-maceio\\\/#breadcrumb\"},\"inLanguage\":\"pt-BR\",\"potentialAction\":[{\"@type\":\"ReadAction\",\"target\":[\"https:\\\/\\\/levelprint.com.br\\\/personalizados\\\/caneca-magica-personalizada-maceio\\\/\"]}]},{\"@type\":\"ImageObject\",\"inLanguage\":\"pt-BR\",\"@id\":\"https:\\\/\\\/levelprint.com.br\\\/personalizados\\\/caneca-magica-personalizada-maceio\\\/#primaryimage\",\"url\":\"https:\\\/\\\/levelprint.com.br\\\/wp-content\\\/uploads\\\/2025\\\/07\\\/Botao-Saiba-Mais-Produto-Level-Print-300x75.webp\",\"contentUrl\":\"https:\\\/\\\/levelprint.com.br\\\/wp-content\\\/uploads\\\/2025\\\/07\\\/Botao-Saiba-Mais-Produto-Level-Print-300x75.webp\"},{\"@type\":\"BreadcrumbList\",\"@id\":\"https:\\\/\\\/levelprint.com.br\\\/personalizados\\\/caneca-magica-personalizada-maceio\\\/#breadcrumb\",\"itemListElement\":[{\"@type\":\"ListItem\",\"position\":1,\"name\":\"In\u00edcio\",\"item\":\"https:\\\/\\\/levelprint.com.br\\\/\"},{\"@type\":\"ListItem\",\"position\":2,\"name\":\"PERSONALIZADOS\",\"item\":\"https:\\\/\\\/levelprint.com.br\\\/personalizados\\\/\"},{\"@type\":\"ListItem\",\"position\":3,\"name\":\"Caneca M\u00e1gica Personalizada Macei\u00f3\"}]},{\"@type\":\"WebSite\",\"@id\":\"https:\\\/\\\/levelprint.com.br\\\/#website\",\"url\":\"https:\\\/\\\/levelprint.com.br\\\/\",\"name\":\"Level Print Gr\u00e1fica em Alagoas | Banners, Crach\u00e1s, Canecas Personalizadas e Mais\",\"description\":\"L\u00edder em Gr\u00e1fica e Personalizados em Macei\u00f3\",\"publisher\":{\"@id\":\"https:\\\/\\\/levelprint.com.br\\\/#organization\"},\"alternateName\":\"Gr\u00e1fica em Macei\u00f3 - Level Print | Banners, Canecas, Crach\u00e1s, Cord\u00f5es Personalizados\",\"potentialAction\":[{\"@type\":\"SearchAction\",\"target\":{\"@type\":\"EntryPoint\",\"urlTemplate\":\"https:\\\/\\\/levelprint.com.br\\\/?s={search_term_string}\"},\"query-input\":{\"@type\":\"PropertyValueSpecification\",\"valueRequired\":true,\"valueName\":\"search_term_string\"}}],\"inLanguage\":\"pt-BR\"},{\"@type\":\"Organization\",\"@id\":\"https:\\\/\\\/levelprint.com.br\\\/#organization\",\"name\":\"Level Print Gr\u00e1fica e Personalizados LTDA.\",\"alternateName\":\"Level Print Gr\u00e1fica\",\"url\":\"https:\\\/\\\/levelprint.com.br\\\/\",\"logo\":{\"@type\":\"ImageObject\",\"inLanguage\":\"pt-BR\",\"@id\":\"https:\\\/\\\/levelprint.com.br\\\/#\\\/schema\\\/logo\\\/image\\\/\",\"url\":\"https:\\\/\\\/levelprint.com.br\\\/wp-content\\\/uploads\\\/2025\\\/07\\\/Logo-Level-Print-Grafica.webp\",\"contentUrl\":\"https:\\\/\\\/levelprint.com.br\\\/wp-content\\\/uploads\\\/2025\\\/07\\\/Logo-Level-Print-Grafica.webp\",\"width\":1176,\"height\":1176,\"caption\":\"Level Print Gr\u00e1fica e Personalizados LTDA.\"},\"image\":{\"@id\":\"https:\\\/\\\/levelprint.com.br\\\/#\\\/schema\\\/logo\\\/image\\\/\"},\"sameAs\":[\"https:\\\/\\\/www.facebook.com\\\/levelprintgrafica\",\"https:\\\/\\\/x.com\\\/levelprintbr\",\"https:\\\/\\\/instagram.com\\\/levelprintgrafica\",\"https:\\\/\\\/www.linkedin.com\\\/company\\\/levelprint\\\/\",\"https:\\\/\\\/br.pinterest.com\\\/simones6766\\\/_saved\\\/https:\\\/\\\/br.pinterest.com\\\/simones6766\\\/_saved\\\/\",\"https:\\\/\\\/www.youtube.com\\\/channel\\\/UC3fz7xDpzPqorul-xhH6lBg\"]}]}<\/script>\n<!-- \/ Yoast SEO plugin. -->","yoast_head_json":{"title":"Caneca M\u00e1gica Personalizada Macei\u00f3 - Level Print Gr\u00e1fica e Personalizados","description":"A caneca m\u00e1gica personalizada muda de cor com l\u00edquido quente. Surpreenda com este brinde criativo.","robots":{"index":"index","follow":"follow","max-snippet":"max-snippet:-1","max-image-preview":"max-image-preview:large","max-video-preview":"max-video-preview:-1"},"canonical":"https:\/\/levelprint.com.br\/pt\/personalizados\/caneca-magica-personalizada-maceio\/","og_locale":"pt_BR","og_type":"article","og_title":"Caneca M\u00e1gica Personalizada Macei\u00f3 - Level Print Gr\u00e1fica e Personalizados","og_description":"A caneca m\u00e1gica personalizada muda de cor com l\u00edquido quente. Surpreenda com este brinde criativo.","og_url":"https:\/\/levelprint.com.br\/pt\/personalizados\/caneca-magica-personalizada-maceio\/","og_site_name":"Level Print Gr\u00e1fica e Personalizados","article_publisher":"https:\/\/www.facebook.com\/levelprintgrafica","article_modified_time":"2025-07-08T17:28:37+00:00","og_image":[{"url":"https:\/\/levelprint.com.br\/wp-content\/uploads\/2025\/07\/Botao-Saiba-Mais-Produto-Level-Print-300x75.webp","type":"","width":"","height":""}],"twitter_card":"summary_large_image","twitter_site":"@levelprintbr","twitter_misc":{"Est. tempo de leitura":"1 minuto"},"schema":{"@context":"https:\/\/schema.org","@graph":[{"@type":"WebPage","@id":"https:\/\/levelprint.com.br\/personalizados\/caneca-magica-personalizada-maceio\/","url":"https:\/\/levelprint.com.br\/personalizados\/caneca-magica-personalizada-maceio\/","name":"Caneca M\u00e1gica Personalizada Macei\u00f3 - Level Print Gr\u00e1fica e Personalizados","isPartOf":{"@id":"https:\/\/levelprint.com.br\/#website"},"primaryImageOfPage":{"@id":"https:\/\/levelprint.com.br\/personalizados\/caneca-magica-personalizada-maceio\/#primaryimage"},"image":{"@id":"https:\/\/levelprint.com.br\/personalizados\/caneca-magica-personalizada-maceio\/#primaryimage"},"thumbnailUrl":"https:\/\/levelprint.com.br\/wp-content\/uploads\/2025\/07\/Botao-Saiba-Mais-Produto-Level-Print-300x75.webp","datePublished":"2025-07-08T15:55:27+00:00","dateModified":"2025-07-08T17:28:37+00:00","description":"A caneca m\u00e1gica personalizada muda de cor com l\u00edquido quente. Surpreenda com este brinde criativo.","breadcrumb":{"@id":"https:\/\/levelprint.com.br\/personalizados\/caneca-magica-personalizada-maceio\/#breadcrumb"},"inLanguage":"pt-BR","potentialAction":[{"@type":"ReadAction","target":["https:\/\/levelprint.com.br\/personalizados\/caneca-magica-personalizada-maceio\/"]}]},{"@type":"ImageObject","inLanguage":"pt-BR","@id":"https:\/\/levelprint.com.br\/personalizados\/caneca-magica-personalizada-maceio\/#primaryimage","url":"https:\/\/levelprint.com.br\/wp-content\/uploads\/2025\/07\/Botao-Saiba-Mais-Produto-Level-Print-300x75.webp","contentUrl":"https:\/\/levelprint.com.br\/wp-content\/uploads\/2025\/07\/Botao-Saiba-Mais-Produto-Level-Print-300x75.webp"},{"@type":"BreadcrumbList","@id":"https:\/\/levelprint.com.br\/personalizados\/caneca-magica-personalizada-maceio\/#breadcrumb","itemListElement":[{"@type":"ListItem","position":1,"name":"In\u00edcio","item":"https:\/\/levelprint.com.br\/"},{"@type":"ListItem","position":2,"name":"PERSONALIZADOS","item":"https:\/\/levelprint.com.br\/personalizados\/"},{"@type":"ListItem","position":3,"name":"Caneca M\u00e1gica Personalizada Macei\u00f3"}]},{"@type":"WebSite","@id":"https:\/\/levelprint.com.br\/#website","url":"https:\/\/levelprint.com.br\/","name":"Level Print Gr\u00e1fica em Alagoas | Banners, Crach\u00e1s, Canecas Personalizadas e Mais","description":"L\u00edder em Gr\u00e1fica e Personalizados em Macei\u00f3","publisher":{"@id":"https:\/\/levelprint.com.br\/#organization"},"alternateName":"Gr\u00e1fica em Macei\u00f3 - Level Print | Banners, Canecas, Crach\u00e1s, Cord\u00f5es Personalizados","potentialAction":[{"@type":"SearchAction","target":{"@type":"EntryPoint","urlTemplate":"https:\/\/levelprint.com.br\/?s={search_term_string}"},"query-input":{"@type":"PropertyValueSpecification","valueRequired":true,"valueName":"search_term_string"}}],"inLanguage":"pt-BR"},{"@type":"Organization","@id":"https:\/\/levelprint.com.br\/#organization","name":"Level Print Gr\u00e1fica e Personalizados LTDA.","alternateName":"Level Print Gr\u00e1fica","url":"https:\/\/levelprint.com.br\/","logo":{"@type":"ImageObject","inLanguage":"pt-BR","@id":"https:\/\/levelprint.com.br\/#\/schema\/logo\/image\/","url":"https:\/\/levelprint.com.br\/wp-content\/uploads\/2025\/07\/Logo-Level-Print-Grafica.webp","contentUrl":"https:\/\/levelprint.com.br\/wp-content\/uploads\/2025\/07\/Logo-Level-Print-Grafica.webp","width":1176,"height":1176,"caption":"Level Print Gr\u00e1fica e Personalizados LTDA."},"image":{"@id":"https:\/\/levelprint.com.br\/#\/schema\/logo\/image\/"},"sameAs":["https:\/\/www.facebook.com\/levelprintgrafica","https:\/\/x.com\/levelprintbr","https:\/\/instagram.com\/levelprintgrafica","https:\/\/www.linkedin.com\/company\/levelprint\/","https:\/\/br.pinterest.com\/simones6766\/_saved\/https:\/\/br.pinterest.com\/simones6766\/_saved\/","https:\/\/www.youtube.com\/channel\/UC3fz7xDpzPqorul-xhH6lBg"]}]}},"_links":{"self":[{"href":"https:\/\/levelprint.com.br\/pt\/wp-json\/wp\/v2\/pages\/75574","targetHints":{"allow":["GET"]}}],"collection":[{"href":"https:\/\/levelprint.com.br\/pt\/wp-json\/wp\/v2\/pages"}],"about":[{"href":"https:\/\/levelprint.com.br\/pt\/wp-json\/wp\/v2\/types\/page"}],"author":[{"embeddable":true,"href":"https:\/\/levelprint.com.br\/pt\/wp-json\/wp\/v2\/users\/1"}],"replies":[{"embeddable":true,"href":"https:\/\/levelprint.com.br\/pt\/wp-json\/wp\/v2\/comments?post=75574"}],"version-history":[{"count":13,"href":"https:\/\/levelprint.com.br\/pt\/wp-json\/wp\/v2\/pages\/75574\/revisions"}],"predecessor-version":[{"id":75576,"href":"https:\/\/levelprint.com.br\/pt\/wp-json\/wp\/v2\/pages\/75574\/revisions\/75576"}],"up":[{"embeddable":true,"href":"https:\/\/levelprint.com.br\/pt\/wp-json\/wp\/v2\/pages\/74195"}],"wp:attachment":[{"href":"https:\/\/levelprint.com.br\/pt\/wp-json\/wp\/v2\/media?parent=75574"}],"curies":[{"name":"wp","href":"https:\/\/api.w.org\/{rel}","templated":true}]}}