{"id":75606,"date":"2025-07-08T14:04:36","date_gmt":"2025-07-08T17:04:36","guid":{"rendered":"https:\/\/levelprint.com.br\/?page_id=75606"},"modified":"2025-07-10T17:07:48","modified_gmt":"2025-07-10T20:07:48","slug":"pt-camisas-sublimacao-total-maceio","status":"publish","type":"page","link":"https:\/\/levelprint.com.br\/pt\/pt-camisas-sublimacao-total-maceio\/","title":{"rendered":"Camisas Sublima\u00e7\u00e3o Total Macei\u00f3"},"content":{"rendered":"<div class=\"wpb-content-wrapper\"><div class=\"vc_row wpb_row row\"><div class=\"vc_column_container col-md-12\"><div class=\"wpb_wrapper vc_column-inner\">\n\t<div class=\"wpb_text_column wpb_content_element wpb_animate_when_almost_visible wpb_slideInDown slideInDown\" >\n\t\t<div class=\"wpb_wrapper\">\n\t\t\t<h2 data-pm-slice=\"1 1 &#091;&#093;\"><strong>Camisas personalizadas com sublima\u00e7\u00e3o total em Macei\u00f3.<a href=\"https:\/\/wa.me\/82988982750?text=Ol\u00e1, pessoal, gostaria de saber mais informa\u00e7\u00f5es sobre camisas sublimacao total Macei\u00f3, https:\/\/levelprint.com.br\/pt\/pt-camisas-sublimacao-total-maceio\/\"><img loading=\"lazy\" decoding=\"async\" class=\"alignright wp-image-75352 size-medium\" src=\"https:\/\/levelprint.com.br\/wp-content\/uploads\/2025\/05\/CAMISA-INTER-CLASSE-300x297.webp\" alt=\"\" width=\"300\" height=\"297\" \/><\/a><\/strong><\/h2>\n<p data-pm-slice=\"1 1 &#091;&#093;\">Camisas com Sublima\u00e7\u00e3o Total \u2013 Estilo e Personaliza\u00e7\u00e3o em Macei\u00f3<\/p>\n<p>Seja para equipes, eventos, interclasses ou promo\u00e7\u00f5es, nossas camisas sublimadas oferecem conforto, visual impactante e liberdade criativa. Estampas em toda a pe\u00e7a, com costura refor\u00e7ada e tecido 100% poli\u00e9ster dry.<\/p>\n<p data-start=\"5174\" data-end=\"5189\"><strong data-start=\"5174\" data-end=\"5187\">Destaques<\/strong><\/p>\n<ul>\n<li>Tecido dry fit leve e confort\u00e1vel.<\/li>\n<li>Impress\u00e3o 100% personalizada frente e verso.<\/li>\n<li>Produ\u00e7\u00e3o em Macei\u00f3 com prazos curtos.<\/li>\n<li>Modelos masculinos, femininos e baby look<\/li>\n<\/ul>\n<p data-start=\"1732\" data-end=\"1756\"><strong data-start=\"1732\" data-end=\"1754\">Como funciona<\/strong><\/p>\n<ol>\n<li data-start=\"1760\" data-end=\"1802\">Envie arte ou pe\u00e7a nosso time de designers.<a href=\"https:\/\/wa.me\/82988982750?text=Ol\u00e1, pessoal, gostaria de saber mais informa\u00e7\u00f5es sobre camisas sublimacao total Macei\u00f3, https:\/\/levelprint.com.br\/pt\/pt-camisas-sublimacao-total-maceio\/\"><img loading=\"lazy\" decoding=\"async\" class=\"alignright wp-image-75501 size-medium\" src=\"https:\/\/levelprint.com.br\/wp-content\/uploads\/2025\/07\/Botao-Saiba-Mais-Produto-Level-Print-300x75.webp\" alt=\"\" width=\"300\" height=\"75\" \/><\/a><\/li>\n<li data-start=\"1760\" data-end=\"1802\">Aprove a prova digital em at\u00e9 24\u202fh.<\/li>\n<li data-start=\"1760\" data-end=\"1802\">Receba em sua empresa ou retire conosco.<\/li>\n<\/ol>\n<h3 data-start=\"1244\" data-end=\"1281\">Por que escolher a Level Print?<\/h3>\n<ul>\n<li data-start=\"1284\" data-end=\"1321\">Mais de <strong data-start=\"1292\" data-end=\"1321\">620 avalia\u00e7\u00f5es 5 estrelas no Google (somos a empresa mais bem avaliada de Alagoas)<\/strong><\/li>\n<li data-start=\"1284\" data-end=\"1321\">Produ\u00e7\u00e3o pr\u00f3pria com <strong data-start=\"1345\" data-end=\"1359\">prazo \u00e1gil e pre\u00e7os que cabem no seu or\u00e7amento<\/strong><\/li>\n<li data-start=\"1284\" data-end=\"1321\">Entrega em Macei\u00f3 e regi\u00f5es pr\u00f3ximas (consulte condi\u00e7\u00f5es)<\/li>\n<li data-start=\"1284\" data-end=\"1321\">Personaliza\u00e7\u00e3o completa com seu logotipo (tamb\u00e9m conhecido como logomarca)<\/li>\n<li data-start=\"1422\" data-end=\"1464\">Emitimos nota fiscal para CPF ou CNPJ<\/li>\n<li data-start=\"1422\" data-end=\"1464\">Trabalhamos com sistema de pagamento faturado para empresas (sob an\u00e1lise de cr\u00e9dito e limite mensal dispon\u00edvel &#8211; consulte condi\u00e7\u00f5es)<\/li>\n<\/ul>\n<h3 data-start=\"1471\" data-end=\"1500\">Pedido m\u00ednimo e prazos<\/h3>\n<ul>\n<li data-start=\"1503\" data-end=\"1533\">Pedido m\u00ednimo: <strong>5\u00a0unidade<\/strong><\/li>\n<li data-start=\"1503\" data-end=\"1533\">Prazos a partir de 7 dias \u00fateis ap\u00f3s a confirma\u00e7\u00e3o de pagamento de 50%, mais envio da arte e conforme a quantidade de itens para produ\u00e7\u00e3o.<\/li>\n<\/ul>\n\n\t\t<\/div>\n\t<\/div>\n<\/div><\/div><\/div><div class=\"vc_row wpb_row row\"><div class=\"vc_column_container col-md-6\"><div class=\"wpb_wrapper vc_column-inner\"><section class=\"toggle  active \"><label><\/label><div class=\"toggle-content\"><h3 data-start=\"460\" data-end=\"509\">1. <strong data-start=\"467\" data-end=\"507\">O que \u00e9 sublima\u00e7\u00e3o total em camisas?<\/strong><\/h3>\n<p data-start=\"510\" data-end=\"671\">\u00c9 um processo em que a estampa cobre <strong data-start=\"547\" data-end=\"592\">100% da frente, costas e mangas da camisa<\/strong>, permitindo liberdade total de design, com cores vivas e durabilidade elevada.<\/p>\n<hr data-start=\"673\" data-end=\"676\" \/>\n<h3 data-start=\"678\" data-end=\"734\">2. <strong data-start=\"685\" data-end=\"732\">Qual o tecido usado nas camisas sublimadas?<\/strong><\/h3>\n<p data-start=\"735\" data-end=\"865\">Utilizamos tecidos como <strong data-start=\"759\" data-end=\"785\">100% poli\u00e9ster premium<\/strong>, com toque leve e confort\u00e1vel. S\u00e3o ideais para eventos, uniformes e uso di\u00e1rio.<\/p>\n<hr data-start=\"867\" data-end=\"870\" \/>\n<h3 data-start=\"872\" data-end=\"932\">3. <strong data-start=\"879\" data-end=\"930\">Posso personalizar totalmente a arte da camisa?<\/strong><\/h3>\n<p data-start=\"933\" data-end=\"1083\">Sim! Voc\u00ea pode enviar sua arte ou briefing. Nossa equipe de design cria a arte personalizada de acordo com seu estilo, cores, logotipo, texto ou tema.<\/p>\n<hr data-start=\"1085\" data-end=\"1088\" \/>\n<h3 data-start=\"1090\" data-end=\"1142\">4. <strong data-start=\"1097\" data-end=\"1140\">Qual \u00e9 a quantidade m\u00ednima para pedido?<\/strong><\/h3>\n<p data-start=\"1143\" data-end=\"1268\">Produzimos a partir de <strong data-start=\"1166\" data-end=\"1181\">10 unidades<\/strong>, mas para grandes quantidades oferecemos <strong data-start=\"1223\" data-end=\"1267\">valores especiais e prazos diferenciados<\/strong>.<\/p>\n<\/div><\/section><\/div><\/div><div class=\"vc_column_container col-md-6\"><div class=\"wpb_wrapper vc_column-inner\"><section class=\"toggle  active \"><label><\/label><div class=\"toggle-content\"><h3 data-start=\"1275\" data-end=\"1318\">5. <strong data-start=\"1282\" data-end=\"1316\">As cores desbotam com o tempo?<\/strong><\/h3>\n<p data-start=\"1319\" data-end=\"1466\">N\u00e3o. A sublima\u00e7\u00e3o fixa a tinta diretamente nas fibras do tecido, o que garante <strong data-start=\"1398\" data-end=\"1438\">cores vivas e resistentes a lavagens<\/strong>, sem craquelar ou desbotar.<\/p>\n<hr data-start=\"1468\" data-end=\"1471\" \/>\n<h3 data-start=\"1473\" data-end=\"1530\">6. <strong data-start=\"1480\" data-end=\"1528\">Fazem camisas para times, turmas e empresas?<\/strong><\/h3>\n<p data-start=\"1531\" data-end=\"1683\">Sim! Atendemos <strong data-start=\"1546\" data-end=\"1633\">escolas, times, grupos de eventos, empresas, formaturas, turmas interclasses e mais<\/strong>. Tamb\u00e9m fazemos numera\u00e7\u00e3o e nomes personalizados.<\/p>\n<hr data-start=\"1685\" data-end=\"1688\" \/>\n<h3 data-start=\"1690\" data-end=\"1728\">7. <strong data-start=\"1697\" data-end=\"1726\">Qual o prazo de produ\u00e7\u00e3o?<\/strong><\/h3>\n<p data-start=\"1729\" data-end=\"1852\">Geralmente, o prazo \u00e9 de <strong data-start=\"1754\" data-end=\"1775\">5 a 10 dias \u00fateis<\/strong> ap\u00f3s a aprova\u00e7\u00e3o da arte. Para pedidos urgentes, consulte a disponibilidade.<\/p>\n<hr data-start=\"1854\" data-end=\"1857\" \/>\n<h3 data-start=\"1859\" data-end=\"1897\">8. <strong data-start=\"1866\" data-end=\"1895\">Voc\u00eas entregam em Macei\u00f3?<\/strong><\/h3>\n<p data-start=\"1898\" data-end=\"2025\">Sim! Entregamos em <strong data-start=\"1917\" data-end=\"1932\">toda Macei\u00f3<\/strong> e tamb\u00e9m oferecemos <strong data-start=\"1953\" data-end=\"1974\">retirada no local<\/strong>. Para outras cidades, enviamos via transportadora.<\/p>\n<\/div><\/section><\/div><\/div><\/div>\n<\/div>","protected":false},"excerpt":{"rendered":"Camisas personalizadas com sublima\u00e7\u00e3o total em Macei\u00f3. Camisas com Sublima\u00e7\u00e3o Total \u2013 Estilo e Personaliza\u00e7\u00e3o em Macei\u00f3 Seja para equipes, eventos, interclasses ou promo\u00e7\u00f5es, nossas camisas sublimadas oferecem conforto, visual impactante e liberdade criativa. Estampas em toda a pe\u00e7a, com costura refor\u00e7ada e tecido 100% poli\u00e9ster dry. Destaques Tecido dry fit leve e confort\u00e1vel. Impress\u00e3o [...]","protected":false},"author":1,"featured_media":0,"parent":0,"menu_order":0,"comment_status":"closed","ping_status":"closed","template":"","meta":{"footnotes":""},"class_list":["post-75606","page","type-page","status-publish","hentry"],"yoast_head":"<!-- This site is optimized with the Yoast SEO plugin v27.3 - https:\/\/yoast.com\/product\/yoast-seo-wordpress\/ -->\n<title>Camisas Sublima\u00e7\u00e3o Total Macei\u00f3 - Level Print Gr\u00e1fica e Personalizados<\/title>\n<meta name=\"description\" content=\"Camisas personalizadas com sublima\u00e7\u00e3o total em Macei\u00f3. Produ\u00e7\u00e3o pr\u00f3pria com qualidade profissional e entrega r\u00e1pida.\" \/>\n<meta name=\"robots\" content=\"index, follow, max-snippet:-1, max-image-preview:large, max-video-preview:-1\" \/>\n<link rel=\"canonical\" href=\"https:\/\/levelprint.com.br\/pt\/pt-camisas-sublimacao-total-maceio\/\" \/>\n<meta property=\"og:locale\" content=\"pt_BR\" \/>\n<meta property=\"og:type\" content=\"article\" \/>\n<meta property=\"og:title\" content=\"Camisas Sublima\u00e7\u00e3o Total Macei\u00f3 - Level Print Gr\u00e1fica e Personalizados\" \/>\n<meta property=\"og:description\" content=\"Camisas personalizadas com sublima\u00e7\u00e3o total em Macei\u00f3. Produ\u00e7\u00e3o pr\u00f3pria com qualidade profissional e entrega r\u00e1pida.\" \/>\n<meta property=\"og:url\" content=\"https:\/\/levelprint.com.br\/pt\/pt-camisas-sublimacao-total-maceio\/\" \/>\n<meta property=\"og:site_name\" content=\"Level Print Gr\u00e1fica e Personalizados\" \/>\n<meta property=\"article:publisher\" content=\"https:\/\/www.facebook.com\/levelprintgrafica\" \/>\n<meta property=\"article:modified_time\" content=\"2025-07-10T20:07:48+00:00\" \/>\n<meta property=\"og:image\" content=\"https:\/\/levelprint.com.br\/wp-content\/uploads\/2025\/05\/CAMISA-INTER-CLASSE-300x297.webp\" \/>\n<meta name=\"twitter:card\" content=\"summary_large_image\" \/>\n<meta name=\"twitter:site\" content=\"@levelprintbr\" \/>\n<meta name=\"twitter:label1\" content=\"Est. tempo de leitura\" \/>\n\t<meta name=\"twitter:data1\" content=\"3 minutos\" \/>\n<script type=\"application\/ld+json\" class=\"yoast-schema-graph\">{\"@context\":\"https:\\\/\\\/schema.org\",\"@graph\":[{\"@type\":\"WebPage\",\"@id\":\"https:\\\/\\\/levelprint.com.br\\\/pt-camisas-sublimacao-total-maceio\\\/\",\"url\":\"https:\\\/\\\/levelprint.com.br\\\/pt-camisas-sublimacao-total-maceio\\\/\",\"name\":\"Camisas Sublima\u00e7\u00e3o Total Macei\u00f3 - Level Print Gr\u00e1fica e Personalizados\",\"isPartOf\":{\"@id\":\"https:\\\/\\\/levelprint.com.br\\\/#website\"},\"primaryImageOfPage\":{\"@id\":\"https:\\\/\\\/levelprint.com.br\\\/pt-camisas-sublimacao-total-maceio\\\/#primaryimage\"},\"image\":{\"@id\":\"https:\\\/\\\/levelprint.com.br\\\/pt-camisas-sublimacao-total-maceio\\\/#primaryimage\"},\"thumbnailUrl\":\"https:\\\/\\\/levelprint.com.br\\\/wp-content\\\/uploads\\\/2025\\\/05\\\/CAMISA-INTER-CLASSE-300x297.webp\",\"datePublished\":\"2025-07-08T17:04:36+00:00\",\"dateModified\":\"2025-07-10T20:07:48+00:00\",\"description\":\"Camisas personalizadas com sublima\u00e7\u00e3o total em Macei\u00f3. Produ\u00e7\u00e3o pr\u00f3pria com qualidade profissional e entrega r\u00e1pida.\",\"breadcrumb\":{\"@id\":\"https:\\\/\\\/levelprint.com.br\\\/pt-camisas-sublimacao-total-maceio\\\/#breadcrumb\"},\"inLanguage\":\"pt-BR\",\"potentialAction\":[{\"@type\":\"ReadAction\",\"target\":[\"https:\\\/\\\/levelprint.com.br\\\/pt-camisas-sublimacao-total-maceio\\\/\"]}]},{\"@type\":\"ImageObject\",\"inLanguage\":\"pt-BR\",\"@id\":\"https:\\\/\\\/levelprint.com.br\\\/pt-camisas-sublimacao-total-maceio\\\/#primaryimage\",\"url\":\"https:\\\/\\\/levelprint.com.br\\\/wp-content\\\/uploads\\\/2025\\\/05\\\/CAMISA-INTER-CLASSE-300x297.webp\",\"contentUrl\":\"https:\\\/\\\/levelprint.com.br\\\/wp-content\\\/uploads\\\/2025\\\/05\\\/CAMISA-INTER-CLASSE-300x297.webp\"},{\"@type\":\"BreadcrumbList\",\"@id\":\"https:\\\/\\\/levelprint.com.br\\\/pt-camisas-sublimacao-total-maceio\\\/#breadcrumb\",\"itemListElement\":[{\"@type\":\"ListItem\",\"position\":1,\"name\":\"In\u00edcio\",\"item\":\"https:\\\/\\\/levelprint.com.br\\\/\"},{\"@type\":\"ListItem\",\"position\":2,\"name\":\"Camisas Sublima\u00e7\u00e3o Total Macei\u00f3\"}]},{\"@type\":\"WebSite\",\"@id\":\"https:\\\/\\\/levelprint.com.br\\\/#website\",\"url\":\"https:\\\/\\\/levelprint.com.br\\\/\",\"name\":\"Level Print Gr\u00e1fica em Alagoas | Banners, Crach\u00e1s, Canecas Personalizadas e Mais\",\"description\":\"L\u00edder em Gr\u00e1fica e Personalizados em Macei\u00f3\",\"publisher\":{\"@id\":\"https:\\\/\\\/levelprint.com.br\\\/#organization\"},\"alternateName\":\"Gr\u00e1fica em Macei\u00f3 - Level Print | Banners, Canecas, Crach\u00e1s, Cord\u00f5es Personalizados\",\"potentialAction\":[{\"@type\":\"SearchAction\",\"target\":{\"@type\":\"EntryPoint\",\"urlTemplate\":\"https:\\\/\\\/levelprint.com.br\\\/?s={search_term_string}\"},\"query-input\":{\"@type\":\"PropertyValueSpecification\",\"valueRequired\":true,\"valueName\":\"search_term_string\"}}],\"inLanguage\":\"pt-BR\"},{\"@type\":\"Organization\",\"@id\":\"https:\\\/\\\/levelprint.com.br\\\/#organization\",\"name\":\"Level Print Gr\u00e1fica e Personalizados LTDA.\",\"alternateName\":\"Level Print Gr\u00e1fica\",\"url\":\"https:\\\/\\\/levelprint.com.br\\\/\",\"logo\":{\"@type\":\"ImageObject\",\"inLanguage\":\"pt-BR\",\"@id\":\"https:\\\/\\\/levelprint.com.br\\\/#\\\/schema\\\/logo\\\/image\\\/\",\"url\":\"https:\\\/\\\/levelprint.com.br\\\/wp-content\\\/uploads\\\/2025\\\/07\\\/Logo-Level-Print-Grafica.webp\",\"contentUrl\":\"https:\\\/\\\/levelprint.com.br\\\/wp-content\\\/uploads\\\/2025\\\/07\\\/Logo-Level-Print-Grafica.webp\",\"width\":1176,\"height\":1176,\"caption\":\"Level Print Gr\u00e1fica e Personalizados LTDA.\"},\"image\":{\"@id\":\"https:\\\/\\\/levelprint.com.br\\\/#\\\/schema\\\/logo\\\/image\\\/\"},\"sameAs\":[\"https:\\\/\\\/www.facebook.com\\\/levelprintgrafica\",\"https:\\\/\\\/x.com\\\/levelprintbr\",\"https:\\\/\\\/instagram.com\\\/levelprintgrafica\",\"https:\\\/\\\/www.linkedin.com\\\/company\\\/levelprint\\\/\",\"https:\\\/\\\/br.pinterest.com\\\/simones6766\\\/_saved\\\/https:\\\/\\\/br.pinterest.com\\\/simones6766\\\/_saved\\\/\",\"https:\\\/\\\/www.youtube.com\\\/channel\\\/UC3fz7xDpzPqorul-xhH6lBg\"]}]}<\/script>\n<!-- \/ Yoast SEO plugin. -->","yoast_head_json":{"title":"Camisas Sublima\u00e7\u00e3o Total Macei\u00f3 - Level Print Gr\u00e1fica e Personalizados","description":"Camisas personalizadas com sublima\u00e7\u00e3o total em Macei\u00f3. Produ\u00e7\u00e3o pr\u00f3pria com qualidade profissional e entrega r\u00e1pida.","robots":{"index":"index","follow":"follow","max-snippet":"max-snippet:-1","max-image-preview":"max-image-preview:large","max-video-preview":"max-video-preview:-1"},"canonical":"https:\/\/levelprint.com.br\/pt\/pt-camisas-sublimacao-total-maceio\/","og_locale":"pt_BR","og_type":"article","og_title":"Camisas Sublima\u00e7\u00e3o Total Macei\u00f3 - Level Print Gr\u00e1fica e Personalizados","og_description":"Camisas personalizadas com sublima\u00e7\u00e3o total em Macei\u00f3. Produ\u00e7\u00e3o pr\u00f3pria com qualidade profissional e entrega r\u00e1pida.","og_url":"https:\/\/levelprint.com.br\/pt\/pt-camisas-sublimacao-total-maceio\/","og_site_name":"Level Print Gr\u00e1fica e Personalizados","article_publisher":"https:\/\/www.facebook.com\/levelprintgrafica","article_modified_time":"2025-07-10T20:07:48+00:00","og_image":[{"url":"https:\/\/levelprint.com.br\/wp-content\/uploads\/2025\/05\/CAMISA-INTER-CLASSE-300x297.webp","type":"","width":"","height":""}],"twitter_card":"summary_large_image","twitter_site":"@levelprintbr","twitter_misc":{"Est. tempo de leitura":"3 minutos"},"schema":{"@context":"https:\/\/schema.org","@graph":[{"@type":"WebPage","@id":"https:\/\/levelprint.com.br\/pt-camisas-sublimacao-total-maceio\/","url":"https:\/\/levelprint.com.br\/pt-camisas-sublimacao-total-maceio\/","name":"Camisas Sublima\u00e7\u00e3o Total Macei\u00f3 - Level Print Gr\u00e1fica e Personalizados","isPartOf":{"@id":"https:\/\/levelprint.com.br\/#website"},"primaryImageOfPage":{"@id":"https:\/\/levelprint.com.br\/pt-camisas-sublimacao-total-maceio\/#primaryimage"},"image":{"@id":"https:\/\/levelprint.com.br\/pt-camisas-sublimacao-total-maceio\/#primaryimage"},"thumbnailUrl":"https:\/\/levelprint.com.br\/wp-content\/uploads\/2025\/05\/CAMISA-INTER-CLASSE-300x297.webp","datePublished":"2025-07-08T17:04:36+00:00","dateModified":"2025-07-10T20:07:48+00:00","description":"Camisas personalizadas com sublima\u00e7\u00e3o total em Macei\u00f3. Produ\u00e7\u00e3o pr\u00f3pria com qualidade profissional e entrega r\u00e1pida.","breadcrumb":{"@id":"https:\/\/levelprint.com.br\/pt-camisas-sublimacao-total-maceio\/#breadcrumb"},"inLanguage":"pt-BR","potentialAction":[{"@type":"ReadAction","target":["https:\/\/levelprint.com.br\/pt-camisas-sublimacao-total-maceio\/"]}]},{"@type":"ImageObject","inLanguage":"pt-BR","@id":"https:\/\/levelprint.com.br\/pt-camisas-sublimacao-total-maceio\/#primaryimage","url":"https:\/\/levelprint.com.br\/wp-content\/uploads\/2025\/05\/CAMISA-INTER-CLASSE-300x297.webp","contentUrl":"https:\/\/levelprint.com.br\/wp-content\/uploads\/2025\/05\/CAMISA-INTER-CLASSE-300x297.webp"},{"@type":"BreadcrumbList","@id":"https:\/\/levelprint.com.br\/pt-camisas-sublimacao-total-maceio\/#breadcrumb","itemListElement":[{"@type":"ListItem","position":1,"name":"In\u00edcio","item":"https:\/\/levelprint.com.br\/"},{"@type":"ListItem","position":2,"name":"Camisas Sublima\u00e7\u00e3o Total Macei\u00f3"}]},{"@type":"WebSite","@id":"https:\/\/levelprint.com.br\/#website","url":"https:\/\/levelprint.com.br\/","name":"Level Print Gr\u00e1fica em Alagoas | Banners, Crach\u00e1s, Canecas Personalizadas e Mais","description":"L\u00edder em Gr\u00e1fica e Personalizados em Macei\u00f3","publisher":{"@id":"https:\/\/levelprint.com.br\/#organization"},"alternateName":"Gr\u00e1fica em Macei\u00f3 - Level Print | Banners, Canecas, Crach\u00e1s, Cord\u00f5es Personalizados","potentialAction":[{"@type":"SearchAction","target":{"@type":"EntryPoint","urlTemplate":"https:\/\/levelprint.com.br\/?s={search_term_string}"},"query-input":{"@type":"PropertyValueSpecification","valueRequired":true,"valueName":"search_term_string"}}],"inLanguage":"pt-BR"},{"@type":"Organization","@id":"https:\/\/levelprint.com.br\/#organization","name":"Level Print Gr\u00e1fica e Personalizados LTDA.","alternateName":"Level Print Gr\u00e1fica","url":"https:\/\/levelprint.com.br\/","logo":{"@type":"ImageObject","inLanguage":"pt-BR","@id":"https:\/\/levelprint.com.br\/#\/schema\/logo\/image\/","url":"https:\/\/levelprint.com.br\/wp-content\/uploads\/2025\/07\/Logo-Level-Print-Grafica.webp","contentUrl":"https:\/\/levelprint.com.br\/wp-content\/uploads\/2025\/07\/Logo-Level-Print-Grafica.webp","width":1176,"height":1176,"caption":"Level Print Gr\u00e1fica e Personalizados LTDA."},"image":{"@id":"https:\/\/levelprint.com.br\/#\/schema\/logo\/image\/"},"sameAs":["https:\/\/www.facebook.com\/levelprintgrafica","https:\/\/x.com\/levelprintbr","https:\/\/instagram.com\/levelprintgrafica","https:\/\/www.linkedin.com\/company\/levelprint\/","https:\/\/br.pinterest.com\/simones6766\/_saved\/https:\/\/br.pinterest.com\/simones6766\/_saved\/","https:\/\/www.youtube.com\/channel\/UC3fz7xDpzPqorul-xhH6lBg"]}]}},"_links":{"self":[{"href":"https:\/\/levelprint.com.br\/pt\/wp-json\/wp\/v2\/pages\/75606","targetHints":{"allow":["GET"]}}],"collection":[{"href":"https:\/\/levelprint.com.br\/pt\/wp-json\/wp\/v2\/pages"}],"about":[{"href":"https:\/\/levelprint.com.br\/pt\/wp-json\/wp\/v2\/types\/page"}],"author":[{"embeddable":true,"href":"https:\/\/levelprint.com.br\/pt\/wp-json\/wp\/v2\/users\/1"}],"replies":[{"embeddable":true,"href":"https:\/\/levelprint.com.br\/pt\/wp-json\/wp\/v2\/comments?post=75606"}],"version-history":[{"count":11,"href":"https:\/\/levelprint.com.br\/pt\/wp-json\/wp\/v2\/pages\/75606\/revisions"}],"predecessor-version":[{"id":75712,"href":"https:\/\/levelprint.com.br\/pt\/wp-json\/wp\/v2\/pages\/75606\/revisions\/75712"}],"wp:attachment":[{"href":"https:\/\/levelprint.com.br\/pt\/wp-json\/wp\/v2\/media?parent=75606"}],"curies":[{"name":"wp","href":"https:\/\/api.w.org\/{rel}","templated":true}]}}