{"id":75637,"date":"2025-07-08T17:11:08","date_gmt":"2025-07-08T20:11:08","guid":{"rendered":"https:\/\/levelprint.com.br\/?page_id=75637"},"modified":"2026-02-09T09:05:06","modified_gmt":"2026-02-09T12:05:06","slug":"pt-agendas-personalizadas-2026-maceio","status":"publish","type":"page","link":"https:\/\/levelprint.com.br\/pt\/pt-agendas-personalizadas-2026-maceio\/","title":{"rendered":"Agendas Personalizadas 2026 Macei\u00f3"},"content":{"rendered":"<div class=\"wpb-content-wrapper\"><div class=\"vc_row wpb_row row\"><div class=\"vc_column_container col-md-12\"><div class=\"wpb_wrapper vc_column-inner\">\n\t<div class=\"wpb_text_column wpb_content_element wpb_animate_when_almost_visible wpb_slideInDown slideInDown\" >\n\t\t<div class=\"wpb_wrapper\">\n\t\t\t<h2><strong>Agendas 2026 Personalizadas \u2013 Organiza\u00e7\u00e3o com a Sua Marca<\/strong><\/h2>\n<p><strong data-start=\"1732\" data-end=\"1754\"><a href=\"https:\/\/levelprint.com.br\/wp-content\/uploads\/2025\/11\/CHAMADA-MARKETING-AGENDA-2026-small.webp\"><img loading=\"lazy\" decoding=\"async\" class=\"alignright wp-image-76078 size-medium\" src=\"https:\/\/levelprint.com.br\/wp-content\/uploads\/2025\/11\/CHAMADA-MARKETING-AGENDA-2026-small-295x300.webp\" alt=\"\" width=\"295\" height=\"300\" \/><\/a><\/strong><\/p>\n<p><span style=\"color: #0000ee;\"><b>\u00a0<\/b><\/span><\/p>\n<p data-pm-slice=\"1 1 &#091;&#093;\">As agendas personalizadas da Level Print s\u00e3o ideais para fidelizar clientes, organizar equipes e distribuir como brindes institucionais. A personaliza\u00e7\u00e3o pode ser feita com logo, nome, datas especiais e at\u00e9 p\u00e1ginas personalizadas.<\/p>\n<p data-start=\"5174\" data-end=\"5189\"><strong data-start=\"5174\" data-end=\"5187\">Destaques<\/strong><\/p>\n<ul>\n<li>Capa dura ou soft com acabamento premium.<\/li>\n<li>Personaliza\u00e7\u00e3o em hot stamping, UV ou full color.<\/li>\n<li>Miolo datado 2026 com papel offset 90g.<\/li>\n<li>Tiragem a partir de 20 unidades.<\/li>\n<\/ul>\n<p data-start=\"1732\" data-end=\"1756\"><strong data-start=\"1732\" data-end=\"1754\">Como funciona<\/strong><\/p>\n<h3 data-start=\"1244\" data-end=\"1281\">Por que escolher a Level Print?<\/h3>\n<p><a href=\"https:\/\/wa.me\/82988982750?text=Ol\u00e1, pessoal, gostaria de saber mais informa\u00e7\u00f5es sobre agendas Personalizados Macei\u00f3,https:\/\/levelprint.com.br\/pt\/pt-agendas-personalizadas-2026-maceio\/ \"><img loading=\"lazy\" decoding=\"async\" class=\"alignright wp-image-75501 size-medium\" src=\"https:\/\/levelprint.com.br\/wp-content\/uploads\/2025\/07\/Botao-Saiba-Mais-Produto-Level-Print-300x75.webp\" alt=\"\" width=\"300\" height=\"75\" \/><\/a><\/p>\n<ol>\n<li style=\"list-style-type: none;\">\n<ol>\n<li data-start=\"1760\" data-end=\"1802\">Envie arte ou pe\u00e7a nosso time de designers.<\/li>\n<li data-start=\"1760\" data-end=\"1802\">Aprove a prova digital em at\u00e9 24\u202fh.<\/li>\n<li data-start=\"1760\" data-end=\"1802\">Receba em sua empresa ou retire conosco.<\/li>\n<\/ol>\n<\/li>\n<\/ol>\n<ul>\n<li data-start=\"1284\" data-end=\"1321\">Somos a empresa do segmento mais bem avaliada de Alagoas 5 estrelas no Google<\/li>\n<li data-start=\"1284\" data-end=\"1321\">Produ\u00e7\u00e3o pr\u00f3pria com <strong data-start=\"1345\" data-end=\"1359\">prazo \u00e1gil e pre\u00e7os que cabem no seu or\u00e7amento<\/strong><\/li>\n<li data-start=\"1284\" data-end=\"1321\">Entrega em Macei\u00f3 e regi\u00f5es pr\u00f3ximas (consulte condi\u00e7\u00f5es)<\/li>\n<li data-start=\"1284\" data-end=\"1321\">Personaliza\u00e7\u00e3o completa com seu logotipo (tamb\u00e9m conhecido como logomarca)<\/li>\n<li data-start=\"1422\" data-end=\"1464\">Emitimos nota fiscal para CPF ou CNPJ<\/li>\n<li data-start=\"1422\" data-end=\"1464\">Trabalhamos com sistema de pagamento faturado para empresas (sob an\u00e1lise de cr\u00e9dito e limite mensal dispon\u00edvel &#8211; consulte condi\u00e7\u00f5es)<\/li>\n<\/ul>\n<h3 data-start=\"1471\" data-end=\"1500\">Pedido m\u00ednimo e prazos<\/h3>\n<ul>\n<li data-start=\"1503\" data-end=\"1533\">Pedido m\u00ednimo: <strong>1\u00a0unidade<\/strong><\/li>\n<li data-start=\"1503\" data-end=\"1533\">Prazos a partir de 7 dias \u00fateis ap\u00f3s a confirma\u00e7\u00e3o de pagamento de 50%, mais envio da arte e conforme a quantidade de itens para produ\u00e7\u00e3o.<\/li>\n<\/ul>\n\n\t\t<\/div>\n\t<\/div>\n<\/div><\/div><\/div><div class=\"vc_row wpb_row row\"><div class=\"vc_column_container col-md-12\"><div class=\"wpb_wrapper vc_column-inner\"><div class=\"vc_empty_space\"   style=\"height: 16px\"><span class=\"vc_empty_space_inner\"><\/span><\/div><div class=\"vc_separator vc_text_separator vc_separator_align_center vc_sep_width_100 vc_sep_pos_align_center\">\n\t<span class=\"vc_sep_holder vc_sep_holder_l\"><span style=\"background-image: -webkit-linear-gradient(left, transparent, #FF00A1);\n\t background-image: linear-gradient(to right, transparent, #FF00A1);\" class=\"vc_sep_line\"><\/span><\/span>\n\t\t\t<div class=\"vc_icon_element vc_icon_element-outer vc_do_icon vc_icon_element-align-left vc_icon_element-have-style\"><div class=\"vc_icon_element-inner vc_icon_element-color-custom vc_icon_element-have-style-inner vc_icon_element-size-md vc_icon_element-style-rounded vc_icon_element-background vc_icon_element-background-color-grey\" ><span class=\"vc_icon_element-icon fas fa-images\" style=\"color:#FF00A1 !important\"><\/span><\/div><\/div>\t\t\t<h4>ALGUNS DE NOSSOS PRODUTOS<\/h4>\t<span class=\"vc_sep_holder vc_sep_holder_r\"><span style=\"background-image: -webkit-linear-gradient(left, #FF00A1, transparent);\n\t background-image: linear-gradient(to right, #FF00A1, transparent);\" class=\"vc_sep_line\"><\/span><\/span>\n<\/div>\n<div class=\"vc_empty_space\"   style=\"height: 16px\"><span class=\"vc_empty_space_inner\"><\/span><\/div><div class=\"wpb_gallery wpb_content_element vc_clearfix wpb_content_element wpb_animate_when_almost_visible wpb_fadeInUp fadeInUp\" ><div class=\"wpb_wrapper\"><div class=\"wpb_gallery_slides wpb_image_grid\" data-interval=\"3\"><ul class=\"wpb_image_grid_ul\"><li class=\"isotope-item\"><a class=\"\" href=\"https:\/\/levelprint.com.br\/wp-content\/uploads\/2025\/11\/ARTE-AGENDAS-ROSA-LEVEL-PRINT-05-1024x1024.webp\" data-lightbox=\"lightbox[rel-75637-477694938]\"><img loading=\"lazy\" decoding=\"async\" width=\"150\" height=\"150\" src=\"https:\/\/levelprint.com.br\/wp-content\/uploads\/2025\/11\/ARTE-AGENDAS-ROSA-LEVEL-PRINT-05-150x150.webp\" class=\"attachment-thumbnail\" alt=\"\" title=\"ARTE AGENDAS ROSA LEVEL PRINT 05\" \/><\/a><\/li><li class=\"isotope-item\"><a class=\"\" href=\"https:\/\/levelprint.com.br\/wp-content\/uploads\/2025\/11\/CHAMADA-MARKETING-AGENDA-2026-small-1008x1024.webp\" data-lightbox=\"lightbox[rel-75637-477694938]\"><img loading=\"lazy\" decoding=\"async\" width=\"150\" height=\"150\" src=\"https:\/\/levelprint.com.br\/wp-content\/uploads\/2025\/11\/CHAMADA-MARKETING-AGENDA-2026-small-150x150.webp\" class=\"attachment-thumbnail\" alt=\"\" title=\"CHAMADA MARKETING AGENDA 2026 small\" \/><\/a><\/li><\/ul><\/div><\/div><\/div><\/div><\/div><\/div><div class=\"vc_row wpb_row row\"><div class=\"vc_column_container col-md-12\"><div class=\"wpb_wrapper vc_column-inner\"><div class=\"vc_empty_space\"   style=\"height: 16px\"><span class=\"vc_empty_space_inner\"><\/span><\/div><div class=\"vc_separator vc_text_separator vc_separator_align_center vc_sep_width_100 vc_sep_pos_align_center\">\n\t<span class=\"vc_sep_holder vc_sep_holder_l\"><span style=\"background-image: -webkit-linear-gradient(left, transparent, grey);\n\t background-image: linear-gradient(to right, transparent, grey);\" class=\"vc_sep_line\"><\/span><\/span>\n\t\t\t<div class=\"vc_icon_element vc_icon_element-outer vc_do_icon vc_icon_element-align-left\"><div class=\"vc_icon_element-inner vc_icon_element-color-custom vc_icon_element-size-md vc_icon_element-style- vc_icon_element-background-color-grey\" ><span class=\"vc_icon_element-icon fas fa-question-circle\" style=\"color:#FF00A1 !important\"><\/span><\/div><\/div>\t\t\t<h4>PERGUNTAS E RESPOSTAS FREQUENTES<\/h4>\t<span class=\"vc_sep_holder vc_sep_holder_r\"><span style=\"background-image: -webkit-linear-gradient(left, grey, transparent);\n\t background-image: linear-gradient(to right, grey, transparent);\" class=\"vc_sep_line\"><\/span><\/span>\n<\/div>\n<div class=\"vc_empty_space\"   style=\"height: 16px\"><span class=\"vc_empty_space_inner\"><\/span><\/div><\/div><\/div><\/div><div class=\"vc_row wpb_row row\"><div class=\"vc_column_container col-md-6\"><div class=\"wpb_wrapper vc_column-inner\"><section class=\"toggle  active \"><label><\/label><div class=\"toggle-content\"><h3 data-start=\"450\" data-end=\"514\">1. <strong data-start=\"457\" data-end=\"512\">Posso personalizar a capa da agenda com minha arte?<\/strong><\/h3>\n<p data-start=\"515\" data-end=\"621\">Sim! Voc\u00ea pode enviar sua arte, logotipo ou briefing, e n\u00f3s personalizamos a capa exatamente como desejar.<\/p>\n<hr data-start=\"623\" data-end=\"626\" \/>\n<h3 data-start=\"628\" data-end=\"682\">2. <strong data-start=\"635\" data-end=\"680\">Qual \u00e9 o tamanho das agendas dispon\u00edveis?<\/strong><\/h3>\n<p data-start=\"683\" data-end=\"810\">As agendas s\u00e3o no formato tradicional, aproximadamente 14&#215;20 cm (modelo executivo), ideal para uso profissional ou como brinde.<\/p>\n<hr data-start=\"812\" data-end=\"815\" \/>\n<h3 data-start=\"817\" data-end=\"883\">3. <strong data-start=\"824\" data-end=\"881\">Tem personaliza\u00e7\u00e3o tamb\u00e9m na parte interna da agenda?<\/strong><\/h3>\n<p data-start=\"884\" data-end=\"1006\">Sim. Podemos incluir p\u00e1ginas iniciais com informa\u00e7\u00f5es da sua empresa, calend\u00e1rio, contatos e at\u00e9 mensagens personalizadas.<\/p>\n<hr data-start=\"1008\" data-end=\"1011\" \/>\n<h3 data-start=\"1013\" data-end=\"1078\">4. <strong data-start=\"1020\" data-end=\"1076\">Voc\u00eas trabalham com agendas para empresas e escolas?<\/strong><\/h3>\n<p data-start=\"1079\" data-end=\"1197\">Sim! Produzimos agendas personalizadas em grande escala para empresas, escolas, institui\u00e7\u00f5es e profissionais liberais.<\/p>\n<\/div><\/section><\/div><\/div><div class=\"vc_column_container col-md-6\"><div class=\"wpb_wrapper vc_column-inner\"><section class=\"toggle  active \"><label><\/label><div class=\"toggle-content\"><h3 data-start=\"1204\" data-end=\"1262\">5. <strong data-start=\"1211\" data-end=\"1260\">Qual \u00e9 o prazo m\u00e9dio de produ\u00e7\u00e3o das agendas?<\/strong><\/h3>\n<p data-start=\"1263\" data-end=\"1375\">O prazo padr\u00e3o \u00e9 de 7 a 10 dias \u00fateis ap\u00f3s a aprova\u00e7\u00e3o da arte. Para grandes quantidades, consulte nossa equipe.<\/p>\n<hr data-start=\"1377\" data-end=\"1380\" \/>\n<h3 data-start=\"1382\" data-end=\"1420\">6. <strong data-start=\"1389\" data-end=\"1418\">Voc\u00eas entregam em Macei\u00f3?<\/strong><\/h3>\n<p data-start=\"1421\" data-end=\"1499\">Sim! Fazemos entregas em toda Macei\u00f3. Tamb\u00e9m temos op\u00e7\u00e3o de retirada no local.<\/p>\n<hr data-start=\"1501\" data-end=\"1504\" \/>\n<h3 data-start=\"1506\" data-end=\"1569\">7. <strong data-start=\"1513\" data-end=\"1567\">\u00c9 poss\u00edvel ver um modelo antes de fechar o pedido?<\/strong><\/h3>\n<p data-start=\"1570\" data-end=\"1675\">Sim. Ap\u00f3s seu contato, podemos enviar modelos e provas digitais da arte para aprova\u00e7\u00e3o antes da produ\u00e7\u00e3o.<\/p>\n<hr data-start=\"1677\" data-end=\"1680\" \/>\n<h3 data-start=\"1682\" data-end=\"1736\">8. <strong data-start=\"1689\" data-end=\"1734\">Como fa\u00e7o o pedido ou solicito or\u00e7amento?<\/strong><\/h3>\n<p data-start=\"1737\" data-end=\"1863\">Clique no bot\u00e3o do WhatsApp nesta p\u00e1gina ou envie uma mensagem com a quantidade desejada. Nosso atendimento \u00e9 r\u00e1pido e direto!<\/p>\n<\/div><\/section><\/div><\/div><\/div>\n<\/div>","protected":false},"excerpt":{"rendered":"Agendas 2026 Personalizadas \u2013 Organiza\u00e7\u00e3o com a Sua Marca \u00a0 As agendas personalizadas da Level Print s\u00e3o ideais para fidelizar clientes, organizar equipes e distribuir como brindes institucionais. A personaliza\u00e7\u00e3o pode ser feita com logo, nome, datas especiais e at\u00e9 p\u00e1ginas personalizadas. Destaques Capa dura ou soft com acabamento premium. Personaliza\u00e7\u00e3o em hot stamping, UV [...]","protected":false},"author":1,"featured_media":0,"parent":0,"menu_order":0,"comment_status":"closed","ping_status":"closed","template":"","meta":{"footnotes":""},"class_list":["post-75637","page","type-page","status-publish","hentry"],"yoast_head":"<!-- This site is optimized with the Yoast SEO plugin v27.3 - https:\/\/yoast.com\/product\/yoast-seo-wordpress\/ -->\n<title>Agendas Personalizadas 2026 Macei\u00f3 - Level Print Gr\u00e1fica e Personalizados<\/title>\n<meta name=\"description\" content=\"Agendas 2026 personalizadas para empresas e profissionais em Macei\u00f3. Capa dura, impress\u00e3o de qualidade e prazo curto.\" \/>\n<meta name=\"robots\" content=\"index, follow, max-snippet:-1, max-image-preview:large, max-video-preview:-1\" \/>\n<link rel=\"canonical\" href=\"https:\/\/levelprint.com.br\/pt\/pt-agendas-personalizadas-2026-maceio\/\" \/>\n<meta property=\"og:locale\" content=\"pt_BR\" \/>\n<meta property=\"og:type\" content=\"article\" \/>\n<meta property=\"og:title\" content=\"Agendas Personalizadas 2026 Macei\u00f3 - Level Print Gr\u00e1fica e Personalizados\" \/>\n<meta property=\"og:description\" content=\"Agendas 2026 personalizadas para empresas e profissionais em Macei\u00f3. Capa dura, impress\u00e3o de qualidade e prazo curto.\" \/>\n<meta property=\"og:url\" content=\"https:\/\/levelprint.com.br\/pt\/pt-agendas-personalizadas-2026-maceio\/\" \/>\n<meta property=\"og:site_name\" content=\"Level Print Gr\u00e1fica e Personalizados\" \/>\n<meta property=\"article:publisher\" content=\"https:\/\/www.facebook.com\/levelprintgrafica\" \/>\n<meta property=\"article:modified_time\" content=\"2026-02-09T12:05:06+00:00\" \/>\n<meta property=\"og:image\" content=\"https:\/\/levelprint.com.br\/wp-content\/uploads\/2025\/11\/CHAMADA-MARKETING-AGENDA-2026-small-295x300.webp\" \/>\n<meta name=\"twitter:card\" content=\"summary_large_image\" \/>\n<meta name=\"twitter:site\" content=\"@levelprintbr\" \/>\n<meta name=\"twitter:label1\" content=\"Est. tempo de leitura\" \/>\n\t<meta name=\"twitter:data1\" content=\"4 minutos\" \/>\n<script type=\"application\/ld+json\" class=\"yoast-schema-graph\">{\"@context\":\"https:\\\/\\\/schema.org\",\"@graph\":[{\"@type\":\"WebPage\",\"@id\":\"https:\\\/\\\/levelprint.com.br\\\/pt\\\/pt-agendas-personalizadas-2026-maceio\\\/\",\"url\":\"https:\\\/\\\/levelprint.com.br\\\/pt\\\/pt-agendas-personalizadas-2026-maceio\\\/\",\"name\":\"Agendas Personalizadas 2026 Macei\u00f3 - Level Print Gr\u00e1fica e Personalizados\",\"isPartOf\":{\"@id\":\"https:\\\/\\\/levelprint.com.br\\\/#website\"},\"primaryImageOfPage\":{\"@id\":\"https:\\\/\\\/levelprint.com.br\\\/pt\\\/pt-agendas-personalizadas-2026-maceio\\\/#primaryimage\"},\"image\":{\"@id\":\"https:\\\/\\\/levelprint.com.br\\\/pt\\\/pt-agendas-personalizadas-2026-maceio\\\/#primaryimage\"},\"thumbnailUrl\":\"https:\\\/\\\/levelprint.com.br\\\/wp-content\\\/uploads\\\/2025\\\/11\\\/CHAMADA-MARKETING-AGENDA-2026-small-295x300.webp\",\"datePublished\":\"2025-07-08T20:11:08+00:00\",\"dateModified\":\"2026-02-09T12:05:06+00:00\",\"description\":\"Agendas 2026 personalizadas para empresas e profissionais em Macei\u00f3. Capa dura, impress\u00e3o de qualidade e prazo curto.\",\"breadcrumb\":{\"@id\":\"https:\\\/\\\/levelprint.com.br\\\/pt\\\/pt-agendas-personalizadas-2026-maceio\\\/#breadcrumb\"},\"inLanguage\":\"pt-BR\",\"potentialAction\":[{\"@type\":\"ReadAction\",\"target\":[\"https:\\\/\\\/levelprint.com.br\\\/pt\\\/pt-agendas-personalizadas-2026-maceio\\\/\"]}]},{\"@type\":\"ImageObject\",\"inLanguage\":\"pt-BR\",\"@id\":\"https:\\\/\\\/levelprint.com.br\\\/pt\\\/pt-agendas-personalizadas-2026-maceio\\\/#primaryimage\",\"url\":\"https:\\\/\\\/levelprint.com.br\\\/wp-content\\\/uploads\\\/2025\\\/11\\\/CHAMADA-MARKETING-AGENDA-2026-small-295x300.webp\",\"contentUrl\":\"https:\\\/\\\/levelprint.com.br\\\/wp-content\\\/uploads\\\/2025\\\/11\\\/CHAMADA-MARKETING-AGENDA-2026-small-295x300.webp\"},{\"@type\":\"BreadcrumbList\",\"@id\":\"https:\\\/\\\/levelprint.com.br\\\/pt\\\/pt-agendas-personalizadas-2026-maceio\\\/#breadcrumb\",\"itemListElement\":[{\"@type\":\"ListItem\",\"position\":1,\"name\":\"In\u00edcio\",\"item\":\"https:\\\/\\\/levelprint.com.br\\\/\"},{\"@type\":\"ListItem\",\"position\":2,\"name\":\"Agendas Personalizadas 2026 Macei\u00f3\"}]},{\"@type\":\"WebSite\",\"@id\":\"https:\\\/\\\/levelprint.com.br\\\/#website\",\"url\":\"https:\\\/\\\/levelprint.com.br\\\/\",\"name\":\"Level Print Gr\u00e1fica em Alagoas | Banners, Crach\u00e1s, Canecas Personalizadas e Mais\",\"description\":\"L\u00edder em Gr\u00e1fica e Personalizados em Macei\u00f3\",\"publisher\":{\"@id\":\"https:\\\/\\\/levelprint.com.br\\\/#organization\"},\"alternateName\":\"Gr\u00e1fica em Macei\u00f3 - Level Print | Banners, Canecas, Crach\u00e1s, Cord\u00f5es Personalizados\",\"potentialAction\":[{\"@type\":\"SearchAction\",\"target\":{\"@type\":\"EntryPoint\",\"urlTemplate\":\"https:\\\/\\\/levelprint.com.br\\\/?s={search_term_string}\"},\"query-input\":{\"@type\":\"PropertyValueSpecification\",\"valueRequired\":true,\"valueName\":\"search_term_string\"}}],\"inLanguage\":\"pt-BR\"},{\"@type\":\"Organization\",\"@id\":\"https:\\\/\\\/levelprint.com.br\\\/#organization\",\"name\":\"Level Print Gr\u00e1fica e Personalizados LTDA.\",\"alternateName\":\"Level Print Gr\u00e1fica\",\"url\":\"https:\\\/\\\/levelprint.com.br\\\/\",\"logo\":{\"@type\":\"ImageObject\",\"inLanguage\":\"pt-BR\",\"@id\":\"https:\\\/\\\/levelprint.com.br\\\/#\\\/schema\\\/logo\\\/image\\\/\",\"url\":\"https:\\\/\\\/levelprint.com.br\\\/wp-content\\\/uploads\\\/2025\\\/07\\\/Logo-Level-Print-Grafica.webp\",\"contentUrl\":\"https:\\\/\\\/levelprint.com.br\\\/wp-content\\\/uploads\\\/2025\\\/07\\\/Logo-Level-Print-Grafica.webp\",\"width\":1176,\"height\":1176,\"caption\":\"Level Print Gr\u00e1fica e Personalizados LTDA.\"},\"image\":{\"@id\":\"https:\\\/\\\/levelprint.com.br\\\/#\\\/schema\\\/logo\\\/image\\\/\"},\"sameAs\":[\"https:\\\/\\\/www.facebook.com\\\/levelprintgrafica\",\"https:\\\/\\\/x.com\\\/levelprintbr\",\"https:\\\/\\\/instagram.com\\\/levelprintgrafica\",\"https:\\\/\\\/www.linkedin.com\\\/company\\\/levelprint\\\/\",\"https:\\\/\\\/br.pinterest.com\\\/simones6766\\\/_saved\\\/https:\\\/\\\/br.pinterest.com\\\/simones6766\\\/_saved\\\/\",\"https:\\\/\\\/www.youtube.com\\\/channel\\\/UC3fz7xDpzPqorul-xhH6lBg\"]}]}<\/script>\n<!-- \/ Yoast SEO plugin. -->","yoast_head_json":{"title":"Agendas Personalizadas 2026 Macei\u00f3 - Level Print Gr\u00e1fica e Personalizados","description":"Agendas 2026 personalizadas para empresas e profissionais em Macei\u00f3. Capa dura, impress\u00e3o de qualidade e prazo curto.","robots":{"index":"index","follow":"follow","max-snippet":"max-snippet:-1","max-image-preview":"max-image-preview:large","max-video-preview":"max-video-preview:-1"},"canonical":"https:\/\/levelprint.com.br\/pt\/pt-agendas-personalizadas-2026-maceio\/","og_locale":"pt_BR","og_type":"article","og_title":"Agendas Personalizadas 2026 Macei\u00f3 - Level Print Gr\u00e1fica e Personalizados","og_description":"Agendas 2026 personalizadas para empresas e profissionais em Macei\u00f3. Capa dura, impress\u00e3o de qualidade e prazo curto.","og_url":"https:\/\/levelprint.com.br\/pt\/pt-agendas-personalizadas-2026-maceio\/","og_site_name":"Level Print Gr\u00e1fica e Personalizados","article_publisher":"https:\/\/www.facebook.com\/levelprintgrafica","article_modified_time":"2026-02-09T12:05:06+00:00","og_image":[{"url":"https:\/\/levelprint.com.br\/wp-content\/uploads\/2025\/11\/CHAMADA-MARKETING-AGENDA-2026-small-295x300.webp","type":"","width":"","height":""}],"twitter_card":"summary_large_image","twitter_site":"@levelprintbr","twitter_misc":{"Est. tempo de leitura":"4 minutos"},"schema":{"@context":"https:\/\/schema.org","@graph":[{"@type":"WebPage","@id":"https:\/\/levelprint.com.br\/pt\/pt-agendas-personalizadas-2026-maceio\/","url":"https:\/\/levelprint.com.br\/pt\/pt-agendas-personalizadas-2026-maceio\/","name":"Agendas Personalizadas 2026 Macei\u00f3 - Level Print Gr\u00e1fica e Personalizados","isPartOf":{"@id":"https:\/\/levelprint.com.br\/#website"},"primaryImageOfPage":{"@id":"https:\/\/levelprint.com.br\/pt\/pt-agendas-personalizadas-2026-maceio\/#primaryimage"},"image":{"@id":"https:\/\/levelprint.com.br\/pt\/pt-agendas-personalizadas-2026-maceio\/#primaryimage"},"thumbnailUrl":"https:\/\/levelprint.com.br\/wp-content\/uploads\/2025\/11\/CHAMADA-MARKETING-AGENDA-2026-small-295x300.webp","datePublished":"2025-07-08T20:11:08+00:00","dateModified":"2026-02-09T12:05:06+00:00","description":"Agendas 2026 personalizadas para empresas e profissionais em Macei\u00f3. Capa dura, impress\u00e3o de qualidade e prazo curto.","breadcrumb":{"@id":"https:\/\/levelprint.com.br\/pt\/pt-agendas-personalizadas-2026-maceio\/#breadcrumb"},"inLanguage":"pt-BR","potentialAction":[{"@type":"ReadAction","target":["https:\/\/levelprint.com.br\/pt\/pt-agendas-personalizadas-2026-maceio\/"]}]},{"@type":"ImageObject","inLanguage":"pt-BR","@id":"https:\/\/levelprint.com.br\/pt\/pt-agendas-personalizadas-2026-maceio\/#primaryimage","url":"https:\/\/levelprint.com.br\/wp-content\/uploads\/2025\/11\/CHAMADA-MARKETING-AGENDA-2026-small-295x300.webp","contentUrl":"https:\/\/levelprint.com.br\/wp-content\/uploads\/2025\/11\/CHAMADA-MARKETING-AGENDA-2026-small-295x300.webp"},{"@type":"BreadcrumbList","@id":"https:\/\/levelprint.com.br\/pt\/pt-agendas-personalizadas-2026-maceio\/#breadcrumb","itemListElement":[{"@type":"ListItem","position":1,"name":"In\u00edcio","item":"https:\/\/levelprint.com.br\/"},{"@type":"ListItem","position":2,"name":"Agendas Personalizadas 2026 Macei\u00f3"}]},{"@type":"WebSite","@id":"https:\/\/levelprint.com.br\/#website","url":"https:\/\/levelprint.com.br\/","name":"Level Print Gr\u00e1fica em Alagoas | Banners, Crach\u00e1s, Canecas Personalizadas e Mais","description":"L\u00edder em Gr\u00e1fica e Personalizados em Macei\u00f3","publisher":{"@id":"https:\/\/levelprint.com.br\/#organization"},"alternateName":"Gr\u00e1fica em Macei\u00f3 - Level Print | Banners, Canecas, Crach\u00e1s, Cord\u00f5es Personalizados","potentialAction":[{"@type":"SearchAction","target":{"@type":"EntryPoint","urlTemplate":"https:\/\/levelprint.com.br\/?s={search_term_string}"},"query-input":{"@type":"PropertyValueSpecification","valueRequired":true,"valueName":"search_term_string"}}],"inLanguage":"pt-BR"},{"@type":"Organization","@id":"https:\/\/levelprint.com.br\/#organization","name":"Level Print Gr\u00e1fica e Personalizados LTDA.","alternateName":"Level Print Gr\u00e1fica","url":"https:\/\/levelprint.com.br\/","logo":{"@type":"ImageObject","inLanguage":"pt-BR","@id":"https:\/\/levelprint.com.br\/#\/schema\/logo\/image\/","url":"https:\/\/levelprint.com.br\/wp-content\/uploads\/2025\/07\/Logo-Level-Print-Grafica.webp","contentUrl":"https:\/\/levelprint.com.br\/wp-content\/uploads\/2025\/07\/Logo-Level-Print-Grafica.webp","width":1176,"height":1176,"caption":"Level Print Gr\u00e1fica e Personalizados LTDA."},"image":{"@id":"https:\/\/levelprint.com.br\/#\/schema\/logo\/image\/"},"sameAs":["https:\/\/www.facebook.com\/levelprintgrafica","https:\/\/x.com\/levelprintbr","https:\/\/instagram.com\/levelprintgrafica","https:\/\/www.linkedin.com\/company\/levelprint\/","https:\/\/br.pinterest.com\/simones6766\/_saved\/https:\/\/br.pinterest.com\/simones6766\/_saved\/","https:\/\/www.youtube.com\/channel\/UC3fz7xDpzPqorul-xhH6lBg"]}]}},"_links":{"self":[{"href":"https:\/\/levelprint.com.br\/pt\/wp-json\/wp\/v2\/pages\/75637","targetHints":{"allow":["GET"]}}],"collection":[{"href":"https:\/\/levelprint.com.br\/pt\/wp-json\/wp\/v2\/pages"}],"about":[{"href":"https:\/\/levelprint.com.br\/pt\/wp-json\/wp\/v2\/types\/page"}],"author":[{"embeddable":true,"href":"https:\/\/levelprint.com.br\/pt\/wp-json\/wp\/v2\/users\/1"}],"replies":[{"embeddable":true,"href":"https:\/\/levelprint.com.br\/pt\/wp-json\/wp\/v2\/comments?post=75637"}],"version-history":[{"count":11,"href":"https:\/\/levelprint.com.br\/pt\/wp-json\/wp\/v2\/pages\/75637\/revisions"}],"predecessor-version":[{"id":76300,"href":"https:\/\/levelprint.com.br\/pt\/wp-json\/wp\/v2\/pages\/75637\/revisions\/76300"}],"wp:attachment":[{"href":"https:\/\/levelprint.com.br\/pt\/wp-json\/wp\/v2\/media?parent=75637"}],"curies":[{"name":"wp","href":"https:\/\/api.w.org\/{rel}","templated":true}]}}