{"id":76456,"date":"2026-04-19T13:24:44","date_gmt":"2026-04-19T16:24:44","guid":{"rendered":"https:\/\/levelprint.com.br\/?page_id=76456"},"modified":"2026-04-19T13:33:54","modified_gmt":"2026-04-19T16:33:54","slug":"placa-aberto-fechado-com-cordao-e-ventosa-em-poliestireno","status":"publish","type":"page","link":"https:\/\/levelprint.com.br\/pt\/placa-aberto-fechado-com-cordao-e-ventosa-em-poliestireno\/","title":{"rendered":"PLACA ABERTO FECHADO COM CORD\u00c3O E VENTOSA EM POLIESTIRENO"},"content":{"rendered":"<div class=\"wpb-content-wrapper\"><div class=\"vc_row wpb_row row\"><div class=\"vc_column_container col-md-12\"><div class=\"wpb_wrapper vc_column-inner\">\n\t<div class=\"wpb_text_column wpb_content_element wpb_animate_when_almost_visible wpb_slideInDown slideInDown\" >\n\t\t<div class=\"wpb_wrapper\">\n\t\t\t<h2 data-start=\"153\" data-end=\"397\"><a href=\"https:\/\/api.whatsapp.com\/send\/?phone=5582988982750&amp;text=Ol%C3%A1%2C+Level+Print+Gr%C3%A1fica+e+Personalizados%2C+gostaria+de+saber+mais+informa%C3%A7%C3%B5es+sobre+PLACA+ABERTO+FECHADO+COM+CORD%C3%83O+E+VENTOSA+EM+POLIESTIRENO%2C+https%3A%2F%2Flevelprint.com.br%2Fpt%2Fplaca-aberto-fechado-com-cordao-e-ventosa-em-poliestireno%2F.&amp;type=phone_number&amp;app_absent=0\"><img loading=\"lazy\" decoding=\"async\" class=\"alignright wp-image-76457\" src=\"https:\/\/levelprint.com.br\/wp-content\/uploads\/2026\/04\/Placa-Aberto-Fechado-Poliestireno-Adesivado-com-cordao-Ventosa-300x300.jpg\" alt=\"\" width=\"500\" height=\"500\" srcset=\"https:\/\/levelprint.com.br\/wp-content\/uploads\/2026\/04\/Placa-Aberto-Fechado-Poliestireno-Adesivado-com-cordao-Ventosa-400x400.jpg 400w, https:\/\/levelprint.com.br\/wp-content\/uploads\/2026\/04\/Placa-Aberto-Fechado-Poliestireno-Adesivado-com-cordao-Ventosa-367x367.jpg 367w, https:\/\/levelprint.com.br\/wp-content\/uploads\/2026\/04\/Placa-Aberto-Fechado-Poliestireno-Adesivado-com-cordao-Ventosa-500x500.jpg 500w\" sizes=\"auto, (max-width: 500px) 100vw, 500px\" \/><\/a>PLACA ABERTO FECHADO COM CORD\u00c3O E VENTOSA EM POLIESTIRENO<\/h2>\n<p data-start=\"153\" data-end=\"397\">Facilite a comunica\u00e7\u00e3o com seus clientes de forma pr\u00e1tica, elegante e profissional. A nossa <strong data-start=\"245\" data-end=\"284\">Placa de Indica\u00e7\u00e3o Aberto e Fechado<\/strong> \u00e9 ideal para qualquer tipo de estabelecimento que deseja transmitir organiza\u00e7\u00e3o e credibilidade logo na entrada.<\/p>\n<p data-start=\"399\" data-end=\"547\">Dispon\u00edvel em <strong data-start=\"413\" data-end=\"433\">dois acabamentos<\/strong> \u2014 <strong data-start=\"436\" data-end=\"445\">fosco<\/strong> e <strong data-start=\"448\" data-end=\"458\">brilho<\/strong> \u2014 voc\u00ea pode escolher o estilo que melhor combina com a identidade visual do seu neg\u00f3cio.<\/p>\n<h3 data-section-id=\"1x5dc1n\" data-start=\"554\" data-end=\"587\">\u2705 Praticidade na Instala\u00e7\u00e3o<\/h3>\n<p data-start=\"588\" data-end=\"750\">A instala\u00e7\u00e3o \u00e9 extremamente simples:<br data-start=\"624\" data-end=\"627\" \/>Basta fixar a ventosa no vidro e pronto! Sua placa estar\u00e1 posicionada em segundos, sem necessidade de ferramentas ou furos.<\/p>\n<h3 data-section-id=\"13vrtgf\" data-start=\"757\" data-end=\"792\">\ud83e\uddf1 Material de Alta Qualidade<\/h3>\n<p data-start=\"793\" data-end=\"984\">Produzida em <strong data-start=\"806\" data-end=\"833\">poliestireno resistente<\/strong>, a placa recebe aplica\u00e7\u00e3o de <strong data-start=\"863\" data-end=\"912\">vinil com impress\u00e3o digital de alta resolu\u00e7\u00e3o<\/strong>, garantindo cores vibrantes, excelente acabamento e longa durabilidade.<\/p>\n<h3 data-section-id=\"znfp0f\" data-start=\"991\" data-end=\"1014\">\ud83d\udce6 O que acompanha:<\/h3>\n<ul data-start=\"1015\" data-end=\"1090\">\n<li data-section-id=\"ymqnv8\" data-start=\"1015\" data-end=\"1042\">01 Placa Aberto\/Fechado<\/li>\n<li data-section-id=\"scg5pu\" data-start=\"1043\" data-end=\"1090\">01 Ventosa com cord\u00e3o para fixa\u00e7\u00e3o no vidro<\/li>\n<\/ul>\n<h3 data-section-id=\"o2cn1i\" data-start=\"1097\" data-end=\"1128\">\ud83d\udccf Especifica\u00e7\u00f5es T\u00e9cnicas:<\/h3>\n<ul data-start=\"1129\" data-end=\"1201\">\n<li data-section-id=\"ciqk4n\" data-start=\"1129\" data-end=\"1150\"><strong data-start=\"1131\" data-end=\"1142\">Altura:<\/strong> 10 cm<\/li>\n<li data-section-id=\"1hzgnzc\" data-start=\"1151\" data-end=\"1177\"><strong data-start=\"1153\" data-end=\"1169\">Comprimento:<\/strong> 30 cm<\/li>\n<li data-section-id=\"eym6xx\" data-start=\"1178\" data-end=\"1201\"><strong data-start=\"1180\" data-end=\"1194\">Espessura:<\/strong> 2 mm<\/li>\n<\/ul>\n<h3 data-section-id=\"rjhrjb\" data-start=\"1208\" data-end=\"1226\">\ud83d\udca1 Ideal para:<\/h3>\n<p data-start=\"1227\" data-end=\"1379\">Lojas, escrit\u00f3rios, cl\u00ednicas, sal\u00f5es, restaurantes e qualquer tipo de com\u00e9rcio que deseja manter uma comunica\u00e7\u00e3o clara e profissional com seus clientes.<\/p>\n<p data-start=\"1025\" data-end=\"1175\"><a href=\"https:\/\/api.whatsapp.com\/send\/?phone=5582988982750&amp;text=Ol%C3%A1%2C+Level+Print+Gr%C3%A1fica+e+Personalizados%2C+gostaria+de+saber+mais+informa%C3%A7%C3%B5es+sobre+PLACA+ABERTO+FECHADO+COM+CORD%C3%83O+E+VENTOSA+EM+POLIESTIRENO%2C+https%3A%2F%2Flevelprint.com.br%2Fpt%2Fplaca-aberto-fechado-com-cordao-e-ventosa-em-poliestireno%2F.&amp;type=phone_number&amp;app_absent=0\"><img loading=\"lazy\" decoding=\"async\" class=\"alignright wp-image-75501 size-medium\" src=\"https:\/\/levelprint.com.br\/wp-content\/uploads\/2025\/07\/Botao-Saiba-Mais-Produto-Level-Print-300x75.webp\" alt=\"\" width=\"300\" height=\"75\" \/><\/a><\/p>\n<h3 data-start=\"1244\" data-end=\"1281\">Por que escolher a Level Print?<\/h3>\n<ul>\n<li data-start=\"1284\" data-end=\"1321\">Mais de <strong data-start=\"1292\" data-end=\"1321\">620 avalia\u00e7\u00f5es 5 estrelas no Google (somos a empresa mais bem avaliada de Alagoas)<\/strong><\/li>\n<li data-start=\"1284\" data-end=\"1321\">Produ\u00e7\u00e3o pr\u00f3pria com <strong data-start=\"1345\" data-end=\"1359\">prazo \u00e1gil e pre\u00e7os que cabem no seu or\u00e7amento<\/strong><\/li>\n<li data-start=\"1284\" data-end=\"1321\">Entrega em Macei\u00f3 e regi\u00f5es pr\u00f3ximas (consulte condi\u00e7\u00f5es)<\/li>\n<li data-start=\"1284\" data-end=\"1321\">Personaliza\u00e7\u00e3o completa com seu logotipo (tamb\u00e9m conhecido como logomarca)<\/li>\n<li data-start=\"1422\" data-end=\"1464\">Emitimos nota fiscal para CPF ou CNPJ<\/li>\n<li data-start=\"1422\" data-end=\"1464\">Trabalhamos com sistema de pagamento faturado para empresas (sob an\u00e1lise de cr\u00e9dito e limite mensal dispon\u00edvel &#8211; consulte condi\u00e7\u00f5es)<\/li>\n<\/ul>\n<h3 data-start=\"1471\" data-end=\"1500\">Pedido m\u00ednimo e prazos<\/h3>\n<ul>\n<li data-start=\"1503\" data-end=\"1533\">Pedido m\u00ednimo: <strong>1\u00a0unidade<\/strong><\/li>\n<li data-start=\"1503\" data-end=\"1533\">Prazos a partir de 7 dias \u00fateis ap\u00f3s a confirma\u00e7\u00e3o de pagamento de 50%, mais envio da arte e conforme a quantidade de itens para produ\u00e7\u00e3o.<\/li>\n<\/ul>\n\n\t\t<\/div>\n\t<\/div>\n<\/div><\/div><\/div><div class=\"vc_row wpb_row row\"><div class=\"vc_column_container col-md-12\"><div class=\"wpb_wrapper vc_column-inner\"><div class=\"vc_empty_space\"   style=\"height: 16px\"><span class=\"vc_empty_space_inner\"><\/span><\/div><div class=\"vc_separator vc_text_separator vc_separator_align_center vc_sep_width_100 vc_sep_pos_align_center\">\n\t<span class=\"vc_sep_holder vc_sep_holder_l\"><span style=\"background-image: -webkit-linear-gradient(left, transparent, #FF00A1);\n\t background-image: linear-gradient(to right, transparent, #FF00A1);\" class=\"vc_sep_line\"><\/span><\/span>\n\t\t\t<div class=\"vc_icon_element vc_icon_element-outer vc_do_icon vc_icon_element-align-left vc_icon_element-have-style\"><div class=\"vc_icon_element-inner vc_icon_element-color-custom vc_icon_element-have-style-inner vc_icon_element-size-md vc_icon_element-style-rounded vc_icon_element-background vc_icon_element-background-color-grey\" ><span class=\"vc_icon_element-icon fas fa-images\" style=\"color:#FF00A1 !important\"><\/span><\/div><\/div>\t\t\t<h4>ALGUNS DE NOSSOS PRODUTOS<\/h4>\t<span class=\"vc_sep_holder vc_sep_holder_r\"><span style=\"background-image: -webkit-linear-gradient(left, #FF00A1, transparent);\n\t background-image: linear-gradient(to right, #FF00A1, transparent);\" class=\"vc_sep_line\"><\/span><\/span>\n<\/div>\n<div class=\"vc_empty_space\"   style=\"height: 16px\"><span class=\"vc_empty_space_inner\"><\/span><\/div><div class=\"wpb_gallery wpb_content_element vc_clearfix wpb_content_element wpb_animate_when_almost_visible wpb_fadeInUp fadeInUp\" ><div class=\"wpb_wrapper\"><div class=\"wpb_gallery_slides wpb_image_grid\" data-interval=\"3\"><ul class=\"wpb_image_grid_ul\"><li class=\"isotope-item\"><a class=\"\" href=\"https:\/\/levelprint.com.br\/wp-content\/uploads\/2025\/11\/ARTE-AGENDAS-ROSA-LEVEL-PRINT-05-1024x1024.webp\" data-lightbox=\"lightbox[rel-76456-842083412]\"><img loading=\"lazy\" decoding=\"async\" width=\"150\" height=\"150\" src=\"https:\/\/levelprint.com.br\/wp-content\/uploads\/2025\/11\/ARTE-AGENDAS-ROSA-LEVEL-PRINT-05-150x150.webp\" class=\"attachment-thumbnail\" alt=\"\" title=\"ARTE AGENDAS ROSA LEVEL PRINT 05\" \/><\/a><\/li><li class=\"isotope-item\"><a class=\"\" href=\"https:\/\/levelprint.com.br\/wp-content\/uploads\/2025\/11\/CHAMADA-MARKETING-AGENDA-2026-small-1008x1024.webp\" data-lightbox=\"lightbox[rel-76456-842083412]\"><img loading=\"lazy\" decoding=\"async\" width=\"150\" height=\"150\" src=\"https:\/\/levelprint.com.br\/wp-content\/uploads\/2025\/11\/CHAMADA-MARKETING-AGENDA-2026-small-150x150.webp\" class=\"attachment-thumbnail\" alt=\"\" title=\"CHAMADA MARKETING AGENDA 2026 small\" \/><\/a><\/li><\/ul><\/div><\/div><\/div><\/div><\/div><\/div><div class=\"vc_row wpb_row row\"><div class=\"vc_column_container col-md-12\"><div class=\"wpb_wrapper vc_column-inner\"><div class=\"vc_empty_space\"   style=\"height: 16px\"><span class=\"vc_empty_space_inner\"><\/span><\/div><div class=\"vc_separator vc_text_separator vc_separator_align_center vc_sep_width_100 vc_sep_pos_align_center\">\n\t<span class=\"vc_sep_holder vc_sep_holder_l\"><span style=\"background-image: -webkit-linear-gradient(left, transparent, grey);\n\t background-image: linear-gradient(to right, transparent, grey);\" class=\"vc_sep_line\"><\/span><\/span>\n\t\t\t<div class=\"vc_icon_element vc_icon_element-outer vc_do_icon vc_icon_element-align-left\"><div class=\"vc_icon_element-inner vc_icon_element-color-custom vc_icon_element-size-md vc_icon_element-style- vc_icon_element-background-color-grey\" ><span class=\"vc_icon_element-icon fas fa-question-circle\" style=\"color:#FF00A1 !important\"><\/span><\/div><\/div>\t\t\t<h4>PERGUNTAS E RESPOSTAS FREQUENTES<\/h4>\t<span class=\"vc_sep_holder vc_sep_holder_r\"><span style=\"background-image: -webkit-linear-gradient(left, grey, transparent);\n\t background-image: linear-gradient(to right, grey, transparent);\" class=\"vc_sep_line\"><\/span><\/span>\n<\/div>\n<div class=\"vc_empty_space\"   style=\"height: 16px\"><span class=\"vc_empty_space_inner\"><\/span><\/div><\/div><\/div><\/div>\n<\/div>","protected":false},"excerpt":{"rendered":"PLACA ABERTO FECHADO COM CORD\u00c3O E VENTOSA EM POLIESTIRENO Facilite a comunica\u00e7\u00e3o com seus clientes de forma pr\u00e1tica, elegante e profissional. A nossa Placa de Indica\u00e7\u00e3o Aberto e Fechado \u00e9 ideal para qualquer tipo de estabelecimento que deseja transmitir organiza\u00e7\u00e3o e credibilidade logo na entrada. Dispon\u00edvel em dois acabamentos \u2014 fosco e brilho \u2014 voc\u00ea [...]","protected":false},"author":1,"featured_media":0,"parent":0,"menu_order":0,"comment_status":"closed","ping_status":"closed","template":"","meta":{"footnotes":""},"class_list":["post-76456","page","type-page","status-publish","hentry"],"yoast_head":"<!-- This site is optimized with the Yoast SEO plugin v27.4 - https:\/\/yoast.com\/product\/yoast-seo-wordpress\/ -->\n<title>PLACA ABERTO FECHADO COM CORD\u00c3O E VENTOSA<\/title>\n<meta name=\"description\" content=\"Agendas 2026 personalizadas para empresas e profissionais em Macei\u00f3. Capa dura, impress\u00e3o de qualidade e prazo curto.\" \/>\n<meta name=\"robots\" content=\"index, follow, max-snippet:-1, max-image-preview:large, max-video-preview:-1\" \/>\n<link rel=\"canonical\" href=\"https:\/\/levelprint.com.br\/pt\/placa-aberto-fechado-com-cordao-e-ventosa-em-poliestireno\/\" \/>\n<meta property=\"og:locale\" content=\"pt_BR\" \/>\n<meta property=\"og:type\" content=\"article\" \/>\n<meta property=\"og:title\" content=\"PLACA ABERTO FECHADO COM CORD\u00c3O E VENTOSA\" \/>\n<meta property=\"og:description\" content=\"Agendas 2026 personalizadas para empresas e profissionais em Macei\u00f3. Capa dura, impress\u00e3o de qualidade e prazo curto.\" \/>\n<meta property=\"og:url\" content=\"https:\/\/levelprint.com.br\/pt\/placa-aberto-fechado-com-cordao-e-ventosa-em-poliestireno\/\" \/>\n<meta property=\"og:site_name\" content=\"Level Print Gr\u00e1fica e Personalizados\" \/>\n<meta property=\"article:publisher\" content=\"https:\/\/www.facebook.com\/levelprintgrafica\" \/>\n<meta property=\"article:modified_time\" content=\"2026-04-19T16:33:54+00:00\" \/>\n<meta property=\"og:image\" content=\"https:\/\/levelprint.com.br\/wp-content\/uploads\/2026\/04\/Placa-Aberto-Fechado-Poliestireno-Adesivado-com-cordao-Ventosa.jpg\" \/>\n\t<meta property=\"og:image:width\" content=\"1000\" \/>\n\t<meta property=\"og:image:height\" content=\"1000\" \/>\n\t<meta property=\"og:image:type\" content=\"image\/jpeg\" \/>\n<meta name=\"twitter:card\" content=\"summary_large_image\" \/>\n<meta name=\"twitter:site\" content=\"@levelprintbr\" \/>\n<meta name=\"twitter:label1\" content=\"Est. tempo de leitura\" \/>\n\t<meta name=\"twitter:data1\" content=\"3 minutos\" \/>\n<script type=\"application\/ld+json\" class=\"yoast-schema-graph\">{\"@context\":\"https:\\\/\\\/schema.org\",\"@graph\":[{\"@type\":\"WebPage\",\"@id\":\"https:\\\/\\\/levelprint.com.br\\\/placa-aberto-fechado-com-cordao-e-ventosa-em-poliestireno\\\/\",\"url\":\"https:\\\/\\\/levelprint.com.br\\\/placa-aberto-fechado-com-cordao-e-ventosa-em-poliestireno\\\/\",\"name\":\"PLACA ABERTO FECHADO COM CORD\u00c3O E VENTOSA\",\"isPartOf\":{\"@id\":\"https:\\\/\\\/levelprint.com.br\\\/#website\"},\"primaryImageOfPage\":{\"@id\":\"https:\\\/\\\/levelprint.com.br\\\/placa-aberto-fechado-com-cordao-e-ventosa-em-poliestireno\\\/#primaryimage\"},\"image\":{\"@id\":\"https:\\\/\\\/levelprint.com.br\\\/placa-aberto-fechado-com-cordao-e-ventosa-em-poliestireno\\\/#primaryimage\"},\"thumbnailUrl\":\"https:\\\/\\\/levelprint.com.br\\\/wp-content\\\/uploads\\\/2026\\\/04\\\/Placa-Aberto-Fechado-Poliestireno-Adesivado-com-cordao-Ventosa-300x300.jpg\",\"datePublished\":\"2026-04-19T16:24:44+00:00\",\"dateModified\":\"2026-04-19T16:33:54+00:00\",\"description\":\"Agendas 2026 personalizadas para empresas e profissionais em Macei\u00f3. Capa dura, impress\u00e3o de qualidade e prazo curto.\",\"breadcrumb\":{\"@id\":\"https:\\\/\\\/levelprint.com.br\\\/placa-aberto-fechado-com-cordao-e-ventosa-em-poliestireno\\\/#breadcrumb\"},\"inLanguage\":\"pt-BR\",\"potentialAction\":[{\"@type\":\"ReadAction\",\"target\":[\"https:\\\/\\\/levelprint.com.br\\\/placa-aberto-fechado-com-cordao-e-ventosa-em-poliestireno\\\/\"]}]},{\"@type\":\"ImageObject\",\"inLanguage\":\"pt-BR\",\"@id\":\"https:\\\/\\\/levelprint.com.br\\\/placa-aberto-fechado-com-cordao-e-ventosa-em-poliestireno\\\/#primaryimage\",\"url\":\"https:\\\/\\\/levelprint.com.br\\\/wp-content\\\/uploads\\\/2026\\\/04\\\/Placa-Aberto-Fechado-Poliestireno-Adesivado-com-cordao-Ventosa-300x300.jpg\",\"contentUrl\":\"https:\\\/\\\/levelprint.com.br\\\/wp-content\\\/uploads\\\/2026\\\/04\\\/Placa-Aberto-Fechado-Poliestireno-Adesivado-com-cordao-Ventosa-300x300.jpg\"},{\"@type\":\"BreadcrumbList\",\"@id\":\"https:\\\/\\\/levelprint.com.br\\\/placa-aberto-fechado-com-cordao-e-ventosa-em-poliestireno\\\/#breadcrumb\",\"itemListElement\":[{\"@type\":\"ListItem\",\"position\":1,\"name\":\"In\u00edcio\",\"item\":\"https:\\\/\\\/levelprint.com.br\\\/\"},{\"@type\":\"ListItem\",\"position\":2,\"name\":\"PLACA ABERTO FECHADO COM CORD\u00c3O E VENTOSA EM POLIESTIRENO\"}]},{\"@type\":\"WebSite\",\"@id\":\"https:\\\/\\\/levelprint.com.br\\\/#website\",\"url\":\"https:\\\/\\\/levelprint.com.br\\\/\",\"name\":\"Level Print Gr\u00e1fica em Alagoas | Banners, Crach\u00e1s, Canecas Personalizadas e Mais\",\"description\":\"L\u00edder em Gr\u00e1fica e Personalizados em Macei\u00f3\",\"publisher\":{\"@id\":\"https:\\\/\\\/levelprint.com.br\\\/#organization\"},\"alternateName\":\"Gr\u00e1fica em Macei\u00f3 - Level Print | Banners, Canecas, Crach\u00e1s, Cord\u00f5es Personalizados\",\"potentialAction\":[{\"@type\":\"SearchAction\",\"target\":{\"@type\":\"EntryPoint\",\"urlTemplate\":\"https:\\\/\\\/levelprint.com.br\\\/?s={search_term_string}\"},\"query-input\":{\"@type\":\"PropertyValueSpecification\",\"valueRequired\":true,\"valueName\":\"search_term_string\"}}],\"inLanguage\":\"pt-BR\"},{\"@type\":\"Organization\",\"@id\":\"https:\\\/\\\/levelprint.com.br\\\/#organization\",\"name\":\"Level Print Gr\u00e1fica e Personalizados LTDA.\",\"alternateName\":\"Level Print Gr\u00e1fica\",\"url\":\"https:\\\/\\\/levelprint.com.br\\\/\",\"logo\":{\"@type\":\"ImageObject\",\"inLanguage\":\"pt-BR\",\"@id\":\"https:\\\/\\\/levelprint.com.br\\\/#\\\/schema\\\/logo\\\/image\\\/\",\"url\":\"https:\\\/\\\/levelprint.com.br\\\/wp-content\\\/uploads\\\/2025\\\/07\\\/Logo-Level-Print-Grafica.webp\",\"contentUrl\":\"https:\\\/\\\/levelprint.com.br\\\/wp-content\\\/uploads\\\/2025\\\/07\\\/Logo-Level-Print-Grafica.webp\",\"width\":1176,\"height\":1176,\"caption\":\"Level Print Gr\u00e1fica e Personalizados LTDA.\"},\"image\":{\"@id\":\"https:\\\/\\\/levelprint.com.br\\\/#\\\/schema\\\/logo\\\/image\\\/\"},\"sameAs\":[\"https:\\\/\\\/www.facebook.com\\\/levelprintgrafica\",\"https:\\\/\\\/x.com\\\/levelprintbr\",\"https:\\\/\\\/instagram.com\\\/levelprintgrafica\",\"https:\\\/\\\/www.linkedin.com\\\/company\\\/levelprint\\\/\",\"https:\\\/\\\/br.pinterest.com\\\/simones6766\\\/_saved\\\/https:\\\/\\\/br.pinterest.com\\\/simones6766\\\/_saved\\\/\",\"https:\\\/\\\/www.youtube.com\\\/channel\\\/UC3fz7xDpzPqorul-xhH6lBg\"]}]}<\/script>\n<!-- \/ Yoast SEO plugin. -->","yoast_head_json":{"title":"PLACA ABERTO FECHADO COM CORD\u00c3O E VENTOSA","description":"Agendas 2026 personalizadas para empresas e profissionais em Macei\u00f3. Capa dura, impress\u00e3o de qualidade e prazo curto.","robots":{"index":"index","follow":"follow","max-snippet":"max-snippet:-1","max-image-preview":"max-image-preview:large","max-video-preview":"max-video-preview:-1"},"canonical":"https:\/\/levelprint.com.br\/pt\/placa-aberto-fechado-com-cordao-e-ventosa-em-poliestireno\/","og_locale":"pt_BR","og_type":"article","og_title":"PLACA ABERTO FECHADO COM CORD\u00c3O E VENTOSA","og_description":"Agendas 2026 personalizadas para empresas e profissionais em Macei\u00f3. Capa dura, impress\u00e3o de qualidade e prazo curto.","og_url":"https:\/\/levelprint.com.br\/pt\/placa-aberto-fechado-com-cordao-e-ventosa-em-poliestireno\/","og_site_name":"Level Print Gr\u00e1fica e Personalizados","article_publisher":"https:\/\/www.facebook.com\/levelprintgrafica","article_modified_time":"2026-04-19T16:33:54+00:00","og_image":[{"width":1000,"height":1000,"url":"https:\/\/levelprint.com.br\/wp-content\/uploads\/2026\/04\/Placa-Aberto-Fechado-Poliestireno-Adesivado-com-cordao-Ventosa.jpg","type":"image\/jpeg"}],"twitter_card":"summary_large_image","twitter_site":"@levelprintbr","twitter_misc":{"Est. tempo de leitura":"3 minutos"},"schema":{"@context":"https:\/\/schema.org","@graph":[{"@type":"WebPage","@id":"https:\/\/levelprint.com.br\/placa-aberto-fechado-com-cordao-e-ventosa-em-poliestireno\/","url":"https:\/\/levelprint.com.br\/placa-aberto-fechado-com-cordao-e-ventosa-em-poliestireno\/","name":"PLACA ABERTO FECHADO COM CORD\u00c3O E VENTOSA","isPartOf":{"@id":"https:\/\/levelprint.com.br\/#website"},"primaryImageOfPage":{"@id":"https:\/\/levelprint.com.br\/placa-aberto-fechado-com-cordao-e-ventosa-em-poliestireno\/#primaryimage"},"image":{"@id":"https:\/\/levelprint.com.br\/placa-aberto-fechado-com-cordao-e-ventosa-em-poliestireno\/#primaryimage"},"thumbnailUrl":"https:\/\/levelprint.com.br\/wp-content\/uploads\/2026\/04\/Placa-Aberto-Fechado-Poliestireno-Adesivado-com-cordao-Ventosa-300x300.jpg","datePublished":"2026-04-19T16:24:44+00:00","dateModified":"2026-04-19T16:33:54+00:00","description":"Agendas 2026 personalizadas para empresas e profissionais em Macei\u00f3. Capa dura, impress\u00e3o de qualidade e prazo curto.","breadcrumb":{"@id":"https:\/\/levelprint.com.br\/placa-aberto-fechado-com-cordao-e-ventosa-em-poliestireno\/#breadcrumb"},"inLanguage":"pt-BR","potentialAction":[{"@type":"ReadAction","target":["https:\/\/levelprint.com.br\/placa-aberto-fechado-com-cordao-e-ventosa-em-poliestireno\/"]}]},{"@type":"ImageObject","inLanguage":"pt-BR","@id":"https:\/\/levelprint.com.br\/placa-aberto-fechado-com-cordao-e-ventosa-em-poliestireno\/#primaryimage","url":"https:\/\/levelprint.com.br\/wp-content\/uploads\/2026\/04\/Placa-Aberto-Fechado-Poliestireno-Adesivado-com-cordao-Ventosa-300x300.jpg","contentUrl":"https:\/\/levelprint.com.br\/wp-content\/uploads\/2026\/04\/Placa-Aberto-Fechado-Poliestireno-Adesivado-com-cordao-Ventosa-300x300.jpg"},{"@type":"BreadcrumbList","@id":"https:\/\/levelprint.com.br\/placa-aberto-fechado-com-cordao-e-ventosa-em-poliestireno\/#breadcrumb","itemListElement":[{"@type":"ListItem","position":1,"name":"In\u00edcio","item":"https:\/\/levelprint.com.br\/"},{"@type":"ListItem","position":2,"name":"PLACA ABERTO FECHADO COM CORD\u00c3O E VENTOSA EM POLIESTIRENO"}]},{"@type":"WebSite","@id":"https:\/\/levelprint.com.br\/#website","url":"https:\/\/levelprint.com.br\/","name":"Level Print Gr\u00e1fica em Alagoas | Banners, Crach\u00e1s, Canecas Personalizadas e Mais","description":"L\u00edder em Gr\u00e1fica e Personalizados em Macei\u00f3","publisher":{"@id":"https:\/\/levelprint.com.br\/#organization"},"alternateName":"Gr\u00e1fica em Macei\u00f3 - Level Print | Banners, Canecas, Crach\u00e1s, Cord\u00f5es Personalizados","potentialAction":[{"@type":"SearchAction","target":{"@type":"EntryPoint","urlTemplate":"https:\/\/levelprint.com.br\/?s={search_term_string}"},"query-input":{"@type":"PropertyValueSpecification","valueRequired":true,"valueName":"search_term_string"}}],"inLanguage":"pt-BR"},{"@type":"Organization","@id":"https:\/\/levelprint.com.br\/#organization","name":"Level Print Gr\u00e1fica e Personalizados LTDA.","alternateName":"Level Print Gr\u00e1fica","url":"https:\/\/levelprint.com.br\/","logo":{"@type":"ImageObject","inLanguage":"pt-BR","@id":"https:\/\/levelprint.com.br\/#\/schema\/logo\/image\/","url":"https:\/\/levelprint.com.br\/wp-content\/uploads\/2025\/07\/Logo-Level-Print-Grafica.webp","contentUrl":"https:\/\/levelprint.com.br\/wp-content\/uploads\/2025\/07\/Logo-Level-Print-Grafica.webp","width":1176,"height":1176,"caption":"Level Print Gr\u00e1fica e Personalizados LTDA."},"image":{"@id":"https:\/\/levelprint.com.br\/#\/schema\/logo\/image\/"},"sameAs":["https:\/\/www.facebook.com\/levelprintgrafica","https:\/\/x.com\/levelprintbr","https:\/\/instagram.com\/levelprintgrafica","https:\/\/www.linkedin.com\/company\/levelprint\/","https:\/\/br.pinterest.com\/simones6766\/_saved\/https:\/\/br.pinterest.com\/simones6766\/_saved\/","https:\/\/www.youtube.com\/channel\/UC3fz7xDpzPqorul-xhH6lBg"]}]}},"_links":{"self":[{"href":"https:\/\/levelprint.com.br\/pt\/wp-json\/wp\/v2\/pages\/76456","targetHints":{"allow":["GET"]}}],"collection":[{"href":"https:\/\/levelprint.com.br\/pt\/wp-json\/wp\/v2\/pages"}],"about":[{"href":"https:\/\/levelprint.com.br\/pt\/wp-json\/wp\/v2\/types\/page"}],"author":[{"embeddable":true,"href":"https:\/\/levelprint.com.br\/pt\/wp-json\/wp\/v2\/users\/1"}],"replies":[{"embeddable":true,"href":"https:\/\/levelprint.com.br\/pt\/wp-json\/wp\/v2\/comments?post=76456"}],"version-history":[{"count":6,"href":"https:\/\/levelprint.com.br\/pt\/wp-json\/wp\/v2\/pages\/76456\/revisions"}],"predecessor-version":[{"id":76465,"href":"https:\/\/levelprint.com.br\/pt\/wp-json\/wp\/v2\/pages\/76456\/revisions\/76465"}],"wp:attachment":[{"href":"https:\/\/levelprint.com.br\/pt\/wp-json\/wp\/v2\/media?parent=76456"}],"curies":[{"name":"wp","href":"https:\/\/api.w.org\/{rel}","templated":true}]}}