{"id":87,"date":"2015-10-22T03:17:26","date_gmt":"2015-10-22T03:17:26","guid":{"rendered":"http:\/\/demo.thimpress.com\/eduma\/?page_id=87"},"modified":"2025-07-11T12:10:13","modified_gmt":"2025-07-11T15:10:13","slug":"contato","status":"publish","type":"page","link":"https:\/\/levelprint.com.br\/pt\/contato\/","title":{"rendered":"CONTATO"},"content":{"rendered":"<div class=\"wpb-content-wrapper\"><div class=\"vc_row wpb_row row\"><div class=\"vc_column_container col-md-12\"><div class=\"wpb_wrapper vc_column-inner\">\n\t<div class=\"wpb_text_column wpb_content_element\" >\n\t\t<div class=\"wpb_wrapper\">\n\t\t\t<h3 class=\"title\"><img loading=\"lazy\" decoding=\"async\" class=\"alignright wp-image-74750 \" src=\"https:\/\/levelprint.com.br\/wp-content\/uploads\/2023\/10\/Atendente-Level-Print-002-300x297.jpg\" alt=\"\" width=\"255\" height=\"252\" \/>Seja muito bem vindo \u00e0 Level Print Gr\u00e1fica e Personalizados.<\/h3>\n<p class=\"sub-heading\">A Level Print Gr\u00e1fica e Personalizados valoriza profundamente cada cliente que faz parte de nossa jornada. Reconhecemos que nossa empresa n\u00e3o seria poss\u00edvel sem a confian\u00e7a e apoio cont\u00ednuo de pessoas como voc\u00ea.<\/p>\n<aside id=\"block-25\" class=\"widget widget_block\">\n<h4 class=\"wp-block-heading\"><mark class=\"has-inline-color has-primary-color\">INFORMA\u00c7\u00d5ES<\/mark><\/h4>\n<\/aside>\n<aside id=\"block-32\" class=\"widget widget_block widget_text\"><strong><a href=\"https:\/\/maps.app.goo.gl\/TBRtum6U4wsa1STw9\">TELEFONE<\/a><\/strong><br \/>\n<strong>&#8211;\u00a0<\/strong><a href=\"https:\/\/api.whatsapp.com\/send\/?phone=5582988982750&amp;text&amp;app_absent=0\" target=\"_blank\" rel=\"noreferrer noopener\"><strong>VENDAS<\/strong><\/a><strong>\u00a0<\/strong>(82) 98898-2750<br \/>\n<strong>&#8211;\u00a0<a href=\"https:\/\/api.whatsapp.com\/send\/?phone=5582981839255&amp;text&amp;app_absent=0\" target=\"_blank\" rel=\"noreferrer noopener\">PARCERIA<\/a><\/strong>\u00a0(82) 98183-9255<\/aside>\n<aside id=\"block-33\" class=\"widget widget_block widget_text\"><a href=\"https:\/\/maps.app.goo.gl\/TBRtum6U4wsa1STw9\"><strong>ENDERE\u00c7O<\/strong><\/a><br \/>\nAvenida Carnavalesco Jos\u00e9 Te\u00f3fanes, 85,<br \/>\nBairro Santos Dumont<br \/>\nMacei\u00f3-AL \/ CEP 57075-530 Brasil &#8211; BR<\/aside>\n<aside id=\"block-34\" class=\"widget widget_block widget_text\"><strong><a href=\"https:\/\/maps.app.goo.gl\/TBRtum6U4wsa1STw9\">EMAIL<\/a><\/strong><br \/>\ncontato@levelprint.com.br<\/aside>\n<aside id=\"block-35\" class=\"widget widget_block widget_text\"><strong><a href=\"https:\/\/maps.app.goo.gl\/TBRtum6U4wsa1STw9\">HOR\u00c1RIOS DE FUNCIONAMENTO<\/a><\/strong><br \/>\n<strong>&#8211; Segunda a Sexta<\/strong> das 8:00h \u00e0s 19:00<br \/>\n<strong>&#8211; S\u00e1bado<\/strong> das 7:30h \u00e0s 13:00h<br \/>\n<strong>&#8211; Domingo<\/strong>\u00a0fechado<\/aside>\n\n\t\t<\/div>\n\t<\/div>\n<\/div><\/div><\/div><div class=\"vc_row wpb_row row\"><div class=\"vc_column_container col-md-4\"><div class=\"wpb_wrapper vc_column-inner\">\n\t<div class=\"wpb_single_image wpb_content_element vc_align_left\">\n\t\t<div class=\"wpb_wrapper\">\n\t\t\t\n\t\t\t<div class=\"vc_single_image-wrapper   vc_box_border_grey\"><img loading=\"lazy\" decoding=\"async\" width=\"150\" height=\"150\" src=\"https:\/\/levelprint.com.br\/wp-content\/uploads\/2023\/07\/Encomenda-Delivery-Level-Print-e1690764166605-150x150.jpg\" class=\"vc_single_image-img attachment-thumbnail\" alt=\"\" title=\"Encomenda Delivery Level Print\" \/><\/div>\n\t\t<\/div>\n\t<\/div>\n<\/div><\/div><div class=\"vc_column_container col-md-4\"><div class=\"wpb_wrapper vc_column-inner\">\n\t<div class=\"wpb_single_image wpb_content_element vc_align_left\">\n\t\t<div class=\"wpb_wrapper\">\n\t\t\t\n\t\t\t<div class=\"vc_single_image-wrapper   vc_box_border_grey\"><img loading=\"lazy\" decoding=\"async\" width=\"150\" height=\"150\" src=\"https:\/\/levelprint.com.br\/wp-content\/uploads\/2023\/07\/Encomenda-Delivery-Level-Print-e1690764166605-150x150.jpg\" class=\"vc_single_image-img attachment-thumbnail\" alt=\"\" title=\"Encomenda Delivery Level Print\" \/><\/div>\n\t\t<\/div>\n\t<\/div>\n<\/div><\/div><div class=\"vc_column_container col-md-4\"><div class=\"wpb_wrapper vc_column-inner\">\n\t<div class=\"wpb_single_image wpb_content_element vc_align_left\">\n\t\t<div class=\"wpb_wrapper\">\n\t\t\t\n\t\t\t<div class=\"vc_single_image-wrapper   vc_box_border_grey\"><img loading=\"lazy\" decoding=\"async\" width=\"150\" height=\"150\" src=\"https:\/\/levelprint.com.br\/wp-content\/uploads\/2023\/07\/Encomenda-Delivery-Level-Print-e1690764166605-150x150.jpg\" class=\"vc_single_image-img attachment-thumbnail\" alt=\"\" title=\"Encomenda Delivery Level Print\" \/><\/div>\n\t\t<\/div>\n\t<\/div>\n<\/div><\/div><\/div>\n<\/div>","protected":false},"excerpt":{"rendered":"Seja muito bem vindo \u00e0 Level Print Gr\u00e1fica e Personalizados. A Level Print Gr\u00e1fica e Personalizados valoriza profundamente cada cliente que faz parte de nossa jornada. Reconhecemos que nossa empresa n\u00e3o seria poss\u00edvel sem a confian\u00e7a e apoio cont\u00ednuo de pessoas como voc\u00ea. INFORMA\u00c7\u00d5ES TELEFONE -\u00a0VENDAS\u00a0(82) 98898-2750 -\u00a0PARCERIA\u00a0(82) 98183-9255 ENDERE\u00c7O Avenida Carnavalesco Jos\u00e9 Te\u00f3fanes, 85, [...]","protected":false},"author":1,"featured_media":0,"parent":0,"menu_order":0,"comment_status":"closed","ping_status":"closed","template":"","meta":{"footnotes":""},"class_list":["post-87","page","type-page","status-publish","hentry"],"yoast_head":"<!-- This site is optimized with the Yoast SEO plugin v27.3 - https:\/\/yoast.com\/product\/yoast-seo-wordpress\/ -->\n<title>CONTATO - Level Print Gr\u00e1fica e Personalizados<\/title>\n<meta name=\"robots\" content=\"index, follow, max-snippet:-1, max-image-preview:large, max-video-preview:-1\" \/>\n<link rel=\"canonical\" href=\"https:\/\/levelprint.com.br\/pt\/contato\/\" \/>\n<meta property=\"og:locale\" content=\"pt_BR\" \/>\n<meta property=\"og:type\" content=\"article\" \/>\n<meta property=\"og:title\" content=\"CONTATO - Level Print Gr\u00e1fica e Personalizados\" \/>\n<meta property=\"og:url\" content=\"https:\/\/levelprint.com.br\/pt\/contato\/\" \/>\n<meta property=\"og:site_name\" content=\"Level Print Gr\u00e1fica e Personalizados\" \/>\n<meta property=\"article:publisher\" content=\"https:\/\/www.facebook.com\/levelprintgrafica\" \/>\n<meta property=\"article:modified_time\" content=\"2025-07-11T15:10:13+00:00\" \/>\n<meta property=\"og:image\" content=\"https:\/\/levelprint.com.br\/wp-content\/uploads\/2023\/10\/Atendente-Level-Print-002-300x297.jpg\" \/>\n<meta name=\"twitter:card\" content=\"summary_large_image\" \/>\n<meta name=\"twitter:site\" content=\"@levelprintbr\" \/>\n<meta name=\"twitter:label1\" content=\"Est. tempo de leitura\" \/>\n\t<meta name=\"twitter:data1\" content=\"2 minutos\" \/>\n<script type=\"application\/ld+json\" class=\"yoast-schema-graph\">{\"@context\":\"https:\\\/\\\/schema.org\",\"@graph\":[{\"@type\":\"WebPage\",\"@id\":\"https:\\\/\\\/levelprint.com.br\\\/contato\\\/\",\"url\":\"https:\\\/\\\/levelprint.com.br\\\/contato\\\/\",\"name\":\"CONTATO - Level Print Gr\u00e1fica e Personalizados\",\"isPartOf\":{\"@id\":\"https:\\\/\\\/levelprint.com.br\\\/#website\"},\"primaryImageOfPage\":{\"@id\":\"https:\\\/\\\/levelprint.com.br\\\/contato\\\/#primaryimage\"},\"image\":{\"@id\":\"https:\\\/\\\/levelprint.com.br\\\/contato\\\/#primaryimage\"},\"thumbnailUrl\":\"https:\\\/\\\/levelprint.com.br\\\/wp-content\\\/uploads\\\/2023\\\/10\\\/Atendente-Level-Print-002-300x297.jpg\",\"datePublished\":\"2015-10-22T03:17:26+00:00\",\"dateModified\":\"2025-07-11T15:10:13+00:00\",\"breadcrumb\":{\"@id\":\"https:\\\/\\\/levelprint.com.br\\\/contato\\\/#breadcrumb\"},\"inLanguage\":\"pt-BR\",\"potentialAction\":[{\"@type\":\"ReadAction\",\"target\":[\"https:\\\/\\\/levelprint.com.br\\\/contato\\\/\"]}]},{\"@type\":\"ImageObject\",\"inLanguage\":\"pt-BR\",\"@id\":\"https:\\\/\\\/levelprint.com.br\\\/contato\\\/#primaryimage\",\"url\":\"https:\\\/\\\/levelprint.com.br\\\/wp-content\\\/uploads\\\/2023\\\/10\\\/Atendente-Level-Print-002-300x297.jpg\",\"contentUrl\":\"https:\\\/\\\/levelprint.com.br\\\/wp-content\\\/uploads\\\/2023\\\/10\\\/Atendente-Level-Print-002-300x297.jpg\"},{\"@type\":\"BreadcrumbList\",\"@id\":\"https:\\\/\\\/levelprint.com.br\\\/contato\\\/#breadcrumb\",\"itemListElement\":[{\"@type\":\"ListItem\",\"position\":1,\"name\":\"In\u00edcio\",\"item\":\"https:\\\/\\\/levelprint.com.br\\\/\"},{\"@type\":\"ListItem\",\"position\":2,\"name\":\"CONTATO\"}]},{\"@type\":\"WebSite\",\"@id\":\"https:\\\/\\\/levelprint.com.br\\\/#website\",\"url\":\"https:\\\/\\\/levelprint.com.br\\\/\",\"name\":\"Level Print Gr\u00e1fica em Alagoas | Banners, Crach\u00e1s, Canecas Personalizadas e Mais\",\"description\":\"L\u00edder em Gr\u00e1fica e Personalizados em Macei\u00f3\",\"publisher\":{\"@id\":\"https:\\\/\\\/levelprint.com.br\\\/#organization\"},\"alternateName\":\"Gr\u00e1fica em Macei\u00f3 - Level Print | Banners, Canecas, Crach\u00e1s, Cord\u00f5es Personalizados\",\"potentialAction\":[{\"@type\":\"SearchAction\",\"target\":{\"@type\":\"EntryPoint\",\"urlTemplate\":\"https:\\\/\\\/levelprint.com.br\\\/?s={search_term_string}\"},\"query-input\":{\"@type\":\"PropertyValueSpecification\",\"valueRequired\":true,\"valueName\":\"search_term_string\"}}],\"inLanguage\":\"pt-BR\"},{\"@type\":\"Organization\",\"@id\":\"https:\\\/\\\/levelprint.com.br\\\/#organization\",\"name\":\"Level Print Gr\u00e1fica e Personalizados LTDA.\",\"alternateName\":\"Level Print Gr\u00e1fica\",\"url\":\"https:\\\/\\\/levelprint.com.br\\\/\",\"logo\":{\"@type\":\"ImageObject\",\"inLanguage\":\"pt-BR\",\"@id\":\"https:\\\/\\\/levelprint.com.br\\\/#\\\/schema\\\/logo\\\/image\\\/\",\"url\":\"https:\\\/\\\/levelprint.com.br\\\/wp-content\\\/uploads\\\/2025\\\/07\\\/Logo-Level-Print-Grafica.webp\",\"contentUrl\":\"https:\\\/\\\/levelprint.com.br\\\/wp-content\\\/uploads\\\/2025\\\/07\\\/Logo-Level-Print-Grafica.webp\",\"width\":1176,\"height\":1176,\"caption\":\"Level Print Gr\u00e1fica e Personalizados LTDA.\"},\"image\":{\"@id\":\"https:\\\/\\\/levelprint.com.br\\\/#\\\/schema\\\/logo\\\/image\\\/\"},\"sameAs\":[\"https:\\\/\\\/www.facebook.com\\\/levelprintgrafica\",\"https:\\\/\\\/x.com\\\/levelprintbr\",\"https:\\\/\\\/instagram.com\\\/levelprintgrafica\",\"https:\\\/\\\/www.linkedin.com\\\/company\\\/levelprint\\\/\",\"https:\\\/\\\/br.pinterest.com\\\/simones6766\\\/_saved\\\/https:\\\/\\\/br.pinterest.com\\\/simones6766\\\/_saved\\\/\",\"https:\\\/\\\/www.youtube.com\\\/channel\\\/UC3fz7xDpzPqorul-xhH6lBg\"]}]}<\/script>\n<!-- \/ Yoast SEO plugin. -->","yoast_head_json":{"title":"CONTATO - Level Print Gr\u00e1fica e Personalizados","robots":{"index":"index","follow":"follow","max-snippet":"max-snippet:-1","max-image-preview":"max-image-preview:large","max-video-preview":"max-video-preview:-1"},"canonical":"https:\/\/levelprint.com.br\/pt\/contato\/","og_locale":"pt_BR","og_type":"article","og_title":"CONTATO - Level Print Gr\u00e1fica e Personalizados","og_url":"https:\/\/levelprint.com.br\/pt\/contato\/","og_site_name":"Level Print Gr\u00e1fica e Personalizados","article_publisher":"https:\/\/www.facebook.com\/levelprintgrafica","article_modified_time":"2025-07-11T15:10:13+00:00","og_image":[{"url":"https:\/\/levelprint.com.br\/wp-content\/uploads\/2023\/10\/Atendente-Level-Print-002-300x297.jpg","type":"","width":"","height":""}],"twitter_card":"summary_large_image","twitter_site":"@levelprintbr","twitter_misc":{"Est. tempo de leitura":"2 minutos"},"schema":{"@context":"https:\/\/schema.org","@graph":[{"@type":"WebPage","@id":"https:\/\/levelprint.com.br\/contato\/","url":"https:\/\/levelprint.com.br\/contato\/","name":"CONTATO - Level Print Gr\u00e1fica e Personalizados","isPartOf":{"@id":"https:\/\/levelprint.com.br\/#website"},"primaryImageOfPage":{"@id":"https:\/\/levelprint.com.br\/contato\/#primaryimage"},"image":{"@id":"https:\/\/levelprint.com.br\/contato\/#primaryimage"},"thumbnailUrl":"https:\/\/levelprint.com.br\/wp-content\/uploads\/2023\/10\/Atendente-Level-Print-002-300x297.jpg","datePublished":"2015-10-22T03:17:26+00:00","dateModified":"2025-07-11T15:10:13+00:00","breadcrumb":{"@id":"https:\/\/levelprint.com.br\/contato\/#breadcrumb"},"inLanguage":"pt-BR","potentialAction":[{"@type":"ReadAction","target":["https:\/\/levelprint.com.br\/contato\/"]}]},{"@type":"ImageObject","inLanguage":"pt-BR","@id":"https:\/\/levelprint.com.br\/contato\/#primaryimage","url":"https:\/\/levelprint.com.br\/wp-content\/uploads\/2023\/10\/Atendente-Level-Print-002-300x297.jpg","contentUrl":"https:\/\/levelprint.com.br\/wp-content\/uploads\/2023\/10\/Atendente-Level-Print-002-300x297.jpg"},{"@type":"BreadcrumbList","@id":"https:\/\/levelprint.com.br\/contato\/#breadcrumb","itemListElement":[{"@type":"ListItem","position":1,"name":"In\u00edcio","item":"https:\/\/levelprint.com.br\/"},{"@type":"ListItem","position":2,"name":"CONTATO"}]},{"@type":"WebSite","@id":"https:\/\/levelprint.com.br\/#website","url":"https:\/\/levelprint.com.br\/","name":"Level Print Gr\u00e1fica em Alagoas | Banners, Crach\u00e1s, Canecas Personalizadas e Mais","description":"L\u00edder em Gr\u00e1fica e Personalizados em Macei\u00f3","publisher":{"@id":"https:\/\/levelprint.com.br\/#organization"},"alternateName":"Gr\u00e1fica em Macei\u00f3 - Level Print | Banners, Canecas, Crach\u00e1s, Cord\u00f5es Personalizados","potentialAction":[{"@type":"SearchAction","target":{"@type":"EntryPoint","urlTemplate":"https:\/\/levelprint.com.br\/?s={search_term_string}"},"query-input":{"@type":"PropertyValueSpecification","valueRequired":true,"valueName":"search_term_string"}}],"inLanguage":"pt-BR"},{"@type":"Organization","@id":"https:\/\/levelprint.com.br\/#organization","name":"Level Print Gr\u00e1fica e Personalizados LTDA.","alternateName":"Level Print Gr\u00e1fica","url":"https:\/\/levelprint.com.br\/","logo":{"@type":"ImageObject","inLanguage":"pt-BR","@id":"https:\/\/levelprint.com.br\/#\/schema\/logo\/image\/","url":"https:\/\/levelprint.com.br\/wp-content\/uploads\/2025\/07\/Logo-Level-Print-Grafica.webp","contentUrl":"https:\/\/levelprint.com.br\/wp-content\/uploads\/2025\/07\/Logo-Level-Print-Grafica.webp","width":1176,"height":1176,"caption":"Level Print Gr\u00e1fica e Personalizados LTDA."},"image":{"@id":"https:\/\/levelprint.com.br\/#\/schema\/logo\/image\/"},"sameAs":["https:\/\/www.facebook.com\/levelprintgrafica","https:\/\/x.com\/levelprintbr","https:\/\/instagram.com\/levelprintgrafica","https:\/\/www.linkedin.com\/company\/levelprint\/","https:\/\/br.pinterest.com\/simones6766\/_saved\/https:\/\/br.pinterest.com\/simones6766\/_saved\/","https:\/\/www.youtube.com\/channel\/UC3fz7xDpzPqorul-xhH6lBg"]}]}},"_links":{"self":[{"href":"https:\/\/levelprint.com.br\/pt\/wp-json\/wp\/v2\/pages\/87","targetHints":{"allow":["GET"]}}],"collection":[{"href":"https:\/\/levelprint.com.br\/pt\/wp-json\/wp\/v2\/pages"}],"about":[{"href":"https:\/\/levelprint.com.br\/pt\/wp-json\/wp\/v2\/types\/page"}],"author":[{"embeddable":true,"href":"https:\/\/levelprint.com.br\/pt\/wp-json\/wp\/v2\/users\/1"}],"replies":[{"embeddable":true,"href":"https:\/\/levelprint.com.br\/pt\/wp-json\/wp\/v2\/comments?post=87"}],"version-history":[{"count":8,"href":"https:\/\/levelprint.com.br\/pt\/wp-json\/wp\/v2\/pages\/87\/revisions"}],"predecessor-version":[{"id":75165,"href":"https:\/\/levelprint.com.br\/pt\/wp-json\/wp\/v2\/pages\/87\/revisions\/75165"}],"wp:attachment":[{"href":"https:\/\/levelprint.com.br\/pt\/wp-json\/wp\/v2\/media?parent=87"}],"curies":[{"name":"wp","href":"https:\/\/api.w.org\/{rel}","templated":true}]}}