{"id":42815,"date":"2021-07-03T17:23:00","date_gmt":"2021-07-03T20:23:00","guid":{"rendered":"https:\/\/levelprint.com.br\/?post_type=product&#038;p=42815"},"modified":"2025-10-24T16:08:53","modified_gmt":"2025-10-24T19:08:53","slug":"caneca-para-uso-exclusivo-do-melhor-pai-2","status":"publish","type":"product","link":"https:\/\/levelprint.com.br\/pt\/categoria\/produto\/caneca-para-uso-exclusivo-do-melhor-pai-2\/","title":{"rendered":"Caneca Para Uso Exclusivo do Melhor Pai"},"content":{"rendered":"<h3>Caneca Para Uso Exclusivo do Melhor Pai<\/h3>\n<p>Caso queira personalizar algum nome na caneca, logo ap\u00f3s a compra, nos envie uma mensagem informando o nome a ser acrescentado.<\/p>\n<p><strong>Frequentemente, antes da produ\u00e7\u00e3o da caneca enviamos para aprova\u00e7\u00e3o.<\/strong><\/p>\n<p>Primeiramente, prezamos pela nossa qualidade, pois nosso cliente deve ficar sempre em primeiro lugar. Acima de tudo, cuidamos desde o processo de produ\u00e7\u00e3o at\u00e9 o envio enviando o produto em caixinhas de papel e embalagem individualmente.<\/p>\n<p><strong>Especifica\u00e7\u00f5es:<\/strong><\/p>\n<ul>\n<li>Capacidade: 320ml<\/li>\n<li>Material: Porcelana AAA<\/li>\n<li>De ante m\u00e3o, as cores da arte podem variar de acordo com seu monitor.<\/li>\n<\/ul>\n<p><strong>Conserva\u00e7\u00e3o:<\/strong><br \/>\nEm primeiro lugar, evite quedas\/impactos, utilizar materiais \u00e1speros e\/ou produtos qu\u00edmicos muito forte para conservar por mais tempo.<\/p>\n<h3>Veja tamb\u00e9m<\/h3>\n<ul>\n<li><a href=\"https:\/\/levelprint.com.br\/categoria\/produto\/caneca-para-uso-exclusivo-do-melhor-pai\/\">Caneca Para Uso Exclusivo do Melhor Pai<\/a><\/li>\n<li><a href=\"https:\/\/levelprint.com.br\/categoria\/produto\/caneca-eu-tenho-o-melhor-pai-do-mundo\/\">Caneca Eu Tenho o Melhor Pai do Mundo<\/a><\/li>\n<li><a href=\"https:\/\/levelprint.com.br\/categoria\/produto\/caneca-voce-e-o-melhor-pai-do-mundo-bilhete\/\">Caneca Voc\u00ea \u00e9 o Melhor Pai do Mundo (bilhete)<\/a><\/li>\n<\/ul>\n<p>Instagram em <a href=\"https:\/\/www.instagram.com.br\/levelprintpersonalizados\">@levelprintpersonalizados<\/a><\/p>\n","protected":false},"excerpt":{"rendered":"<h2>Caneca Dia Dos Pais<\/h2>\n<p><strong>Especifica\u00e7\u00f5es:<\/strong><\/p>\n<ul>\n<li>Capacidade: 320ml<\/li>\n<li>Material: Porcelana AAA<\/li>\n<li>As cores da imagem podem variar de acordo com cada monitor.<\/li>\n<\/ul>\n<ul>\n<li>\n<h3>Veja tamb\u00e9m<\/h3>\n<ul>\n<li><a href=\"https:\/\/levelprint.com.br\/categoria\/produto\/caneca-para-uso-exclusivo-do-melhor-pai\/\">Caneca Para Uso Exclusivo do Melhor Pai<\/a><\/li>\n<li><a href=\"https:\/\/levelprint.com.br\/categoria\/produto\/caneca-eu-tenho-o-melhor-pai-do-mundo\/\">Caneca Eu Tenho o Melhor Pai do Mundo<\/a><\/li>\n<li><a href=\"https:\/\/levelprint.com.br\/categoria\/produto\/caneca-voce-e-o-melhor-pai-do-mundo-bilhete\/\">Caneca Voc\u00ea \u00e9 o Melhor Pai do Mundo (bilhete)<\/a><\/li>\n<\/ul>\n<\/li>\n<\/ul>\n","protected":false},"featured_media":42816,"template":"","meta":[],"product_brand":[],"product_cat":[56,66,72,358,196,87,91],"product_tag":[55,362,242,368,361,241],"class_list":{"0":"post-42815","1":"product","2":"type-product","3":"status-publish","4":"has-post-thumbnail","6":"product_cat-canecas-porcelana","7":"product_cat-colecoes","8":"product_cat-datas-comemorativas","9":"product_cat-dia-dos-pais-colecoes","10":"product_cat-dia-dos-pais","11":"product_cat-especiais","12":"product_cat-familia","13":"product_tag-caneca","14":"product_tag-dia-dos-pais","15":"product_tag-level-print","16":"product_tag-melhor-pai","17":"product_tag-pai","18":"product_tag-produtos-personalizados","20":"first","21":"instock","22":"sale","23":"featured","24":"taxable","25":"shipping-taxable","26":"purchasable","27":"product-type-simple"},"yoast_head":"<!-- This site is optimized with the Yoast SEO plugin v27.3 - https:\/\/yoast.com\/product\/yoast-seo-wordpress\/ -->\n<title>Caneca Para Uso Exclusivo do Melhor Pai - Level Print Personalizados<\/title>\n<meta name=\"description\" content=\"Com a Caneca Para Uso Exclusivo do Melhor Pai, voc\u00ea ter\u00e1 uma arte \u00fanica, ideal para mostrar seu amor para algu\u00e9m, marcando sua hist\u00f3ria para sempre.\" \/>\n<meta name=\"robots\" content=\"index, follow, max-snippet:-1, max-image-preview:large, max-video-preview:-1\" \/>\n<link rel=\"canonical\" href=\"https:\/\/levelprint.com.br\/pt\/categoria\/produto\/caneca-para-uso-exclusivo-do-melhor-pai-2\/\" \/>\n<meta property=\"og:locale\" content=\"pt_BR\" \/>\n<meta property=\"og:type\" content=\"article\" \/>\n<meta property=\"og:title\" content=\"Caneca Namorados 005 Especial com foto\" \/>\n<meta property=\"og:description\" content=\"Com a Caneca Para Uso Exclusivo do Melhor Pai, voc\u00ea ter\u00e1 uma arte \u00fanica, ideal para mostrar seu amor para algu\u00e9m, marcando sua hist\u00f3ria para sempre.\" \/>\n<meta property=\"og:url\" content=\"https:\/\/levelprint.com.br\/pt\/categoria\/produto\/caneca-para-uso-exclusivo-do-melhor-pai-2\/\" \/>\n<meta property=\"og:site_name\" content=\"Level Print Gr\u00e1fica e Personalizados\" \/>\n<meta property=\"article:publisher\" content=\"https:\/\/www.facebook.com\/levelprintgrafica\" \/>\n<meta property=\"article:modified_time\" content=\"2025-10-24T19:08:53+00:00\" \/>\n<meta property=\"og:image\" content=\"https:\/\/levelprint.com.br\/wp-content\/uploads\/2020\/05\/Caneca-Br-Love-Dia-dos-Namorados3.jpg\" \/>\n\t<meta property=\"og:image:width\" content=\"659\" \/>\n\t<meta property=\"og:image:height\" content=\"531\" \/>\n\t<meta property=\"og:image:type\" content=\"image\/jpeg\" \/>\n<meta name=\"twitter:card\" content=\"summary_large_image\" \/>\n<meta name=\"twitter:site\" content=\"@levelprintbr\" \/>\n<meta name=\"twitter:label1\" content=\"Est. tempo de leitura\" \/>\n\t<meta name=\"twitter:data1\" content=\"1 minuto\" \/>\n<script type=\"application\/ld+json\" class=\"yoast-schema-graph\">{\"@context\":\"https:\\\/\\\/schema.org\",\"@graph\":[{\"@type\":\"WebPage\",\"@id\":\"https:\\\/\\\/levelprint.com.br\\\/categoria\\\/produto\\\/caneca-para-uso-exclusivo-do-melhor-pai-2\\\/\",\"url\":\"https:\\\/\\\/levelprint.com.br\\\/categoria\\\/produto\\\/caneca-para-uso-exclusivo-do-melhor-pai-2\\\/\",\"name\":\"Caneca Para Uso Exclusivo do Melhor Pai - Level Print Personalizados\",\"isPartOf\":{\"@id\":\"https:\\\/\\\/levelprint.com.br\\\/#website\"},\"primaryImageOfPage\":{\"@id\":\"https:\\\/\\\/levelprint.com.br\\\/categoria\\\/produto\\\/caneca-para-uso-exclusivo-do-melhor-pai-2\\\/#primaryimage\"},\"image\":{\"@id\":\"https:\\\/\\\/levelprint.com.br\\\/categoria\\\/produto\\\/caneca-para-uso-exclusivo-do-melhor-pai-2\\\/#primaryimage\"},\"thumbnailUrl\":\"https:\\\/\\\/levelprint.com.br\\\/wp-content\\\/uploads\\\/2021\\\/07\\\/WhatsApp-Image-2021-07-03-at-16.52.41-2.jpeg\",\"datePublished\":\"2021-07-03T20:23:00+00:00\",\"dateModified\":\"2025-10-24T19:08:53+00:00\",\"description\":\"Com a Caneca Para Uso Exclusivo do Melhor Pai, voc\u00ea ter\u00e1 uma arte \u00fanica, ideal para mostrar seu amor para algu\u00e9m, marcando sua hist\u00f3ria para sempre.\",\"breadcrumb\":{\"@id\":\"https:\\\/\\\/levelprint.com.br\\\/categoria\\\/produto\\\/caneca-para-uso-exclusivo-do-melhor-pai-2\\\/#breadcrumb\"},\"inLanguage\":\"pt-BR\",\"potentialAction\":[{\"@type\":\"ReadAction\",\"target\":[\"https:\\\/\\\/levelprint.com.br\\\/categoria\\\/produto\\\/caneca-para-uso-exclusivo-do-melhor-pai-2\\\/\"]}]},{\"@type\":\"ImageObject\",\"inLanguage\":\"pt-BR\",\"@id\":\"https:\\\/\\\/levelprint.com.br\\\/categoria\\\/produto\\\/caneca-para-uso-exclusivo-do-melhor-pai-2\\\/#primaryimage\",\"url\":\"https:\\\/\\\/levelprint.com.br\\\/wp-content\\\/uploads\\\/2021\\\/07\\\/WhatsApp-Image-2021-07-03-at-16.52.41-2.jpeg\",\"contentUrl\":\"https:\\\/\\\/levelprint.com.br\\\/wp-content\\\/uploads\\\/2021\\\/07\\\/WhatsApp-Image-2021-07-03-at-16.52.41-2.jpeg\",\"width\":640,\"height\":640},{\"@type\":\"BreadcrumbList\",\"@id\":\"https:\\\/\\\/levelprint.com.br\\\/categoria\\\/produto\\\/caneca-para-uso-exclusivo-do-melhor-pai-2\\\/#breadcrumb\",\"itemListElement\":[{\"@type\":\"ListItem\",\"position\":1,\"name\":\"In\u00edcio\",\"item\":\"https:\\\/\\\/levelprint.com.br\\\/\"},{\"@type\":\"ListItem\",\"position\":2,\"name\":\"Loja\",\"item\":\"https:\\\/\\\/levelprint.com.br\\\/pt\\\/loja\\\/\"},{\"@type\":\"ListItem\",\"position\":3,\"name\":\"Caneca Para Uso Exclusivo do Melhor Pai\"}]},{\"@type\":\"WebSite\",\"@id\":\"https:\\\/\\\/levelprint.com.br\\\/#website\",\"url\":\"https:\\\/\\\/levelprint.com.br\\\/\",\"name\":\"Level Print Gr\u00e1fica em Alagoas | Banners, Crach\u00e1s, Canecas Personalizadas e Mais\",\"description\":\"L\u00edder em Gr\u00e1fica e Personalizados em Macei\u00f3\",\"publisher\":{\"@id\":\"https:\\\/\\\/levelprint.com.br\\\/#organization\"},\"alternateName\":\"Gr\u00e1fica em Macei\u00f3 - Level Print | Banners, Canecas, Crach\u00e1s, Cord\u00f5es Personalizados\",\"potentialAction\":[{\"@type\":\"SearchAction\",\"target\":{\"@type\":\"EntryPoint\",\"urlTemplate\":\"https:\\\/\\\/levelprint.com.br\\\/?s={search_term_string}\"},\"query-input\":{\"@type\":\"PropertyValueSpecification\",\"valueRequired\":true,\"valueName\":\"search_term_string\"}}],\"inLanguage\":\"pt-BR\"},{\"@type\":\"Organization\",\"@id\":\"https:\\\/\\\/levelprint.com.br\\\/#organization\",\"name\":\"Level Print Gr\u00e1fica e Personalizados LTDA.\",\"alternateName\":\"Level Print Gr\u00e1fica\",\"url\":\"https:\\\/\\\/levelprint.com.br\\\/\",\"logo\":{\"@type\":\"ImageObject\",\"inLanguage\":\"pt-BR\",\"@id\":\"https:\\\/\\\/levelprint.com.br\\\/#\\\/schema\\\/logo\\\/image\\\/\",\"url\":\"https:\\\/\\\/levelprint.com.br\\\/wp-content\\\/uploads\\\/2025\\\/07\\\/Logo-Level-Print-Grafica.webp\",\"contentUrl\":\"https:\\\/\\\/levelprint.com.br\\\/wp-content\\\/uploads\\\/2025\\\/07\\\/Logo-Level-Print-Grafica.webp\",\"width\":1176,\"height\":1176,\"caption\":\"Level Print Gr\u00e1fica e Personalizados LTDA.\"},\"image\":{\"@id\":\"https:\\\/\\\/levelprint.com.br\\\/#\\\/schema\\\/logo\\\/image\\\/\"},\"sameAs\":[\"https:\\\/\\\/www.facebook.com\\\/levelprintgrafica\",\"https:\\\/\\\/x.com\\\/levelprintbr\",\"https:\\\/\\\/instagram.com\\\/levelprintgrafica\",\"https:\\\/\\\/www.linkedin.com\\\/company\\\/levelprint\\\/\",\"https:\\\/\\\/br.pinterest.com\\\/simones6766\\\/_saved\\\/https:\\\/\\\/br.pinterest.com\\\/simones6766\\\/_saved\\\/\",\"https:\\\/\\\/www.youtube.com\\\/channel\\\/UC3fz7xDpzPqorul-xhH6lBg\"]}]}<\/script>\n<!-- \/ Yoast SEO plugin. -->","yoast_head_json":{"title":"Caneca Para Uso Exclusivo do Melhor Pai - Level Print Personalizados","description":"Com a Caneca Para Uso Exclusivo do Melhor Pai, voc\u00ea ter\u00e1 uma arte \u00fanica, ideal para mostrar seu amor para algu\u00e9m, marcando sua hist\u00f3ria para sempre.","robots":{"index":"index","follow":"follow","max-snippet":"max-snippet:-1","max-image-preview":"max-image-preview:large","max-video-preview":"max-video-preview:-1"},"canonical":"https:\/\/levelprint.com.br\/pt\/categoria\/produto\/caneca-para-uso-exclusivo-do-melhor-pai-2\/","og_locale":"pt_BR","og_type":"article","og_title":"Caneca Namorados 005 Especial com foto","og_description":"Com a Caneca Para Uso Exclusivo do Melhor Pai, voc\u00ea ter\u00e1 uma arte \u00fanica, ideal para mostrar seu amor para algu\u00e9m, marcando sua hist\u00f3ria para sempre.","og_url":"https:\/\/levelprint.com.br\/pt\/categoria\/produto\/caneca-para-uso-exclusivo-do-melhor-pai-2\/","og_site_name":"Level Print Gr\u00e1fica e Personalizados","article_publisher":"https:\/\/www.facebook.com\/levelprintgrafica","article_modified_time":"2025-10-24T19:08:53+00:00","og_image":[{"width":659,"height":531,"url":"https:\/\/levelprint.com.br\/wp-content\/uploads\/2020\/05\/Caneca-Br-Love-Dia-dos-Namorados3.jpg","type":"image\/jpeg"}],"twitter_card":"summary_large_image","twitter_site":"@levelprintbr","twitter_misc":{"Est. tempo de leitura":"1 minuto"},"schema":{"@context":"https:\/\/schema.org","@graph":[{"@type":"WebPage","@id":"https:\/\/levelprint.com.br\/categoria\/produto\/caneca-para-uso-exclusivo-do-melhor-pai-2\/","url":"https:\/\/levelprint.com.br\/categoria\/produto\/caneca-para-uso-exclusivo-do-melhor-pai-2\/","name":"Caneca Para Uso Exclusivo do Melhor Pai - Level Print Personalizados","isPartOf":{"@id":"https:\/\/levelprint.com.br\/#website"},"primaryImageOfPage":{"@id":"https:\/\/levelprint.com.br\/categoria\/produto\/caneca-para-uso-exclusivo-do-melhor-pai-2\/#primaryimage"},"image":{"@id":"https:\/\/levelprint.com.br\/categoria\/produto\/caneca-para-uso-exclusivo-do-melhor-pai-2\/#primaryimage"},"thumbnailUrl":"https:\/\/levelprint.com.br\/wp-content\/uploads\/2021\/07\/WhatsApp-Image-2021-07-03-at-16.52.41-2.jpeg","datePublished":"2021-07-03T20:23:00+00:00","dateModified":"2025-10-24T19:08:53+00:00","description":"Com a Caneca Para Uso Exclusivo do Melhor Pai, voc\u00ea ter\u00e1 uma arte \u00fanica, ideal para mostrar seu amor para algu\u00e9m, marcando sua hist\u00f3ria para sempre.","breadcrumb":{"@id":"https:\/\/levelprint.com.br\/categoria\/produto\/caneca-para-uso-exclusivo-do-melhor-pai-2\/#breadcrumb"},"inLanguage":"pt-BR","potentialAction":[{"@type":"ReadAction","target":["https:\/\/levelprint.com.br\/categoria\/produto\/caneca-para-uso-exclusivo-do-melhor-pai-2\/"]}]},{"@type":"ImageObject","inLanguage":"pt-BR","@id":"https:\/\/levelprint.com.br\/categoria\/produto\/caneca-para-uso-exclusivo-do-melhor-pai-2\/#primaryimage","url":"https:\/\/levelprint.com.br\/wp-content\/uploads\/2021\/07\/WhatsApp-Image-2021-07-03-at-16.52.41-2.jpeg","contentUrl":"https:\/\/levelprint.com.br\/wp-content\/uploads\/2021\/07\/WhatsApp-Image-2021-07-03-at-16.52.41-2.jpeg","width":640,"height":640},{"@type":"BreadcrumbList","@id":"https:\/\/levelprint.com.br\/categoria\/produto\/caneca-para-uso-exclusivo-do-melhor-pai-2\/#breadcrumb","itemListElement":[{"@type":"ListItem","position":1,"name":"In\u00edcio","item":"https:\/\/levelprint.com.br\/"},{"@type":"ListItem","position":2,"name":"Loja","item":"https:\/\/levelprint.com.br\/pt\/loja\/"},{"@type":"ListItem","position":3,"name":"Caneca Para Uso Exclusivo do Melhor Pai"}]},{"@type":"WebSite","@id":"https:\/\/levelprint.com.br\/#website","url":"https:\/\/levelprint.com.br\/","name":"Level Print Gr\u00e1fica em Alagoas | Banners, Crach\u00e1s, Canecas Personalizadas e Mais","description":"L\u00edder em Gr\u00e1fica e Personalizados em Macei\u00f3","publisher":{"@id":"https:\/\/levelprint.com.br\/#organization"},"alternateName":"Gr\u00e1fica em Macei\u00f3 - Level Print | Banners, Canecas, Crach\u00e1s, Cord\u00f5es Personalizados","potentialAction":[{"@type":"SearchAction","target":{"@type":"EntryPoint","urlTemplate":"https:\/\/levelprint.com.br\/?s={search_term_string}"},"query-input":{"@type":"PropertyValueSpecification","valueRequired":true,"valueName":"search_term_string"}}],"inLanguage":"pt-BR"},{"@type":"Organization","@id":"https:\/\/levelprint.com.br\/#organization","name":"Level Print Gr\u00e1fica e Personalizados LTDA.","alternateName":"Level Print Gr\u00e1fica","url":"https:\/\/levelprint.com.br\/","logo":{"@type":"ImageObject","inLanguage":"pt-BR","@id":"https:\/\/levelprint.com.br\/#\/schema\/logo\/image\/","url":"https:\/\/levelprint.com.br\/wp-content\/uploads\/2025\/07\/Logo-Level-Print-Grafica.webp","contentUrl":"https:\/\/levelprint.com.br\/wp-content\/uploads\/2025\/07\/Logo-Level-Print-Grafica.webp","width":1176,"height":1176,"caption":"Level Print Gr\u00e1fica e Personalizados LTDA."},"image":{"@id":"https:\/\/levelprint.com.br\/#\/schema\/logo\/image\/"},"sameAs":["https:\/\/www.facebook.com\/levelprintgrafica","https:\/\/x.com\/levelprintbr","https:\/\/instagram.com\/levelprintgrafica","https:\/\/www.linkedin.com\/company\/levelprint\/","https:\/\/br.pinterest.com\/simones6766\/_saved\/https:\/\/br.pinterest.com\/simones6766\/_saved\/","https:\/\/www.youtube.com\/channel\/UC3fz7xDpzPqorul-xhH6lBg"]}]}},"_links":{"self":[{"href":"https:\/\/levelprint.com.br\/pt\/wp-json\/wp\/v2\/product\/42815","targetHints":{"allow":["GET"]}}],"collection":[{"href":"https:\/\/levelprint.com.br\/pt\/wp-json\/wp\/v2\/product"}],"about":[{"href":"https:\/\/levelprint.com.br\/pt\/wp-json\/wp\/v2\/types\/product"}],"wp:featuredmedia":[{"embeddable":true,"href":"https:\/\/levelprint.com.br\/pt\/wp-json\/wp\/v2\/media\/42816"}],"wp:attachment":[{"href":"https:\/\/levelprint.com.br\/pt\/wp-json\/wp\/v2\/media?parent=42815"}],"wp:term":[{"taxonomy":"product_brand","embeddable":true,"href":"https:\/\/levelprint.com.br\/pt\/wp-json\/wp\/v2\/product_brand?post=42815"},{"taxonomy":"product_cat","embeddable":true,"href":"https:\/\/levelprint.com.br\/pt\/wp-json\/wp\/v2\/product_cat?post=42815"},{"taxonomy":"product_tag","embeddable":true,"href":"https:\/\/levelprint.com.br\/pt\/wp-json\/wp\/v2\/product_tag?post=42815"}],"curies":[{"name":"wp","href":"https:\/\/api.w.org\/{rel}","templated":true}]}}