{"id":43035,"date":"2021-07-04T15:20:00","date_gmt":"2021-07-04T18:20:00","guid":{"rendered":"https:\/\/levelprint.com.br\/?post_type=product&#038;p=43035"},"modified":"2025-10-24T16:08:53","modified_gmt":"2025-10-24T19:08:53","slug":"camisa-dia-dos-pais-te-amo-paizao","status":"publish","type":"product","link":"https:\/\/levelprint.com.br\/pt\/categoria\/produto\/camisa-dia-dos-pais-te-amo-paizao\/","title":{"rendered":"Camisa Dia Dos Pais Te Amo Paiz\u00e3o"},"content":{"rendered":"<p><strong>Caracter\u00edsticas:<\/strong><br \/>\nMaterial Camiseta: 100% poli\u00e9ster<br \/>\nTipo de Estampa: sublima\u00e7\u00e3o<br \/>\nModelo de gola: Careca \/ Redonda<\/p>\n<p>Estampa N\u00e3o sai na lavagem<br \/>\nCamiseta N\u00e3o encolhe<\/p>\n<p>Prazo para postagem ap\u00f3s confirma\u00e7\u00e3o de pagamento de 3 dias \u00fateis.<\/p>\n<p>&#8211; Para efetuar a compra em atacado deixe uma mensagem no nosso formul\u00e1rio de contato.<\/p>\n<p>Os dados abaixo sobre medidas s\u00e3o relativos ao pacote do produto camiseta dobrada.<\/p>\n<ul class=\"detailed-info\">\n<li>Altura: 4 cm<\/li>\n<li>Largura: 25 cm<\/li>\n<li>Comprimento: 25 cm<\/li>\n<li>Peso: 250 g<\/li>\n<\/ul>\n","protected":false},"excerpt":{"rendered":"<p class=\"description multiline\"><strong>IMPORTANTE: Fale conosco pelo nosso atendimento para verificar modelo e tamanho que ser\u00e1 escolhido. Assim que efetuar a compra entraremos em contato via telefone ou email.<\/strong><\/p>\n<p><strong>Caracter\u00edsticas:<\/strong><br \/>\nMaterial Camiseta: 100% poli\u00e9ster<br \/>\nTipo de Estampa: sublima\u00e7\u00e3o<br \/>\nModelo de gola: Careca \/ Redonda<\/p>\n<p>Estampa N\u00e3o sai na lavagem<br \/>\nCamiseta N\u00e3o encolhe<\/p>\n<p>Prazo para postagem ap\u00f3s confirma\u00e7\u00e3o de pagamento de 3 dias \u00fateis.<\/p>\n<p>&#8211; Para efetuar a compra em atacado deixe uma mensagem no nosso formul\u00e1rio de contato.<\/p>\n<p>Os dados abaixo sobre medidas s\u00e3o relativos ao pacote do produto camiseta dobrada.<\/p>\n<ul class=\"detailed-info\">\n<li>Altura: 4 cm<\/li>\n<li>Largura: 25 cm<\/li>\n<li>Comprimento: 25 cm<\/li>\n<li>Peso: 250 g<\/li>\n<\/ul>\n","protected":false},"featured_media":43020,"template":"","meta":[],"product_brand":[],"product_cat":[428,54,66,91,380,382],"product_tag":[50,362,256,257,378,379,189,389],"class_list":{"0":"post-43035","1":"product","2":"type-product","3":"status-publish","4":"has-post-thumbnail","6":"product_cat-camisas","7":"product_cat-camisas-masculinas","8":"product_cat-colecoes","9":"product_cat-familia","10":"product_cat-poliester","11":"product_cat-poliester-camisas-femininas","12":"product_tag-camisa","13":"product_tag-dia-dos-pais","14":"product_tag-masculina","15":"product_tag-mensagem","16":"product_tag-mensagens-diversas","17":"product_tag-poliester","18":"product_tag-sublimacao","19":"product_tag-te-amo-pai","21":"first","22":"instock","23":"sale","24":"taxable","25":"shipping-taxable","26":"purchasable","27":"product-type-simple"},"yoast_head":"<!-- This site is optimized with the Yoast SEO plugin v27.3 - https:\/\/yoast.com\/product\/yoast-seo-wordpress\/ -->\n<title>Camisa Dia Dos Pais Te Amo Paiz\u00e3o - Level Print Gr\u00e1fica e Personalizados<\/title>\n<meta name=\"description\" content=\"Camisa Mensagens Diversas feita em poli\u00e9ster com sublima\u00e7\u00e3o localizada possui alta qualidade e durabilidade, pois a estampa n\u00e3o sai na lavagem.\" \/>\n<meta name=\"robots\" content=\"index, follow, max-snippet:-1, max-image-preview:large, max-video-preview:-1\" \/>\n<link rel=\"canonical\" href=\"https:\/\/levelprint.com.br\/pt\/categoria\/produto\/camisa-dia-dos-pais-te-amo-paizao\/\" \/>\n<meta property=\"og:locale\" content=\"pt_BR\" \/>\n<meta property=\"og:type\" content=\"article\" \/>\n<meta property=\"og:title\" content=\"Camisa Dia Dos Pais Te Amo Paiz\u00e3o - Level Print Gr\u00e1fica e Personalizados\" \/>\n<meta property=\"og:description\" content=\"Camisa Mensagens Diversas feita em poli\u00e9ster com sublima\u00e7\u00e3o localizada possui alta qualidade e durabilidade, pois a estampa n\u00e3o sai na lavagem.\" \/>\n<meta property=\"og:url\" content=\"https:\/\/levelprint.com.br\/pt\/categoria\/produto\/camisa-dia-dos-pais-te-amo-paizao\/\" \/>\n<meta property=\"og:site_name\" content=\"Level Print Gr\u00e1fica e Personalizados\" \/>\n<meta property=\"article:publisher\" content=\"https:\/\/www.facebook.com\/levelprintgrafica\" \/>\n<meta property=\"article:modified_time\" content=\"2025-10-24T19:08:53+00:00\" \/>\n<meta property=\"og:image\" content=\"https:\/\/levelprint.com.br\/wp-content\/uploads\/2021\/07\/Camisa-Dia-dos-Pais-Te-amo-Paiz\u00e3o-gravata-2.jpg\" \/>\n\t<meta property=\"og:image:width\" content=\"800\" \/>\n\t<meta property=\"og:image:height\" content=\"735\" \/>\n\t<meta property=\"og:image:type\" content=\"image\/jpeg\" \/>\n<meta name=\"twitter:card\" content=\"summary_large_image\" \/>\n<meta name=\"twitter:site\" content=\"@levelprintbr\" \/>\n<script type=\"application\/ld+json\" class=\"yoast-schema-graph\">{\"@context\":\"https:\\\/\\\/schema.org\",\"@graph\":[{\"@type\":\"WebPage\",\"@id\":\"https:\\\/\\\/levelprint.com.br\\\/categoria\\\/produto\\\/camisa-dia-dos-pais-te-amo-paizao\\\/\",\"url\":\"https:\\\/\\\/levelprint.com.br\\\/categoria\\\/produto\\\/camisa-dia-dos-pais-te-amo-paizao\\\/\",\"name\":\"Camisa Dia Dos Pais Te Amo Paiz\u00e3o - Level Print Gr\u00e1fica e Personalizados\",\"isPartOf\":{\"@id\":\"https:\\\/\\\/levelprint.com.br\\\/#website\"},\"primaryImageOfPage\":{\"@id\":\"https:\\\/\\\/levelprint.com.br\\\/categoria\\\/produto\\\/camisa-dia-dos-pais-te-amo-paizao\\\/#primaryimage\"},\"image\":{\"@id\":\"https:\\\/\\\/levelprint.com.br\\\/categoria\\\/produto\\\/camisa-dia-dos-pais-te-amo-paizao\\\/#primaryimage\"},\"thumbnailUrl\":\"https:\\\/\\\/levelprint.com.br\\\/wp-content\\\/uploads\\\/2021\\\/07\\\/Camisa-Dia-dos-Pais-Te-amo-Paiz\u00e3o-gravata-2.jpg\",\"datePublished\":\"2021-07-04T18:20:00+00:00\",\"dateModified\":\"2025-10-24T19:08:53+00:00\",\"description\":\"Camisa Mensagens Diversas feita em poli\u00e9ster com sublima\u00e7\u00e3o localizada possui alta qualidade e durabilidade, pois a estampa n\u00e3o sai na lavagem.\",\"breadcrumb\":{\"@id\":\"https:\\\/\\\/levelprint.com.br\\\/categoria\\\/produto\\\/camisa-dia-dos-pais-te-amo-paizao\\\/#breadcrumb\"},\"inLanguage\":\"pt-BR\",\"potentialAction\":[{\"@type\":\"ReadAction\",\"target\":[\"https:\\\/\\\/levelprint.com.br\\\/categoria\\\/produto\\\/camisa-dia-dos-pais-te-amo-paizao\\\/\"]}]},{\"@type\":\"ImageObject\",\"inLanguage\":\"pt-BR\",\"@id\":\"https:\\\/\\\/levelprint.com.br\\\/categoria\\\/produto\\\/camisa-dia-dos-pais-te-amo-paizao\\\/#primaryimage\",\"url\":\"https:\\\/\\\/levelprint.com.br\\\/wp-content\\\/uploads\\\/2021\\\/07\\\/Camisa-Dia-dos-Pais-Te-amo-Paiz\u00e3o-gravata-2.jpg\",\"contentUrl\":\"https:\\\/\\\/levelprint.com.br\\\/wp-content\\\/uploads\\\/2021\\\/07\\\/Camisa-Dia-dos-Pais-Te-amo-Paiz\u00e3o-gravata-2.jpg\",\"width\":800,\"height\":735},{\"@type\":\"BreadcrumbList\",\"@id\":\"https:\\\/\\\/levelprint.com.br\\\/categoria\\\/produto\\\/camisa-dia-dos-pais-te-amo-paizao\\\/#breadcrumb\",\"itemListElement\":[{\"@type\":\"ListItem\",\"position\":1,\"name\":\"In\u00edcio\",\"item\":\"https:\\\/\\\/levelprint.com.br\\\/\"},{\"@type\":\"ListItem\",\"position\":2,\"name\":\"Loja\",\"item\":\"https:\\\/\\\/levelprint.com.br\\\/pt\\\/loja\\\/\"},{\"@type\":\"ListItem\",\"position\":3,\"name\":\"Camisa Dia Dos Pais Te Amo Paiz\u00e3o\"}]},{\"@type\":\"WebSite\",\"@id\":\"https:\\\/\\\/levelprint.com.br\\\/#website\",\"url\":\"https:\\\/\\\/levelprint.com.br\\\/\",\"name\":\"Level Print Gr\u00e1fica em Alagoas | Banners, Crach\u00e1s, Canecas Personalizadas e Mais\",\"description\":\"L\u00edder em Gr\u00e1fica e Personalizados em Macei\u00f3\",\"publisher\":{\"@id\":\"https:\\\/\\\/levelprint.com.br\\\/#organization\"},\"alternateName\":\"Gr\u00e1fica em Macei\u00f3 - Level Print | Banners, Canecas, Crach\u00e1s, Cord\u00f5es Personalizados\",\"potentialAction\":[{\"@type\":\"SearchAction\",\"target\":{\"@type\":\"EntryPoint\",\"urlTemplate\":\"https:\\\/\\\/levelprint.com.br\\\/?s={search_term_string}\"},\"query-input\":{\"@type\":\"PropertyValueSpecification\",\"valueRequired\":true,\"valueName\":\"search_term_string\"}}],\"inLanguage\":\"pt-BR\"},{\"@type\":\"Organization\",\"@id\":\"https:\\\/\\\/levelprint.com.br\\\/#organization\",\"name\":\"Level Print Gr\u00e1fica e Personalizados LTDA.\",\"alternateName\":\"Level Print Gr\u00e1fica\",\"url\":\"https:\\\/\\\/levelprint.com.br\\\/\",\"logo\":{\"@type\":\"ImageObject\",\"inLanguage\":\"pt-BR\",\"@id\":\"https:\\\/\\\/levelprint.com.br\\\/#\\\/schema\\\/logo\\\/image\\\/\",\"url\":\"https:\\\/\\\/levelprint.com.br\\\/wp-content\\\/uploads\\\/2025\\\/07\\\/Logo-Level-Print-Grafica.webp\",\"contentUrl\":\"https:\\\/\\\/levelprint.com.br\\\/wp-content\\\/uploads\\\/2025\\\/07\\\/Logo-Level-Print-Grafica.webp\",\"width\":1176,\"height\":1176,\"caption\":\"Level Print Gr\u00e1fica e Personalizados LTDA.\"},\"image\":{\"@id\":\"https:\\\/\\\/levelprint.com.br\\\/#\\\/schema\\\/logo\\\/image\\\/\"},\"sameAs\":[\"https:\\\/\\\/www.facebook.com\\\/levelprintgrafica\",\"https:\\\/\\\/x.com\\\/levelprintbr\",\"https:\\\/\\\/instagram.com\\\/levelprintgrafica\",\"https:\\\/\\\/www.linkedin.com\\\/company\\\/levelprint\\\/\",\"https:\\\/\\\/br.pinterest.com\\\/simones6766\\\/_saved\\\/https:\\\/\\\/br.pinterest.com\\\/simones6766\\\/_saved\\\/\",\"https:\\\/\\\/www.youtube.com\\\/channel\\\/UC3fz7xDpzPqorul-xhH6lBg\"]}]}<\/script>\n<!-- \/ Yoast SEO plugin. -->","yoast_head_json":{"title":"Camisa Dia Dos Pais Te Amo Paiz\u00e3o - Level Print Gr\u00e1fica e Personalizados","description":"Camisa Mensagens Diversas feita em poli\u00e9ster com sublima\u00e7\u00e3o localizada possui alta qualidade e durabilidade, pois a estampa n\u00e3o sai na lavagem.","robots":{"index":"index","follow":"follow","max-snippet":"max-snippet:-1","max-image-preview":"max-image-preview:large","max-video-preview":"max-video-preview:-1"},"canonical":"https:\/\/levelprint.com.br\/pt\/categoria\/produto\/camisa-dia-dos-pais-te-amo-paizao\/","og_locale":"pt_BR","og_type":"article","og_title":"Camisa Dia Dos Pais Te Amo Paiz\u00e3o - Level Print Gr\u00e1fica e Personalizados","og_description":"Camisa Mensagens Diversas feita em poli\u00e9ster com sublima\u00e7\u00e3o localizada possui alta qualidade e durabilidade, pois a estampa n\u00e3o sai na lavagem.","og_url":"https:\/\/levelprint.com.br\/pt\/categoria\/produto\/camisa-dia-dos-pais-te-amo-paizao\/","og_site_name":"Level Print Gr\u00e1fica e Personalizados","article_publisher":"https:\/\/www.facebook.com\/levelprintgrafica","article_modified_time":"2025-10-24T19:08:53+00:00","og_image":[{"width":800,"height":735,"url":"https:\/\/levelprint.com.br\/wp-content\/uploads\/2021\/07\/Camisa-Dia-dos-Pais-Te-amo-Paiz\u00e3o-gravata-2.jpg","type":"image\/jpeg"}],"twitter_card":"summary_large_image","twitter_site":"@levelprintbr","schema":{"@context":"https:\/\/schema.org","@graph":[{"@type":"WebPage","@id":"https:\/\/levelprint.com.br\/categoria\/produto\/camisa-dia-dos-pais-te-amo-paizao\/","url":"https:\/\/levelprint.com.br\/categoria\/produto\/camisa-dia-dos-pais-te-amo-paizao\/","name":"Camisa Dia Dos Pais Te Amo Paiz\u00e3o - Level Print Gr\u00e1fica e Personalizados","isPartOf":{"@id":"https:\/\/levelprint.com.br\/#website"},"primaryImageOfPage":{"@id":"https:\/\/levelprint.com.br\/categoria\/produto\/camisa-dia-dos-pais-te-amo-paizao\/#primaryimage"},"image":{"@id":"https:\/\/levelprint.com.br\/categoria\/produto\/camisa-dia-dos-pais-te-amo-paizao\/#primaryimage"},"thumbnailUrl":"https:\/\/levelprint.com.br\/wp-content\/uploads\/2021\/07\/Camisa-Dia-dos-Pais-Te-amo-Paiz\u00e3o-gravata-2.jpg","datePublished":"2021-07-04T18:20:00+00:00","dateModified":"2025-10-24T19:08:53+00:00","description":"Camisa Mensagens Diversas feita em poli\u00e9ster com sublima\u00e7\u00e3o localizada possui alta qualidade e durabilidade, pois a estampa n\u00e3o sai na lavagem.","breadcrumb":{"@id":"https:\/\/levelprint.com.br\/categoria\/produto\/camisa-dia-dos-pais-te-amo-paizao\/#breadcrumb"},"inLanguage":"pt-BR","potentialAction":[{"@type":"ReadAction","target":["https:\/\/levelprint.com.br\/categoria\/produto\/camisa-dia-dos-pais-te-amo-paizao\/"]}]},{"@type":"ImageObject","inLanguage":"pt-BR","@id":"https:\/\/levelprint.com.br\/categoria\/produto\/camisa-dia-dos-pais-te-amo-paizao\/#primaryimage","url":"https:\/\/levelprint.com.br\/wp-content\/uploads\/2021\/07\/Camisa-Dia-dos-Pais-Te-amo-Paiz\u00e3o-gravata-2.jpg","contentUrl":"https:\/\/levelprint.com.br\/wp-content\/uploads\/2021\/07\/Camisa-Dia-dos-Pais-Te-amo-Paiz\u00e3o-gravata-2.jpg","width":800,"height":735},{"@type":"BreadcrumbList","@id":"https:\/\/levelprint.com.br\/categoria\/produto\/camisa-dia-dos-pais-te-amo-paizao\/#breadcrumb","itemListElement":[{"@type":"ListItem","position":1,"name":"In\u00edcio","item":"https:\/\/levelprint.com.br\/"},{"@type":"ListItem","position":2,"name":"Loja","item":"https:\/\/levelprint.com.br\/pt\/loja\/"},{"@type":"ListItem","position":3,"name":"Camisa Dia Dos Pais Te Amo Paiz\u00e3o"}]},{"@type":"WebSite","@id":"https:\/\/levelprint.com.br\/#website","url":"https:\/\/levelprint.com.br\/","name":"Level Print Gr\u00e1fica em Alagoas | Banners, Crach\u00e1s, Canecas Personalizadas e Mais","description":"L\u00edder em Gr\u00e1fica e Personalizados em Macei\u00f3","publisher":{"@id":"https:\/\/levelprint.com.br\/#organization"},"alternateName":"Gr\u00e1fica em Macei\u00f3 - Level Print | Banners, Canecas, Crach\u00e1s, Cord\u00f5es Personalizados","potentialAction":[{"@type":"SearchAction","target":{"@type":"EntryPoint","urlTemplate":"https:\/\/levelprint.com.br\/?s={search_term_string}"},"query-input":{"@type":"PropertyValueSpecification","valueRequired":true,"valueName":"search_term_string"}}],"inLanguage":"pt-BR"},{"@type":"Organization","@id":"https:\/\/levelprint.com.br\/#organization","name":"Level Print Gr\u00e1fica e Personalizados LTDA.","alternateName":"Level Print Gr\u00e1fica","url":"https:\/\/levelprint.com.br\/","logo":{"@type":"ImageObject","inLanguage":"pt-BR","@id":"https:\/\/levelprint.com.br\/#\/schema\/logo\/image\/","url":"https:\/\/levelprint.com.br\/wp-content\/uploads\/2025\/07\/Logo-Level-Print-Grafica.webp","contentUrl":"https:\/\/levelprint.com.br\/wp-content\/uploads\/2025\/07\/Logo-Level-Print-Grafica.webp","width":1176,"height":1176,"caption":"Level Print Gr\u00e1fica e Personalizados LTDA."},"image":{"@id":"https:\/\/levelprint.com.br\/#\/schema\/logo\/image\/"},"sameAs":["https:\/\/www.facebook.com\/levelprintgrafica","https:\/\/x.com\/levelprintbr","https:\/\/instagram.com\/levelprintgrafica","https:\/\/www.linkedin.com\/company\/levelprint\/","https:\/\/br.pinterest.com\/simones6766\/_saved\/https:\/\/br.pinterest.com\/simones6766\/_saved\/","https:\/\/www.youtube.com\/channel\/UC3fz7xDpzPqorul-xhH6lBg"]}]}},"_links":{"self":[{"href":"https:\/\/levelprint.com.br\/pt\/wp-json\/wp\/v2\/product\/43035","targetHints":{"allow":["GET"]}}],"collection":[{"href":"https:\/\/levelprint.com.br\/pt\/wp-json\/wp\/v2\/product"}],"about":[{"href":"https:\/\/levelprint.com.br\/pt\/wp-json\/wp\/v2\/types\/product"}],"wp:featuredmedia":[{"embeddable":true,"href":"https:\/\/levelprint.com.br\/pt\/wp-json\/wp\/v2\/media\/43020"}],"wp:attachment":[{"href":"https:\/\/levelprint.com.br\/pt\/wp-json\/wp\/v2\/media?parent=43035"}],"wp:term":[{"taxonomy":"product_brand","embeddable":true,"href":"https:\/\/levelprint.com.br\/pt\/wp-json\/wp\/v2\/product_brand?post=43035"},{"taxonomy":"product_cat","embeddable":true,"href":"https:\/\/levelprint.com.br\/pt\/wp-json\/wp\/v2\/product_cat?post=43035"},{"taxonomy":"product_tag","embeddable":true,"href":"https:\/\/levelprint.com.br\/pt\/wp-json\/wp\/v2\/product_tag?post=43035"}],"curies":[{"name":"wp","href":"https:\/\/api.w.org\/{rel}","templated":true}]}}