{"id":43800,"date":"2021-07-08T07:15:41","date_gmt":"2021-07-08T10:15:41","guid":{"rendered":"https:\/\/levelprint.com.br\/?post_type=product&#038;p=43800"},"modified":"2025-10-24T16:08:45","modified_gmt":"2025-10-24T19:08:45","slug":"caneca-cafe-na-medida-certa","status":"publish","type":"product","link":"https:\/\/levelprint.com.br\/pt\/categoria\/produto\/caneca-cafe-na-medida-certa\/","title":{"rendered":"Caneca Caf\u00e9  Na Medida Certa"},"content":{"rendered":"<h2>Caneca Caf\u00e9 Na Medida Certa<\/h2>\n<p>Caso queira personalizar algum nome na caneca, logo ap\u00f3s a compra, nos envie uma mensagem informando o nome a ser acrescentado.<\/p>\n<p><strong>Frequentemente, antes da produ\u00e7\u00e3o da caneca enviamos para aprova\u00e7\u00e3o.<\/strong><\/p>\n<p>Primeiramente, prezamos pela nossa qualidade, pois nosso cliente deve ficar sempre em primeiro lugar. Acima de tudo, cuidamos desde o processo de produ\u00e7\u00e3o at\u00e9 o envio enviando o produto em caixinhas de papel e embalagem individualmente.<\/p>\n<p><strong>Especifica\u00e7\u00f5es:<\/strong><\/p>\n<ul>\n<li>Capacidade: 320ml<\/li>\n<li>Material: Porcelana AAA<\/li>\n<li>De ante m\u00e3o, as cores da arte podem variar de acordo com seu monitor.<\/li>\n<\/ul>\n<p><strong>Conserva\u00e7\u00e3o:<\/strong><br \/>\nEm primeiro lugar, evite quedas\/impactos, utilizar materiais \u00e1speros e\/ou produtos qu\u00edmicos muito forte para conservar por mais tempo.<\/p>\n<h3>Veja tamb\u00e9m<\/h3>\n<ul>\n<li><a href=\"https:\/\/levelprint.com.br\/produto\/caneca-namorados-001-quero-bis-de-voce\/\">Caneca Namorados 001 &#8211; Quero Bis de Voc\u00ea<\/a><\/li>\n<li><a href=\"https:\/\/levelprint.com.br\/produto\/caneca-namorados-002-sua-presenca-serenata-de-amor\/\">Caneca 002 &#8211; Sua presen\u00e7a vale mais que uma Serenata de Amor<\/a><\/li>\n<li><a href=\"https:\/\/levelprint.com.br\/produto\/caneca-namorados-003-talento-com-foto\/\">Dia dos Namorados 003 &#8211; Talento com Foto<\/a><\/li>\n<\/ul>\n<p>Instagram em <a href=\"https:\/\/www.instagram.com.br\/levelprintpersonalizados\">@levelprintpersonalizados<\/a><\/p>\n","protected":false},"excerpt":{"rendered":"<h2>Caneca Caf\u00e9 Na Medida Certa<\/h2>\n<p><strong>Especifica\u00e7\u00f5es:<\/strong><\/p>\n<ul>\n<li>Capacidade: 320ml<\/li>\n<li>Material: Porcelana AAA<\/li>\n<li>As cores da imagem podem variar de acordo com cada monitor.<\/li>\n<\/ul>\n<h3>Veja tamb\u00e9m<\/h3>\n<ul>\n<li><a href=\"https:\/\/levelprint.com.br\/produto\/caneca-namorados-004-love-love\/\">Caneca Namorados 004 Love Love<\/a><\/li>\n<li><a href=\"https:\/\/levelprint.com.br\/produto\/caneca-namorados-002-sua-presenca-serenata-de-amor\/\">Caneca 002 &#8211; Sua presen\u00e7a vale mais que uma Serenata de Amor<\/a><\/li>\n<li><a href=\"https:\/\/levelprint.com.br\/produto\/caneca-namorados-003-talento-com-foto\/\">Dia dos Namorados 003 &#8211; Talento com Foto<\/a><\/li>\n<\/ul>\n","protected":false},"featured_media":43516,"template":"","meta":[],"product_brand":[],"product_cat":[56,207],"product_tag":[449,445,347,242,241,450],"class_list":{"0":"post-43800","1":"product","2":"type-product","3":"status-publish","4":"has-post-thumbnail","6":"product_cat-canecas-porcelana","7":"product_cat-humor","8":"product_tag-cafe","9":"product_tag-canecapersonalizada","10":"product_tag-frases","11":"product_tag-level-print","12":"product_tag-produtos-personalizados","13":"product_tag-resenhas","15":"first","16":"instock","17":"sale","18":"featured","19":"taxable","20":"shipping-taxable","21":"purchasable","22":"product-type-simple"},"yoast_head":"<!-- This site is optimized with the Yoast SEO plugin v27.4 - https:\/\/yoast.com\/product\/yoast-seo-wordpress\/ -->\n<title>Caneca Namorados Snoopy Love #011 - Level Print<\/title>\n<meta name=\"description\" content=\"Com a Caneca Namorados Snoopy Love #011, voc\u00ea ter\u00e1 uma arte \u00fanica, ideal para mostrar seu amor para algu\u00e9m, marcando sua hist\u00f3ria para sempre.\" \/>\n<meta name=\"robots\" content=\"index, follow, max-snippet:-1, max-image-preview:large, max-video-preview:-1\" \/>\n<link rel=\"canonical\" href=\"https:\/\/levelprint.com.br\/pt\/categoria\/produto\/caneca-cafe-na-medida-certa\/\" \/>\n<meta property=\"og:locale\" content=\"pt_BR\" \/>\n<meta property=\"og:type\" content=\"article\" \/>\n<meta property=\"og:title\" content=\"Caneca Namorados 005 Especial com foto\" \/>\n<meta property=\"og:description\" content=\"Com a Caneca Namorados Snoopy Love #011, voc\u00ea ter\u00e1 uma arte \u00fanica, ideal para mostrar seu amor para algu\u00e9m, marcando sua hist\u00f3ria para sempre.\" \/>\n<meta property=\"og:url\" content=\"https:\/\/levelprint.com.br\/pt\/categoria\/produto\/caneca-cafe-na-medida-certa\/\" \/>\n<meta property=\"og:site_name\" content=\"Level Print Gr\u00e1fica e Personalizados\" \/>\n<meta property=\"article:publisher\" content=\"https:\/\/www.facebook.com\/levelprintgrafica\" \/>\n<meta property=\"article:modified_time\" content=\"2025-10-24T19:08:45+00:00\" \/>\n<meta property=\"og:image\" content=\"https:\/\/levelprint.com.br\/wp-content\/uploads\/2020\/05\/Caneca-Br-Love-Dia-dos-Namorados3.jpg\" \/>\n\t<meta property=\"og:image:width\" content=\"659\" \/>\n\t<meta property=\"og:image:height\" content=\"531\" \/>\n\t<meta property=\"og:image:type\" content=\"image\/jpeg\" \/>\n<meta name=\"twitter:card\" content=\"summary_large_image\" \/>\n<meta name=\"twitter:site\" content=\"@levelprintbr\" \/>\n<meta name=\"twitter:label1\" content=\"Est. tempo de leitura\" \/>\n\t<meta name=\"twitter:data1\" content=\"1 minuto\" \/>\n<script type=\"application\/ld+json\" class=\"yoast-schema-graph\">{\"@context\":\"https:\\\/\\\/schema.org\",\"@graph\":[{\"@type\":\"WebPage\",\"@id\":\"https:\\\/\\\/levelprint.com.br\\\/categoria\\\/produto\\\/caneca-cafe-na-medida-certa\\\/\",\"url\":\"https:\\\/\\\/levelprint.com.br\\\/categoria\\\/produto\\\/caneca-cafe-na-medida-certa\\\/\",\"name\":\"Caneca Namorados Snoopy Love #011 - Level Print\",\"isPartOf\":{\"@id\":\"https:\\\/\\\/levelprint.com.br\\\/#website\"},\"primaryImageOfPage\":{\"@id\":\"https:\\\/\\\/levelprint.com.br\\\/categoria\\\/produto\\\/caneca-cafe-na-medida-certa\\\/#primaryimage\"},\"image\":{\"@id\":\"https:\\\/\\\/levelprint.com.br\\\/categoria\\\/produto\\\/caneca-cafe-na-medida-certa\\\/#primaryimage\"},\"thumbnailUrl\":\"https:\\\/\\\/levelprint.com.br\\\/wp-content\\\/uploads\\\/2021\\\/07\\\/Caneca-Caf\u00e9-na-Medida-Certa2.jpg\",\"datePublished\":\"2021-07-08T10:15:41+00:00\",\"dateModified\":\"2025-10-24T19:08:45+00:00\",\"description\":\"Com a Caneca Namorados Snoopy Love #011, voc\u00ea ter\u00e1 uma arte \u00fanica, ideal para mostrar seu amor para algu\u00e9m, marcando sua hist\u00f3ria para sempre.\",\"breadcrumb\":{\"@id\":\"https:\\\/\\\/levelprint.com.br\\\/categoria\\\/produto\\\/caneca-cafe-na-medida-certa\\\/#breadcrumb\"},\"inLanguage\":\"pt-BR\",\"potentialAction\":[{\"@type\":\"ReadAction\",\"target\":[\"https:\\\/\\\/levelprint.com.br\\\/categoria\\\/produto\\\/caneca-cafe-na-medida-certa\\\/\"]}]},{\"@type\":\"ImageObject\",\"inLanguage\":\"pt-BR\",\"@id\":\"https:\\\/\\\/levelprint.com.br\\\/categoria\\\/produto\\\/caneca-cafe-na-medida-certa\\\/#primaryimage\",\"url\":\"https:\\\/\\\/levelprint.com.br\\\/wp-content\\\/uploads\\\/2021\\\/07\\\/Caneca-Caf\u00e9-na-Medida-Certa2.jpg\",\"contentUrl\":\"https:\\\/\\\/levelprint.com.br\\\/wp-content\\\/uploads\\\/2021\\\/07\\\/Caneca-Caf\u00e9-na-Medida-Certa2.jpg\",\"width\":800,\"height\":800},{\"@type\":\"BreadcrumbList\",\"@id\":\"https:\\\/\\\/levelprint.com.br\\\/categoria\\\/produto\\\/caneca-cafe-na-medida-certa\\\/#breadcrumb\",\"itemListElement\":[{\"@type\":\"ListItem\",\"position\":1,\"name\":\"In\u00edcio\",\"item\":\"https:\\\/\\\/levelprint.com.br\\\/\"},{\"@type\":\"ListItem\",\"position\":2,\"name\":\"Loja\",\"item\":\"https:\\\/\\\/levelprint.com.br\\\/pt\\\/loja\\\/\"},{\"@type\":\"ListItem\",\"position\":3,\"name\":\"Caneca Caf\u00e9 Na Medida Certa\"}]},{\"@type\":\"WebSite\",\"@id\":\"https:\\\/\\\/levelprint.com.br\\\/#website\",\"url\":\"https:\\\/\\\/levelprint.com.br\\\/\",\"name\":\"Level Print Gr\u00e1fica em Alagoas | Banners, Crach\u00e1s, Canecas Personalizadas e Mais\",\"description\":\"L\u00edder em Gr\u00e1fica e Personalizados em Macei\u00f3\",\"publisher\":{\"@id\":\"https:\\\/\\\/levelprint.com.br\\\/#organization\"},\"alternateName\":\"Gr\u00e1fica em Macei\u00f3 - Level Print | Banners, Canecas, Crach\u00e1s, Cord\u00f5es Personalizados\",\"potentialAction\":[{\"@type\":\"SearchAction\",\"target\":{\"@type\":\"EntryPoint\",\"urlTemplate\":\"https:\\\/\\\/levelprint.com.br\\\/?s={search_term_string}\"},\"query-input\":{\"@type\":\"PropertyValueSpecification\",\"valueRequired\":true,\"valueName\":\"search_term_string\"}}],\"inLanguage\":\"pt-BR\"},{\"@type\":\"Organization\",\"@id\":\"https:\\\/\\\/levelprint.com.br\\\/#organization\",\"name\":\"Level Print Gr\u00e1fica e Personalizados LTDA.\",\"alternateName\":\"Level Print Gr\u00e1fica\",\"url\":\"https:\\\/\\\/levelprint.com.br\\\/\",\"logo\":{\"@type\":\"ImageObject\",\"inLanguage\":\"pt-BR\",\"@id\":\"https:\\\/\\\/levelprint.com.br\\\/#\\\/schema\\\/logo\\\/image\\\/\",\"url\":\"https:\\\/\\\/levelprint.com.br\\\/wp-content\\\/uploads\\\/2025\\\/07\\\/Logo-Level-Print-Grafica.webp\",\"contentUrl\":\"https:\\\/\\\/levelprint.com.br\\\/wp-content\\\/uploads\\\/2025\\\/07\\\/Logo-Level-Print-Grafica.webp\",\"width\":1176,\"height\":1176,\"caption\":\"Level Print Gr\u00e1fica e Personalizados LTDA.\"},\"image\":{\"@id\":\"https:\\\/\\\/levelprint.com.br\\\/#\\\/schema\\\/logo\\\/image\\\/\"},\"sameAs\":[\"https:\\\/\\\/www.facebook.com\\\/levelprintgrafica\",\"https:\\\/\\\/x.com\\\/levelprintbr\",\"https:\\\/\\\/instagram.com\\\/levelprintgrafica\",\"https:\\\/\\\/www.linkedin.com\\\/company\\\/levelprint\\\/\",\"https:\\\/\\\/br.pinterest.com\\\/simones6766\\\/_saved\\\/https:\\\/\\\/br.pinterest.com\\\/simones6766\\\/_saved\\\/\",\"https:\\\/\\\/www.youtube.com\\\/channel\\\/UC3fz7xDpzPqorul-xhH6lBg\"]}]}<\/script>\n<!-- \/ Yoast SEO plugin. -->","yoast_head_json":{"title":"Caneca Namorados Snoopy Love #011 - Level Print","description":"Com a Caneca Namorados Snoopy Love #011, voc\u00ea ter\u00e1 uma arte \u00fanica, ideal para mostrar seu amor para algu\u00e9m, marcando sua hist\u00f3ria para sempre.","robots":{"index":"index","follow":"follow","max-snippet":"max-snippet:-1","max-image-preview":"max-image-preview:large","max-video-preview":"max-video-preview:-1"},"canonical":"https:\/\/levelprint.com.br\/pt\/categoria\/produto\/caneca-cafe-na-medida-certa\/","og_locale":"pt_BR","og_type":"article","og_title":"Caneca Namorados 005 Especial com foto","og_description":"Com a Caneca Namorados Snoopy Love #011, voc\u00ea ter\u00e1 uma arte \u00fanica, ideal para mostrar seu amor para algu\u00e9m, marcando sua hist\u00f3ria para sempre.","og_url":"https:\/\/levelprint.com.br\/pt\/categoria\/produto\/caneca-cafe-na-medida-certa\/","og_site_name":"Level Print Gr\u00e1fica e Personalizados","article_publisher":"https:\/\/www.facebook.com\/levelprintgrafica","article_modified_time":"2025-10-24T19:08:45+00:00","og_image":[{"width":659,"height":531,"url":"https:\/\/levelprint.com.br\/wp-content\/uploads\/2020\/05\/Caneca-Br-Love-Dia-dos-Namorados3.jpg","type":"image\/jpeg"}],"twitter_card":"summary_large_image","twitter_site":"@levelprintbr","twitter_misc":{"Est. tempo de leitura":"1 minuto"},"schema":{"@context":"https:\/\/schema.org","@graph":[{"@type":"WebPage","@id":"https:\/\/levelprint.com.br\/categoria\/produto\/caneca-cafe-na-medida-certa\/","url":"https:\/\/levelprint.com.br\/categoria\/produto\/caneca-cafe-na-medida-certa\/","name":"Caneca Namorados Snoopy Love #011 - Level Print","isPartOf":{"@id":"https:\/\/levelprint.com.br\/#website"},"primaryImageOfPage":{"@id":"https:\/\/levelprint.com.br\/categoria\/produto\/caneca-cafe-na-medida-certa\/#primaryimage"},"image":{"@id":"https:\/\/levelprint.com.br\/categoria\/produto\/caneca-cafe-na-medida-certa\/#primaryimage"},"thumbnailUrl":"https:\/\/levelprint.com.br\/wp-content\/uploads\/2021\/07\/Caneca-Caf\u00e9-na-Medida-Certa2.jpg","datePublished":"2021-07-08T10:15:41+00:00","dateModified":"2025-10-24T19:08:45+00:00","description":"Com a Caneca Namorados Snoopy Love #011, voc\u00ea ter\u00e1 uma arte \u00fanica, ideal para mostrar seu amor para algu\u00e9m, marcando sua hist\u00f3ria para sempre.","breadcrumb":{"@id":"https:\/\/levelprint.com.br\/categoria\/produto\/caneca-cafe-na-medida-certa\/#breadcrumb"},"inLanguage":"pt-BR","potentialAction":[{"@type":"ReadAction","target":["https:\/\/levelprint.com.br\/categoria\/produto\/caneca-cafe-na-medida-certa\/"]}]},{"@type":"ImageObject","inLanguage":"pt-BR","@id":"https:\/\/levelprint.com.br\/categoria\/produto\/caneca-cafe-na-medida-certa\/#primaryimage","url":"https:\/\/levelprint.com.br\/wp-content\/uploads\/2021\/07\/Caneca-Caf\u00e9-na-Medida-Certa2.jpg","contentUrl":"https:\/\/levelprint.com.br\/wp-content\/uploads\/2021\/07\/Caneca-Caf\u00e9-na-Medida-Certa2.jpg","width":800,"height":800},{"@type":"BreadcrumbList","@id":"https:\/\/levelprint.com.br\/categoria\/produto\/caneca-cafe-na-medida-certa\/#breadcrumb","itemListElement":[{"@type":"ListItem","position":1,"name":"In\u00edcio","item":"https:\/\/levelprint.com.br\/"},{"@type":"ListItem","position":2,"name":"Loja","item":"https:\/\/levelprint.com.br\/pt\/loja\/"},{"@type":"ListItem","position":3,"name":"Caneca Caf\u00e9 Na Medida Certa"}]},{"@type":"WebSite","@id":"https:\/\/levelprint.com.br\/#website","url":"https:\/\/levelprint.com.br\/","name":"Level Print Gr\u00e1fica em Alagoas | Banners, Crach\u00e1s, Canecas Personalizadas e Mais","description":"L\u00edder em Gr\u00e1fica e Personalizados em Macei\u00f3","publisher":{"@id":"https:\/\/levelprint.com.br\/#organization"},"alternateName":"Gr\u00e1fica em Macei\u00f3 - Level Print | Banners, Canecas, Crach\u00e1s, Cord\u00f5es Personalizados","potentialAction":[{"@type":"SearchAction","target":{"@type":"EntryPoint","urlTemplate":"https:\/\/levelprint.com.br\/?s={search_term_string}"},"query-input":{"@type":"PropertyValueSpecification","valueRequired":true,"valueName":"search_term_string"}}],"inLanguage":"pt-BR"},{"@type":"Organization","@id":"https:\/\/levelprint.com.br\/#organization","name":"Level Print Gr\u00e1fica e Personalizados LTDA.","alternateName":"Level Print Gr\u00e1fica","url":"https:\/\/levelprint.com.br\/","logo":{"@type":"ImageObject","inLanguage":"pt-BR","@id":"https:\/\/levelprint.com.br\/#\/schema\/logo\/image\/","url":"https:\/\/levelprint.com.br\/wp-content\/uploads\/2025\/07\/Logo-Level-Print-Grafica.webp","contentUrl":"https:\/\/levelprint.com.br\/wp-content\/uploads\/2025\/07\/Logo-Level-Print-Grafica.webp","width":1176,"height":1176,"caption":"Level Print Gr\u00e1fica e Personalizados LTDA."},"image":{"@id":"https:\/\/levelprint.com.br\/#\/schema\/logo\/image\/"},"sameAs":["https:\/\/www.facebook.com\/levelprintgrafica","https:\/\/x.com\/levelprintbr","https:\/\/instagram.com\/levelprintgrafica","https:\/\/www.linkedin.com\/company\/levelprint\/","https:\/\/br.pinterest.com\/simones6766\/_saved\/https:\/\/br.pinterest.com\/simones6766\/_saved\/","https:\/\/www.youtube.com\/channel\/UC3fz7xDpzPqorul-xhH6lBg"]}]}},"_links":{"self":[{"href":"https:\/\/levelprint.com.br\/pt\/wp-json\/wp\/v2\/product\/43800","targetHints":{"allow":["GET"]}}],"collection":[{"href":"https:\/\/levelprint.com.br\/pt\/wp-json\/wp\/v2\/product"}],"about":[{"href":"https:\/\/levelprint.com.br\/pt\/wp-json\/wp\/v2\/types\/product"}],"wp:featuredmedia":[{"embeddable":true,"href":"https:\/\/levelprint.com.br\/pt\/wp-json\/wp\/v2\/media\/43516"}],"wp:attachment":[{"href":"https:\/\/levelprint.com.br\/pt\/wp-json\/wp\/v2\/media?parent=43800"}],"wp:term":[{"taxonomy":"product_brand","embeddable":true,"href":"https:\/\/levelprint.com.br\/pt\/wp-json\/wp\/v2\/product_brand?post=43800"},{"taxonomy":"product_cat","embeddable":true,"href":"https:\/\/levelprint.com.br\/pt\/wp-json\/wp\/v2\/product_cat?post=43800"},{"taxonomy":"product_tag","embeddable":true,"href":"https:\/\/levelprint.com.br\/pt\/wp-json\/wp\/v2\/product_tag?post=43800"}],"curies":[{"name":"wp","href":"https:\/\/api.w.org\/{rel}","templated":true}]}}