{"id":56563,"date":"2021-09-19T08:59:21","date_gmt":"2021-09-19T11:59:21","guid":{"rendered":"https:\/\/levelprint.com.br\/?post_type=product&#038;p=56563"},"modified":"2025-10-24T16:08:43","modified_gmt":"2025-10-24T19:08:43","slug":"caneca-aluminio-bebidas-heineken","status":"publish","type":"product","link":"https:\/\/levelprint.com.br\/pt\/categoria\/produto\/caneca-aluminio-bebidas-heineken\/","title":{"rendered":"Caneca Alum\u00ednio"},"content":{"rendered":"<h2>Caneca Alum\u00ednio<\/h2>\n<p>Caso queira personalizar algum nome na caneca, logo ap\u00f3s a compra, nos envie uma mensagem informando o nome a ser acrescentado.<\/p>\n<p><strong>Frequentemente, antes da produ\u00e7\u00e3o da caneca enviamos para aprova\u00e7\u00e3o.<\/strong><\/p>\n<p>Primeiramente, prezamos pela nossa qualidade, pois nosso cliente deve ficar sempre em primeiro lugar. Acima de tudo, cuidamos desde o processo de produ\u00e7\u00e3o at\u00e9 o envio enviando o produto em embalagem individualmente.<\/p>\n<p><strong>Especifica\u00e7\u00f5es:<\/strong><\/p>\n<ul>\n<li>Capacidade: 450ml<\/li>\n<li>Material: Alum\u00ednio<\/li>\n<li>De ante m\u00e3o, as cores da arte podem variar de acordo com seu monitor.<\/li>\n<\/ul>\n<p><strong>Conserva\u00e7\u00e3o:<\/strong><br \/>\nEm primeiro lugar, evite utilizar materiais \u00e1speros e\/ou produtos qu\u00edmicos muito forte para conservar por mais tempo.<\/p>\n<p>&nbsp;<\/p>\n","protected":false},"excerpt":{"rendered":"<h2>Caneca Alum\u00ednio<\/h2>\n<p><strong>Especifica\u00e7\u00f5es:<\/strong><\/p>\n<ul>\n<li>Capacidade: 450ml<\/li>\n<li>Material: Alum\u00ednio<\/li>\n<li>As cores da imagem podem variar de acordo com cada monitor.<\/li>\n<\/ul>\n","protected":false},"featured_media":74717,"template":"","meta":[],"product_brand":[],"product_cat":[201,498,494,184,192,197,217,245,129,205,555,173],"product_tag":[511,519,55,510,520,242,241],"class_list":{"0":"post-56563","1":"product","2":"type-product","3":"status-publish","4":"has-post-thumbnail","6":"product_cat-aniversario","7":"product_cat-canecas","8":"product_cat-canecas-aluminio","9":"product_cat-casamento","10":"product_cat-dia-da-mulher","11":"product_cat-dia-das-criancas","12":"product_cat-dia-do-estudante","13":"product_cat-dia-do-rock","14":"product_cat-namorados","15":"product_cat-formatura","16":"product_cat-personalizados","17":"product_cat-times-de-futebol","18":"product_tag-aluminio","19":"product_tag-bebidas","20":"product_tag-caneca","21":"product_tag-canecaaluminio","22":"product_tag-heineken","23":"product_tag-level-print","24":"product_tag-produtos-personalizados","26":"first","27":"instock","28":"featured","29":"taxable","30":"shipping-taxable","31":"purchasable","32":"product-type-simple"},"yoast_head":"<!-- This site is optimized with the Yoast SEO plugin v27.3 - https:\/\/yoast.com\/product\/yoast-seo-wordpress\/ -->\n<title>Caneca Alum\u00ednio Bebidas Heineken Level Print Personalizados<\/title>\n<meta name=\"description\" content=\"Com a Caneca Alum\u00ednio Personalizado Bebida Heineken da Level Print Personalizados, voc\u00ea ter\u00e1 uma arte \u00fanica, ideal para amantes e colecionadores.\" \/>\n<meta name=\"robots\" content=\"index, follow, max-snippet:-1, max-image-preview:large, max-video-preview:-1\" \/>\n<link rel=\"canonical\" href=\"https:\/\/levelprint.com.br\/pt\/categoria\/produto\/caneca-aluminio-bebidas-heineken\/\" \/>\n<meta property=\"og:locale\" content=\"pt_BR\" \/>\n<meta property=\"og:type\" content=\"article\" \/>\n<meta property=\"og:title\" content=\"Caneca Namorados 005 Especial com foto\" \/>\n<meta property=\"og:description\" content=\"Com a Caneca Alum\u00ednio Personalizado Bebida Heineken da Level Print Personalizados, voc\u00ea ter\u00e1 uma arte \u00fanica, ideal para amantes e colecionadores.\" \/>\n<meta property=\"og:url\" content=\"https:\/\/levelprint.com.br\/pt\/categoria\/produto\/caneca-aluminio-bebidas-heineken\/\" \/>\n<meta property=\"og:site_name\" content=\"Level Print Gr\u00e1fica e Personalizados\" \/>\n<meta property=\"article:publisher\" content=\"https:\/\/www.facebook.com\/levelprintgrafica\" \/>\n<meta property=\"article:modified_time\" content=\"2025-10-24T19:08:43+00:00\" \/>\n<meta property=\"og:image\" content=\"https:\/\/levelprint.com.br\/wp-content\/uploads\/2020\/05\/Caneca-Br-Love-Dia-dos-Namorados3.jpg\" \/>\n\t<meta property=\"og:image:width\" content=\"659\" \/>\n\t<meta property=\"og:image:height\" content=\"531\" \/>\n\t<meta property=\"og:image:type\" content=\"image\/jpeg\" \/>\n<meta name=\"twitter:card\" content=\"summary_large_image\" \/>\n<meta name=\"twitter:site\" content=\"@levelprintbr\" \/>\n<meta name=\"twitter:label1\" content=\"Est. tempo de leitura\" \/>\n\t<meta name=\"twitter:data1\" content=\"1 minuto\" \/>\n<script type=\"application\/ld+json\" class=\"yoast-schema-graph\">{\"@context\":\"https:\\\/\\\/schema.org\",\"@graph\":[{\"@type\":\"WebPage\",\"@id\":\"https:\\\/\\\/levelprint.com.br\\\/categoria\\\/produto\\\/caneca-aluminio-bebidas-heineken\\\/\",\"url\":\"https:\\\/\\\/levelprint.com.br\\\/categoria\\\/produto\\\/caneca-aluminio-bebidas-heineken\\\/\",\"name\":\"Caneca Alum\u00ednio Bebidas Heineken Level Print Personalizados\",\"isPartOf\":{\"@id\":\"https:\\\/\\\/levelprint.com.br\\\/#website\"},\"primaryImageOfPage\":{\"@id\":\"https:\\\/\\\/levelprint.com.br\\\/categoria\\\/produto\\\/caneca-aluminio-bebidas-heineken\\\/#primaryimage\"},\"image\":{\"@id\":\"https:\\\/\\\/levelprint.com.br\\\/categoria\\\/produto\\\/caneca-aluminio-bebidas-heineken\\\/#primaryimage\"},\"thumbnailUrl\":\"https:\\\/\\\/levelprint.com.br\\\/wp-content\\\/uploads\\\/2021\\\/09\\\/caneca-aluminio.jpg\",\"datePublished\":\"2021-09-19T11:59:21+00:00\",\"dateModified\":\"2025-10-24T19:08:43+00:00\",\"description\":\"Com a Caneca Alum\u00ednio Personalizado Bebida Heineken da Level Print Personalizados, voc\u00ea ter\u00e1 uma arte \u00fanica, ideal para amantes e colecionadores.\",\"breadcrumb\":{\"@id\":\"https:\\\/\\\/levelprint.com.br\\\/categoria\\\/produto\\\/caneca-aluminio-bebidas-heineken\\\/#breadcrumb\"},\"inLanguage\":\"pt-BR\",\"potentialAction\":[{\"@type\":\"ReadAction\",\"target\":[\"https:\\\/\\\/levelprint.com.br\\\/categoria\\\/produto\\\/caneca-aluminio-bebidas-heineken\\\/\"]}]},{\"@type\":\"ImageObject\",\"inLanguage\":\"pt-BR\",\"@id\":\"https:\\\/\\\/levelprint.com.br\\\/categoria\\\/produto\\\/caneca-aluminio-bebidas-heineken\\\/#primaryimage\",\"url\":\"https:\\\/\\\/levelprint.com.br\\\/wp-content\\\/uploads\\\/2021\\\/09\\\/caneca-aluminio.jpg\",\"contentUrl\":\"https:\\\/\\\/levelprint.com.br\\\/wp-content\\\/uploads\\\/2021\\\/09\\\/caneca-aluminio.jpg\",\"width\":992,\"height\":992},{\"@type\":\"BreadcrumbList\",\"@id\":\"https:\\\/\\\/levelprint.com.br\\\/categoria\\\/produto\\\/caneca-aluminio-bebidas-heineken\\\/#breadcrumb\",\"itemListElement\":[{\"@type\":\"ListItem\",\"position\":1,\"name\":\"In\u00edcio\",\"item\":\"https:\\\/\\\/levelprint.com.br\\\/\"},{\"@type\":\"ListItem\",\"position\":2,\"name\":\"Loja\",\"item\":\"https:\\\/\\\/levelprint.com.br\\\/pt\\\/loja\\\/\"},{\"@type\":\"ListItem\",\"position\":3,\"name\":\"Caneca Alum\u00ednio\"}]},{\"@type\":\"WebSite\",\"@id\":\"https:\\\/\\\/levelprint.com.br\\\/#website\",\"url\":\"https:\\\/\\\/levelprint.com.br\\\/\",\"name\":\"Level Print Gr\u00e1fica em Alagoas | Banners, Crach\u00e1s, Canecas Personalizadas e Mais\",\"description\":\"L\u00edder em Gr\u00e1fica e Personalizados em Macei\u00f3\",\"publisher\":{\"@id\":\"https:\\\/\\\/levelprint.com.br\\\/#organization\"},\"alternateName\":\"Gr\u00e1fica em Macei\u00f3 - Level Print | Banners, Canecas, Crach\u00e1s, Cord\u00f5es Personalizados\",\"potentialAction\":[{\"@type\":\"SearchAction\",\"target\":{\"@type\":\"EntryPoint\",\"urlTemplate\":\"https:\\\/\\\/levelprint.com.br\\\/?s={search_term_string}\"},\"query-input\":{\"@type\":\"PropertyValueSpecification\",\"valueRequired\":true,\"valueName\":\"search_term_string\"}}],\"inLanguage\":\"pt-BR\"},{\"@type\":\"Organization\",\"@id\":\"https:\\\/\\\/levelprint.com.br\\\/#organization\",\"name\":\"Level Print Gr\u00e1fica e Personalizados LTDA.\",\"alternateName\":\"Level Print Gr\u00e1fica\",\"url\":\"https:\\\/\\\/levelprint.com.br\\\/\",\"logo\":{\"@type\":\"ImageObject\",\"inLanguage\":\"pt-BR\",\"@id\":\"https:\\\/\\\/levelprint.com.br\\\/#\\\/schema\\\/logo\\\/image\\\/\",\"url\":\"https:\\\/\\\/levelprint.com.br\\\/wp-content\\\/uploads\\\/2025\\\/07\\\/Logo-Level-Print-Grafica.webp\",\"contentUrl\":\"https:\\\/\\\/levelprint.com.br\\\/wp-content\\\/uploads\\\/2025\\\/07\\\/Logo-Level-Print-Grafica.webp\",\"width\":1176,\"height\":1176,\"caption\":\"Level Print Gr\u00e1fica e Personalizados LTDA.\"},\"image\":{\"@id\":\"https:\\\/\\\/levelprint.com.br\\\/#\\\/schema\\\/logo\\\/image\\\/\"},\"sameAs\":[\"https:\\\/\\\/www.facebook.com\\\/levelprintgrafica\",\"https:\\\/\\\/x.com\\\/levelprintbr\",\"https:\\\/\\\/instagram.com\\\/levelprintgrafica\",\"https:\\\/\\\/www.linkedin.com\\\/company\\\/levelprint\\\/\",\"https:\\\/\\\/br.pinterest.com\\\/simones6766\\\/_saved\\\/https:\\\/\\\/br.pinterest.com\\\/simones6766\\\/_saved\\\/\",\"https:\\\/\\\/www.youtube.com\\\/channel\\\/UC3fz7xDpzPqorul-xhH6lBg\"]}]}<\/script>\n<!-- \/ Yoast SEO plugin. -->","yoast_head_json":{"title":"Caneca Alum\u00ednio Bebidas Heineken Level Print Personalizados","description":"Com a Caneca Alum\u00ednio Personalizado Bebida Heineken da Level Print Personalizados, voc\u00ea ter\u00e1 uma arte \u00fanica, ideal para amantes e colecionadores.","robots":{"index":"index","follow":"follow","max-snippet":"max-snippet:-1","max-image-preview":"max-image-preview:large","max-video-preview":"max-video-preview:-1"},"canonical":"https:\/\/levelprint.com.br\/pt\/categoria\/produto\/caneca-aluminio-bebidas-heineken\/","og_locale":"pt_BR","og_type":"article","og_title":"Caneca Namorados 005 Especial com foto","og_description":"Com a Caneca Alum\u00ednio Personalizado Bebida Heineken da Level Print Personalizados, voc\u00ea ter\u00e1 uma arte \u00fanica, ideal para amantes e colecionadores.","og_url":"https:\/\/levelprint.com.br\/pt\/categoria\/produto\/caneca-aluminio-bebidas-heineken\/","og_site_name":"Level Print Gr\u00e1fica e Personalizados","article_publisher":"https:\/\/www.facebook.com\/levelprintgrafica","article_modified_time":"2025-10-24T19:08:43+00:00","og_image":[{"width":659,"height":531,"url":"https:\/\/levelprint.com.br\/wp-content\/uploads\/2020\/05\/Caneca-Br-Love-Dia-dos-Namorados3.jpg","type":"image\/jpeg"}],"twitter_card":"summary_large_image","twitter_site":"@levelprintbr","twitter_misc":{"Est. tempo de leitura":"1 minuto"},"schema":{"@context":"https:\/\/schema.org","@graph":[{"@type":"WebPage","@id":"https:\/\/levelprint.com.br\/categoria\/produto\/caneca-aluminio-bebidas-heineken\/","url":"https:\/\/levelprint.com.br\/categoria\/produto\/caneca-aluminio-bebidas-heineken\/","name":"Caneca Alum\u00ednio Bebidas Heineken Level Print Personalizados","isPartOf":{"@id":"https:\/\/levelprint.com.br\/#website"},"primaryImageOfPage":{"@id":"https:\/\/levelprint.com.br\/categoria\/produto\/caneca-aluminio-bebidas-heineken\/#primaryimage"},"image":{"@id":"https:\/\/levelprint.com.br\/categoria\/produto\/caneca-aluminio-bebidas-heineken\/#primaryimage"},"thumbnailUrl":"https:\/\/levelprint.com.br\/wp-content\/uploads\/2021\/09\/caneca-aluminio.jpg","datePublished":"2021-09-19T11:59:21+00:00","dateModified":"2025-10-24T19:08:43+00:00","description":"Com a Caneca Alum\u00ednio Personalizado Bebida Heineken da Level Print Personalizados, voc\u00ea ter\u00e1 uma arte \u00fanica, ideal para amantes e colecionadores.","breadcrumb":{"@id":"https:\/\/levelprint.com.br\/categoria\/produto\/caneca-aluminio-bebidas-heineken\/#breadcrumb"},"inLanguage":"pt-BR","potentialAction":[{"@type":"ReadAction","target":["https:\/\/levelprint.com.br\/categoria\/produto\/caneca-aluminio-bebidas-heineken\/"]}]},{"@type":"ImageObject","inLanguage":"pt-BR","@id":"https:\/\/levelprint.com.br\/categoria\/produto\/caneca-aluminio-bebidas-heineken\/#primaryimage","url":"https:\/\/levelprint.com.br\/wp-content\/uploads\/2021\/09\/caneca-aluminio.jpg","contentUrl":"https:\/\/levelprint.com.br\/wp-content\/uploads\/2021\/09\/caneca-aluminio.jpg","width":992,"height":992},{"@type":"BreadcrumbList","@id":"https:\/\/levelprint.com.br\/categoria\/produto\/caneca-aluminio-bebidas-heineken\/#breadcrumb","itemListElement":[{"@type":"ListItem","position":1,"name":"In\u00edcio","item":"https:\/\/levelprint.com.br\/"},{"@type":"ListItem","position":2,"name":"Loja","item":"https:\/\/levelprint.com.br\/pt\/loja\/"},{"@type":"ListItem","position":3,"name":"Caneca Alum\u00ednio"}]},{"@type":"WebSite","@id":"https:\/\/levelprint.com.br\/#website","url":"https:\/\/levelprint.com.br\/","name":"Level Print Gr\u00e1fica em Alagoas | Banners, Crach\u00e1s, Canecas Personalizadas e Mais","description":"L\u00edder em Gr\u00e1fica e Personalizados em Macei\u00f3","publisher":{"@id":"https:\/\/levelprint.com.br\/#organization"},"alternateName":"Gr\u00e1fica em Macei\u00f3 - Level Print | Banners, Canecas, Crach\u00e1s, Cord\u00f5es Personalizados","potentialAction":[{"@type":"SearchAction","target":{"@type":"EntryPoint","urlTemplate":"https:\/\/levelprint.com.br\/?s={search_term_string}"},"query-input":{"@type":"PropertyValueSpecification","valueRequired":true,"valueName":"search_term_string"}}],"inLanguage":"pt-BR"},{"@type":"Organization","@id":"https:\/\/levelprint.com.br\/#organization","name":"Level Print Gr\u00e1fica e Personalizados LTDA.","alternateName":"Level Print Gr\u00e1fica","url":"https:\/\/levelprint.com.br\/","logo":{"@type":"ImageObject","inLanguage":"pt-BR","@id":"https:\/\/levelprint.com.br\/#\/schema\/logo\/image\/","url":"https:\/\/levelprint.com.br\/wp-content\/uploads\/2025\/07\/Logo-Level-Print-Grafica.webp","contentUrl":"https:\/\/levelprint.com.br\/wp-content\/uploads\/2025\/07\/Logo-Level-Print-Grafica.webp","width":1176,"height":1176,"caption":"Level Print Gr\u00e1fica e Personalizados LTDA."},"image":{"@id":"https:\/\/levelprint.com.br\/#\/schema\/logo\/image\/"},"sameAs":["https:\/\/www.facebook.com\/levelprintgrafica","https:\/\/x.com\/levelprintbr","https:\/\/instagram.com\/levelprintgrafica","https:\/\/www.linkedin.com\/company\/levelprint\/","https:\/\/br.pinterest.com\/simones6766\/_saved\/https:\/\/br.pinterest.com\/simones6766\/_saved\/","https:\/\/www.youtube.com\/channel\/UC3fz7xDpzPqorul-xhH6lBg"]}]}},"_links":{"self":[{"href":"https:\/\/levelprint.com.br\/pt\/wp-json\/wp\/v2\/product\/56563","targetHints":{"allow":["GET"]}}],"collection":[{"href":"https:\/\/levelprint.com.br\/pt\/wp-json\/wp\/v2\/product"}],"about":[{"href":"https:\/\/levelprint.com.br\/pt\/wp-json\/wp\/v2\/types\/product"}],"wp:featuredmedia":[{"embeddable":true,"href":"https:\/\/levelprint.com.br\/pt\/wp-json\/wp\/v2\/media\/74717"}],"wp:attachment":[{"href":"https:\/\/levelprint.com.br\/pt\/wp-json\/wp\/v2\/media?parent=56563"}],"wp:term":[{"taxonomy":"product_brand","embeddable":true,"href":"https:\/\/levelprint.com.br\/pt\/wp-json\/wp\/v2\/product_brand?post=56563"},{"taxonomy":"product_cat","embeddable":true,"href":"https:\/\/levelprint.com.br\/pt\/wp-json\/wp\/v2\/product_cat?post=56563"},{"taxonomy":"product_tag","embeddable":true,"href":"https:\/\/levelprint.com.br\/pt\/wp-json\/wp\/v2\/product_tag?post=56563"}],"curies":[{"name":"wp","href":"https:\/\/api.w.org\/{rel}","templated":true}]}}