{"id":74074,"date":"2022-03-06T17:04:11","date_gmt":"2022-03-06T20:04:11","guid":{"rendered":"https:\/\/levelprint.com.br\/?post_type=product&#038;p=74074"},"modified":"2025-10-24T16:08:42","modified_gmt":"2025-10-24T19:08:42","slug":"placa-indicacao-copa","status":"publish","type":"product","link":"https:\/\/levelprint.com.br\/pt\/categoria\/produto\/placa-indicacao-copa\/","title":{"rendered":"Placa Indica\u00e7\u00e3o Copa"},"content":{"rendered":"<section class=\"category_information_content_texts_title\">\n<section class=\"category_information_content_texts_title\">\n<h2>Placa em Alum\u00ednio Sublimada<\/h2>\n<p>Placa de Sinaliza\u00e7\u00e3o: Copa 5&#215;25 cm<\/p>\n<p>Tipo de Material: Alum\u00ednio escovado<br \/>\nDimens\u00f5es: 5&#215;25 cm<br \/>\nEspessura: 1 mm<br \/>\nForma de fixa\u00e7\u00e3o: Fita dupla face<br \/>\nQuantidade na embalagem: 1 Placa<br \/>\nTexto da Placa: Copa<\/p>\n<p>APLICA\u00c7\u00c3O DO PRODUTO<br \/>\nA Placa de sinaliza\u00e7\u00e3o Correios \u00e9 de f\u00e1cil aplica\u00e7\u00e3o, j\u00e1 acompanha fita dupla face autocolante de qualidade. Ao usar limpe a superf\u00edcie a ser aplicada com \u00e1lcool l\u00edquido, espere secar por alguns minutos. Retire o liner do dupla-face, posicione a placa e pressione contra a superf\u00edcie. De prefer\u00eancia a superf\u00edcies lisas.<\/p>\n<\/section>\n<\/section>\n<section class=\"category_information_content_image_and_text_texts\"><\/section>\n","protected":false},"excerpt":{"rendered":"<p>Placa em Alum\u00ednio Sublimada Placa de Sinaliza\u00e7\u00e3o: Copa 5&#215;25 cm Tipo de Material: Alum\u00ednio escovado Dimens\u00f5es: 5&#215;25 cm Espessura: 1 mm Forma de fixa\u00e7\u00e3o: Fita dupla face Quantidade na embalagem: 1 Placa Texto da Placa: Copa APLICA\u00c7\u00c3O DO PRODUTO A Placa de sinaliza\u00e7\u00e3o Correios \u00e9 de f\u00e1cil aplica\u00e7\u00e3o, j\u00e1 acompanha fita dupla face autocolante de [&hellip;]<\/p>\n","protected":false},"featured_media":74076,"template":"","meta":[],"product_brand":[],"product_cat":[228,541,571],"product_tag":[511,576,564,577],"class_list":{"0":"post-74074","1":"product","2":"type-product","3":"status-publish","4":"has-post-thumbnail","6":"product_cat-empresas","7":"product_cat-grafica","8":"product_cat-placas-identificacao","9":"product_tag-aluminio","10":"product_tag-copa","11":"product_tag-empresa","12":"product_tag-placa-identificacao","14":"first","15":"instock","16":"sale","17":"taxable","18":"shipping-taxable","19":"purchasable","20":"product-type-simple"},"yoast_head":"<!-- This site is optimized with the Yoast SEO plugin v27.3 - https:\/\/yoast.com\/product\/yoast-seo-wordpress\/ -->\n<title>Placa Indica\u00e7\u00e3o Copa - Level Print Gr\u00e1fica e Personalizados %<\/title>\n<meta name=\"robots\" content=\"index, follow, max-snippet:-1, max-image-preview:large, max-video-preview:-1\" \/>\n<link rel=\"canonical\" href=\"https:\/\/levelprint.com.br\/pt\/categoria\/produto\/placa-indicacao-copa\/\" \/>\n<meta property=\"og:locale\" content=\"pt_BR\" \/>\n<meta property=\"og:type\" content=\"article\" \/>\n<meta property=\"og:title\" content=\"Placa Indica\u00e7\u00e3o Copa - Level Print Gr\u00e1fica e Personalizados %\" \/>\n<meta property=\"og:description\" content=\"Placa em Alum\u00ednio Sublimada Placa de Sinaliza\u00e7\u00e3o: Copa 5&#215;25 cm Tipo de Material: Alum\u00ednio escovado Dimens\u00f5es: 5&#215;25 cm Espessura: 1 mm Forma de fixa\u00e7\u00e3o: Fita dupla face Quantidade na embalagem: 1 Placa Texto da Placa: Copa APLICA\u00c7\u00c3O DO PRODUTO A Placa de sinaliza\u00e7\u00e3o Correios \u00e9 de f\u00e1cil aplica\u00e7\u00e3o, j\u00e1 acompanha fita dupla face autocolante de [&hellip;]\" \/>\n<meta property=\"og:url\" content=\"https:\/\/levelprint.com.br\/pt\/categoria\/produto\/placa-indicacao-copa\/\" \/>\n<meta property=\"og:site_name\" content=\"Level Print Gr\u00e1fica e Personalizados\" \/>\n<meta property=\"article:publisher\" content=\"https:\/\/www.facebook.com\/levelprintgrafica\" \/>\n<meta property=\"article:modified_time\" content=\"2025-10-24T19:08:42+00:00\" \/>\n<meta property=\"og:image\" content=\"https:\/\/levelprint.com.br\/wp-content\/uploads\/2022\/03\/copa.jpg\" \/>\n\t<meta property=\"og:image:width\" content=\"259\" \/>\n\t<meta property=\"og:image:height\" content=\"259\" \/>\n\t<meta property=\"og:image:type\" content=\"image\/jpeg\" \/>\n<meta name=\"twitter:card\" content=\"summary_large_image\" \/>\n<meta name=\"twitter:site\" content=\"@levelprintbr\" \/>\n<meta name=\"twitter:label1\" content=\"Est. tempo de leitura\" \/>\n\t<meta name=\"twitter:data1\" content=\"1 minuto\" \/>\n<script type=\"application\/ld+json\" class=\"yoast-schema-graph\">{\"@context\":\"https:\\\/\\\/schema.org\",\"@graph\":[{\"@type\":\"WebPage\",\"@id\":\"https:\\\/\\\/levelprint.com.br\\\/categoria\\\/produto\\\/placa-indicacao-copa\\\/\",\"url\":\"https:\\\/\\\/levelprint.com.br\\\/categoria\\\/produto\\\/placa-indicacao-copa\\\/\",\"name\":\"Placa Indica\u00e7\u00e3o Copa - Level Print Gr\u00e1fica e Personalizados %\",\"isPartOf\":{\"@id\":\"https:\\\/\\\/levelprint.com.br\\\/#website\"},\"primaryImageOfPage\":{\"@id\":\"https:\\\/\\\/levelprint.com.br\\\/categoria\\\/produto\\\/placa-indicacao-copa\\\/#primaryimage\"},\"image\":{\"@id\":\"https:\\\/\\\/levelprint.com.br\\\/categoria\\\/produto\\\/placa-indicacao-copa\\\/#primaryimage\"},\"thumbnailUrl\":\"https:\\\/\\\/levelprint.com.br\\\/wp-content\\\/uploads\\\/2022\\\/03\\\/copa.jpg\",\"datePublished\":\"2022-03-06T20:04:11+00:00\",\"dateModified\":\"2025-10-24T19:08:42+00:00\",\"breadcrumb\":{\"@id\":\"https:\\\/\\\/levelprint.com.br\\\/categoria\\\/produto\\\/placa-indicacao-copa\\\/#breadcrumb\"},\"inLanguage\":\"pt-BR\",\"potentialAction\":[{\"@type\":\"ReadAction\",\"target\":[\"https:\\\/\\\/levelprint.com.br\\\/categoria\\\/produto\\\/placa-indicacao-copa\\\/\"]}]},{\"@type\":\"ImageObject\",\"inLanguage\":\"pt-BR\",\"@id\":\"https:\\\/\\\/levelprint.com.br\\\/categoria\\\/produto\\\/placa-indicacao-copa\\\/#primaryimage\",\"url\":\"https:\\\/\\\/levelprint.com.br\\\/wp-content\\\/uploads\\\/2022\\\/03\\\/copa.jpg\",\"contentUrl\":\"https:\\\/\\\/levelprint.com.br\\\/wp-content\\\/uploads\\\/2022\\\/03\\\/copa.jpg\",\"width\":259,\"height\":259},{\"@type\":\"BreadcrumbList\",\"@id\":\"https:\\\/\\\/levelprint.com.br\\\/categoria\\\/produto\\\/placa-indicacao-copa\\\/#breadcrumb\",\"itemListElement\":[{\"@type\":\"ListItem\",\"position\":1,\"name\":\"In\u00edcio\",\"item\":\"https:\\\/\\\/levelprint.com.br\\\/\"},{\"@type\":\"ListItem\",\"position\":2,\"name\":\"Loja\",\"item\":\"https:\\\/\\\/levelprint.com.br\\\/pt\\\/loja\\\/\"},{\"@type\":\"ListItem\",\"position\":3,\"name\":\"Placa Indica\u00e7\u00e3o Copa\"}]},{\"@type\":\"WebSite\",\"@id\":\"https:\\\/\\\/levelprint.com.br\\\/#website\",\"url\":\"https:\\\/\\\/levelprint.com.br\\\/\",\"name\":\"Level Print Gr\u00e1fica em Alagoas | Banners, Crach\u00e1s, Canecas Personalizadas e Mais\",\"description\":\"L\u00edder em Gr\u00e1fica e Personalizados em Macei\u00f3\",\"publisher\":{\"@id\":\"https:\\\/\\\/levelprint.com.br\\\/#organization\"},\"alternateName\":\"Gr\u00e1fica em Macei\u00f3 - Level Print | Banners, Canecas, Crach\u00e1s, Cord\u00f5es Personalizados\",\"potentialAction\":[{\"@type\":\"SearchAction\",\"target\":{\"@type\":\"EntryPoint\",\"urlTemplate\":\"https:\\\/\\\/levelprint.com.br\\\/?s={search_term_string}\"},\"query-input\":{\"@type\":\"PropertyValueSpecification\",\"valueRequired\":true,\"valueName\":\"search_term_string\"}}],\"inLanguage\":\"pt-BR\"},{\"@type\":\"Organization\",\"@id\":\"https:\\\/\\\/levelprint.com.br\\\/#organization\",\"name\":\"Level Print Gr\u00e1fica e Personalizados LTDA.\",\"alternateName\":\"Level Print Gr\u00e1fica\",\"url\":\"https:\\\/\\\/levelprint.com.br\\\/\",\"logo\":{\"@type\":\"ImageObject\",\"inLanguage\":\"pt-BR\",\"@id\":\"https:\\\/\\\/levelprint.com.br\\\/#\\\/schema\\\/logo\\\/image\\\/\",\"url\":\"https:\\\/\\\/levelprint.com.br\\\/wp-content\\\/uploads\\\/2025\\\/07\\\/Logo-Level-Print-Grafica.webp\",\"contentUrl\":\"https:\\\/\\\/levelprint.com.br\\\/wp-content\\\/uploads\\\/2025\\\/07\\\/Logo-Level-Print-Grafica.webp\",\"width\":1176,\"height\":1176,\"caption\":\"Level Print Gr\u00e1fica e Personalizados LTDA.\"},\"image\":{\"@id\":\"https:\\\/\\\/levelprint.com.br\\\/#\\\/schema\\\/logo\\\/image\\\/\"},\"sameAs\":[\"https:\\\/\\\/www.facebook.com\\\/levelprintgrafica\",\"https:\\\/\\\/x.com\\\/levelprintbr\",\"https:\\\/\\\/instagram.com\\\/levelprintgrafica\",\"https:\\\/\\\/www.linkedin.com\\\/company\\\/levelprint\\\/\",\"https:\\\/\\\/br.pinterest.com\\\/simones6766\\\/_saved\\\/https:\\\/\\\/br.pinterest.com\\\/simones6766\\\/_saved\\\/\",\"https:\\\/\\\/www.youtube.com\\\/channel\\\/UC3fz7xDpzPqorul-xhH6lBg\"]}]}<\/script>\n<!-- \/ Yoast SEO plugin. -->","yoast_head_json":{"title":"Placa Indica\u00e7\u00e3o Copa - Level Print Gr\u00e1fica e Personalizados %","robots":{"index":"index","follow":"follow","max-snippet":"max-snippet:-1","max-image-preview":"max-image-preview:large","max-video-preview":"max-video-preview:-1"},"canonical":"https:\/\/levelprint.com.br\/pt\/categoria\/produto\/placa-indicacao-copa\/","og_locale":"pt_BR","og_type":"article","og_title":"Placa Indica\u00e7\u00e3o Copa - Level Print Gr\u00e1fica e Personalizados %","og_description":"Placa em Alum\u00ednio Sublimada Placa de Sinaliza\u00e7\u00e3o: Copa 5&#215;25 cm Tipo de Material: Alum\u00ednio escovado Dimens\u00f5es: 5&#215;25 cm Espessura: 1 mm Forma de fixa\u00e7\u00e3o: Fita dupla face Quantidade na embalagem: 1 Placa Texto da Placa: Copa APLICA\u00c7\u00c3O DO PRODUTO A Placa de sinaliza\u00e7\u00e3o Correios \u00e9 de f\u00e1cil aplica\u00e7\u00e3o, j\u00e1 acompanha fita dupla face autocolante de [&hellip;]","og_url":"https:\/\/levelprint.com.br\/pt\/categoria\/produto\/placa-indicacao-copa\/","og_site_name":"Level Print Gr\u00e1fica e Personalizados","article_publisher":"https:\/\/www.facebook.com\/levelprintgrafica","article_modified_time":"2025-10-24T19:08:42+00:00","og_image":[{"width":259,"height":259,"url":"https:\/\/levelprint.com.br\/wp-content\/uploads\/2022\/03\/copa.jpg","type":"image\/jpeg"}],"twitter_card":"summary_large_image","twitter_site":"@levelprintbr","twitter_misc":{"Est. tempo de leitura":"1 minuto"},"schema":{"@context":"https:\/\/schema.org","@graph":[{"@type":"WebPage","@id":"https:\/\/levelprint.com.br\/categoria\/produto\/placa-indicacao-copa\/","url":"https:\/\/levelprint.com.br\/categoria\/produto\/placa-indicacao-copa\/","name":"Placa Indica\u00e7\u00e3o Copa - Level Print Gr\u00e1fica e Personalizados %","isPartOf":{"@id":"https:\/\/levelprint.com.br\/#website"},"primaryImageOfPage":{"@id":"https:\/\/levelprint.com.br\/categoria\/produto\/placa-indicacao-copa\/#primaryimage"},"image":{"@id":"https:\/\/levelprint.com.br\/categoria\/produto\/placa-indicacao-copa\/#primaryimage"},"thumbnailUrl":"https:\/\/levelprint.com.br\/wp-content\/uploads\/2022\/03\/copa.jpg","datePublished":"2022-03-06T20:04:11+00:00","dateModified":"2025-10-24T19:08:42+00:00","breadcrumb":{"@id":"https:\/\/levelprint.com.br\/categoria\/produto\/placa-indicacao-copa\/#breadcrumb"},"inLanguage":"pt-BR","potentialAction":[{"@type":"ReadAction","target":["https:\/\/levelprint.com.br\/categoria\/produto\/placa-indicacao-copa\/"]}]},{"@type":"ImageObject","inLanguage":"pt-BR","@id":"https:\/\/levelprint.com.br\/categoria\/produto\/placa-indicacao-copa\/#primaryimage","url":"https:\/\/levelprint.com.br\/wp-content\/uploads\/2022\/03\/copa.jpg","contentUrl":"https:\/\/levelprint.com.br\/wp-content\/uploads\/2022\/03\/copa.jpg","width":259,"height":259},{"@type":"BreadcrumbList","@id":"https:\/\/levelprint.com.br\/categoria\/produto\/placa-indicacao-copa\/#breadcrumb","itemListElement":[{"@type":"ListItem","position":1,"name":"In\u00edcio","item":"https:\/\/levelprint.com.br\/"},{"@type":"ListItem","position":2,"name":"Loja","item":"https:\/\/levelprint.com.br\/pt\/loja\/"},{"@type":"ListItem","position":3,"name":"Placa Indica\u00e7\u00e3o Copa"}]},{"@type":"WebSite","@id":"https:\/\/levelprint.com.br\/#website","url":"https:\/\/levelprint.com.br\/","name":"Level Print Gr\u00e1fica em Alagoas | Banners, Crach\u00e1s, Canecas Personalizadas e Mais","description":"L\u00edder em Gr\u00e1fica e Personalizados em Macei\u00f3","publisher":{"@id":"https:\/\/levelprint.com.br\/#organization"},"alternateName":"Gr\u00e1fica em Macei\u00f3 - Level Print | Banners, Canecas, Crach\u00e1s, Cord\u00f5es Personalizados","potentialAction":[{"@type":"SearchAction","target":{"@type":"EntryPoint","urlTemplate":"https:\/\/levelprint.com.br\/?s={search_term_string}"},"query-input":{"@type":"PropertyValueSpecification","valueRequired":true,"valueName":"search_term_string"}}],"inLanguage":"pt-BR"},{"@type":"Organization","@id":"https:\/\/levelprint.com.br\/#organization","name":"Level Print Gr\u00e1fica e Personalizados LTDA.","alternateName":"Level Print Gr\u00e1fica","url":"https:\/\/levelprint.com.br\/","logo":{"@type":"ImageObject","inLanguage":"pt-BR","@id":"https:\/\/levelprint.com.br\/#\/schema\/logo\/image\/","url":"https:\/\/levelprint.com.br\/wp-content\/uploads\/2025\/07\/Logo-Level-Print-Grafica.webp","contentUrl":"https:\/\/levelprint.com.br\/wp-content\/uploads\/2025\/07\/Logo-Level-Print-Grafica.webp","width":1176,"height":1176,"caption":"Level Print Gr\u00e1fica e Personalizados LTDA."},"image":{"@id":"https:\/\/levelprint.com.br\/#\/schema\/logo\/image\/"},"sameAs":["https:\/\/www.facebook.com\/levelprintgrafica","https:\/\/x.com\/levelprintbr","https:\/\/instagram.com\/levelprintgrafica","https:\/\/www.linkedin.com\/company\/levelprint\/","https:\/\/br.pinterest.com\/simones6766\/_saved\/https:\/\/br.pinterest.com\/simones6766\/_saved\/","https:\/\/www.youtube.com\/channel\/UC3fz7xDpzPqorul-xhH6lBg"]}]}},"_links":{"self":[{"href":"https:\/\/levelprint.com.br\/pt\/wp-json\/wp\/v2\/product\/74074","targetHints":{"allow":["GET"]}}],"collection":[{"href":"https:\/\/levelprint.com.br\/pt\/wp-json\/wp\/v2\/product"}],"about":[{"href":"https:\/\/levelprint.com.br\/pt\/wp-json\/wp\/v2\/types\/product"}],"wp:featuredmedia":[{"embeddable":true,"href":"https:\/\/levelprint.com.br\/pt\/wp-json\/wp\/v2\/media\/74076"}],"wp:attachment":[{"href":"https:\/\/levelprint.com.br\/pt\/wp-json\/wp\/v2\/media?parent=74074"}],"wp:term":[{"taxonomy":"product_brand","embeddable":true,"href":"https:\/\/levelprint.com.br\/pt\/wp-json\/wp\/v2\/product_brand?post=74074"},{"taxonomy":"product_cat","embeddable":true,"href":"https:\/\/levelprint.com.br\/pt\/wp-json\/wp\/v2\/product_cat?post=74074"},{"taxonomy":"product_tag","embeddable":true,"href":"https:\/\/levelprint.com.br\/pt\/wp-json\/wp\/v2\/product_tag?post=74074"}],"curies":[{"name":"wp","href":"https:\/\/api.w.org\/{rel}","templated":true}]}}