{"id":74087,"date":"2022-03-10T09:09:37","date_gmt":"2022-03-10T12:09:37","guid":{"rendered":"https:\/\/levelprint.com.br\/?post_type=product&#038;p=74087"},"modified":"2025-10-24T16:08:41","modified_gmt":"2025-10-24T19:08:41","slug":"chaveiro-inox-aluminio-escovado-empresa-sublimacao-colorido","status":"publish","type":"product","link":"https:\/\/levelprint.com.br\/pt\/categoria\/produto\/chaveiro-inox-aluminio-escovado-empresa-sublimacao-colorido\/","title":{"rendered":"Chaveiro Inox Alum\u00ednio Escovado empresa sublima\u00e7\u00e3o colorido"},"content":{"rendered":"<h2>Chaveiro Para Empresa sublima\u00e7\u00e3o em metal<\/h2>\n<p><strong>Frequentemente, antes da produ\u00e7\u00e3o do chaveiro enviamos para aprova\u00e7\u00e3o.<\/strong><\/p>\n<p>Primeiramente, prezamos pela nossa qualidade, pois nosso cliente deve ficar sempre em primeiro lugar. Acima de tudo, cuidamos desde o processo de produ\u00e7\u00e3o at\u00e9 o envio, enviando o produto em caixinhas de papel e embalagem individualmente.<\/p>\n<h4>Acompanha chaveiro e embalagem (caixinha preta).<\/h4>\n<p><strong>Especifica\u00e7\u00f5es:<\/strong><\/p>\n<ul>\n<li>Medidas para grava\u00e7\u00e3o (CxL): 3,9 cm x 2,1 cm<\/li>\n<li>Tamanho total (CxL): 5,5 cm x 2,5 cm<\/li>\n<li>Peso unit\u00e1rio do produto: 25 g<\/li>\n<\/ul>\n<p><strong>Conserva\u00e7\u00e3o:<\/strong><br \/>\nEm primeiro lugar, evite quedas\/impactos, utilizar materiais \u00e1speros e\/ou produtos qu\u00edmicos muito forte para conservar por mais tempo.<\/p>\n","protected":false},"excerpt":{"rendered":"<h3>Chaveiro Dia dos Pais sublima\u00e7\u00e3o em metal<\/h3>\n<h4>Acompanha chaveiro e embalagem (caixinha preta).<\/h4>\n<p><strong>Especifica\u00e7\u00f5es:<\/strong><\/p>\n<ul>\n<li>Medidas para grava\u00e7\u00e3o (CxL): 3,9cm x 2,1cm<\/li>\n<li>Tamanho total (CxL): 5,5cm x 2,5cm<\/li>\n<li>Peso unit\u00e1rio do produto: 25g<\/li>\n<\/ul>\n","protected":false},"featured_media":74088,"template":"","meta":[],"product_brand":[],"product_cat":[59,66,72,196,87,91],"product_tag":[583,584,373,564,585,242,241],"class_list":{"0":"post-74087","1":"product","2":"type-product","3":"status-publish","4":"has-post-thumbnail","6":"product_cat-chaveiros","7":"product_cat-colecoes","8":"product_cat-datas-comemorativas","9":"product_cat-dia-dos-pais","10":"product_cat-especiais","11":"product_cat-familia","12":"product_tag-brinde","13":"product_tag-brinde-personalizado","14":"product_tag-chaveiro","15":"product_tag-empresa","16":"product_tag-inox","17":"product_tag-level-print","18":"product_tag-produtos-personalizados","20":"first","21":"instock","22":"sale","23":"featured","24":"purchasable","25":"product-type-simple"},"yoast_head":"<!-- This site is optimized with the Yoast SEO plugin v27.4 - https:\/\/yoast.com\/product\/yoast-seo-wordpress\/ -->\n<title>Chaveiro Dia dos Pais sublima\u00e7\u00e3o em metal - Level Print Personalizados<\/title>\n<meta name=\"description\" content=\"O chaveiro sublima\u00e7\u00e3o em metal da Level Print \u00e9 um excelente presente para o dia dos pais ou algu\u00e9m que voc\u00ea ama, marcando sua hist\u00f3ria para sempre.\" \/>\n<meta name=\"robots\" content=\"index, follow, max-snippet:-1, max-image-preview:large, max-video-preview:-1\" \/>\n<link rel=\"canonical\" href=\"https:\/\/levelprint.com.br\/pt\/categoria\/produto\/chaveiro-inox-aluminio-escovado-empresa-sublimacao-colorido\/\" \/>\n<meta property=\"og:locale\" content=\"pt_BR\" \/>\n<meta property=\"og:type\" content=\"article\" \/>\n<meta property=\"og:title\" content=\"Caneca Namorados 005 Especial com foto\" \/>\n<meta property=\"og:description\" content=\"O chaveiro sublima\u00e7\u00e3o em metal da Level Print \u00e9 um excelente presente para o dia dos pais ou algu\u00e9m que voc\u00ea ama, marcando sua hist\u00f3ria para sempre.\" \/>\n<meta property=\"og:url\" content=\"https:\/\/levelprint.com.br\/pt\/categoria\/produto\/chaveiro-inox-aluminio-escovado-empresa-sublimacao-colorido\/\" \/>\n<meta property=\"og:site_name\" content=\"Level Print Gr\u00e1fica e Personalizados\" \/>\n<meta property=\"article:publisher\" content=\"https:\/\/www.facebook.com\/levelprintgrafica\" \/>\n<meta property=\"article:modified_time\" content=\"2025-10-24T19:08:41+00:00\" \/>\n<meta property=\"og:image\" content=\"https:\/\/levelprint.com.br\/wp-content\/uploads\/2020\/05\/Caneca-Br-Love-Dia-dos-Namorados3.jpg\" \/>\n\t<meta property=\"og:image:width\" content=\"659\" \/>\n\t<meta property=\"og:image:height\" content=\"531\" \/>\n\t<meta property=\"og:image:type\" content=\"image\/jpeg\" \/>\n<meta name=\"twitter:card\" content=\"summary_large_image\" \/>\n<meta name=\"twitter:site\" content=\"@levelprintbr\" \/>\n<meta name=\"twitter:label1\" content=\"Est. tempo de leitura\" \/>\n\t<meta name=\"twitter:data1\" content=\"1 minuto\" \/>\n<script type=\"application\/ld+json\" class=\"yoast-schema-graph\">{\"@context\":\"https:\\\/\\\/schema.org\",\"@graph\":[{\"@type\":\"WebPage\",\"@id\":\"https:\\\/\\\/levelprint.com.br\\\/categoria\\\/produto\\\/chaveiro-inox-aluminio-escovado-empresa-sublimacao-colorido\\\/\",\"url\":\"https:\\\/\\\/levelprint.com.br\\\/categoria\\\/produto\\\/chaveiro-inox-aluminio-escovado-empresa-sublimacao-colorido\\\/\",\"name\":\"Chaveiro Dia dos Pais sublima\u00e7\u00e3o em metal - Level Print Personalizados\",\"isPartOf\":{\"@id\":\"https:\\\/\\\/levelprint.com.br\\\/#website\"},\"primaryImageOfPage\":{\"@id\":\"https:\\\/\\\/levelprint.com.br\\\/categoria\\\/produto\\\/chaveiro-inox-aluminio-escovado-empresa-sublimacao-colorido\\\/#primaryimage\"},\"image\":{\"@id\":\"https:\\\/\\\/levelprint.com.br\\\/categoria\\\/produto\\\/chaveiro-inox-aluminio-escovado-empresa-sublimacao-colorido\\\/#primaryimage\"},\"thumbnailUrl\":\"https:\\\/\\\/levelprint.com.br\\\/wp-content\\\/uploads\\\/2022\\\/03\\\/WhatsApp-Image-2022-03-10-at-09.16.50-1.jpeg\",\"datePublished\":\"2022-03-10T12:09:37+00:00\",\"dateModified\":\"2025-10-24T19:08:41+00:00\",\"description\":\"O chaveiro sublima\u00e7\u00e3o em metal da Level Print \u00e9 um excelente presente para o dia dos pais ou algu\u00e9m que voc\u00ea ama, marcando sua hist\u00f3ria para sempre.\",\"breadcrumb\":{\"@id\":\"https:\\\/\\\/levelprint.com.br\\\/categoria\\\/produto\\\/chaveiro-inox-aluminio-escovado-empresa-sublimacao-colorido\\\/#breadcrumb\"},\"inLanguage\":\"pt-BR\",\"potentialAction\":[{\"@type\":\"ReadAction\",\"target\":[\"https:\\\/\\\/levelprint.com.br\\\/categoria\\\/produto\\\/chaveiro-inox-aluminio-escovado-empresa-sublimacao-colorido\\\/\"]}]},{\"@type\":\"ImageObject\",\"inLanguage\":\"pt-BR\",\"@id\":\"https:\\\/\\\/levelprint.com.br\\\/categoria\\\/produto\\\/chaveiro-inox-aluminio-escovado-empresa-sublimacao-colorido\\\/#primaryimage\",\"url\":\"https:\\\/\\\/levelprint.com.br\\\/wp-content\\\/uploads\\\/2022\\\/03\\\/WhatsApp-Image-2022-03-10-at-09.16.50-1.jpeg\",\"contentUrl\":\"https:\\\/\\\/levelprint.com.br\\\/wp-content\\\/uploads\\\/2022\\\/03\\\/WhatsApp-Image-2022-03-10-at-09.16.50-1.jpeg\",\"width\":1166,\"height\":1280},{\"@type\":\"BreadcrumbList\",\"@id\":\"https:\\\/\\\/levelprint.com.br\\\/categoria\\\/produto\\\/chaveiro-inox-aluminio-escovado-empresa-sublimacao-colorido\\\/#breadcrumb\",\"itemListElement\":[{\"@type\":\"ListItem\",\"position\":1,\"name\":\"In\u00edcio\",\"item\":\"https:\\\/\\\/levelprint.com.br\\\/\"},{\"@type\":\"ListItem\",\"position\":2,\"name\":\"Loja\",\"item\":\"https:\\\/\\\/levelprint.com.br\\\/pt\\\/loja\\\/\"},{\"@type\":\"ListItem\",\"position\":3,\"name\":\"Chaveiro Inox Alum\u00ednio Escovado empresa sublima\u00e7\u00e3o colorido\"}]},{\"@type\":\"WebSite\",\"@id\":\"https:\\\/\\\/levelprint.com.br\\\/#website\",\"url\":\"https:\\\/\\\/levelprint.com.br\\\/\",\"name\":\"Level Print Gr\u00e1fica em Alagoas | Banners, Crach\u00e1s, Canecas Personalizadas e Mais\",\"description\":\"L\u00edder em Gr\u00e1fica e Personalizados em Macei\u00f3\",\"publisher\":{\"@id\":\"https:\\\/\\\/levelprint.com.br\\\/#organization\"},\"alternateName\":\"Gr\u00e1fica em Macei\u00f3 - Level Print | Banners, Canecas, Crach\u00e1s, Cord\u00f5es Personalizados\",\"potentialAction\":[{\"@type\":\"SearchAction\",\"target\":{\"@type\":\"EntryPoint\",\"urlTemplate\":\"https:\\\/\\\/levelprint.com.br\\\/?s={search_term_string}\"},\"query-input\":{\"@type\":\"PropertyValueSpecification\",\"valueRequired\":true,\"valueName\":\"search_term_string\"}}],\"inLanguage\":\"pt-BR\"},{\"@type\":\"Organization\",\"@id\":\"https:\\\/\\\/levelprint.com.br\\\/#organization\",\"name\":\"Level Print Gr\u00e1fica e Personalizados LTDA.\",\"alternateName\":\"Level Print Gr\u00e1fica\",\"url\":\"https:\\\/\\\/levelprint.com.br\\\/\",\"logo\":{\"@type\":\"ImageObject\",\"inLanguage\":\"pt-BR\",\"@id\":\"https:\\\/\\\/levelprint.com.br\\\/#\\\/schema\\\/logo\\\/image\\\/\",\"url\":\"https:\\\/\\\/levelprint.com.br\\\/wp-content\\\/uploads\\\/2025\\\/07\\\/Logo-Level-Print-Grafica.webp\",\"contentUrl\":\"https:\\\/\\\/levelprint.com.br\\\/wp-content\\\/uploads\\\/2025\\\/07\\\/Logo-Level-Print-Grafica.webp\",\"width\":1176,\"height\":1176,\"caption\":\"Level Print Gr\u00e1fica e Personalizados LTDA.\"},\"image\":{\"@id\":\"https:\\\/\\\/levelprint.com.br\\\/#\\\/schema\\\/logo\\\/image\\\/\"},\"sameAs\":[\"https:\\\/\\\/www.facebook.com\\\/levelprintgrafica\",\"https:\\\/\\\/x.com\\\/levelprintbr\",\"https:\\\/\\\/instagram.com\\\/levelprintgrafica\",\"https:\\\/\\\/www.linkedin.com\\\/company\\\/levelprint\\\/\",\"https:\\\/\\\/br.pinterest.com\\\/simones6766\\\/_saved\\\/https:\\\/\\\/br.pinterest.com\\\/simones6766\\\/_saved\\\/\",\"https:\\\/\\\/www.youtube.com\\\/channel\\\/UC3fz7xDpzPqorul-xhH6lBg\"]}]}<\/script>\n<!-- \/ Yoast SEO plugin. -->","yoast_head_json":{"title":"Chaveiro Dia dos Pais sublima\u00e7\u00e3o em metal - Level Print Personalizados","description":"O chaveiro sublima\u00e7\u00e3o em metal da Level Print \u00e9 um excelente presente para o dia dos pais ou algu\u00e9m que voc\u00ea ama, marcando sua hist\u00f3ria para sempre.","robots":{"index":"index","follow":"follow","max-snippet":"max-snippet:-1","max-image-preview":"max-image-preview:large","max-video-preview":"max-video-preview:-1"},"canonical":"https:\/\/levelprint.com.br\/pt\/categoria\/produto\/chaveiro-inox-aluminio-escovado-empresa-sublimacao-colorido\/","og_locale":"pt_BR","og_type":"article","og_title":"Caneca Namorados 005 Especial com foto","og_description":"O chaveiro sublima\u00e7\u00e3o em metal da Level Print \u00e9 um excelente presente para o dia dos pais ou algu\u00e9m que voc\u00ea ama, marcando sua hist\u00f3ria para sempre.","og_url":"https:\/\/levelprint.com.br\/pt\/categoria\/produto\/chaveiro-inox-aluminio-escovado-empresa-sublimacao-colorido\/","og_site_name":"Level Print Gr\u00e1fica e Personalizados","article_publisher":"https:\/\/www.facebook.com\/levelprintgrafica","article_modified_time":"2025-10-24T19:08:41+00:00","og_image":[{"width":659,"height":531,"url":"https:\/\/levelprint.com.br\/wp-content\/uploads\/2020\/05\/Caneca-Br-Love-Dia-dos-Namorados3.jpg","type":"image\/jpeg"}],"twitter_card":"summary_large_image","twitter_site":"@levelprintbr","twitter_misc":{"Est. tempo de leitura":"1 minuto"},"schema":{"@context":"https:\/\/schema.org","@graph":[{"@type":"WebPage","@id":"https:\/\/levelprint.com.br\/categoria\/produto\/chaveiro-inox-aluminio-escovado-empresa-sublimacao-colorido\/","url":"https:\/\/levelprint.com.br\/categoria\/produto\/chaveiro-inox-aluminio-escovado-empresa-sublimacao-colorido\/","name":"Chaveiro Dia dos Pais sublima\u00e7\u00e3o em metal - Level Print Personalizados","isPartOf":{"@id":"https:\/\/levelprint.com.br\/#website"},"primaryImageOfPage":{"@id":"https:\/\/levelprint.com.br\/categoria\/produto\/chaveiro-inox-aluminio-escovado-empresa-sublimacao-colorido\/#primaryimage"},"image":{"@id":"https:\/\/levelprint.com.br\/categoria\/produto\/chaveiro-inox-aluminio-escovado-empresa-sublimacao-colorido\/#primaryimage"},"thumbnailUrl":"https:\/\/levelprint.com.br\/wp-content\/uploads\/2022\/03\/WhatsApp-Image-2022-03-10-at-09.16.50-1.jpeg","datePublished":"2022-03-10T12:09:37+00:00","dateModified":"2025-10-24T19:08:41+00:00","description":"O chaveiro sublima\u00e7\u00e3o em metal da Level Print \u00e9 um excelente presente para o dia dos pais ou algu\u00e9m que voc\u00ea ama, marcando sua hist\u00f3ria para sempre.","breadcrumb":{"@id":"https:\/\/levelprint.com.br\/categoria\/produto\/chaveiro-inox-aluminio-escovado-empresa-sublimacao-colorido\/#breadcrumb"},"inLanguage":"pt-BR","potentialAction":[{"@type":"ReadAction","target":["https:\/\/levelprint.com.br\/categoria\/produto\/chaveiro-inox-aluminio-escovado-empresa-sublimacao-colorido\/"]}]},{"@type":"ImageObject","inLanguage":"pt-BR","@id":"https:\/\/levelprint.com.br\/categoria\/produto\/chaveiro-inox-aluminio-escovado-empresa-sublimacao-colorido\/#primaryimage","url":"https:\/\/levelprint.com.br\/wp-content\/uploads\/2022\/03\/WhatsApp-Image-2022-03-10-at-09.16.50-1.jpeg","contentUrl":"https:\/\/levelprint.com.br\/wp-content\/uploads\/2022\/03\/WhatsApp-Image-2022-03-10-at-09.16.50-1.jpeg","width":1166,"height":1280},{"@type":"BreadcrumbList","@id":"https:\/\/levelprint.com.br\/categoria\/produto\/chaveiro-inox-aluminio-escovado-empresa-sublimacao-colorido\/#breadcrumb","itemListElement":[{"@type":"ListItem","position":1,"name":"In\u00edcio","item":"https:\/\/levelprint.com.br\/"},{"@type":"ListItem","position":2,"name":"Loja","item":"https:\/\/levelprint.com.br\/pt\/loja\/"},{"@type":"ListItem","position":3,"name":"Chaveiro Inox Alum\u00ednio Escovado empresa sublima\u00e7\u00e3o colorido"}]},{"@type":"WebSite","@id":"https:\/\/levelprint.com.br\/#website","url":"https:\/\/levelprint.com.br\/","name":"Level Print Gr\u00e1fica em Alagoas | Banners, Crach\u00e1s, Canecas Personalizadas e Mais","description":"L\u00edder em Gr\u00e1fica e Personalizados em Macei\u00f3","publisher":{"@id":"https:\/\/levelprint.com.br\/#organization"},"alternateName":"Gr\u00e1fica em Macei\u00f3 - Level Print | Banners, Canecas, Crach\u00e1s, Cord\u00f5es Personalizados","potentialAction":[{"@type":"SearchAction","target":{"@type":"EntryPoint","urlTemplate":"https:\/\/levelprint.com.br\/?s={search_term_string}"},"query-input":{"@type":"PropertyValueSpecification","valueRequired":true,"valueName":"search_term_string"}}],"inLanguage":"pt-BR"},{"@type":"Organization","@id":"https:\/\/levelprint.com.br\/#organization","name":"Level Print Gr\u00e1fica e Personalizados LTDA.","alternateName":"Level Print Gr\u00e1fica","url":"https:\/\/levelprint.com.br\/","logo":{"@type":"ImageObject","inLanguage":"pt-BR","@id":"https:\/\/levelprint.com.br\/#\/schema\/logo\/image\/","url":"https:\/\/levelprint.com.br\/wp-content\/uploads\/2025\/07\/Logo-Level-Print-Grafica.webp","contentUrl":"https:\/\/levelprint.com.br\/wp-content\/uploads\/2025\/07\/Logo-Level-Print-Grafica.webp","width":1176,"height":1176,"caption":"Level Print Gr\u00e1fica e Personalizados LTDA."},"image":{"@id":"https:\/\/levelprint.com.br\/#\/schema\/logo\/image\/"},"sameAs":["https:\/\/www.facebook.com\/levelprintgrafica","https:\/\/x.com\/levelprintbr","https:\/\/instagram.com\/levelprintgrafica","https:\/\/www.linkedin.com\/company\/levelprint\/","https:\/\/br.pinterest.com\/simones6766\/_saved\/https:\/\/br.pinterest.com\/simones6766\/_saved\/","https:\/\/www.youtube.com\/channel\/UC3fz7xDpzPqorul-xhH6lBg"]}]}},"_links":{"self":[{"href":"https:\/\/levelprint.com.br\/pt\/wp-json\/wp\/v2\/product\/74087","targetHints":{"allow":["GET"]}}],"collection":[{"href":"https:\/\/levelprint.com.br\/pt\/wp-json\/wp\/v2\/product"}],"about":[{"href":"https:\/\/levelprint.com.br\/pt\/wp-json\/wp\/v2\/types\/product"}],"wp:featuredmedia":[{"embeddable":true,"href":"https:\/\/levelprint.com.br\/pt\/wp-json\/wp\/v2\/media\/74088"}],"wp:attachment":[{"href":"https:\/\/levelprint.com.br\/pt\/wp-json\/wp\/v2\/media?parent=74087"}],"wp:term":[{"taxonomy":"product_brand","embeddable":true,"href":"https:\/\/levelprint.com.br\/pt\/wp-json\/wp\/v2\/product_brand?post=74087"},{"taxonomy":"product_cat","embeddable":true,"href":"https:\/\/levelprint.com.br\/pt\/wp-json\/wp\/v2\/product_cat?post=74087"},{"taxonomy":"product_tag","embeddable":true,"href":"https:\/\/levelprint.com.br\/pt\/wp-json\/wp\/v2\/product_tag?post=74087"}],"curies":[{"name":"wp","href":"https:\/\/api.w.org\/{rel}","templated":true}]}}