{"id":74124,"date":"2022-03-24T00:46:22","date_gmt":"2022-03-24T03:46:22","guid":{"rendered":"https:\/\/levelprint.com.br\/?post_type=product&#038;p=74124"},"modified":"2025-10-24T16:08:40","modified_gmt":"2025-10-24T19:08:40","slug":"kit-10-pin-bottons-personalizados-bolsonaro-2022-44cm-escolha-o-modelo","status":"publish","type":"product","link":"https:\/\/levelprint.com.br\/pt\/categoria\/produto\/kit-10-pin-bottons-personalizados-bolsonaro-2022-44cm-escolha-o-modelo\/","title":{"rendered":"Kit 10 Pin Bottons Personalizados Bolsonaro 2022 4,4cm &#8211; Escolha o Modelo"},"content":{"rendered":"<h3>10 Pin Bottons Personalizados Bolsonaro 2022 4,4cm &#8211; Escolha o Modelo<\/h3>\n<p><strong>Frequentemente, antes da produ\u00e7\u00e3o dos bottons enviamos para aprova\u00e7\u00e3o.<\/strong><\/p>\n<p>Primeiramente, prezamos pela nossa qualidade, pois nosso cliente deve ficar sempre em primeiro lugar. Acima de tudo, cuidamos desde o processo de produ\u00e7\u00e3o at\u00e9 o envio, enviando o produto em caixinhas de papel e embalagem individualmente.<\/p>\n<p>Os bottons s\u00e3o muito usados em roupas e mochilas deixando o visual descontra\u00eddo e mostrando a sua identidade!!! Pe\u00e7a o seu!<br \/>\nVers\u00e1til como nenhum outro brinde ou acess\u00f3rio de moda, os bottons podem ser usados em v\u00e1rias situa\u00e7\u00f5es e como forma de lembrar sua marca.<\/p>\n<p>CASO QUEIRA OUTROS MODELOS, TEMOS MAIS AN\u00daNCIOS COM OUTRAS OP\u00c7\u00d5ES<\/p>\n<p><strong>CARACTER\u00cdSTICAS<\/strong><\/p>\n<ul>\n<li class=\"description multiline\">&#8211; Medidas 4,4cm<\/li>\n<li class=\"description multiline\">&#8211; Frente e verso circular em alum\u00ednio<\/li>\n<li class=\"description multiline\">&#8211; Verso acabamento em alfinete<\/li>\n<li class=\"description multiline\">&#8211; Prote\u00e7\u00e3o da impress\u00e3o com pel\u00edcula de acetato<\/li>\n<li class=\"description multiline\">&#8211; Imagem definida e de alta qualidade\n<ul class=\"detailed-info\">\n<li>Altura: 0.50 cm<\/li>\n<li>Largura: 5.00 cm<\/li>\n<li>Comprimento: 5.00 cm<\/li>\n<li>Peso Unit\u00e1rio: 10 g<\/li>\n<li>Adicionado em: 24\/03\/2022<\/li>\n<\/ul>\n<\/li>\n<\/ul>\n<p>Instagram em <a href=\"https:\/\/www.instagram.com.br\/levelprintoficial\">@levelprintoficial<\/a><\/p>\n","protected":false},"excerpt":{"rendered":"<h3>10 Pin Bottons Personalizados Bolsonaro 2022 4,4cm &#8211; Escolha o Modelo<\/h3>\n<p>Os bottons s\u00e3o muito usados em roupas e mochilas deixando o visual descontra\u00eddo e mostrando a sua identidade!!! Pe\u00e7a o seu! Vers\u00e1til como nenhum outro brinde ou acess\u00f3rio de moda, os bottons podem ser usados em v\u00e1rias situa\u00e7\u00f5es e como forma de lembrar sua marca.<\/p>\n<p><strong>Especifica\u00e7\u00f5es:<\/strong><\/p>\n<ul>\n<li>Altura: 0.50 cm<\/li>\n<li>Largura: 5.00 cm<\/li>\n<li>Comprimento: 5.00 cm<\/li>\n<li>Peso: 10 g<\/li>\n<li>C\u00f3digo do produto:<\/li>\n<li>Adicionado em: 23\/03\/2022<\/li>\n<\/ul>\n","protected":false},"featured_media":74114,"template":"","meta":[],"product_brand":[],"product_cat":[555,588],"product_tag":[593,594,590,592,564,242,591,241],"class_list":{"0":"post-74124","1":"product","2":"type-product","3":"status-publish","4":"has-post-thumbnail","6":"product_cat-personalizados","7":"product_cat-pins-e-bottons","8":"product_tag-bolsonaro","9":"product_tag-botton-bolsonaro","10":"product_tag-botton-personalizado","11":"product_tag-eleicoes","12":"product_tag-empresa","13":"product_tag-level-print","14":"product_tag-presidente","15":"product_tag-produtos-personalizados","17":"first","18":"instock","19":"sale","20":"featured","21":"taxable","22":"shipping-taxable","23":"purchasable","24":"product-type-simple"},"yoast_head":"<!-- This site is optimized with the Yoast SEO plugin v27.4 - https:\/\/yoast.com\/product\/yoast-seo-wordpress\/ -->\n<title>Chaveiro Dia dos Pais sublima\u00e7\u00e3o em metal - Level Print Personalizados<\/title>\n<meta name=\"description\" content=\"O chaveiro sublima\u00e7\u00e3o em metal da Level Print \u00e9 um excelente presente para o dia dos pais ou algu\u00e9m que voc\u00ea ama, marcando sua hist\u00f3ria para sempre.\" \/>\n<meta name=\"robots\" content=\"index, follow, max-snippet:-1, max-image-preview:large, max-video-preview:-1\" \/>\n<link rel=\"canonical\" href=\"https:\/\/levelprint.com.br\/pt\/categoria\/produto\/kit-10-pin-bottons-personalizados-bolsonaro-2022-44cm-escolha-o-modelo\/\" \/>\n<meta property=\"og:locale\" content=\"pt_BR\" \/>\n<meta property=\"og:type\" content=\"article\" \/>\n<meta property=\"og:title\" content=\"Caneca Namorados 005 Especial com foto\" \/>\n<meta property=\"og:description\" content=\"O chaveiro sublima\u00e7\u00e3o em metal da Level Print \u00e9 um excelente presente para o dia dos pais ou algu\u00e9m que voc\u00ea ama, marcando sua hist\u00f3ria para sempre.\" \/>\n<meta property=\"og:url\" content=\"https:\/\/levelprint.com.br\/pt\/categoria\/produto\/kit-10-pin-bottons-personalizados-bolsonaro-2022-44cm-escolha-o-modelo\/\" \/>\n<meta property=\"og:site_name\" content=\"Level Print Gr\u00e1fica e Personalizados\" \/>\n<meta property=\"article:publisher\" content=\"https:\/\/www.facebook.com\/levelprintgrafica\" \/>\n<meta property=\"article:modified_time\" content=\"2025-10-24T19:08:40+00:00\" \/>\n<meta property=\"og:image\" content=\"https:\/\/levelprint.com.br\/wp-content\/uploads\/2020\/05\/Caneca-Br-Love-Dia-dos-Namorados3.jpg\" \/>\n\t<meta property=\"og:image:width\" content=\"659\" \/>\n\t<meta property=\"og:image:height\" content=\"531\" \/>\n\t<meta property=\"og:image:type\" content=\"image\/jpeg\" \/>\n<meta name=\"twitter:card\" content=\"summary_large_image\" \/>\n<meta name=\"twitter:site\" content=\"@levelprintbr\" \/>\n<meta name=\"twitter:label1\" content=\"Est. tempo de leitura\" \/>\n\t<meta name=\"twitter:data1\" content=\"1 minuto\" \/>\n<script type=\"application\/ld+json\" class=\"yoast-schema-graph\">{\"@context\":\"https:\\\/\\\/schema.org\",\"@graph\":[{\"@type\":\"WebPage\",\"@id\":\"https:\\\/\\\/levelprint.com.br\\\/pt\\\/categoria\\\/produto\\\/kit-10-pin-bottons-personalizados-bolsonaro-2022-44cm-escolha-o-modelo\\\/\",\"url\":\"https:\\\/\\\/levelprint.com.br\\\/pt\\\/categoria\\\/produto\\\/kit-10-pin-bottons-personalizados-bolsonaro-2022-44cm-escolha-o-modelo\\\/\",\"name\":\"Chaveiro Dia dos Pais sublima\u00e7\u00e3o em metal - Level Print Personalizados\",\"isPartOf\":{\"@id\":\"https:\\\/\\\/levelprint.com.br\\\/#website\"},\"primaryImageOfPage\":{\"@id\":\"https:\\\/\\\/levelprint.com.br\\\/pt\\\/categoria\\\/produto\\\/kit-10-pin-bottons-personalizados-bolsonaro-2022-44cm-escolha-o-modelo\\\/#primaryimage\"},\"image\":{\"@id\":\"https:\\\/\\\/levelprint.com.br\\\/pt\\\/categoria\\\/produto\\\/kit-10-pin-bottons-personalizados-bolsonaro-2022-44cm-escolha-o-modelo\\\/#primaryimage\"},\"thumbnailUrl\":\"https:\\\/\\\/levelprint.com.br\\\/wp-content\\\/uploads\\\/2022\\\/03\\\/botton-bolsonaro-elesim-presidente-4-4cm-bottn-ele-sim-bolsonaro.jpg\",\"datePublished\":\"2022-03-24T03:46:22+00:00\",\"dateModified\":\"2025-10-24T19:08:40+00:00\",\"description\":\"O chaveiro sublima\u00e7\u00e3o em metal da Level Print \u00e9 um excelente presente para o dia dos pais ou algu\u00e9m que voc\u00ea ama, marcando sua hist\u00f3ria para sempre.\",\"breadcrumb\":{\"@id\":\"https:\\\/\\\/levelprint.com.br\\\/pt\\\/categoria\\\/produto\\\/kit-10-pin-bottons-personalizados-bolsonaro-2022-44cm-escolha-o-modelo\\\/#breadcrumb\"},\"inLanguage\":\"pt-BR\",\"potentialAction\":[{\"@type\":\"ReadAction\",\"target\":[\"https:\\\/\\\/levelprint.com.br\\\/pt\\\/categoria\\\/produto\\\/kit-10-pin-bottons-personalizados-bolsonaro-2022-44cm-escolha-o-modelo\\\/\"]}]},{\"@type\":\"ImageObject\",\"inLanguage\":\"pt-BR\",\"@id\":\"https:\\\/\\\/levelprint.com.br\\\/pt\\\/categoria\\\/produto\\\/kit-10-pin-bottons-personalizados-bolsonaro-2022-44cm-escolha-o-modelo\\\/#primaryimage\",\"url\":\"https:\\\/\\\/levelprint.com.br\\\/wp-content\\\/uploads\\\/2022\\\/03\\\/botton-bolsonaro-elesim-presidente-4-4cm-bottn-ele-sim-bolsonaro.jpg\",\"contentUrl\":\"https:\\\/\\\/levelprint.com.br\\\/wp-content\\\/uploads\\\/2022\\\/03\\\/botton-bolsonaro-elesim-presidente-4-4cm-bottn-ele-sim-bolsonaro.jpg\",\"width\":536,\"height\":580},{\"@type\":\"BreadcrumbList\",\"@id\":\"https:\\\/\\\/levelprint.com.br\\\/pt\\\/categoria\\\/produto\\\/kit-10-pin-bottons-personalizados-bolsonaro-2022-44cm-escolha-o-modelo\\\/#breadcrumb\",\"itemListElement\":[{\"@type\":\"ListItem\",\"position\":1,\"name\":\"In\u00edcio\",\"item\":\"https:\\\/\\\/levelprint.com.br\\\/\"},{\"@type\":\"ListItem\",\"position\":2,\"name\":\"Loja\",\"item\":\"https:\\\/\\\/levelprint.com.br\\\/pt\\\/loja\\\/\"},{\"@type\":\"ListItem\",\"position\":3,\"name\":\"Kit 10 Pin Bottons Personalizados Bolsonaro 2022 4,4cm &#8211; Escolha o Modelo\"}]},{\"@type\":\"WebSite\",\"@id\":\"https:\\\/\\\/levelprint.com.br\\\/#website\",\"url\":\"https:\\\/\\\/levelprint.com.br\\\/\",\"name\":\"Level Print Gr\u00e1fica em Alagoas | Banners, Crach\u00e1s, Canecas Personalizadas e Mais\",\"description\":\"L\u00edder em Gr\u00e1fica e Personalizados em Macei\u00f3\",\"publisher\":{\"@id\":\"https:\\\/\\\/levelprint.com.br\\\/#organization\"},\"alternateName\":\"Gr\u00e1fica em Macei\u00f3 - Level Print | Banners, Canecas, Crach\u00e1s, Cord\u00f5es Personalizados\",\"potentialAction\":[{\"@type\":\"SearchAction\",\"target\":{\"@type\":\"EntryPoint\",\"urlTemplate\":\"https:\\\/\\\/levelprint.com.br\\\/?s={search_term_string}\"},\"query-input\":{\"@type\":\"PropertyValueSpecification\",\"valueRequired\":true,\"valueName\":\"search_term_string\"}}],\"inLanguage\":\"pt-BR\"},{\"@type\":\"Organization\",\"@id\":\"https:\\\/\\\/levelprint.com.br\\\/#organization\",\"name\":\"Level Print Gr\u00e1fica e Personalizados LTDA.\",\"alternateName\":\"Level Print Gr\u00e1fica\",\"url\":\"https:\\\/\\\/levelprint.com.br\\\/\",\"logo\":{\"@type\":\"ImageObject\",\"inLanguage\":\"pt-BR\",\"@id\":\"https:\\\/\\\/levelprint.com.br\\\/#\\\/schema\\\/logo\\\/image\\\/\",\"url\":\"https:\\\/\\\/levelprint.com.br\\\/wp-content\\\/uploads\\\/2025\\\/07\\\/Logo-Level-Print-Grafica.webp\",\"contentUrl\":\"https:\\\/\\\/levelprint.com.br\\\/wp-content\\\/uploads\\\/2025\\\/07\\\/Logo-Level-Print-Grafica.webp\",\"width\":1176,\"height\":1176,\"caption\":\"Level Print Gr\u00e1fica e Personalizados LTDA.\"},\"image\":{\"@id\":\"https:\\\/\\\/levelprint.com.br\\\/#\\\/schema\\\/logo\\\/image\\\/\"},\"sameAs\":[\"https:\\\/\\\/www.facebook.com\\\/levelprintgrafica\",\"https:\\\/\\\/x.com\\\/levelprintbr\",\"https:\\\/\\\/instagram.com\\\/levelprintgrafica\",\"https:\\\/\\\/www.linkedin.com\\\/company\\\/levelprint\\\/\",\"https:\\\/\\\/br.pinterest.com\\\/simones6766\\\/_saved\\\/https:\\\/\\\/br.pinterest.com\\\/simones6766\\\/_saved\\\/\",\"https:\\\/\\\/www.youtube.com\\\/channel\\\/UC3fz7xDpzPqorul-xhH6lBg\"]}]}<\/script>\n<!-- \/ Yoast SEO plugin. -->","yoast_head_json":{"title":"Chaveiro Dia dos Pais sublima\u00e7\u00e3o em metal - Level Print Personalizados","description":"O chaveiro sublima\u00e7\u00e3o em metal da Level Print \u00e9 um excelente presente para o dia dos pais ou algu\u00e9m que voc\u00ea ama, marcando sua hist\u00f3ria para sempre.","robots":{"index":"index","follow":"follow","max-snippet":"max-snippet:-1","max-image-preview":"max-image-preview:large","max-video-preview":"max-video-preview:-1"},"canonical":"https:\/\/levelprint.com.br\/pt\/categoria\/produto\/kit-10-pin-bottons-personalizados-bolsonaro-2022-44cm-escolha-o-modelo\/","og_locale":"pt_BR","og_type":"article","og_title":"Caneca Namorados 005 Especial com foto","og_description":"O chaveiro sublima\u00e7\u00e3o em metal da Level Print \u00e9 um excelente presente para o dia dos pais ou algu\u00e9m que voc\u00ea ama, marcando sua hist\u00f3ria para sempre.","og_url":"https:\/\/levelprint.com.br\/pt\/categoria\/produto\/kit-10-pin-bottons-personalizados-bolsonaro-2022-44cm-escolha-o-modelo\/","og_site_name":"Level Print Gr\u00e1fica e Personalizados","article_publisher":"https:\/\/www.facebook.com\/levelprintgrafica","article_modified_time":"2025-10-24T19:08:40+00:00","og_image":[{"width":659,"height":531,"url":"https:\/\/levelprint.com.br\/wp-content\/uploads\/2020\/05\/Caneca-Br-Love-Dia-dos-Namorados3.jpg","type":"image\/jpeg"}],"twitter_card":"summary_large_image","twitter_site":"@levelprintbr","twitter_misc":{"Est. tempo de leitura":"1 minuto"},"schema":{"@context":"https:\/\/schema.org","@graph":[{"@type":"WebPage","@id":"https:\/\/levelprint.com.br\/pt\/categoria\/produto\/kit-10-pin-bottons-personalizados-bolsonaro-2022-44cm-escolha-o-modelo\/","url":"https:\/\/levelprint.com.br\/pt\/categoria\/produto\/kit-10-pin-bottons-personalizados-bolsonaro-2022-44cm-escolha-o-modelo\/","name":"Chaveiro Dia dos Pais sublima\u00e7\u00e3o em metal - Level Print Personalizados","isPartOf":{"@id":"https:\/\/levelprint.com.br\/#website"},"primaryImageOfPage":{"@id":"https:\/\/levelprint.com.br\/pt\/categoria\/produto\/kit-10-pin-bottons-personalizados-bolsonaro-2022-44cm-escolha-o-modelo\/#primaryimage"},"image":{"@id":"https:\/\/levelprint.com.br\/pt\/categoria\/produto\/kit-10-pin-bottons-personalizados-bolsonaro-2022-44cm-escolha-o-modelo\/#primaryimage"},"thumbnailUrl":"https:\/\/levelprint.com.br\/wp-content\/uploads\/2022\/03\/botton-bolsonaro-elesim-presidente-4-4cm-bottn-ele-sim-bolsonaro.jpg","datePublished":"2022-03-24T03:46:22+00:00","dateModified":"2025-10-24T19:08:40+00:00","description":"O chaveiro sublima\u00e7\u00e3o em metal da Level Print \u00e9 um excelente presente para o dia dos pais ou algu\u00e9m que voc\u00ea ama, marcando sua hist\u00f3ria para sempre.","breadcrumb":{"@id":"https:\/\/levelprint.com.br\/pt\/categoria\/produto\/kit-10-pin-bottons-personalizados-bolsonaro-2022-44cm-escolha-o-modelo\/#breadcrumb"},"inLanguage":"pt-BR","potentialAction":[{"@type":"ReadAction","target":["https:\/\/levelprint.com.br\/pt\/categoria\/produto\/kit-10-pin-bottons-personalizados-bolsonaro-2022-44cm-escolha-o-modelo\/"]}]},{"@type":"ImageObject","inLanguage":"pt-BR","@id":"https:\/\/levelprint.com.br\/pt\/categoria\/produto\/kit-10-pin-bottons-personalizados-bolsonaro-2022-44cm-escolha-o-modelo\/#primaryimage","url":"https:\/\/levelprint.com.br\/wp-content\/uploads\/2022\/03\/botton-bolsonaro-elesim-presidente-4-4cm-bottn-ele-sim-bolsonaro.jpg","contentUrl":"https:\/\/levelprint.com.br\/wp-content\/uploads\/2022\/03\/botton-bolsonaro-elesim-presidente-4-4cm-bottn-ele-sim-bolsonaro.jpg","width":536,"height":580},{"@type":"BreadcrumbList","@id":"https:\/\/levelprint.com.br\/pt\/categoria\/produto\/kit-10-pin-bottons-personalizados-bolsonaro-2022-44cm-escolha-o-modelo\/#breadcrumb","itemListElement":[{"@type":"ListItem","position":1,"name":"In\u00edcio","item":"https:\/\/levelprint.com.br\/"},{"@type":"ListItem","position":2,"name":"Loja","item":"https:\/\/levelprint.com.br\/pt\/loja\/"},{"@type":"ListItem","position":3,"name":"Kit 10 Pin Bottons Personalizados Bolsonaro 2022 4,4cm &#8211; Escolha o Modelo"}]},{"@type":"WebSite","@id":"https:\/\/levelprint.com.br\/#website","url":"https:\/\/levelprint.com.br\/","name":"Level Print Gr\u00e1fica em Alagoas | Banners, Crach\u00e1s, Canecas Personalizadas e Mais","description":"L\u00edder em Gr\u00e1fica e Personalizados em Macei\u00f3","publisher":{"@id":"https:\/\/levelprint.com.br\/#organization"},"alternateName":"Gr\u00e1fica em Macei\u00f3 - Level Print | Banners, Canecas, Crach\u00e1s, Cord\u00f5es Personalizados","potentialAction":[{"@type":"SearchAction","target":{"@type":"EntryPoint","urlTemplate":"https:\/\/levelprint.com.br\/?s={search_term_string}"},"query-input":{"@type":"PropertyValueSpecification","valueRequired":true,"valueName":"search_term_string"}}],"inLanguage":"pt-BR"},{"@type":"Organization","@id":"https:\/\/levelprint.com.br\/#organization","name":"Level Print Gr\u00e1fica e Personalizados LTDA.","alternateName":"Level Print Gr\u00e1fica","url":"https:\/\/levelprint.com.br\/","logo":{"@type":"ImageObject","inLanguage":"pt-BR","@id":"https:\/\/levelprint.com.br\/#\/schema\/logo\/image\/","url":"https:\/\/levelprint.com.br\/wp-content\/uploads\/2025\/07\/Logo-Level-Print-Grafica.webp","contentUrl":"https:\/\/levelprint.com.br\/wp-content\/uploads\/2025\/07\/Logo-Level-Print-Grafica.webp","width":1176,"height":1176,"caption":"Level Print Gr\u00e1fica e Personalizados LTDA."},"image":{"@id":"https:\/\/levelprint.com.br\/#\/schema\/logo\/image\/"},"sameAs":["https:\/\/www.facebook.com\/levelprintgrafica","https:\/\/x.com\/levelprintbr","https:\/\/instagram.com\/levelprintgrafica","https:\/\/www.linkedin.com\/company\/levelprint\/","https:\/\/br.pinterest.com\/simones6766\/_saved\/https:\/\/br.pinterest.com\/simones6766\/_saved\/","https:\/\/www.youtube.com\/channel\/UC3fz7xDpzPqorul-xhH6lBg"]}]}},"_links":{"self":[{"href":"https:\/\/levelprint.com.br\/pt\/wp-json\/wp\/v2\/product\/74124","targetHints":{"allow":["GET"]}}],"collection":[{"href":"https:\/\/levelprint.com.br\/pt\/wp-json\/wp\/v2\/product"}],"about":[{"href":"https:\/\/levelprint.com.br\/pt\/wp-json\/wp\/v2\/types\/product"}],"wp:featuredmedia":[{"embeddable":true,"href":"https:\/\/levelprint.com.br\/pt\/wp-json\/wp\/v2\/media\/74114"}],"wp:attachment":[{"href":"https:\/\/levelprint.com.br\/pt\/wp-json\/wp\/v2\/media?parent=74124"}],"wp:term":[{"taxonomy":"product_brand","embeddable":true,"href":"https:\/\/levelprint.com.br\/pt\/wp-json\/wp\/v2\/product_brand?post=74124"},{"taxonomy":"product_cat","embeddable":true,"href":"https:\/\/levelprint.com.br\/pt\/wp-json\/wp\/v2\/product_cat?post=74124"},{"taxonomy":"product_tag","embeddable":true,"href":"https:\/\/levelprint.com.br\/pt\/wp-json\/wp\/v2\/product_tag?post=74124"}],"curies":[{"name":"wp","href":"https:\/\/api.w.org\/{rel}","templated":true}]}}