{"id":74140,"date":"2022-04-21T17:20:27","date_gmt":"2022-04-21T20:20:27","guid":{"rendered":"https:\/\/levelprint.com.br\/?post_type=product&#038;p=74140"},"modified":"2025-10-24T16:08:40","modified_gmt":"2025-10-24T19:08:40","slug":"100-rotulos-adesivo-vinil-transparente-personalizados-5x5cm","status":"publish","type":"product","link":"https:\/\/levelprint.com.br\/pt\/categoria\/produto\/100-rotulos-adesivo-vinil-transparente-personalizados-5x5cm\/","title":{"rendered":"100 R\u00f3tulos Adesivo Vinil Transparente Personalizados &#8211; 5x5cm"},"content":{"rendered":"<h3>Adesivo R\u00f3tulo Transparente Personalizado<\/h3>\n<ul>\n<li>Quantidade: 100 unidades<\/li>\n<li>Tamanho: 5,5cm (5 cm de di\u00e2metro)<\/li>\n<li>Adesivo Vinil Transparente<\/li>\n<li>Impress\u00e3o Colorida Alt\u00edssima Qualidade<\/li>\n<li>Adesivo \u00e0 prova d&#8217;\u00e1gua (pode molhar que n\u00e3o estraga nem desbota)<\/li>\n<li>Acabamento: J\u00e1 vem cortadinho, pronto para destacar e colar.<\/li>\n<\/ul>\n<h3>PRAZO DE PRODU\u00c7\u00c3O E ENTREGA<\/h3>\n<p>Quanto mais r\u00e1pido voc\u00ea nos enviar suas informa\u00e7\u00f5es, mais r\u00e1pido despacharemos seu material. Quanto mais r\u00e1pido definirmos sua arte, mais r\u00e1pido seu material estar\u00e1 em suas m\u00e3os!<\/p>\n<h3>ARTE GR\u00c1TIS<\/h3>\n<p>Ap\u00f3s a compra ser efetuada entraremos em contato para pegar os dados necess\u00e1rios para a elabora\u00e7\u00e3o da arte. Assim que a arte ficar pronta enviaremos para aprova\u00e7\u00e3o.<br \/>\nO prazo para a elabora\u00e7\u00e3o da arte \u00e9 de at\u00e9 3 dias \u00fateis.<br \/>\nO prazo para envio do material \u00e9 de 7 dias \u00fateis ap\u00f3s aprova\u00e7\u00e3o da arte.<br \/>\n(SEMPRE ENTREGAMOS ANTES DO PRAZO, COLOCAMOS ESSES DIAS DE PRAZO SOMENTE POR SEGURAN\u00c7A)<\/p>\n","protected":false},"excerpt":{"rendered":"<p>Adesivo R\u00f3tulo Transparente Personalizado Quantidade: 100 unidades Tamanho: 5,5cm (5 cm de di\u00e2metro) Adesivo Vinil Transparente Impress\u00e3o Colorida Alt\u00edssima Qualidade Adesivo \u00e0 prova d&#8217;\u00e1gua (pode molhar que n\u00e3o estraga nem desbota) Acabamento: J\u00e1 vem cortadinho, pronto para destacar e colar. PRAZO DE PRODU\u00c7\u00c3O E ENTREGA Quanto mais r\u00e1pido voc\u00ea nos enviar suas informa\u00e7\u00f5es, mais r\u00e1pido [&hellip;]<\/p>\n","protected":false},"featured_media":74712,"template":"","meta":[],"product_brand":[],"product_cat":[600,541],"product_tag":[601,605,527,604,603],"class_list":{"0":"post-74140","1":"product","2":"type-product","3":"status-publish","4":"has-post-thumbnail","6":"product_cat-adesivos","7":"product_cat-grafica","8":"product_tag-adesivo","9":"product_tag-grafica","10":"product_tag-personalizado","11":"product_tag-produtos-graficos","12":"product_tag-transparente","14":"first","15":"instock","16":"sale","17":"taxable","18":"shipping-taxable","19":"purchasable","20":"product-type-simple"},"yoast_head":"<!-- This site is optimized with the Yoast SEO plugin v27.3 - https:\/\/yoast.com\/product\/yoast-seo-wordpress\/ -->\n<title>100 R\u00f3tulos Adesivo Vinil Transparente Personalizados - 5x5cm - Level Print Gr\u00e1fica e Personalizados<\/title>\n<meta name=\"robots\" content=\"index, follow, max-snippet:-1, max-image-preview:large, max-video-preview:-1\" \/>\n<link rel=\"canonical\" href=\"https:\/\/levelprint.com.br\/pt\/categoria\/produto\/100-rotulos-adesivo-vinil-transparente-personalizados-5x5cm\/\" \/>\n<meta property=\"og:locale\" content=\"pt_BR\" \/>\n<meta property=\"og:type\" content=\"article\" \/>\n<meta property=\"og:title\" content=\"100 R\u00f3tulos Adesivo Vinil Transparente Personalizados - 5x5cm - Level Print Gr\u00e1fica e Personalizados\" \/>\n<meta property=\"og:description\" content=\"Adesivo R\u00f3tulo Transparente Personalizado Quantidade: 100 unidades Tamanho: 5,5cm (5 cm de di\u00e2metro) Adesivo Vinil Transparente Impress\u00e3o Colorida Alt\u00edssima Qualidade Adesivo \u00e0 prova d&#8217;\u00e1gua (pode molhar que n\u00e3o estraga nem desbota) Acabamento: J\u00e1 vem cortadinho, pronto para destacar e colar. PRAZO DE PRODU\u00c7\u00c3O E ENTREGA Quanto mais r\u00e1pido voc\u00ea nos enviar suas informa\u00e7\u00f5es, mais r\u00e1pido [&hellip;]\" \/>\n<meta property=\"og:url\" content=\"https:\/\/levelprint.com.br\/pt\/categoria\/produto\/100-rotulos-adesivo-vinil-transparente-personalizados-5x5cm\/\" \/>\n<meta property=\"og:site_name\" content=\"Level Print Gr\u00e1fica e Personalizados\" \/>\n<meta property=\"article:publisher\" content=\"https:\/\/www.facebook.com\/levelprintgrafica\" \/>\n<meta property=\"article:modified_time\" content=\"2025-10-24T19:08:40+00:00\" \/>\n<meta property=\"og:image\" content=\"https:\/\/levelprint.com.br\/wp-content\/uploads\/2022\/04\/adesivo-transparente-01.jpg\" \/>\n\t<meta property=\"og:image:width\" content=\"992\" \/>\n\t<meta property=\"og:image:height\" content=\"992\" \/>\n\t<meta property=\"og:image:type\" content=\"image\/jpeg\" \/>\n<meta name=\"twitter:card\" content=\"summary_large_image\" \/>\n<meta name=\"twitter:site\" content=\"@levelprintbr\" \/>\n<meta name=\"twitter:label1\" content=\"Est. tempo de leitura\" \/>\n\t<meta name=\"twitter:data1\" content=\"1 minuto\" \/>\n<script type=\"application\/ld+json\" class=\"yoast-schema-graph\">{\"@context\":\"https:\\\/\\\/schema.org\",\"@graph\":[{\"@type\":\"WebPage\",\"@id\":\"https:\\\/\\\/levelprint.com.br\\\/categoria\\\/produto\\\/100-rotulos-adesivo-vinil-transparente-personalizados-5x5cm\\\/\",\"url\":\"https:\\\/\\\/levelprint.com.br\\\/categoria\\\/produto\\\/100-rotulos-adesivo-vinil-transparente-personalizados-5x5cm\\\/\",\"name\":\"100 R\u00f3tulos Adesivo Vinil Transparente Personalizados - 5x5cm - Level Print Gr\u00e1fica e Personalizados\",\"isPartOf\":{\"@id\":\"https:\\\/\\\/levelprint.com.br\\\/#website\"},\"primaryImageOfPage\":{\"@id\":\"https:\\\/\\\/levelprint.com.br\\\/categoria\\\/produto\\\/100-rotulos-adesivo-vinil-transparente-personalizados-5x5cm\\\/#primaryimage\"},\"image\":{\"@id\":\"https:\\\/\\\/levelprint.com.br\\\/categoria\\\/produto\\\/100-rotulos-adesivo-vinil-transparente-personalizados-5x5cm\\\/#primaryimage\"},\"thumbnailUrl\":\"https:\\\/\\\/levelprint.com.br\\\/wp-content\\\/uploads\\\/2022\\\/04\\\/adesivo-transparente-01.jpg\",\"datePublished\":\"2022-04-21T20:20:27+00:00\",\"dateModified\":\"2025-10-24T19:08:40+00:00\",\"breadcrumb\":{\"@id\":\"https:\\\/\\\/levelprint.com.br\\\/categoria\\\/produto\\\/100-rotulos-adesivo-vinil-transparente-personalizados-5x5cm\\\/#breadcrumb\"},\"inLanguage\":\"pt-BR\",\"potentialAction\":[{\"@type\":\"ReadAction\",\"target\":[\"https:\\\/\\\/levelprint.com.br\\\/categoria\\\/produto\\\/100-rotulos-adesivo-vinil-transparente-personalizados-5x5cm\\\/\"]}]},{\"@type\":\"ImageObject\",\"inLanguage\":\"pt-BR\",\"@id\":\"https:\\\/\\\/levelprint.com.br\\\/categoria\\\/produto\\\/100-rotulos-adesivo-vinil-transparente-personalizados-5x5cm\\\/#primaryimage\",\"url\":\"https:\\\/\\\/levelprint.com.br\\\/wp-content\\\/uploads\\\/2022\\\/04\\\/adesivo-transparente-01.jpg\",\"contentUrl\":\"https:\\\/\\\/levelprint.com.br\\\/wp-content\\\/uploads\\\/2022\\\/04\\\/adesivo-transparente-01.jpg\",\"width\":992,\"height\":992},{\"@type\":\"BreadcrumbList\",\"@id\":\"https:\\\/\\\/levelprint.com.br\\\/categoria\\\/produto\\\/100-rotulos-adesivo-vinil-transparente-personalizados-5x5cm\\\/#breadcrumb\",\"itemListElement\":[{\"@type\":\"ListItem\",\"position\":1,\"name\":\"In\u00edcio\",\"item\":\"https:\\\/\\\/levelprint.com.br\\\/\"},{\"@type\":\"ListItem\",\"position\":2,\"name\":\"Loja\",\"item\":\"https:\\\/\\\/levelprint.com.br\\\/pt\\\/loja\\\/\"},{\"@type\":\"ListItem\",\"position\":3,\"name\":\"100 R\u00f3tulos Adesivo Vinil Transparente Personalizados &#8211; 5x5cm\"}]},{\"@type\":\"WebSite\",\"@id\":\"https:\\\/\\\/levelprint.com.br\\\/#website\",\"url\":\"https:\\\/\\\/levelprint.com.br\\\/\",\"name\":\"Level Print Gr\u00e1fica em Alagoas | Banners, Crach\u00e1s, Canecas Personalizadas e Mais\",\"description\":\"L\u00edder em Gr\u00e1fica e Personalizados em Macei\u00f3\",\"publisher\":{\"@id\":\"https:\\\/\\\/levelprint.com.br\\\/#organization\"},\"alternateName\":\"Gr\u00e1fica em Macei\u00f3 - Level Print | Banners, Canecas, Crach\u00e1s, Cord\u00f5es Personalizados\",\"potentialAction\":[{\"@type\":\"SearchAction\",\"target\":{\"@type\":\"EntryPoint\",\"urlTemplate\":\"https:\\\/\\\/levelprint.com.br\\\/?s={search_term_string}\"},\"query-input\":{\"@type\":\"PropertyValueSpecification\",\"valueRequired\":true,\"valueName\":\"search_term_string\"}}],\"inLanguage\":\"pt-BR\"},{\"@type\":\"Organization\",\"@id\":\"https:\\\/\\\/levelprint.com.br\\\/#organization\",\"name\":\"Level Print Gr\u00e1fica e Personalizados LTDA.\",\"alternateName\":\"Level Print Gr\u00e1fica\",\"url\":\"https:\\\/\\\/levelprint.com.br\\\/\",\"logo\":{\"@type\":\"ImageObject\",\"inLanguage\":\"pt-BR\",\"@id\":\"https:\\\/\\\/levelprint.com.br\\\/#\\\/schema\\\/logo\\\/image\\\/\",\"url\":\"https:\\\/\\\/levelprint.com.br\\\/wp-content\\\/uploads\\\/2025\\\/07\\\/Logo-Level-Print-Grafica.webp\",\"contentUrl\":\"https:\\\/\\\/levelprint.com.br\\\/wp-content\\\/uploads\\\/2025\\\/07\\\/Logo-Level-Print-Grafica.webp\",\"width\":1176,\"height\":1176,\"caption\":\"Level Print Gr\u00e1fica e Personalizados LTDA.\"},\"image\":{\"@id\":\"https:\\\/\\\/levelprint.com.br\\\/#\\\/schema\\\/logo\\\/image\\\/\"},\"sameAs\":[\"https:\\\/\\\/www.facebook.com\\\/levelprintgrafica\",\"https:\\\/\\\/x.com\\\/levelprintbr\",\"https:\\\/\\\/instagram.com\\\/levelprintgrafica\",\"https:\\\/\\\/www.linkedin.com\\\/company\\\/levelprint\\\/\",\"https:\\\/\\\/br.pinterest.com\\\/simones6766\\\/_saved\\\/https:\\\/\\\/br.pinterest.com\\\/simones6766\\\/_saved\\\/\",\"https:\\\/\\\/www.youtube.com\\\/channel\\\/UC3fz7xDpzPqorul-xhH6lBg\"]}]}<\/script>\n<!-- \/ Yoast SEO plugin. -->","yoast_head_json":{"title":"100 R\u00f3tulos Adesivo Vinil Transparente Personalizados - 5x5cm - Level Print Gr\u00e1fica e Personalizados","robots":{"index":"index","follow":"follow","max-snippet":"max-snippet:-1","max-image-preview":"max-image-preview:large","max-video-preview":"max-video-preview:-1"},"canonical":"https:\/\/levelprint.com.br\/pt\/categoria\/produto\/100-rotulos-adesivo-vinil-transparente-personalizados-5x5cm\/","og_locale":"pt_BR","og_type":"article","og_title":"100 R\u00f3tulos Adesivo Vinil Transparente Personalizados - 5x5cm - Level Print Gr\u00e1fica e Personalizados","og_description":"Adesivo R\u00f3tulo Transparente Personalizado Quantidade: 100 unidades Tamanho: 5,5cm (5 cm de di\u00e2metro) Adesivo Vinil Transparente Impress\u00e3o Colorida Alt\u00edssima Qualidade Adesivo \u00e0 prova d&#8217;\u00e1gua (pode molhar que n\u00e3o estraga nem desbota) Acabamento: J\u00e1 vem cortadinho, pronto para destacar e colar. PRAZO DE PRODU\u00c7\u00c3O E ENTREGA Quanto mais r\u00e1pido voc\u00ea nos enviar suas informa\u00e7\u00f5es, mais r\u00e1pido [&hellip;]","og_url":"https:\/\/levelprint.com.br\/pt\/categoria\/produto\/100-rotulos-adesivo-vinil-transparente-personalizados-5x5cm\/","og_site_name":"Level Print Gr\u00e1fica e Personalizados","article_publisher":"https:\/\/www.facebook.com\/levelprintgrafica","article_modified_time":"2025-10-24T19:08:40+00:00","og_image":[{"width":992,"height":992,"url":"https:\/\/levelprint.com.br\/wp-content\/uploads\/2022\/04\/adesivo-transparente-01.jpg","type":"image\/jpeg"}],"twitter_card":"summary_large_image","twitter_site":"@levelprintbr","twitter_misc":{"Est. tempo de leitura":"1 minuto"},"schema":{"@context":"https:\/\/schema.org","@graph":[{"@type":"WebPage","@id":"https:\/\/levelprint.com.br\/categoria\/produto\/100-rotulos-adesivo-vinil-transparente-personalizados-5x5cm\/","url":"https:\/\/levelprint.com.br\/categoria\/produto\/100-rotulos-adesivo-vinil-transparente-personalizados-5x5cm\/","name":"100 R\u00f3tulos Adesivo Vinil Transparente Personalizados - 5x5cm - Level Print Gr\u00e1fica e Personalizados","isPartOf":{"@id":"https:\/\/levelprint.com.br\/#website"},"primaryImageOfPage":{"@id":"https:\/\/levelprint.com.br\/categoria\/produto\/100-rotulos-adesivo-vinil-transparente-personalizados-5x5cm\/#primaryimage"},"image":{"@id":"https:\/\/levelprint.com.br\/categoria\/produto\/100-rotulos-adesivo-vinil-transparente-personalizados-5x5cm\/#primaryimage"},"thumbnailUrl":"https:\/\/levelprint.com.br\/wp-content\/uploads\/2022\/04\/adesivo-transparente-01.jpg","datePublished":"2022-04-21T20:20:27+00:00","dateModified":"2025-10-24T19:08:40+00:00","breadcrumb":{"@id":"https:\/\/levelprint.com.br\/categoria\/produto\/100-rotulos-adesivo-vinil-transparente-personalizados-5x5cm\/#breadcrumb"},"inLanguage":"pt-BR","potentialAction":[{"@type":"ReadAction","target":["https:\/\/levelprint.com.br\/categoria\/produto\/100-rotulos-adesivo-vinil-transparente-personalizados-5x5cm\/"]}]},{"@type":"ImageObject","inLanguage":"pt-BR","@id":"https:\/\/levelprint.com.br\/categoria\/produto\/100-rotulos-adesivo-vinil-transparente-personalizados-5x5cm\/#primaryimage","url":"https:\/\/levelprint.com.br\/wp-content\/uploads\/2022\/04\/adesivo-transparente-01.jpg","contentUrl":"https:\/\/levelprint.com.br\/wp-content\/uploads\/2022\/04\/adesivo-transparente-01.jpg","width":992,"height":992},{"@type":"BreadcrumbList","@id":"https:\/\/levelprint.com.br\/categoria\/produto\/100-rotulos-adesivo-vinil-transparente-personalizados-5x5cm\/#breadcrumb","itemListElement":[{"@type":"ListItem","position":1,"name":"In\u00edcio","item":"https:\/\/levelprint.com.br\/"},{"@type":"ListItem","position":2,"name":"Loja","item":"https:\/\/levelprint.com.br\/pt\/loja\/"},{"@type":"ListItem","position":3,"name":"100 R\u00f3tulos Adesivo Vinil Transparente Personalizados &#8211; 5x5cm"}]},{"@type":"WebSite","@id":"https:\/\/levelprint.com.br\/#website","url":"https:\/\/levelprint.com.br\/","name":"Level Print Gr\u00e1fica em Alagoas | Banners, Crach\u00e1s, Canecas Personalizadas e Mais","description":"L\u00edder em Gr\u00e1fica e Personalizados em Macei\u00f3","publisher":{"@id":"https:\/\/levelprint.com.br\/#organization"},"alternateName":"Gr\u00e1fica em Macei\u00f3 - Level Print | Banners, Canecas, Crach\u00e1s, Cord\u00f5es Personalizados","potentialAction":[{"@type":"SearchAction","target":{"@type":"EntryPoint","urlTemplate":"https:\/\/levelprint.com.br\/?s={search_term_string}"},"query-input":{"@type":"PropertyValueSpecification","valueRequired":true,"valueName":"search_term_string"}}],"inLanguage":"pt-BR"},{"@type":"Organization","@id":"https:\/\/levelprint.com.br\/#organization","name":"Level Print Gr\u00e1fica e Personalizados LTDA.","alternateName":"Level Print Gr\u00e1fica","url":"https:\/\/levelprint.com.br\/","logo":{"@type":"ImageObject","inLanguage":"pt-BR","@id":"https:\/\/levelprint.com.br\/#\/schema\/logo\/image\/","url":"https:\/\/levelprint.com.br\/wp-content\/uploads\/2025\/07\/Logo-Level-Print-Grafica.webp","contentUrl":"https:\/\/levelprint.com.br\/wp-content\/uploads\/2025\/07\/Logo-Level-Print-Grafica.webp","width":1176,"height":1176,"caption":"Level Print Gr\u00e1fica e Personalizados LTDA."},"image":{"@id":"https:\/\/levelprint.com.br\/#\/schema\/logo\/image\/"},"sameAs":["https:\/\/www.facebook.com\/levelprintgrafica","https:\/\/x.com\/levelprintbr","https:\/\/instagram.com\/levelprintgrafica","https:\/\/www.linkedin.com\/company\/levelprint\/","https:\/\/br.pinterest.com\/simones6766\/_saved\/https:\/\/br.pinterest.com\/simones6766\/_saved\/","https:\/\/www.youtube.com\/channel\/UC3fz7xDpzPqorul-xhH6lBg"]}]}},"_links":{"self":[{"href":"https:\/\/levelprint.com.br\/pt\/wp-json\/wp\/v2\/product\/74140","targetHints":{"allow":["GET"]}}],"collection":[{"href":"https:\/\/levelprint.com.br\/pt\/wp-json\/wp\/v2\/product"}],"about":[{"href":"https:\/\/levelprint.com.br\/pt\/wp-json\/wp\/v2\/types\/product"}],"wp:featuredmedia":[{"embeddable":true,"href":"https:\/\/levelprint.com.br\/pt\/wp-json\/wp\/v2\/media\/74712"}],"wp:attachment":[{"href":"https:\/\/levelprint.com.br\/pt\/wp-json\/wp\/v2\/media?parent=74140"}],"wp:term":[{"taxonomy":"product_brand","embeddable":true,"href":"https:\/\/levelprint.com.br\/pt\/wp-json\/wp\/v2\/product_brand?post=74140"},{"taxonomy":"product_cat","embeddable":true,"href":"https:\/\/levelprint.com.br\/pt\/wp-json\/wp\/v2\/product_cat?post=74140"},{"taxonomy":"product_tag","embeddable":true,"href":"https:\/\/levelprint.com.br\/pt\/wp-json\/wp\/v2\/product_tag?post=74140"}],"curies":[{"name":"wp","href":"https:\/\/api.w.org\/{rel}","templated":true}]}}