{"id":74799,"date":"2024-02-05T10:42:41","date_gmt":"2024-02-05T13:42:41","guid":{"rendered":"https:\/\/levelprint.com.br\/?post_type=product&#038;p=74799"},"modified":"2025-10-24T16:08:38","modified_gmt":"2025-10-24T19:08:38","slug":"cartao-sus-personalizado-em-pvc-com-sua-foto-grafica","status":"publish","type":"product","link":"https:\/\/levelprint.com.br\/pt\/categoria\/produto\/cartao-sus-personalizado-em-pvc-com-sua-foto-grafica\/","title":{"rendered":"Cart\u00e3o SUS personalizado em PVC com sua foto | Gr\u00e1fica"},"content":{"rendered":"<section class=\"category_information_content_texts_title\">\n<section class=\"category_information_content_texts_title\">\n<h3>P<span style=\"font-size: 16px;\">ersonalizamos seu cart\u00e3o SUS em PVC com qualquer tema e sua foto personalizada. Para melhor desenvolver sua arte, solicitamos as seguintes informa\u00e7\u00f5es:<\/span><\/h3>\n<ul>\n<li>Tema a ser usado como base de fundo (Ex.: paisagens, cen\u00e1rios)<\/li>\n<li>Nome completo<\/li>\n<li>Data de nascimento<\/li>\n<li>Sexo<\/li>\n<li>N\u00famero do cart\u00e3o do SUS<\/li>\n<\/ul>\n<p>O produto confeccionado tem as mesmas dimens\u00f5es de um cart\u00e3o de cr\u00e9dito ou crach\u00e1 de empresa.<\/p>\n<\/section>\n<\/section>\n<section class=\"category_information_content_image_and_text_texts\"><\/section>\n","protected":false},"excerpt":{"rendered":"<p>Ter um cart\u00e3o do SUS personalizado em PVC, al\u00e9m de muito atraente pode garantir um durabilidade incr\u00edvel, pois trabalhamos com um material especial \u00e0 prova d&#8217;\u00e1gua e com prote\u00e7\u00e3o UV (contra raios solares), o que n\u00e3o desbota com o tempo.<\/p>\n<p>Os cart\u00f5es do SUS Level Print seguem os padr\u00f5es ISO CR-80 de qualidade, com um material mundialmente conhecido e aprovado.<\/p>\n","protected":false},"featured_media":74068,"template":"","meta":[],"product_brand":[],"product_cat":[183,560,541,208],"product_tag":[551,550,713,231,605,527,711,712,561,552],"class_list":{"0":"post-74799","1":"product","2":"type-product","3":"status-publish","4":"has-post-thumbnail","6":"product_cat-autismo","7":"product_cat-cartao-do-sus-pvc","8":"product_cat-grafica","9":"product_cat-inclusao-social","10":"product_tag-cartao-personalizado","11":"product_tag-cartao-sus","12":"product_tag-cartao-sus-com-foto","13":"product_tag-foto","14":"product_tag-grafica","15":"product_tag-personalizado","16":"product_tag-protecao-uv","17":"product_tag-prova-dagua","18":"product_tag-pvc","19":"product_tag-sus","21":"first","22":"instock","23":"sale","24":"taxable","25":"shipping-taxable","26":"purchasable","27":"product-type-simple"},"yoast_head":"<!-- This site is optimized with the Yoast SEO plugin v27.3 - https:\/\/yoast.com\/product\/yoast-seo-wordpress\/ -->\n<title>Cart\u00e3o SUS personalizado em PVC com sua foto | Gr\u00e1fica - Level Print Gr\u00e1fica e Personalizados %<\/title>\n<meta name=\"robots\" content=\"index, follow, max-snippet:-1, max-image-preview:large, max-video-preview:-1\" \/>\n<link rel=\"canonical\" href=\"https:\/\/levelprint.com.br\/pt\/categoria\/produto\/cartao-sus-personalizado-em-pvc-com-sua-foto-grafica\/\" \/>\n<meta property=\"og:locale\" content=\"pt_BR\" \/>\n<meta property=\"og:type\" content=\"article\" \/>\n<meta property=\"og:title\" content=\"Cart\u00e3o SUS personalizado em PVC com sua foto | Gr\u00e1fica - Level Print Gr\u00e1fica e Personalizados %\" \/>\n<meta property=\"og:description\" content=\"Ter um cart\u00e3o do SUS personalizado em PVC, al\u00e9m de muito atraente pode garantir um durabilidade incr\u00edvel, pois trabalhamos com um material especial \u00e0 prova d&#039;\u00e1gua e com prote\u00e7\u00e3o UV (contra raios solares), o que n\u00e3o desbota com o tempo.  Os cart\u00f5es do SUS Level Print seguem os padr\u00f5es ISO CR-80 de qualidade, com um material mundialmente conhecido e aprovado.\" \/>\n<meta property=\"og:url\" content=\"https:\/\/levelprint.com.br\/pt\/categoria\/produto\/cartao-sus-personalizado-em-pvc-com-sua-foto-grafica\/\" \/>\n<meta property=\"og:site_name\" content=\"Level Print Gr\u00e1fica e Personalizados\" \/>\n<meta property=\"article:publisher\" content=\"https:\/\/www.facebook.com\/levelprintgrafica\" \/>\n<meta property=\"article:modified_time\" content=\"2025-10-24T19:08:38+00:00\" \/>\n<meta property=\"og:image\" content=\"https:\/\/levelprint.com.br\/wp-content\/uploads\/2022\/02\/Cartao-SUS-PVC-Personalizado-Level-Print.jpg\" \/>\n\t<meta property=\"og:image:width\" content=\"982\" \/>\n\t<meta property=\"og:image:height\" content=\"840\" \/>\n\t<meta property=\"og:image:type\" content=\"image\/jpeg\" \/>\n<meta name=\"twitter:card\" content=\"summary_large_image\" \/>\n<meta name=\"twitter:site\" content=\"@levelprintbr\" \/>\n<meta name=\"twitter:label1\" content=\"Est. tempo de leitura\" \/>\n\t<meta name=\"twitter:data1\" content=\"1 minuto\" \/>\n<script type=\"application\/ld+json\" class=\"yoast-schema-graph\">{\"@context\":\"https:\\\/\\\/schema.org\",\"@graph\":[{\"@type\":\"WebPage\",\"@id\":\"https:\\\/\\\/levelprint.com.br\\\/categoria\\\/produto\\\/cartao-sus-personalizado-em-pvc-com-sua-foto-grafica\\\/\",\"url\":\"https:\\\/\\\/levelprint.com.br\\\/categoria\\\/produto\\\/cartao-sus-personalizado-em-pvc-com-sua-foto-grafica\\\/\",\"name\":\"Cart\u00e3o SUS personalizado em PVC com sua foto | Gr\u00e1fica - Level Print Gr\u00e1fica e Personalizados %\",\"isPartOf\":{\"@id\":\"https:\\\/\\\/levelprint.com.br\\\/#website\"},\"primaryImageOfPage\":{\"@id\":\"https:\\\/\\\/levelprint.com.br\\\/categoria\\\/produto\\\/cartao-sus-personalizado-em-pvc-com-sua-foto-grafica\\\/#primaryimage\"},\"image\":{\"@id\":\"https:\\\/\\\/levelprint.com.br\\\/categoria\\\/produto\\\/cartao-sus-personalizado-em-pvc-com-sua-foto-grafica\\\/#primaryimage\"},\"thumbnailUrl\":\"https:\\\/\\\/levelprint.com.br\\\/wp-content\\\/uploads\\\/2022\\\/02\\\/Cartao-SUS-PVC-Personalizado-Level-Print.jpg\",\"datePublished\":\"2024-02-05T13:42:41+00:00\",\"dateModified\":\"2025-10-24T19:08:38+00:00\",\"breadcrumb\":{\"@id\":\"https:\\\/\\\/levelprint.com.br\\\/categoria\\\/produto\\\/cartao-sus-personalizado-em-pvc-com-sua-foto-grafica\\\/#breadcrumb\"},\"inLanguage\":\"pt-BR\",\"potentialAction\":[{\"@type\":\"ReadAction\",\"target\":[\"https:\\\/\\\/levelprint.com.br\\\/categoria\\\/produto\\\/cartao-sus-personalizado-em-pvc-com-sua-foto-grafica\\\/\"]}]},{\"@type\":\"ImageObject\",\"inLanguage\":\"pt-BR\",\"@id\":\"https:\\\/\\\/levelprint.com.br\\\/categoria\\\/produto\\\/cartao-sus-personalizado-em-pvc-com-sua-foto-grafica\\\/#primaryimage\",\"url\":\"https:\\\/\\\/levelprint.com.br\\\/wp-content\\\/uploads\\\/2022\\\/02\\\/Cartao-SUS-PVC-Personalizado-Level-Print.jpg\",\"contentUrl\":\"https:\\\/\\\/levelprint.com.br\\\/wp-content\\\/uploads\\\/2022\\\/02\\\/Cartao-SUS-PVC-Personalizado-Level-Print.jpg\",\"width\":982,\"height\":840},{\"@type\":\"BreadcrumbList\",\"@id\":\"https:\\\/\\\/levelprint.com.br\\\/categoria\\\/produto\\\/cartao-sus-personalizado-em-pvc-com-sua-foto-grafica\\\/#breadcrumb\",\"itemListElement\":[{\"@type\":\"ListItem\",\"position\":1,\"name\":\"In\u00edcio\",\"item\":\"https:\\\/\\\/levelprint.com.br\\\/\"},{\"@type\":\"ListItem\",\"position\":2,\"name\":\"Loja\",\"item\":\"https:\\\/\\\/levelprint.com.br\\\/pt\\\/loja\\\/\"},{\"@type\":\"ListItem\",\"position\":3,\"name\":\"Cart\u00e3o SUS personalizado em PVC com sua foto | Gr\u00e1fica\"}]},{\"@type\":\"WebSite\",\"@id\":\"https:\\\/\\\/levelprint.com.br\\\/#website\",\"url\":\"https:\\\/\\\/levelprint.com.br\\\/\",\"name\":\"Level Print Gr\u00e1fica em Alagoas | Banners, Crach\u00e1s, Canecas Personalizadas e Mais\",\"description\":\"L\u00edder em Gr\u00e1fica e Personalizados em Macei\u00f3\",\"publisher\":{\"@id\":\"https:\\\/\\\/levelprint.com.br\\\/#organization\"},\"alternateName\":\"Gr\u00e1fica em Macei\u00f3 - Level Print | Banners, Canecas, Crach\u00e1s, Cord\u00f5es Personalizados\",\"potentialAction\":[{\"@type\":\"SearchAction\",\"target\":{\"@type\":\"EntryPoint\",\"urlTemplate\":\"https:\\\/\\\/levelprint.com.br\\\/?s={search_term_string}\"},\"query-input\":{\"@type\":\"PropertyValueSpecification\",\"valueRequired\":true,\"valueName\":\"search_term_string\"}}],\"inLanguage\":\"pt-BR\"},{\"@type\":\"Organization\",\"@id\":\"https:\\\/\\\/levelprint.com.br\\\/#organization\",\"name\":\"Level Print Gr\u00e1fica e Personalizados LTDA.\",\"alternateName\":\"Level Print Gr\u00e1fica\",\"url\":\"https:\\\/\\\/levelprint.com.br\\\/\",\"logo\":{\"@type\":\"ImageObject\",\"inLanguage\":\"pt-BR\",\"@id\":\"https:\\\/\\\/levelprint.com.br\\\/#\\\/schema\\\/logo\\\/image\\\/\",\"url\":\"https:\\\/\\\/levelprint.com.br\\\/wp-content\\\/uploads\\\/2025\\\/07\\\/Logo-Level-Print-Grafica.webp\",\"contentUrl\":\"https:\\\/\\\/levelprint.com.br\\\/wp-content\\\/uploads\\\/2025\\\/07\\\/Logo-Level-Print-Grafica.webp\",\"width\":1176,\"height\":1176,\"caption\":\"Level Print Gr\u00e1fica e Personalizados LTDA.\"},\"image\":{\"@id\":\"https:\\\/\\\/levelprint.com.br\\\/#\\\/schema\\\/logo\\\/image\\\/\"},\"sameAs\":[\"https:\\\/\\\/www.facebook.com\\\/levelprintgrafica\",\"https:\\\/\\\/x.com\\\/levelprintbr\",\"https:\\\/\\\/instagram.com\\\/levelprintgrafica\",\"https:\\\/\\\/www.linkedin.com\\\/company\\\/levelprint\\\/\",\"https:\\\/\\\/br.pinterest.com\\\/simones6766\\\/_saved\\\/https:\\\/\\\/br.pinterest.com\\\/simones6766\\\/_saved\\\/\",\"https:\\\/\\\/www.youtube.com\\\/channel\\\/UC3fz7xDpzPqorul-xhH6lBg\"]}]}<\/script>\n<!-- \/ Yoast SEO plugin. -->","yoast_head_json":{"title":"Cart\u00e3o SUS personalizado em PVC com sua foto | Gr\u00e1fica - Level Print Gr\u00e1fica e Personalizados %","robots":{"index":"index","follow":"follow","max-snippet":"max-snippet:-1","max-image-preview":"max-image-preview:large","max-video-preview":"max-video-preview:-1"},"canonical":"https:\/\/levelprint.com.br\/pt\/categoria\/produto\/cartao-sus-personalizado-em-pvc-com-sua-foto-grafica\/","og_locale":"pt_BR","og_type":"article","og_title":"Cart\u00e3o SUS personalizado em PVC com sua foto | Gr\u00e1fica - Level Print Gr\u00e1fica e Personalizados %","og_description":"Ter um cart\u00e3o do SUS personalizado em PVC, al\u00e9m de muito atraente pode garantir um durabilidade incr\u00edvel, pois trabalhamos com um material especial \u00e0 prova d'\u00e1gua e com prote\u00e7\u00e3o UV (contra raios solares), o que n\u00e3o desbota com o tempo.  Os cart\u00f5es do SUS Level Print seguem os padr\u00f5es ISO CR-80 de qualidade, com um material mundialmente conhecido e aprovado.","og_url":"https:\/\/levelprint.com.br\/pt\/categoria\/produto\/cartao-sus-personalizado-em-pvc-com-sua-foto-grafica\/","og_site_name":"Level Print Gr\u00e1fica e Personalizados","article_publisher":"https:\/\/www.facebook.com\/levelprintgrafica","article_modified_time":"2025-10-24T19:08:38+00:00","og_image":[{"width":982,"height":840,"url":"https:\/\/levelprint.com.br\/wp-content\/uploads\/2022\/02\/Cartao-SUS-PVC-Personalizado-Level-Print.jpg","type":"image\/jpeg"}],"twitter_card":"summary_large_image","twitter_site":"@levelprintbr","twitter_misc":{"Est. tempo de leitura":"1 minuto"},"schema":{"@context":"https:\/\/schema.org","@graph":[{"@type":"WebPage","@id":"https:\/\/levelprint.com.br\/categoria\/produto\/cartao-sus-personalizado-em-pvc-com-sua-foto-grafica\/","url":"https:\/\/levelprint.com.br\/categoria\/produto\/cartao-sus-personalizado-em-pvc-com-sua-foto-grafica\/","name":"Cart\u00e3o SUS personalizado em PVC com sua foto | Gr\u00e1fica - Level Print Gr\u00e1fica e Personalizados %","isPartOf":{"@id":"https:\/\/levelprint.com.br\/#website"},"primaryImageOfPage":{"@id":"https:\/\/levelprint.com.br\/categoria\/produto\/cartao-sus-personalizado-em-pvc-com-sua-foto-grafica\/#primaryimage"},"image":{"@id":"https:\/\/levelprint.com.br\/categoria\/produto\/cartao-sus-personalizado-em-pvc-com-sua-foto-grafica\/#primaryimage"},"thumbnailUrl":"https:\/\/levelprint.com.br\/wp-content\/uploads\/2022\/02\/Cartao-SUS-PVC-Personalizado-Level-Print.jpg","datePublished":"2024-02-05T13:42:41+00:00","dateModified":"2025-10-24T19:08:38+00:00","breadcrumb":{"@id":"https:\/\/levelprint.com.br\/categoria\/produto\/cartao-sus-personalizado-em-pvc-com-sua-foto-grafica\/#breadcrumb"},"inLanguage":"pt-BR","potentialAction":[{"@type":"ReadAction","target":["https:\/\/levelprint.com.br\/categoria\/produto\/cartao-sus-personalizado-em-pvc-com-sua-foto-grafica\/"]}]},{"@type":"ImageObject","inLanguage":"pt-BR","@id":"https:\/\/levelprint.com.br\/categoria\/produto\/cartao-sus-personalizado-em-pvc-com-sua-foto-grafica\/#primaryimage","url":"https:\/\/levelprint.com.br\/wp-content\/uploads\/2022\/02\/Cartao-SUS-PVC-Personalizado-Level-Print.jpg","contentUrl":"https:\/\/levelprint.com.br\/wp-content\/uploads\/2022\/02\/Cartao-SUS-PVC-Personalizado-Level-Print.jpg","width":982,"height":840},{"@type":"BreadcrumbList","@id":"https:\/\/levelprint.com.br\/categoria\/produto\/cartao-sus-personalizado-em-pvc-com-sua-foto-grafica\/#breadcrumb","itemListElement":[{"@type":"ListItem","position":1,"name":"In\u00edcio","item":"https:\/\/levelprint.com.br\/"},{"@type":"ListItem","position":2,"name":"Loja","item":"https:\/\/levelprint.com.br\/pt\/loja\/"},{"@type":"ListItem","position":3,"name":"Cart\u00e3o SUS personalizado em PVC com sua foto | Gr\u00e1fica"}]},{"@type":"WebSite","@id":"https:\/\/levelprint.com.br\/#website","url":"https:\/\/levelprint.com.br\/","name":"Level Print Gr\u00e1fica em Alagoas | Banners, Crach\u00e1s, Canecas Personalizadas e Mais","description":"L\u00edder em Gr\u00e1fica e Personalizados em Macei\u00f3","publisher":{"@id":"https:\/\/levelprint.com.br\/#organization"},"alternateName":"Gr\u00e1fica em Macei\u00f3 - Level Print | Banners, Canecas, Crach\u00e1s, Cord\u00f5es Personalizados","potentialAction":[{"@type":"SearchAction","target":{"@type":"EntryPoint","urlTemplate":"https:\/\/levelprint.com.br\/?s={search_term_string}"},"query-input":{"@type":"PropertyValueSpecification","valueRequired":true,"valueName":"search_term_string"}}],"inLanguage":"pt-BR"},{"@type":"Organization","@id":"https:\/\/levelprint.com.br\/#organization","name":"Level Print Gr\u00e1fica e Personalizados LTDA.","alternateName":"Level Print Gr\u00e1fica","url":"https:\/\/levelprint.com.br\/","logo":{"@type":"ImageObject","inLanguage":"pt-BR","@id":"https:\/\/levelprint.com.br\/#\/schema\/logo\/image\/","url":"https:\/\/levelprint.com.br\/wp-content\/uploads\/2025\/07\/Logo-Level-Print-Grafica.webp","contentUrl":"https:\/\/levelprint.com.br\/wp-content\/uploads\/2025\/07\/Logo-Level-Print-Grafica.webp","width":1176,"height":1176,"caption":"Level Print Gr\u00e1fica e Personalizados LTDA."},"image":{"@id":"https:\/\/levelprint.com.br\/#\/schema\/logo\/image\/"},"sameAs":["https:\/\/www.facebook.com\/levelprintgrafica","https:\/\/x.com\/levelprintbr","https:\/\/instagram.com\/levelprintgrafica","https:\/\/www.linkedin.com\/company\/levelprint\/","https:\/\/br.pinterest.com\/simones6766\/_saved\/https:\/\/br.pinterest.com\/simones6766\/_saved\/","https:\/\/www.youtube.com\/channel\/UC3fz7xDpzPqorul-xhH6lBg"]}]}},"_links":{"self":[{"href":"https:\/\/levelprint.com.br\/pt\/wp-json\/wp\/v2\/product\/74799","targetHints":{"allow":["GET"]}}],"collection":[{"href":"https:\/\/levelprint.com.br\/pt\/wp-json\/wp\/v2\/product"}],"about":[{"href":"https:\/\/levelprint.com.br\/pt\/wp-json\/wp\/v2\/types\/product"}],"wp:featuredmedia":[{"embeddable":true,"href":"https:\/\/levelprint.com.br\/pt\/wp-json\/wp\/v2\/media\/74068"}],"wp:attachment":[{"href":"https:\/\/levelprint.com.br\/pt\/wp-json\/wp\/v2\/media?parent=74799"}],"wp:term":[{"taxonomy":"product_brand","embeddable":true,"href":"https:\/\/levelprint.com.br\/pt\/wp-json\/wp\/v2\/product_brand?post=74799"},{"taxonomy":"product_cat","embeddable":true,"href":"https:\/\/levelprint.com.br\/pt\/wp-json\/wp\/v2\/product_cat?post=74799"},{"taxonomy":"product_tag","embeddable":true,"href":"https:\/\/levelprint.com.br\/pt\/wp-json\/wp\/v2\/product_tag?post=74799"}],"curies":[{"name":"wp","href":"https:\/\/api.w.org\/{rel}","templated":true}]}}