{"id":74891,"date":"2024-03-13T11:09:41","date_gmt":"2024-03-13T14:09:41","guid":{"rendered":"https:\/\/levelprint.com.br\/?post_type=product&#038;p=74891"},"modified":"2025-10-24T16:08:38","modified_gmt":"2025-10-24T19:08:38","slug":"caneta-em-plastico-de-mola-brinde","status":"publish","type":"product","link":"https:\/\/levelprint.com.br\/pt\/categoria\/produto\/caneta-em-plastico-de-mola-brinde\/","title":{"rendered":"Caneta Em Pl\u00e1stico De Mola | Brinde"},"content":{"rendered":"","protected":false},"excerpt":{"rendered":"<h3>Fa\u00e7a sua Marca se Destacar com Brindes Memor\u00e1veis!<\/h3>\n<p>Transforme seus brindes corporativos em uma poderosa ferramenta de marketing para sua marca. Personalize suas canetas conosco e fa\u00e7a uma declara\u00e7\u00e3o de estilo enquanto promove sua empresa. Entre em contato conosco hoje mesmo para iniciar o processo de personaliza\u00e7\u00e3o e surpreenda seus clientes com brindes que realmente fazem a diferen\u00e7a!<\/p>\n","protected":false},"featured_media":0,"template":"","meta":[],"product_brand":[],"product_cat":[734,541],"product_tag":[583,584,735,737,736,564,242,241],"class_list":{"0":"post-74891","1":"product","2":"type-product","3":"status-publish","5":"product_cat-caneta","6":"product_cat-grafica","7":"product_tag-brinde","8":"product_tag-brinde-personalizado","9":"product_tag-caneta","10":"product_tag-caneta-de-plastico","11":"product_tag-caneta-maceio","12":"product_tag-empresa","13":"product_tag-level-print","14":"product_tag-produtos-personalizados","16":"first","17":"instock","18":"featured","19":"taxable","20":"shipping-taxable","21":"product-type-simple"},"yoast_head":"<!-- This site is optimized with the Yoast SEO plugin v27.3 - https:\/\/yoast.com\/product\/yoast-seo-wordpress\/ -->\n<title>Caneta Em Pl\u00e1stico De Mola | Brinde - Level Print Gr\u00e1fica e Personalizados<\/title>\n<meta name=\"robots\" content=\"index, follow, max-snippet:-1, max-image-preview:large, max-video-preview:-1\" \/>\n<link rel=\"canonical\" href=\"https:\/\/levelprint.com.br\/pt\/categoria\/produto\/caneta-em-plastico-de-mola-brinde\/\" \/>\n<meta property=\"og:locale\" content=\"pt_BR\" \/>\n<meta property=\"og:type\" content=\"article\" \/>\n<meta property=\"og:title\" content=\"Caneta Em Pl\u00e1stico De Mola | Brinde - Level Print Gr\u00e1fica e Personalizados\" \/>\n<meta property=\"og:description\" content=\"Fa\u00e7a sua Marca se Destacar com Brindes Memor\u00e1veis! Transforme seus brindes corporativos em uma poderosa ferramenta de marketing para sua marca. Personalize suas canetas conosco e fa\u00e7a uma declara\u00e7\u00e3o de estilo enquanto promove sua empresa. Entre em contato conosco hoje mesmo para iniciar o processo de personaliza\u00e7\u00e3o e surpreenda seus clientes com brindes que realmente fazem a diferen\u00e7a!\" \/>\n<meta property=\"og:url\" content=\"https:\/\/levelprint.com.br\/pt\/categoria\/produto\/caneta-em-plastico-de-mola-brinde\/\" \/>\n<meta property=\"og:site_name\" content=\"Level Print Gr\u00e1fica e Personalizados\" \/>\n<meta property=\"article:publisher\" content=\"https:\/\/www.facebook.com\/levelprintgrafica\" \/>\n<meta property=\"article:modified_time\" content=\"2025-10-24T19:08:38+00:00\" \/>\n<meta property=\"og:image\" content=\"https:\/\/levelprint.com.br\/wp-content\/uploads\/2025\/07\/Logo-Level-Print-Grafica-Lateral.webp\" \/>\n\t<meta property=\"og:image:width\" content=\"1594\" \/>\n\t<meta property=\"og:image:height\" content=\"804\" \/>\n\t<meta property=\"og:image:type\" content=\"image\/jpeg\" \/>\n<meta name=\"twitter:card\" content=\"summary_large_image\" \/>\n<meta name=\"twitter:site\" content=\"@levelprintbr\" \/>\n<script type=\"application\/ld+json\" class=\"yoast-schema-graph\">{\"@context\":\"https:\\\/\\\/schema.org\",\"@graph\":[{\"@type\":\"WebPage\",\"@id\":\"https:\\\/\\\/levelprint.com.br\\\/categoria\\\/produto\\\/caneta-em-plastico-de-mola-brinde\\\/\",\"url\":\"https:\\\/\\\/levelprint.com.br\\\/categoria\\\/produto\\\/caneta-em-plastico-de-mola-brinde\\\/\",\"name\":\"Caneta Em Pl\u00e1stico De Mola | Brinde - Level Print Gr\u00e1fica e Personalizados\",\"isPartOf\":{\"@id\":\"https:\\\/\\\/levelprint.com.br\\\/#website\"},\"datePublished\":\"2024-03-13T14:09:41+00:00\",\"dateModified\":\"2025-10-24T19:08:38+00:00\",\"breadcrumb\":{\"@id\":\"https:\\\/\\\/levelprint.com.br\\\/categoria\\\/produto\\\/caneta-em-plastico-de-mola-brinde\\\/#breadcrumb\"},\"inLanguage\":\"pt-BR\",\"potentialAction\":[{\"@type\":\"ReadAction\",\"target\":[\"https:\\\/\\\/levelprint.com.br\\\/categoria\\\/produto\\\/caneta-em-plastico-de-mola-brinde\\\/\"]}]},{\"@type\":\"BreadcrumbList\",\"@id\":\"https:\\\/\\\/levelprint.com.br\\\/categoria\\\/produto\\\/caneta-em-plastico-de-mola-brinde\\\/#breadcrumb\",\"itemListElement\":[{\"@type\":\"ListItem\",\"position\":1,\"name\":\"In\u00edcio\",\"item\":\"https:\\\/\\\/levelprint.com.br\\\/\"},{\"@type\":\"ListItem\",\"position\":2,\"name\":\"Loja\",\"item\":\"https:\\\/\\\/levelprint.com.br\\\/pt\\\/loja\\\/\"},{\"@type\":\"ListItem\",\"position\":3,\"name\":\"Caneta Em Pl\u00e1stico De Mola | Brinde\"}]},{\"@type\":\"WebSite\",\"@id\":\"https:\\\/\\\/levelprint.com.br\\\/#website\",\"url\":\"https:\\\/\\\/levelprint.com.br\\\/\",\"name\":\"Level Print Gr\u00e1fica em Alagoas | Banners, Crach\u00e1s, Canecas Personalizadas e Mais\",\"description\":\"L\u00edder em Gr\u00e1fica e Personalizados em Macei\u00f3\",\"publisher\":{\"@id\":\"https:\\\/\\\/levelprint.com.br\\\/#organization\"},\"alternateName\":\"Gr\u00e1fica em Macei\u00f3 - Level Print | Banners, Canecas, Crach\u00e1s, Cord\u00f5es Personalizados\",\"potentialAction\":[{\"@type\":\"SearchAction\",\"target\":{\"@type\":\"EntryPoint\",\"urlTemplate\":\"https:\\\/\\\/levelprint.com.br\\\/?s={search_term_string}\"},\"query-input\":{\"@type\":\"PropertyValueSpecification\",\"valueRequired\":true,\"valueName\":\"search_term_string\"}}],\"inLanguage\":\"pt-BR\"},{\"@type\":\"Organization\",\"@id\":\"https:\\\/\\\/levelprint.com.br\\\/#organization\",\"name\":\"Level Print Gr\u00e1fica e Personalizados LTDA.\",\"alternateName\":\"Level Print Gr\u00e1fica\",\"url\":\"https:\\\/\\\/levelprint.com.br\\\/\",\"logo\":{\"@type\":\"ImageObject\",\"inLanguage\":\"pt-BR\",\"@id\":\"https:\\\/\\\/levelprint.com.br\\\/#\\\/schema\\\/logo\\\/image\\\/\",\"url\":\"https:\\\/\\\/levelprint.com.br\\\/wp-content\\\/uploads\\\/2025\\\/07\\\/Logo-Level-Print-Grafica.webp\",\"contentUrl\":\"https:\\\/\\\/levelprint.com.br\\\/wp-content\\\/uploads\\\/2025\\\/07\\\/Logo-Level-Print-Grafica.webp\",\"width\":1176,\"height\":1176,\"caption\":\"Level Print Gr\u00e1fica e Personalizados LTDA.\"},\"image\":{\"@id\":\"https:\\\/\\\/levelprint.com.br\\\/#\\\/schema\\\/logo\\\/image\\\/\"},\"sameAs\":[\"https:\\\/\\\/www.facebook.com\\\/levelprintgrafica\",\"https:\\\/\\\/x.com\\\/levelprintbr\",\"https:\\\/\\\/instagram.com\\\/levelprintgrafica\",\"https:\\\/\\\/www.linkedin.com\\\/company\\\/levelprint\\\/\",\"https:\\\/\\\/br.pinterest.com\\\/simones6766\\\/_saved\\\/https:\\\/\\\/br.pinterest.com\\\/simones6766\\\/_saved\\\/\",\"https:\\\/\\\/www.youtube.com\\\/channel\\\/UC3fz7xDpzPqorul-xhH6lBg\"]}]}<\/script>\n<!-- \/ Yoast SEO plugin. -->","yoast_head_json":{"title":"Caneta Em Pl\u00e1stico De Mola | Brinde - Level Print Gr\u00e1fica e Personalizados","robots":{"index":"index","follow":"follow","max-snippet":"max-snippet:-1","max-image-preview":"max-image-preview:large","max-video-preview":"max-video-preview:-1"},"canonical":"https:\/\/levelprint.com.br\/pt\/categoria\/produto\/caneta-em-plastico-de-mola-brinde\/","og_locale":"pt_BR","og_type":"article","og_title":"Caneta Em Pl\u00e1stico De Mola | Brinde - Level Print Gr\u00e1fica e Personalizados","og_description":"Fa\u00e7a sua Marca se Destacar com Brindes Memor\u00e1veis! Transforme seus brindes corporativos em uma poderosa ferramenta de marketing para sua marca. Personalize suas canetas conosco e fa\u00e7a uma declara\u00e7\u00e3o de estilo enquanto promove sua empresa. Entre em contato conosco hoje mesmo para iniciar o processo de personaliza\u00e7\u00e3o e surpreenda seus clientes com brindes que realmente fazem a diferen\u00e7a!","og_url":"https:\/\/levelprint.com.br\/pt\/categoria\/produto\/caneta-em-plastico-de-mola-brinde\/","og_site_name":"Level Print Gr\u00e1fica e Personalizados","article_publisher":"https:\/\/www.facebook.com\/levelprintgrafica","article_modified_time":"2025-10-24T19:08:38+00:00","og_image":[{"width":1594,"height":804,"url":"https:\/\/levelprint.com.br\/wp-content\/uploads\/2025\/07\/Logo-Level-Print-Grafica-Lateral.webp","type":"image\/jpeg"}],"twitter_card":"summary_large_image","twitter_site":"@levelprintbr","schema":{"@context":"https:\/\/schema.org","@graph":[{"@type":"WebPage","@id":"https:\/\/levelprint.com.br\/categoria\/produto\/caneta-em-plastico-de-mola-brinde\/","url":"https:\/\/levelprint.com.br\/categoria\/produto\/caneta-em-plastico-de-mola-brinde\/","name":"Caneta Em Pl\u00e1stico De Mola | Brinde - Level Print Gr\u00e1fica e Personalizados","isPartOf":{"@id":"https:\/\/levelprint.com.br\/#website"},"datePublished":"2024-03-13T14:09:41+00:00","dateModified":"2025-10-24T19:08:38+00:00","breadcrumb":{"@id":"https:\/\/levelprint.com.br\/categoria\/produto\/caneta-em-plastico-de-mola-brinde\/#breadcrumb"},"inLanguage":"pt-BR","potentialAction":[{"@type":"ReadAction","target":["https:\/\/levelprint.com.br\/categoria\/produto\/caneta-em-plastico-de-mola-brinde\/"]}]},{"@type":"BreadcrumbList","@id":"https:\/\/levelprint.com.br\/categoria\/produto\/caneta-em-plastico-de-mola-brinde\/#breadcrumb","itemListElement":[{"@type":"ListItem","position":1,"name":"In\u00edcio","item":"https:\/\/levelprint.com.br\/"},{"@type":"ListItem","position":2,"name":"Loja","item":"https:\/\/levelprint.com.br\/pt\/loja\/"},{"@type":"ListItem","position":3,"name":"Caneta Em Pl\u00e1stico De Mola | Brinde"}]},{"@type":"WebSite","@id":"https:\/\/levelprint.com.br\/#website","url":"https:\/\/levelprint.com.br\/","name":"Level Print Gr\u00e1fica em Alagoas | Banners, Crach\u00e1s, Canecas Personalizadas e Mais","description":"L\u00edder em Gr\u00e1fica e Personalizados em Macei\u00f3","publisher":{"@id":"https:\/\/levelprint.com.br\/#organization"},"alternateName":"Gr\u00e1fica em Macei\u00f3 - Level Print | Banners, Canecas, Crach\u00e1s, Cord\u00f5es Personalizados","potentialAction":[{"@type":"SearchAction","target":{"@type":"EntryPoint","urlTemplate":"https:\/\/levelprint.com.br\/?s={search_term_string}"},"query-input":{"@type":"PropertyValueSpecification","valueRequired":true,"valueName":"search_term_string"}}],"inLanguage":"pt-BR"},{"@type":"Organization","@id":"https:\/\/levelprint.com.br\/#organization","name":"Level Print Gr\u00e1fica e Personalizados LTDA.","alternateName":"Level Print Gr\u00e1fica","url":"https:\/\/levelprint.com.br\/","logo":{"@type":"ImageObject","inLanguage":"pt-BR","@id":"https:\/\/levelprint.com.br\/#\/schema\/logo\/image\/","url":"https:\/\/levelprint.com.br\/wp-content\/uploads\/2025\/07\/Logo-Level-Print-Grafica.webp","contentUrl":"https:\/\/levelprint.com.br\/wp-content\/uploads\/2025\/07\/Logo-Level-Print-Grafica.webp","width":1176,"height":1176,"caption":"Level Print Gr\u00e1fica e Personalizados LTDA."},"image":{"@id":"https:\/\/levelprint.com.br\/#\/schema\/logo\/image\/"},"sameAs":["https:\/\/www.facebook.com\/levelprintgrafica","https:\/\/x.com\/levelprintbr","https:\/\/instagram.com\/levelprintgrafica","https:\/\/www.linkedin.com\/company\/levelprint\/","https:\/\/br.pinterest.com\/simones6766\/_saved\/https:\/\/br.pinterest.com\/simones6766\/_saved\/","https:\/\/www.youtube.com\/channel\/UC3fz7xDpzPqorul-xhH6lBg"]}]}},"_links":{"self":[{"href":"https:\/\/levelprint.com.br\/pt\/wp-json\/wp\/v2\/product\/74891","targetHints":{"allow":["GET"]}}],"collection":[{"href":"https:\/\/levelprint.com.br\/pt\/wp-json\/wp\/v2\/product"}],"about":[{"href":"https:\/\/levelprint.com.br\/pt\/wp-json\/wp\/v2\/types\/product"}],"wp:attachment":[{"href":"https:\/\/levelprint.com.br\/pt\/wp-json\/wp\/v2\/media?parent=74891"}],"wp:term":[{"taxonomy":"product_brand","embeddable":true,"href":"https:\/\/levelprint.com.br\/pt\/wp-json\/wp\/v2\/product_brand?post=74891"},{"taxonomy":"product_cat","embeddable":true,"href":"https:\/\/levelprint.com.br\/pt\/wp-json\/wp\/v2\/product_cat?post=74891"},{"taxonomy":"product_tag","embeddable":true,"href":"https:\/\/levelprint.com.br\/pt\/wp-json\/wp\/v2\/product_tag?post=74891"}],"curies":[{"name":"wp","href":"https:\/\/api.w.org\/{rel}","templated":true}]}}