{"id":74898,"date":"2024-03-21T16:15:42","date_gmt":"2024-03-21T19:15:42","guid":{"rendered":"https:\/\/levelprint.com.br\/?post_type=product&#038;p=74898"},"modified":"2025-10-24T16:08:37","modified_gmt":"2025-10-24T19:08:37","slug":"foto-ima-de-geladeira-10x7-tema-dia-das-maes","status":"publish","type":"product","link":"https:\/\/levelprint.com.br\/pt\/categoria\/produto\/foto-ima-de-geladeira-10x7-tema-dia-das-maes\/","title":{"rendered":"Foto Im\u00e3 de Geladeira 10&#215;7 | Tema: Dia das M\u00e3es"},"content":{"rendered":"<h3>Encante sua m\u00e3e neste Dia das M\u00e3es com nosso ador\u00e1vel im\u00e3 de geladeira!<\/h3>\n<p>Este im\u00e3 delicadamente decorado traz n\u00e3o apenas beleza, mas tamb\u00e9m funcionalidade, adicionando um toque de carinho ao cora\u00e7\u00e3o da casa: a cozinha. Feito com materiais de alta qualidade, este im\u00e3 \u00e9 resistente e dur\u00e1vel, perfeito para manter fotos de momentos especiais, receitas favoritas ou lembretes carinhosos sempre \u00e0 vista. Surpreenda sua m\u00e3e com este presente encantador que ir\u00e1 lembr\u00e1-la do quanto ela \u00e9 amada todos os dias.<\/p>\n","protected":false},"excerpt":{"rendered":"<p>Para a mulher que ilumina nossos dias com amor incondicional e sorrisos radiantes, feliz Dia das M\u00e3es! Este pequeno gesto \u00e9 uma lembran\u00e7a do quanto voc\u00ea \u00e9 especial para n\u00f3s. Que seu dia seja repleto de amor, alegria e momentos inesquec\u00edveis. Voc\u00ea \u00e9 a estrela que guia nossas vidas. Obrigado por ser a melhor m\u00e3e do mundo!<\/p>\n<p>Com carinho, Level Print<\/p>\n","protected":false},"featured_media":0,"template":"","meta":[],"product_brand":[],"product_cat":[66,72,194,91,426,548,541,545,555],"product_tag":[583,218,88,102,744,745,748,747,746,258,527,388],"class_list":{"0":"post-74898","1":"product","2":"type-product","3":"status-publish","5":"product_cat-colecoes","6":"product_cat-datas-comemorativas","7":"product_cat-dia-das-maes","8":"product_cat-familia","9":"product_cat-feminino","10":"product_cat-fotos","11":"product_cat-grafica","12":"product_cat-ima-de-geladeira","13":"product_cat-personalizados","14":"product_tag-brinde","15":"product_tag-dia-das-maes","16":"product_tag-especiais","17":"product_tag-fotografia","18":"product_tag-fotos","19":"product_tag-fotos-personalizadas","20":"product_tag-ima","21":"product_tag-ima-de-geladeira","22":"product_tag-memoria","23":"product_tag-momentos","24":"product_tag-personalizado","25":"product_tag-presente","27":"first","28":"instock","29":"taxable","30":"shipping-taxable","31":"purchasable","32":"product-type-simple"},"yoast_head":"<!-- This site is optimized with the Yoast SEO plugin v27.3 - https:\/\/yoast.com\/product\/yoast-seo-wordpress\/ -->\n<title>Foto Im\u00e3 de Geladeira 10x7 | Tema: Dia das M\u00e3es - Level Print Gr\u00e1fica e Personalizados<\/title>\n<meta name=\"robots\" content=\"index, follow, max-snippet:-1, max-image-preview:large, max-video-preview:-1\" \/>\n<link rel=\"canonical\" href=\"https:\/\/levelprint.com.br\/pt\/categoria\/produto\/foto-ima-de-geladeira-10x7-tema-dia-das-maes\/\" \/>\n<meta property=\"og:locale\" content=\"pt_BR\" \/>\n<meta property=\"og:type\" content=\"article\" \/>\n<meta property=\"og:title\" content=\"Foto Im\u00e3 de Geladeira 10x7 | Tema: Dia das M\u00e3es - Level Print Gr\u00e1fica e Personalizados\" \/>\n<meta property=\"og:description\" content=\"Para a mulher que ilumina nossos dias com amor incondicional e sorrisos radiantes, feliz Dia das M\u00e3es! Este pequeno gesto \u00e9 uma lembran\u00e7a do quanto voc\u00ea \u00e9 especial para n\u00f3s. Que seu dia seja repleto de amor, alegria e momentos inesquec\u00edveis. Voc\u00ea \u00e9 a estrela que guia nossas vidas. Obrigado por ser a melhor m\u00e3e do mundo!  Com carinho, Level Print\" \/>\n<meta property=\"og:url\" content=\"https:\/\/levelprint.com.br\/pt\/categoria\/produto\/foto-ima-de-geladeira-10x7-tema-dia-das-maes\/\" \/>\n<meta property=\"og:site_name\" content=\"Level Print Gr\u00e1fica e Personalizados\" \/>\n<meta property=\"article:publisher\" content=\"https:\/\/www.facebook.com\/levelprintgrafica\" \/>\n<meta property=\"article:modified_time\" content=\"2025-10-24T19:08:37+00:00\" \/>\n<meta property=\"og:image\" content=\"https:\/\/levelprint.com.br\/wp-content\/uploads\/2025\/07\/Logo-Level-Print-Grafica-Lateral.webp\" \/>\n\t<meta property=\"og:image:width\" content=\"1594\" \/>\n\t<meta property=\"og:image:height\" content=\"804\" \/>\n\t<meta property=\"og:image:type\" content=\"image\/jpeg\" \/>\n<meta name=\"twitter:card\" content=\"summary_large_image\" \/>\n<meta name=\"twitter:site\" content=\"@levelprintbr\" \/>\n<meta name=\"twitter:label1\" content=\"Est. tempo de leitura\" \/>\n\t<meta name=\"twitter:data1\" content=\"1 minuto\" \/>\n<script type=\"application\/ld+json\" class=\"yoast-schema-graph\">{\"@context\":\"https:\\\/\\\/schema.org\",\"@graph\":[{\"@type\":\"WebPage\",\"@id\":\"https:\\\/\\\/levelprint.com.br\\\/categoria\\\/produto\\\/foto-ima-de-geladeira-10x7-tema-dia-das-maes\\\/\",\"url\":\"https:\\\/\\\/levelprint.com.br\\\/categoria\\\/produto\\\/foto-ima-de-geladeira-10x7-tema-dia-das-maes\\\/\",\"name\":\"Foto Im\u00e3 de Geladeira 10x7 | Tema: Dia das M\u00e3es - Level Print Gr\u00e1fica e Personalizados\",\"isPartOf\":{\"@id\":\"https:\\\/\\\/levelprint.com.br\\\/#website\"},\"datePublished\":\"2024-03-21T19:15:42+00:00\",\"dateModified\":\"2025-10-24T19:08:37+00:00\",\"breadcrumb\":{\"@id\":\"https:\\\/\\\/levelprint.com.br\\\/categoria\\\/produto\\\/foto-ima-de-geladeira-10x7-tema-dia-das-maes\\\/#breadcrumb\"},\"inLanguage\":\"pt-BR\",\"potentialAction\":[{\"@type\":\"ReadAction\",\"target\":[\"https:\\\/\\\/levelprint.com.br\\\/categoria\\\/produto\\\/foto-ima-de-geladeira-10x7-tema-dia-das-maes\\\/\"]}]},{\"@type\":\"BreadcrumbList\",\"@id\":\"https:\\\/\\\/levelprint.com.br\\\/categoria\\\/produto\\\/foto-ima-de-geladeira-10x7-tema-dia-das-maes\\\/#breadcrumb\",\"itemListElement\":[{\"@type\":\"ListItem\",\"position\":1,\"name\":\"In\u00edcio\",\"item\":\"https:\\\/\\\/levelprint.com.br\\\/\"},{\"@type\":\"ListItem\",\"position\":2,\"name\":\"Loja\",\"item\":\"https:\\\/\\\/levelprint.com.br\\\/pt\\\/loja\\\/\"},{\"@type\":\"ListItem\",\"position\":3,\"name\":\"Foto Im\u00e3 de Geladeira 10&#215;7 | Tema: Dia das M\u00e3es\"}]},{\"@type\":\"WebSite\",\"@id\":\"https:\\\/\\\/levelprint.com.br\\\/#website\",\"url\":\"https:\\\/\\\/levelprint.com.br\\\/\",\"name\":\"Level Print Gr\u00e1fica em Alagoas | Banners, Crach\u00e1s, Canecas Personalizadas e Mais\",\"description\":\"L\u00edder em Gr\u00e1fica e Personalizados em Macei\u00f3\",\"publisher\":{\"@id\":\"https:\\\/\\\/levelprint.com.br\\\/#organization\"},\"alternateName\":\"Gr\u00e1fica em Macei\u00f3 - Level Print | Banners, Canecas, Crach\u00e1s, Cord\u00f5es Personalizados\",\"potentialAction\":[{\"@type\":\"SearchAction\",\"target\":{\"@type\":\"EntryPoint\",\"urlTemplate\":\"https:\\\/\\\/levelprint.com.br\\\/?s={search_term_string}\"},\"query-input\":{\"@type\":\"PropertyValueSpecification\",\"valueRequired\":true,\"valueName\":\"search_term_string\"}}],\"inLanguage\":\"pt-BR\"},{\"@type\":\"Organization\",\"@id\":\"https:\\\/\\\/levelprint.com.br\\\/#organization\",\"name\":\"Level Print Gr\u00e1fica e Personalizados LTDA.\",\"alternateName\":\"Level Print Gr\u00e1fica\",\"url\":\"https:\\\/\\\/levelprint.com.br\\\/\",\"logo\":{\"@type\":\"ImageObject\",\"inLanguage\":\"pt-BR\",\"@id\":\"https:\\\/\\\/levelprint.com.br\\\/#\\\/schema\\\/logo\\\/image\\\/\",\"url\":\"https:\\\/\\\/levelprint.com.br\\\/wp-content\\\/uploads\\\/2025\\\/07\\\/Logo-Level-Print-Grafica.webp\",\"contentUrl\":\"https:\\\/\\\/levelprint.com.br\\\/wp-content\\\/uploads\\\/2025\\\/07\\\/Logo-Level-Print-Grafica.webp\",\"width\":1176,\"height\":1176,\"caption\":\"Level Print Gr\u00e1fica e Personalizados LTDA.\"},\"image\":{\"@id\":\"https:\\\/\\\/levelprint.com.br\\\/#\\\/schema\\\/logo\\\/image\\\/\"},\"sameAs\":[\"https:\\\/\\\/www.facebook.com\\\/levelprintgrafica\",\"https:\\\/\\\/x.com\\\/levelprintbr\",\"https:\\\/\\\/instagram.com\\\/levelprintgrafica\",\"https:\\\/\\\/www.linkedin.com\\\/company\\\/levelprint\\\/\",\"https:\\\/\\\/br.pinterest.com\\\/simones6766\\\/_saved\\\/https:\\\/\\\/br.pinterest.com\\\/simones6766\\\/_saved\\\/\",\"https:\\\/\\\/www.youtube.com\\\/channel\\\/UC3fz7xDpzPqorul-xhH6lBg\"]}]}<\/script>\n<!-- \/ Yoast SEO plugin. -->","yoast_head_json":{"title":"Foto Im\u00e3 de Geladeira 10x7 | Tema: Dia das M\u00e3es - Level Print Gr\u00e1fica e Personalizados","robots":{"index":"index","follow":"follow","max-snippet":"max-snippet:-1","max-image-preview":"max-image-preview:large","max-video-preview":"max-video-preview:-1"},"canonical":"https:\/\/levelprint.com.br\/pt\/categoria\/produto\/foto-ima-de-geladeira-10x7-tema-dia-das-maes\/","og_locale":"pt_BR","og_type":"article","og_title":"Foto Im\u00e3 de Geladeira 10x7 | Tema: Dia das M\u00e3es - Level Print Gr\u00e1fica e Personalizados","og_description":"Para a mulher que ilumina nossos dias com amor incondicional e sorrisos radiantes, feliz Dia das M\u00e3es! Este pequeno gesto \u00e9 uma lembran\u00e7a do quanto voc\u00ea \u00e9 especial para n\u00f3s. Que seu dia seja repleto de amor, alegria e momentos inesquec\u00edveis. Voc\u00ea \u00e9 a estrela que guia nossas vidas. Obrigado por ser a melhor m\u00e3e do mundo!  Com carinho, Level Print","og_url":"https:\/\/levelprint.com.br\/pt\/categoria\/produto\/foto-ima-de-geladeira-10x7-tema-dia-das-maes\/","og_site_name":"Level Print Gr\u00e1fica e Personalizados","article_publisher":"https:\/\/www.facebook.com\/levelprintgrafica","article_modified_time":"2025-10-24T19:08:37+00:00","og_image":[{"width":1594,"height":804,"url":"https:\/\/levelprint.com.br\/wp-content\/uploads\/2025\/07\/Logo-Level-Print-Grafica-Lateral.webp","type":"image\/jpeg"}],"twitter_card":"summary_large_image","twitter_site":"@levelprintbr","twitter_misc":{"Est. tempo de leitura":"1 minuto"},"schema":{"@context":"https:\/\/schema.org","@graph":[{"@type":"WebPage","@id":"https:\/\/levelprint.com.br\/categoria\/produto\/foto-ima-de-geladeira-10x7-tema-dia-das-maes\/","url":"https:\/\/levelprint.com.br\/categoria\/produto\/foto-ima-de-geladeira-10x7-tema-dia-das-maes\/","name":"Foto Im\u00e3 de Geladeira 10x7 | Tema: Dia das M\u00e3es - Level Print Gr\u00e1fica e Personalizados","isPartOf":{"@id":"https:\/\/levelprint.com.br\/#website"},"datePublished":"2024-03-21T19:15:42+00:00","dateModified":"2025-10-24T19:08:37+00:00","breadcrumb":{"@id":"https:\/\/levelprint.com.br\/categoria\/produto\/foto-ima-de-geladeira-10x7-tema-dia-das-maes\/#breadcrumb"},"inLanguage":"pt-BR","potentialAction":[{"@type":"ReadAction","target":["https:\/\/levelprint.com.br\/categoria\/produto\/foto-ima-de-geladeira-10x7-tema-dia-das-maes\/"]}]},{"@type":"BreadcrumbList","@id":"https:\/\/levelprint.com.br\/categoria\/produto\/foto-ima-de-geladeira-10x7-tema-dia-das-maes\/#breadcrumb","itemListElement":[{"@type":"ListItem","position":1,"name":"In\u00edcio","item":"https:\/\/levelprint.com.br\/"},{"@type":"ListItem","position":2,"name":"Loja","item":"https:\/\/levelprint.com.br\/pt\/loja\/"},{"@type":"ListItem","position":3,"name":"Foto Im\u00e3 de Geladeira 10&#215;7 | Tema: Dia das M\u00e3es"}]},{"@type":"WebSite","@id":"https:\/\/levelprint.com.br\/#website","url":"https:\/\/levelprint.com.br\/","name":"Level Print Gr\u00e1fica em Alagoas | Banners, Crach\u00e1s, Canecas Personalizadas e Mais","description":"L\u00edder em Gr\u00e1fica e Personalizados em Macei\u00f3","publisher":{"@id":"https:\/\/levelprint.com.br\/#organization"},"alternateName":"Gr\u00e1fica em Macei\u00f3 - Level Print | Banners, Canecas, Crach\u00e1s, Cord\u00f5es Personalizados","potentialAction":[{"@type":"SearchAction","target":{"@type":"EntryPoint","urlTemplate":"https:\/\/levelprint.com.br\/?s={search_term_string}"},"query-input":{"@type":"PropertyValueSpecification","valueRequired":true,"valueName":"search_term_string"}}],"inLanguage":"pt-BR"},{"@type":"Organization","@id":"https:\/\/levelprint.com.br\/#organization","name":"Level Print Gr\u00e1fica e Personalizados LTDA.","alternateName":"Level Print Gr\u00e1fica","url":"https:\/\/levelprint.com.br\/","logo":{"@type":"ImageObject","inLanguage":"pt-BR","@id":"https:\/\/levelprint.com.br\/#\/schema\/logo\/image\/","url":"https:\/\/levelprint.com.br\/wp-content\/uploads\/2025\/07\/Logo-Level-Print-Grafica.webp","contentUrl":"https:\/\/levelprint.com.br\/wp-content\/uploads\/2025\/07\/Logo-Level-Print-Grafica.webp","width":1176,"height":1176,"caption":"Level Print Gr\u00e1fica e Personalizados LTDA."},"image":{"@id":"https:\/\/levelprint.com.br\/#\/schema\/logo\/image\/"},"sameAs":["https:\/\/www.facebook.com\/levelprintgrafica","https:\/\/x.com\/levelprintbr","https:\/\/instagram.com\/levelprintgrafica","https:\/\/www.linkedin.com\/company\/levelprint\/","https:\/\/br.pinterest.com\/simones6766\/_saved\/https:\/\/br.pinterest.com\/simones6766\/_saved\/","https:\/\/www.youtube.com\/channel\/UC3fz7xDpzPqorul-xhH6lBg"]}]}},"_links":{"self":[{"href":"https:\/\/levelprint.com.br\/pt\/wp-json\/wp\/v2\/product\/74898","targetHints":{"allow":["GET"]}}],"collection":[{"href":"https:\/\/levelprint.com.br\/pt\/wp-json\/wp\/v2\/product"}],"about":[{"href":"https:\/\/levelprint.com.br\/pt\/wp-json\/wp\/v2\/types\/product"}],"wp:attachment":[{"href":"https:\/\/levelprint.com.br\/pt\/wp-json\/wp\/v2\/media?parent=74898"}],"wp:term":[{"taxonomy":"product_brand","embeddable":true,"href":"https:\/\/levelprint.com.br\/pt\/wp-json\/wp\/v2\/product_brand?post=74898"},{"taxonomy":"product_cat","embeddable":true,"href":"https:\/\/levelprint.com.br\/pt\/wp-json\/wp\/v2\/product_cat?post=74898"},{"taxonomy":"product_tag","embeddable":true,"href":"https:\/\/levelprint.com.br\/pt\/wp-json\/wp\/v2\/product_tag?post=74898"}],"curies":[{"name":"wp","href":"https:\/\/api.w.org\/{rel}","templated":true}]}}