{"id":74945,"date":"2024-09-02T06:16:10","date_gmt":"2024-09-02T09:16:10","guid":{"rendered":"https:\/\/levelprint.com.br\/?post_type=product&#038;p=74945"},"modified":"2025-10-24T16:08:36","modified_gmt":"2025-10-24T19:08:36","slug":"adesivo-de-carro-eu-amo-maceio-i-love-maceio","status":"publish","type":"product","link":"https:\/\/levelprint.com.br\/pt\/categoria\/produto\/adesivo-de-carro-eu-amo-maceio-i-love-maceio\/","title":{"rendered":"Adesivo de Carro Eu Amo Macei\u00f3 &#8211; I Love Macei\u00f3"},"content":{"rendered":"<p data-svelte-h=\"svelte-y3nuco\">Ele \u00e9 resistente \u00e0 \u00e1gua, suporta lavagens e n\u00e3o desbota com o tempo, gra\u00e7as ao tratamento UV que protege contra a luz solar. O adesivo \u00e9 vazado, sem fundo, proporcionando um acabamento perfeito. Pode ser aplicado em qualquer superf\u00edcie lisa, como vidros, latarias e pl\u00e1sticos, desde que estejam limpos e livres de poeira. A durabilidade m\u00e9dia \u00e9 de 5 a 8 anos, podendo ser ainda maior com os devidos cuidados. Para escolher a cor, verifique as op\u00e7\u00f5es dispon\u00edveis na imagem do an\u00fancio e informe sua prefer\u00eancia pelo chat. Caso contr\u00e1rio, enviaremos a cor padr\u00e3o preta.<\/p>\n<p data-svelte-h=\"svelte-y3nuco\">Se tiver d\u00favidas ou precisar de um tamanho ou modelo diferente, entre em contato que responderemos rapidamente!<\/p>\n<div class=\"product-details relative overflow-hidden break-words text-neutral-900 font-body-05 md:font-body-06 max-md:max-h-[7.5rem]\">\n<h3>&#8211; Como escolher a cor?<\/h3>\n<p>Voc\u00ea pode verificar as cores dispon\u00edveis em uma das imagens no an\u00fancio e em seguida nos encaminhar via chat a cor escolhida. Caso n\u00e3o seja solicitada a cor de prefer\u00eancia, ser\u00e1 enviada a cor padr\u00e3o &#8220;Preto&#8221;.<\/p>\n<h3>&#8211; O Melhor Adesivo?<\/h3>\n<p>Maquin\u00e1rio de \u00faltima gera\u00e7\u00e3o e Vinil Premium de longa durabilidade garantem um produto de qualidade superior.<\/p>\n<h3>&#8211; Aguenta sol e chuva?<\/h3>\n<p>Sim, nossos adesivos s\u00e3o \u00e0 prova d&#8217;\u00e1gua, aguentam lavagens e n\u00e3o desbotam com o tempo, pois recebem tratamento UV que resiste a luz solar.<\/p>\n<h3>&#8211; Ele tem fundo?<\/h3>\n<p>N\u00e3o, nossos adesivos s\u00e3o vazados, sem qualquer borda ou fundo, garantindo um acabamento perfeito!<\/p>\n<h3>&#8211; Posso aplicar em outra superf\u00edcie?<\/h3>\n<p>Voc\u00ea pode aplicar seu adesivo em qualquer superf\u00edcie lisa como latarias, vidros, pl\u00e1sticos, inox, desde que estejam livres de poeira e oleosidade.<\/p>\n<h3>&#8211; Qual \u00e9 a vida longa de meu adesivo?<\/h3>\n<p>A durabilidade m\u00e9dia de um Vinil Premium \u00e9 de aproximadamente 5 a 8 anos, mas se bem cuidado pode durar muito mais do que isso!<\/p>\n<p>&#8211; Ficou alguma d\u00favida? Precisa de um tamanho diferente ou outro modelo?<br \/>\nDeixe sua pergunta e responderemos em poucos minutos!<\/p>\n<ul>\n<li>Altura: 3.5 cm<\/li>\n<li>Largura: 14.5 cm<\/li>\n<li>Comprimento: 0.01 cm<\/li>\n<li>Peso: 10 g<\/li>\n<\/ul>\n<\/div>\n","protected":false},"excerpt":{"rendered":"<p data-svelte-h=\"svelte-y3nuco\">Personalize seu carro e demonstre seu amor por Macei\u00f3 com nosso adesivo exclusivo \u201cEu Amo Macei\u00f3 &#8211; I Love Macei\u00f3\u201d. O adesivo, medindo 14,5 cm x 3,5 cm, \u00e9 feito com vinil premium de longa durabilidade, utilizando maquin\u00e1rio de \u00faltima gera\u00e7\u00e3o para garantir qualidade superior.<\/p>\n","protected":false},"featured_media":74946,"template":"","meta":[],"product_brand":[],"product_cat":[600,763],"product_tag":[],"class_list":{"0":"post-74945","1":"product","2":"type-product","3":"status-publish","4":"has-post-thumbnail","6":"product_cat-adesivos","7":"product_cat-adesivos-2","9":"first","10":"instock","11":"sale","12":"taxable","13":"shipping-taxable","14":"purchasable","15":"product-type-simple"},"yoast_head":"<!-- This site is optimized with the Yoast SEO plugin v27.3 - https:\/\/yoast.com\/product\/yoast-seo-wordpress\/ -->\n<title>Adesivo de Carro Eu Amo Macei\u00f3 - I Love Macei\u00f3 - Level Print Gr\u00e1fica e Personalizados<\/title>\n<meta name=\"robots\" content=\"index, follow, max-snippet:-1, max-image-preview:large, max-video-preview:-1\" \/>\n<link rel=\"canonical\" href=\"https:\/\/levelprint.com.br\/pt\/categoria\/produto\/adesivo-de-carro-eu-amo-maceio-i-love-maceio\/\" \/>\n<meta property=\"og:locale\" content=\"pt_BR\" \/>\n<meta property=\"og:type\" content=\"article\" \/>\n<meta property=\"og:title\" content=\"Adesivo de Carro Eu Amo Macei\u00f3 - I Love Macei\u00f3 - Level Print Gr\u00e1fica e Personalizados\" \/>\n<meta property=\"og:description\" content=\"Personalize seu carro e demonstre seu amor por Macei\u00f3 com nosso adesivo exclusivo \u201cEu Amo Macei\u00f3 - I Love Macei\u00f3\u201d. O adesivo, medindo 14,5 cm x 3,5 cm, \u00e9 feito com vinil premium de longa durabilidade, utilizando maquin\u00e1rio de \u00faltima gera\u00e7\u00e3o para garantir qualidade superior.\" \/>\n<meta property=\"og:url\" content=\"https:\/\/levelprint.com.br\/pt\/categoria\/produto\/adesivo-de-carro-eu-amo-maceio-i-love-maceio\/\" \/>\n<meta property=\"og:site_name\" content=\"Level Print Gr\u00e1fica e Personalizados\" \/>\n<meta property=\"article:publisher\" content=\"https:\/\/www.facebook.com\/levelprintgrafica\" \/>\n<meta property=\"article:modified_time\" content=\"2025-10-24T19:08:36+00:00\" \/>\n<meta property=\"og:image\" content=\"https:\/\/levelprint.com.br\/wp-content\/uploads\/2024\/09\/Adesivo-I-Love-Maceio-scaled.jpg\" \/>\n\t<meta property=\"og:image:width\" content=\"2560\" \/>\n\t<meta property=\"og:image:height\" content=\"2560\" \/>\n\t<meta property=\"og:image:type\" content=\"image\/jpeg\" \/>\n<meta name=\"twitter:card\" content=\"summary_large_image\" \/>\n<meta name=\"twitter:site\" content=\"@levelprintbr\" \/>\n<meta name=\"twitter:label1\" content=\"Est. tempo de leitura\" \/>\n\t<meta name=\"twitter:data1\" content=\"2 minutos\" \/>\n<script type=\"application\/ld+json\" class=\"yoast-schema-graph\">{\"@context\":\"https:\\\/\\\/schema.org\",\"@graph\":[{\"@type\":\"WebPage\",\"@id\":\"https:\\\/\\\/levelprint.com.br\\\/categoria\\\/produto\\\/adesivo-de-carro-eu-amo-maceio-i-love-maceio\\\/\",\"url\":\"https:\\\/\\\/levelprint.com.br\\\/categoria\\\/produto\\\/adesivo-de-carro-eu-amo-maceio-i-love-maceio\\\/\",\"name\":\"Adesivo de Carro Eu Amo Macei\u00f3 - I Love Macei\u00f3 - Level Print Gr\u00e1fica e Personalizados\",\"isPartOf\":{\"@id\":\"https:\\\/\\\/levelprint.com.br\\\/#website\"},\"primaryImageOfPage\":{\"@id\":\"https:\\\/\\\/levelprint.com.br\\\/categoria\\\/produto\\\/adesivo-de-carro-eu-amo-maceio-i-love-maceio\\\/#primaryimage\"},\"image\":{\"@id\":\"https:\\\/\\\/levelprint.com.br\\\/categoria\\\/produto\\\/adesivo-de-carro-eu-amo-maceio-i-love-maceio\\\/#primaryimage\"},\"thumbnailUrl\":\"https:\\\/\\\/levelprint.com.br\\\/wp-content\\\/uploads\\\/2024\\\/09\\\/Adesivo-I-Love-Maceio-scaled.jpg\",\"datePublished\":\"2024-09-02T09:16:10+00:00\",\"dateModified\":\"2025-10-24T19:08:36+00:00\",\"breadcrumb\":{\"@id\":\"https:\\\/\\\/levelprint.com.br\\\/categoria\\\/produto\\\/adesivo-de-carro-eu-amo-maceio-i-love-maceio\\\/#breadcrumb\"},\"inLanguage\":\"pt-BR\",\"potentialAction\":[{\"@type\":\"ReadAction\",\"target\":[\"https:\\\/\\\/levelprint.com.br\\\/categoria\\\/produto\\\/adesivo-de-carro-eu-amo-maceio-i-love-maceio\\\/\"]}]},{\"@type\":\"ImageObject\",\"inLanguage\":\"pt-BR\",\"@id\":\"https:\\\/\\\/levelprint.com.br\\\/categoria\\\/produto\\\/adesivo-de-carro-eu-amo-maceio-i-love-maceio\\\/#primaryimage\",\"url\":\"https:\\\/\\\/levelprint.com.br\\\/wp-content\\\/uploads\\\/2024\\\/09\\\/Adesivo-I-Love-Maceio-scaled.jpg\",\"contentUrl\":\"https:\\\/\\\/levelprint.com.br\\\/wp-content\\\/uploads\\\/2024\\\/09\\\/Adesivo-I-Love-Maceio-scaled.jpg\",\"width\":2560,\"height\":2560},{\"@type\":\"BreadcrumbList\",\"@id\":\"https:\\\/\\\/levelprint.com.br\\\/categoria\\\/produto\\\/adesivo-de-carro-eu-amo-maceio-i-love-maceio\\\/#breadcrumb\",\"itemListElement\":[{\"@type\":\"ListItem\",\"position\":1,\"name\":\"In\u00edcio\",\"item\":\"https:\\\/\\\/levelprint.com.br\\\/\"},{\"@type\":\"ListItem\",\"position\":2,\"name\":\"Loja\",\"item\":\"https:\\\/\\\/levelprint.com.br\\\/pt\\\/loja\\\/\"},{\"@type\":\"ListItem\",\"position\":3,\"name\":\"Adesivo de Carro Eu Amo Macei\u00f3 &#8211; I Love Macei\u00f3\"}]},{\"@type\":\"WebSite\",\"@id\":\"https:\\\/\\\/levelprint.com.br\\\/#website\",\"url\":\"https:\\\/\\\/levelprint.com.br\\\/\",\"name\":\"Level Print Gr\u00e1fica em Alagoas | Banners, Crach\u00e1s, Canecas Personalizadas e Mais\",\"description\":\"L\u00edder em Gr\u00e1fica e Personalizados em Macei\u00f3\",\"publisher\":{\"@id\":\"https:\\\/\\\/levelprint.com.br\\\/#organization\"},\"alternateName\":\"Gr\u00e1fica em Macei\u00f3 - Level Print | Banners, Canecas, Crach\u00e1s, Cord\u00f5es Personalizados\",\"potentialAction\":[{\"@type\":\"SearchAction\",\"target\":{\"@type\":\"EntryPoint\",\"urlTemplate\":\"https:\\\/\\\/levelprint.com.br\\\/?s={search_term_string}\"},\"query-input\":{\"@type\":\"PropertyValueSpecification\",\"valueRequired\":true,\"valueName\":\"search_term_string\"}}],\"inLanguage\":\"pt-BR\"},{\"@type\":\"Organization\",\"@id\":\"https:\\\/\\\/levelprint.com.br\\\/#organization\",\"name\":\"Level Print Gr\u00e1fica e Personalizados LTDA.\",\"alternateName\":\"Level Print Gr\u00e1fica\",\"url\":\"https:\\\/\\\/levelprint.com.br\\\/\",\"logo\":{\"@type\":\"ImageObject\",\"inLanguage\":\"pt-BR\",\"@id\":\"https:\\\/\\\/levelprint.com.br\\\/#\\\/schema\\\/logo\\\/image\\\/\",\"url\":\"https:\\\/\\\/levelprint.com.br\\\/wp-content\\\/uploads\\\/2025\\\/07\\\/Logo-Level-Print-Grafica.webp\",\"contentUrl\":\"https:\\\/\\\/levelprint.com.br\\\/wp-content\\\/uploads\\\/2025\\\/07\\\/Logo-Level-Print-Grafica.webp\",\"width\":1176,\"height\":1176,\"caption\":\"Level Print Gr\u00e1fica e Personalizados LTDA.\"},\"image\":{\"@id\":\"https:\\\/\\\/levelprint.com.br\\\/#\\\/schema\\\/logo\\\/image\\\/\"},\"sameAs\":[\"https:\\\/\\\/www.facebook.com\\\/levelprintgrafica\",\"https:\\\/\\\/x.com\\\/levelprintbr\",\"https:\\\/\\\/instagram.com\\\/levelprintgrafica\",\"https:\\\/\\\/www.linkedin.com\\\/company\\\/levelprint\\\/\",\"https:\\\/\\\/br.pinterest.com\\\/simones6766\\\/_saved\\\/https:\\\/\\\/br.pinterest.com\\\/simones6766\\\/_saved\\\/\",\"https:\\\/\\\/www.youtube.com\\\/channel\\\/UC3fz7xDpzPqorul-xhH6lBg\"]}]}<\/script>\n<!-- \/ Yoast SEO plugin. -->","yoast_head_json":{"title":"Adesivo de Carro Eu Amo Macei\u00f3 - I Love Macei\u00f3 - Level Print Gr\u00e1fica e Personalizados","robots":{"index":"index","follow":"follow","max-snippet":"max-snippet:-1","max-image-preview":"max-image-preview:large","max-video-preview":"max-video-preview:-1"},"canonical":"https:\/\/levelprint.com.br\/pt\/categoria\/produto\/adesivo-de-carro-eu-amo-maceio-i-love-maceio\/","og_locale":"pt_BR","og_type":"article","og_title":"Adesivo de Carro Eu Amo Macei\u00f3 - I Love Macei\u00f3 - Level Print Gr\u00e1fica e Personalizados","og_description":"Personalize seu carro e demonstre seu amor por Macei\u00f3 com nosso adesivo exclusivo \u201cEu Amo Macei\u00f3 - I Love Macei\u00f3\u201d. O adesivo, medindo 14,5 cm x 3,5 cm, \u00e9 feito com vinil premium de longa durabilidade, utilizando maquin\u00e1rio de \u00faltima gera\u00e7\u00e3o para garantir qualidade superior.","og_url":"https:\/\/levelprint.com.br\/pt\/categoria\/produto\/adesivo-de-carro-eu-amo-maceio-i-love-maceio\/","og_site_name":"Level Print Gr\u00e1fica e Personalizados","article_publisher":"https:\/\/www.facebook.com\/levelprintgrafica","article_modified_time":"2025-10-24T19:08:36+00:00","og_image":[{"width":2560,"height":2560,"url":"https:\/\/levelprint.com.br\/wp-content\/uploads\/2024\/09\/Adesivo-I-Love-Maceio-scaled.jpg","type":"image\/jpeg"}],"twitter_card":"summary_large_image","twitter_site":"@levelprintbr","twitter_misc":{"Est. tempo de leitura":"2 minutos"},"schema":{"@context":"https:\/\/schema.org","@graph":[{"@type":"WebPage","@id":"https:\/\/levelprint.com.br\/categoria\/produto\/adesivo-de-carro-eu-amo-maceio-i-love-maceio\/","url":"https:\/\/levelprint.com.br\/categoria\/produto\/adesivo-de-carro-eu-amo-maceio-i-love-maceio\/","name":"Adesivo de Carro Eu Amo Macei\u00f3 - I Love Macei\u00f3 - Level Print Gr\u00e1fica e Personalizados","isPartOf":{"@id":"https:\/\/levelprint.com.br\/#website"},"primaryImageOfPage":{"@id":"https:\/\/levelprint.com.br\/categoria\/produto\/adesivo-de-carro-eu-amo-maceio-i-love-maceio\/#primaryimage"},"image":{"@id":"https:\/\/levelprint.com.br\/categoria\/produto\/adesivo-de-carro-eu-amo-maceio-i-love-maceio\/#primaryimage"},"thumbnailUrl":"https:\/\/levelprint.com.br\/wp-content\/uploads\/2024\/09\/Adesivo-I-Love-Maceio-scaled.jpg","datePublished":"2024-09-02T09:16:10+00:00","dateModified":"2025-10-24T19:08:36+00:00","breadcrumb":{"@id":"https:\/\/levelprint.com.br\/categoria\/produto\/adesivo-de-carro-eu-amo-maceio-i-love-maceio\/#breadcrumb"},"inLanguage":"pt-BR","potentialAction":[{"@type":"ReadAction","target":["https:\/\/levelprint.com.br\/categoria\/produto\/adesivo-de-carro-eu-amo-maceio-i-love-maceio\/"]}]},{"@type":"ImageObject","inLanguage":"pt-BR","@id":"https:\/\/levelprint.com.br\/categoria\/produto\/adesivo-de-carro-eu-amo-maceio-i-love-maceio\/#primaryimage","url":"https:\/\/levelprint.com.br\/wp-content\/uploads\/2024\/09\/Adesivo-I-Love-Maceio-scaled.jpg","contentUrl":"https:\/\/levelprint.com.br\/wp-content\/uploads\/2024\/09\/Adesivo-I-Love-Maceio-scaled.jpg","width":2560,"height":2560},{"@type":"BreadcrumbList","@id":"https:\/\/levelprint.com.br\/categoria\/produto\/adesivo-de-carro-eu-amo-maceio-i-love-maceio\/#breadcrumb","itemListElement":[{"@type":"ListItem","position":1,"name":"In\u00edcio","item":"https:\/\/levelprint.com.br\/"},{"@type":"ListItem","position":2,"name":"Loja","item":"https:\/\/levelprint.com.br\/pt\/loja\/"},{"@type":"ListItem","position":3,"name":"Adesivo de Carro Eu Amo Macei\u00f3 &#8211; I Love Macei\u00f3"}]},{"@type":"WebSite","@id":"https:\/\/levelprint.com.br\/#website","url":"https:\/\/levelprint.com.br\/","name":"Level Print Gr\u00e1fica em Alagoas | Banners, Crach\u00e1s, Canecas Personalizadas e Mais","description":"L\u00edder em Gr\u00e1fica e Personalizados em Macei\u00f3","publisher":{"@id":"https:\/\/levelprint.com.br\/#organization"},"alternateName":"Gr\u00e1fica em Macei\u00f3 - Level Print | Banners, Canecas, Crach\u00e1s, Cord\u00f5es Personalizados","potentialAction":[{"@type":"SearchAction","target":{"@type":"EntryPoint","urlTemplate":"https:\/\/levelprint.com.br\/?s={search_term_string}"},"query-input":{"@type":"PropertyValueSpecification","valueRequired":true,"valueName":"search_term_string"}}],"inLanguage":"pt-BR"},{"@type":"Organization","@id":"https:\/\/levelprint.com.br\/#organization","name":"Level Print Gr\u00e1fica e Personalizados LTDA.","alternateName":"Level Print Gr\u00e1fica","url":"https:\/\/levelprint.com.br\/","logo":{"@type":"ImageObject","inLanguage":"pt-BR","@id":"https:\/\/levelprint.com.br\/#\/schema\/logo\/image\/","url":"https:\/\/levelprint.com.br\/wp-content\/uploads\/2025\/07\/Logo-Level-Print-Grafica.webp","contentUrl":"https:\/\/levelprint.com.br\/wp-content\/uploads\/2025\/07\/Logo-Level-Print-Grafica.webp","width":1176,"height":1176,"caption":"Level Print Gr\u00e1fica e Personalizados LTDA."},"image":{"@id":"https:\/\/levelprint.com.br\/#\/schema\/logo\/image\/"},"sameAs":["https:\/\/www.facebook.com\/levelprintgrafica","https:\/\/x.com\/levelprintbr","https:\/\/instagram.com\/levelprintgrafica","https:\/\/www.linkedin.com\/company\/levelprint\/","https:\/\/br.pinterest.com\/simones6766\/_saved\/https:\/\/br.pinterest.com\/simones6766\/_saved\/","https:\/\/www.youtube.com\/channel\/UC3fz7xDpzPqorul-xhH6lBg"]}]}},"_links":{"self":[{"href":"https:\/\/levelprint.com.br\/pt\/wp-json\/wp\/v2\/product\/74945","targetHints":{"allow":["GET"]}}],"collection":[{"href":"https:\/\/levelprint.com.br\/pt\/wp-json\/wp\/v2\/product"}],"about":[{"href":"https:\/\/levelprint.com.br\/pt\/wp-json\/wp\/v2\/types\/product"}],"wp:featuredmedia":[{"embeddable":true,"href":"https:\/\/levelprint.com.br\/pt\/wp-json\/wp\/v2\/media\/74946"}],"wp:attachment":[{"href":"https:\/\/levelprint.com.br\/pt\/wp-json\/wp\/v2\/media?parent=74945"}],"wp:term":[{"taxonomy":"product_brand","embeddable":true,"href":"https:\/\/levelprint.com.br\/pt\/wp-json\/wp\/v2\/product_brand?post=74945"},{"taxonomy":"product_cat","embeddable":true,"href":"https:\/\/levelprint.com.br\/pt\/wp-json\/wp\/v2\/product_cat?post=74945"},{"taxonomy":"product_tag","embeddable":true,"href":"https:\/\/levelprint.com.br\/pt\/wp-json\/wp\/v2\/product_tag?post=74945"}],"curies":[{"name":"wp","href":"https:\/\/api.w.org\/{rel}","templated":true}]}}