{"id":74977,"date":"2024-10-21T02:52:39","date_gmt":"2024-10-21T05:52:39","guid":{"rendered":"https:\/\/levelprint.com.br\/?post_type=product&#038;p=74977"},"modified":"2025-10-24T16:08:36","modified_gmt":"2025-10-24T19:08:36","slug":"adesivo-perfurado-vidro-traseiro-instalacao-carro-grande-porte","status":"publish","type":"product","link":"https:\/\/levelprint.com.br\/pt\/categoria\/produto\/adesivo-perfurado-vidro-traseiro-instalacao-carro-grande-porte\/","title":{"rendered":"Adesivo Perfurado Vidro Traseiro + Instala\u00e7\u00e3o Carro Grande Porte"},"content":{"rendered":"<h3><strong>Carros de Grande Porte<\/strong>:<\/h3>\n<ul>\n<li><strong>Exemplos<\/strong>: SUVs grandes, sed\u00e3s grandes, picapes.<\/li>\n<li><strong>Modelos Comuns<\/strong>: Chevrolet Trailblazer, Ford Ranger, Toyota Hilux.<\/li>\n<\/ul>\n<h3>Descri\u00e7\u00e3o:<\/h3>\n<ul>\n<li>Adesivo Vinil a prova d\u2019agua<\/li>\n<li>N\u00e3o danifica o vidro onde for aplicado.<\/li>\n<li>Impress\u00e3o em alta resolu\u00e7\u00e3o.<\/li>\n<\/ul>\n<p>Se desejar outras medidas, consulte outros tamanhos de ve\u00edculos<\/p>\n<h3>Este item acompanha:<\/h3>\n<ul>\n<li>Nota fiscal<\/li>\n<li>Manual de utiliza\u00e7\u00e3o<\/li>\n<li>Embalagem 100% segura<\/li>\n<\/ul>\n","protected":false},"excerpt":{"rendered":"<p>Personalize seu carro com adesivos perfurados de alta qualidade por apenas R$ 119,90 com aplica\u00e7\u00e3o! Ideal para vidros traseiros, eles garantem visibilidade externa sem comprometer a vis\u00e3o de dentro do ve\u00edculo. Aproveite para divulgar sua marca ou estampar seu estilo com instala\u00e7\u00e3o r\u00e1pida e profissional da Level Print, a empresa mais bem avaliada de Alagoas no segmento de gr\u00e1fica, personalizados e comunica\u00e7\u00e3o visual.<\/p>\n<h3>Personaliza\u00e7\u00e3o<\/h3>\n<ul>\n<li>Toda personaliza\u00e7\u00e3o ocorrer\u00e1 ap\u00f3s a compra e confirma\u00e7\u00e3o de pagamento. Assim, entraremos em contato dentro das primeiras 24h \u00fateis atrav\u00e9s de WhatsApp, liga\u00e7\u00e3o telef\u00f4nica ou email a fim de coletar todas as informa\u00e7\u00f5es necess\u00e1rias e gerar uma prova virtual para seguir em produ\u00e7\u00e3o <strong>somente ap\u00f3s a sua aprova\u00e7\u00e3o!<\/strong><\/li>\n<li>Este valor n\u00e3o inclui edi\u00e7\u00e3o de artes. Caso n\u00e3o tenha arte pronta para seu item, analisaremos se dever\u00e1 ser cobrado o valor para fazer sua arte ou refazer alguma arte que voc\u00eas tenha, mas que n\u00e3o est\u00e1 com boa qualidade.<\/li>\n<\/ul>\n","protected":false},"featured_media":75057,"template":"","meta":[],"product_brand":[],"product_cat":[772,768],"product_tag":[601,791,787,786,605,789,785],"class_list":{"0":"post-74977","1":"product","2":"type-product","3":"status-publish","4":"has-post-thumbnail","6":"product_cat-adesivos-vinil-perfurados","7":"product_cat-comunicacao-visual","8":"product_tag-adesivo","9":"product_tag-carro-grande-porte","10":"product_tag-carros-populares","11":"product_tag-comunicacao-visual","12":"product_tag-grafica","13":"product_tag-impressao-aplicacao","14":"product_tag-perfurado","16":"first","17":"instock","18":"sale","19":"taxable","20":"shipping-taxable","21":"purchasable","22":"product-type-simple"},"yoast_head":"<!-- This site is optimized with the Yoast SEO plugin v27.4 - https:\/\/yoast.com\/product\/yoast-seo-wordpress\/ -->\n<title>Adesivo Perfurado Vidro Traseiro + Instala\u00e7\u00e3o Carro Grande Porte - Level Print Gr\u00e1fica e Personalizados<\/title>\n<meta name=\"robots\" content=\"index, follow, max-snippet:-1, max-image-preview:large, max-video-preview:-1\" \/>\n<link rel=\"canonical\" href=\"https:\/\/levelprint.com.br\/pt\/categoria\/produto\/adesivo-perfurado-vidro-traseiro-instalacao-carro-grande-porte\/\" \/>\n<meta property=\"og:locale\" content=\"pt_BR\" \/>\n<meta property=\"og:type\" content=\"article\" \/>\n<meta property=\"og:title\" content=\"Adesivo Perfurado Vidro Traseiro + Instala\u00e7\u00e3o Carro Grande Porte - Level Print Gr\u00e1fica e Personalizados\" \/>\n<meta property=\"og:description\" content=\"Personalize seu carro com adesivos perfurados de alta qualidade por apenas R$ 119,90 com aplica\u00e7\u00e3o! Ideal para vidros traseiros, eles garantem visibilidade externa sem comprometer a vis\u00e3o de dentro do ve\u00edculo. Aproveite para divulgar sua marca ou estampar seu estilo com instala\u00e7\u00e3o r\u00e1pida e profissional da Level Print, a empresa mais bem avaliada de Alagoas no segmento de gr\u00e1fica, personalizados e comunica\u00e7\u00e3o visual. Personaliza\u00e7\u00e3o   Toda personaliza\u00e7\u00e3o ocorrer\u00e1 ap\u00f3s a compra e confirma\u00e7\u00e3o de pagamento. Assim, entraremos em contato dentro das primeiras 24h \u00fateis atrav\u00e9s de WhatsApp, liga\u00e7\u00e3o telef\u00f4nica ou email a fim de coletar todas as informa\u00e7\u00f5es necess\u00e1rias e gerar uma prova virtual para seguir em produ\u00e7\u00e3o somente ap\u00f3s a sua aprova\u00e7\u00e3o!  Este valor n\u00e3o inclui edi\u00e7\u00e3o de artes. Caso n\u00e3o tenha arte pronta para seu item, analisaremos se dever\u00e1 ser cobrado o valor para fazer sua arte ou refazer alguma arte que voc\u00eas tenha, mas que n\u00e3o est\u00e1 com boa qualidade.\" \/>\n<meta property=\"og:url\" content=\"https:\/\/levelprint.com.br\/pt\/categoria\/produto\/adesivo-perfurado-vidro-traseiro-instalacao-carro-grande-porte\/\" \/>\n<meta property=\"og:site_name\" content=\"Level Print Gr\u00e1fica e Personalizados\" \/>\n<meta property=\"article:publisher\" content=\"https:\/\/www.facebook.com\/levelprintgrafica\" \/>\n<meta property=\"article:modified_time\" content=\"2025-10-24T19:08:36+00:00\" \/>\n<meta property=\"og:image\" content=\"https:\/\/levelprint.com.br\/wp-content\/uploads\/2024\/10\/Adesivo-Perfurado-Carro-Grande-Pickup-scaled.jpg\" \/>\n\t<meta property=\"og:image:width\" content=\"2407\" \/>\n\t<meta property=\"og:image:height\" content=\"2560\" \/>\n\t<meta property=\"og:image:type\" content=\"image\/jpeg\" \/>\n<meta name=\"twitter:card\" content=\"summary_large_image\" \/>\n<meta name=\"twitter:site\" content=\"@levelprintbr\" \/>\n<meta name=\"twitter:label1\" content=\"Est. tempo de leitura\" \/>\n\t<meta name=\"twitter:data1\" content=\"1 minuto\" \/>\n<script type=\"application\/ld+json\" class=\"yoast-schema-graph\">{\"@context\":\"https:\\\/\\\/schema.org\",\"@graph\":[{\"@type\":\"WebPage\",\"@id\":\"https:\\\/\\\/levelprint.com.br\\\/categoria\\\/produto\\\/adesivo-perfurado-vidro-traseiro-instalacao-carro-grande-porte\\\/\",\"url\":\"https:\\\/\\\/levelprint.com.br\\\/categoria\\\/produto\\\/adesivo-perfurado-vidro-traseiro-instalacao-carro-grande-porte\\\/\",\"name\":\"Adesivo Perfurado Vidro Traseiro + Instala\u00e7\u00e3o Carro Grande Porte - Level Print Gr\u00e1fica e Personalizados\",\"isPartOf\":{\"@id\":\"https:\\\/\\\/levelprint.com.br\\\/#website\"},\"primaryImageOfPage\":{\"@id\":\"https:\\\/\\\/levelprint.com.br\\\/categoria\\\/produto\\\/adesivo-perfurado-vidro-traseiro-instalacao-carro-grande-porte\\\/#primaryimage\"},\"image\":{\"@id\":\"https:\\\/\\\/levelprint.com.br\\\/categoria\\\/produto\\\/adesivo-perfurado-vidro-traseiro-instalacao-carro-grande-porte\\\/#primaryimage\"},\"thumbnailUrl\":\"https:\\\/\\\/levelprint.com.br\\\/wp-content\\\/uploads\\\/2024\\\/10\\\/Adesivo-Perfurado-Carro-Grande-Pickup-scaled.jpg\",\"datePublished\":\"2024-10-21T05:52:39+00:00\",\"dateModified\":\"2025-10-24T19:08:36+00:00\",\"breadcrumb\":{\"@id\":\"https:\\\/\\\/levelprint.com.br\\\/categoria\\\/produto\\\/adesivo-perfurado-vidro-traseiro-instalacao-carro-grande-porte\\\/#breadcrumb\"},\"inLanguage\":\"pt-BR\",\"potentialAction\":[{\"@type\":\"ReadAction\",\"target\":[\"https:\\\/\\\/levelprint.com.br\\\/categoria\\\/produto\\\/adesivo-perfurado-vidro-traseiro-instalacao-carro-grande-porte\\\/\"]}]},{\"@type\":\"ImageObject\",\"inLanguage\":\"pt-BR\",\"@id\":\"https:\\\/\\\/levelprint.com.br\\\/categoria\\\/produto\\\/adesivo-perfurado-vidro-traseiro-instalacao-carro-grande-porte\\\/#primaryimage\",\"url\":\"https:\\\/\\\/levelprint.com.br\\\/wp-content\\\/uploads\\\/2024\\\/10\\\/Adesivo-Perfurado-Carro-Grande-Pickup-scaled.jpg\",\"contentUrl\":\"https:\\\/\\\/levelprint.com.br\\\/wp-content\\\/uploads\\\/2024\\\/10\\\/Adesivo-Perfurado-Carro-Grande-Pickup-scaled.jpg\",\"width\":2407,\"height\":2560},{\"@type\":\"BreadcrumbList\",\"@id\":\"https:\\\/\\\/levelprint.com.br\\\/categoria\\\/produto\\\/adesivo-perfurado-vidro-traseiro-instalacao-carro-grande-porte\\\/#breadcrumb\",\"itemListElement\":[{\"@type\":\"ListItem\",\"position\":1,\"name\":\"In\u00edcio\",\"item\":\"https:\\\/\\\/levelprint.com.br\\\/\"},{\"@type\":\"ListItem\",\"position\":2,\"name\":\"Loja\",\"item\":\"https:\\\/\\\/levelprint.com.br\\\/pt\\\/loja\\\/\"},{\"@type\":\"ListItem\",\"position\":3,\"name\":\"Adesivo Perfurado Vidro Traseiro + Instala\u00e7\u00e3o Carro Grande Porte\"}]},{\"@type\":\"WebSite\",\"@id\":\"https:\\\/\\\/levelprint.com.br\\\/#website\",\"url\":\"https:\\\/\\\/levelprint.com.br\\\/\",\"name\":\"Level Print Gr\u00e1fica em Alagoas | Banners, Crach\u00e1s, Canecas Personalizadas e Mais\",\"description\":\"L\u00edder em Gr\u00e1fica e Personalizados em Macei\u00f3\",\"publisher\":{\"@id\":\"https:\\\/\\\/levelprint.com.br\\\/#organization\"},\"alternateName\":\"Gr\u00e1fica em Macei\u00f3 - Level Print | Banners, Canecas, Crach\u00e1s, Cord\u00f5es Personalizados\",\"potentialAction\":[{\"@type\":\"SearchAction\",\"target\":{\"@type\":\"EntryPoint\",\"urlTemplate\":\"https:\\\/\\\/levelprint.com.br\\\/?s={search_term_string}\"},\"query-input\":{\"@type\":\"PropertyValueSpecification\",\"valueRequired\":true,\"valueName\":\"search_term_string\"}}],\"inLanguage\":\"pt-BR\"},{\"@type\":\"Organization\",\"@id\":\"https:\\\/\\\/levelprint.com.br\\\/#organization\",\"name\":\"Level Print Gr\u00e1fica e Personalizados LTDA.\",\"alternateName\":\"Level Print Gr\u00e1fica\",\"url\":\"https:\\\/\\\/levelprint.com.br\\\/\",\"logo\":{\"@type\":\"ImageObject\",\"inLanguage\":\"pt-BR\",\"@id\":\"https:\\\/\\\/levelprint.com.br\\\/#\\\/schema\\\/logo\\\/image\\\/\",\"url\":\"https:\\\/\\\/levelprint.com.br\\\/wp-content\\\/uploads\\\/2025\\\/07\\\/Logo-Level-Print-Grafica.webp\",\"contentUrl\":\"https:\\\/\\\/levelprint.com.br\\\/wp-content\\\/uploads\\\/2025\\\/07\\\/Logo-Level-Print-Grafica.webp\",\"width\":1176,\"height\":1176,\"caption\":\"Level Print Gr\u00e1fica e Personalizados LTDA.\"},\"image\":{\"@id\":\"https:\\\/\\\/levelprint.com.br\\\/#\\\/schema\\\/logo\\\/image\\\/\"},\"sameAs\":[\"https:\\\/\\\/www.facebook.com\\\/levelprintgrafica\",\"https:\\\/\\\/x.com\\\/levelprintbr\",\"https:\\\/\\\/instagram.com\\\/levelprintgrafica\",\"https:\\\/\\\/www.linkedin.com\\\/company\\\/levelprint\\\/\",\"https:\\\/\\\/br.pinterest.com\\\/simones6766\\\/_saved\\\/https:\\\/\\\/br.pinterest.com\\\/simones6766\\\/_saved\\\/\",\"https:\\\/\\\/www.youtube.com\\\/channel\\\/UC3fz7xDpzPqorul-xhH6lBg\"]}]}<\/script>\n<!-- \/ Yoast SEO plugin. -->","yoast_head_json":{"title":"Adesivo Perfurado Vidro Traseiro + Instala\u00e7\u00e3o Carro Grande Porte - Level Print Gr\u00e1fica e Personalizados","robots":{"index":"index","follow":"follow","max-snippet":"max-snippet:-1","max-image-preview":"max-image-preview:large","max-video-preview":"max-video-preview:-1"},"canonical":"https:\/\/levelprint.com.br\/pt\/categoria\/produto\/adesivo-perfurado-vidro-traseiro-instalacao-carro-grande-porte\/","og_locale":"pt_BR","og_type":"article","og_title":"Adesivo Perfurado Vidro Traseiro + Instala\u00e7\u00e3o Carro Grande Porte - Level Print Gr\u00e1fica e Personalizados","og_description":"Personalize seu carro com adesivos perfurados de alta qualidade por apenas R$ 119,90 com aplica\u00e7\u00e3o! Ideal para vidros traseiros, eles garantem visibilidade externa sem comprometer a vis\u00e3o de dentro do ve\u00edculo. Aproveite para divulgar sua marca ou estampar seu estilo com instala\u00e7\u00e3o r\u00e1pida e profissional da Level Print, a empresa mais bem avaliada de Alagoas no segmento de gr\u00e1fica, personalizados e comunica\u00e7\u00e3o visual. Personaliza\u00e7\u00e3o   Toda personaliza\u00e7\u00e3o ocorrer\u00e1 ap\u00f3s a compra e confirma\u00e7\u00e3o de pagamento. Assim, entraremos em contato dentro das primeiras 24h \u00fateis atrav\u00e9s de WhatsApp, liga\u00e7\u00e3o telef\u00f4nica ou email a fim de coletar todas as informa\u00e7\u00f5es necess\u00e1rias e gerar uma prova virtual para seguir em produ\u00e7\u00e3o somente ap\u00f3s a sua aprova\u00e7\u00e3o!  Este valor n\u00e3o inclui edi\u00e7\u00e3o de artes. Caso n\u00e3o tenha arte pronta para seu item, analisaremos se dever\u00e1 ser cobrado o valor para fazer sua arte ou refazer alguma arte que voc\u00eas tenha, mas que n\u00e3o est\u00e1 com boa qualidade.","og_url":"https:\/\/levelprint.com.br\/pt\/categoria\/produto\/adesivo-perfurado-vidro-traseiro-instalacao-carro-grande-porte\/","og_site_name":"Level Print Gr\u00e1fica e Personalizados","article_publisher":"https:\/\/www.facebook.com\/levelprintgrafica","article_modified_time":"2025-10-24T19:08:36+00:00","og_image":[{"width":2407,"height":2560,"url":"https:\/\/levelprint.com.br\/wp-content\/uploads\/2024\/10\/Adesivo-Perfurado-Carro-Grande-Pickup-scaled.jpg","type":"image\/jpeg"}],"twitter_card":"summary_large_image","twitter_site":"@levelprintbr","twitter_misc":{"Est. tempo de leitura":"1 minuto"},"schema":{"@context":"https:\/\/schema.org","@graph":[{"@type":"WebPage","@id":"https:\/\/levelprint.com.br\/categoria\/produto\/adesivo-perfurado-vidro-traseiro-instalacao-carro-grande-porte\/","url":"https:\/\/levelprint.com.br\/categoria\/produto\/adesivo-perfurado-vidro-traseiro-instalacao-carro-grande-porte\/","name":"Adesivo Perfurado Vidro Traseiro + Instala\u00e7\u00e3o Carro Grande Porte - Level Print Gr\u00e1fica e Personalizados","isPartOf":{"@id":"https:\/\/levelprint.com.br\/#website"},"primaryImageOfPage":{"@id":"https:\/\/levelprint.com.br\/categoria\/produto\/adesivo-perfurado-vidro-traseiro-instalacao-carro-grande-porte\/#primaryimage"},"image":{"@id":"https:\/\/levelprint.com.br\/categoria\/produto\/adesivo-perfurado-vidro-traseiro-instalacao-carro-grande-porte\/#primaryimage"},"thumbnailUrl":"https:\/\/levelprint.com.br\/wp-content\/uploads\/2024\/10\/Adesivo-Perfurado-Carro-Grande-Pickup-scaled.jpg","datePublished":"2024-10-21T05:52:39+00:00","dateModified":"2025-10-24T19:08:36+00:00","breadcrumb":{"@id":"https:\/\/levelprint.com.br\/categoria\/produto\/adesivo-perfurado-vidro-traseiro-instalacao-carro-grande-porte\/#breadcrumb"},"inLanguage":"pt-BR","potentialAction":[{"@type":"ReadAction","target":["https:\/\/levelprint.com.br\/categoria\/produto\/adesivo-perfurado-vidro-traseiro-instalacao-carro-grande-porte\/"]}]},{"@type":"ImageObject","inLanguage":"pt-BR","@id":"https:\/\/levelprint.com.br\/categoria\/produto\/adesivo-perfurado-vidro-traseiro-instalacao-carro-grande-porte\/#primaryimage","url":"https:\/\/levelprint.com.br\/wp-content\/uploads\/2024\/10\/Adesivo-Perfurado-Carro-Grande-Pickup-scaled.jpg","contentUrl":"https:\/\/levelprint.com.br\/wp-content\/uploads\/2024\/10\/Adesivo-Perfurado-Carro-Grande-Pickup-scaled.jpg","width":2407,"height":2560},{"@type":"BreadcrumbList","@id":"https:\/\/levelprint.com.br\/categoria\/produto\/adesivo-perfurado-vidro-traseiro-instalacao-carro-grande-porte\/#breadcrumb","itemListElement":[{"@type":"ListItem","position":1,"name":"In\u00edcio","item":"https:\/\/levelprint.com.br\/"},{"@type":"ListItem","position":2,"name":"Loja","item":"https:\/\/levelprint.com.br\/pt\/loja\/"},{"@type":"ListItem","position":3,"name":"Adesivo Perfurado Vidro Traseiro + Instala\u00e7\u00e3o Carro Grande Porte"}]},{"@type":"WebSite","@id":"https:\/\/levelprint.com.br\/#website","url":"https:\/\/levelprint.com.br\/","name":"Level Print Gr\u00e1fica em Alagoas | Banners, Crach\u00e1s, Canecas Personalizadas e Mais","description":"L\u00edder em Gr\u00e1fica e Personalizados em Macei\u00f3","publisher":{"@id":"https:\/\/levelprint.com.br\/#organization"},"alternateName":"Gr\u00e1fica em Macei\u00f3 - Level Print | Banners, Canecas, Crach\u00e1s, Cord\u00f5es Personalizados","potentialAction":[{"@type":"SearchAction","target":{"@type":"EntryPoint","urlTemplate":"https:\/\/levelprint.com.br\/?s={search_term_string}"},"query-input":{"@type":"PropertyValueSpecification","valueRequired":true,"valueName":"search_term_string"}}],"inLanguage":"pt-BR"},{"@type":"Organization","@id":"https:\/\/levelprint.com.br\/#organization","name":"Level Print Gr\u00e1fica e Personalizados LTDA.","alternateName":"Level Print Gr\u00e1fica","url":"https:\/\/levelprint.com.br\/","logo":{"@type":"ImageObject","inLanguage":"pt-BR","@id":"https:\/\/levelprint.com.br\/#\/schema\/logo\/image\/","url":"https:\/\/levelprint.com.br\/wp-content\/uploads\/2025\/07\/Logo-Level-Print-Grafica.webp","contentUrl":"https:\/\/levelprint.com.br\/wp-content\/uploads\/2025\/07\/Logo-Level-Print-Grafica.webp","width":1176,"height":1176,"caption":"Level Print Gr\u00e1fica e Personalizados LTDA."},"image":{"@id":"https:\/\/levelprint.com.br\/#\/schema\/logo\/image\/"},"sameAs":["https:\/\/www.facebook.com\/levelprintgrafica","https:\/\/x.com\/levelprintbr","https:\/\/instagram.com\/levelprintgrafica","https:\/\/www.linkedin.com\/company\/levelprint\/","https:\/\/br.pinterest.com\/simones6766\/_saved\/https:\/\/br.pinterest.com\/simones6766\/_saved\/","https:\/\/www.youtube.com\/channel\/UC3fz7xDpzPqorul-xhH6lBg"]}]}},"_links":{"self":[{"href":"https:\/\/levelprint.com.br\/pt\/wp-json\/wp\/v2\/product\/74977","targetHints":{"allow":["GET"]}}],"collection":[{"href":"https:\/\/levelprint.com.br\/pt\/wp-json\/wp\/v2\/product"}],"about":[{"href":"https:\/\/levelprint.com.br\/pt\/wp-json\/wp\/v2\/types\/product"}],"wp:featuredmedia":[{"embeddable":true,"href":"https:\/\/levelprint.com.br\/pt\/wp-json\/wp\/v2\/media\/75057"}],"wp:attachment":[{"href":"https:\/\/levelprint.com.br\/pt\/wp-json\/wp\/v2\/media?parent=74977"}],"wp:term":[{"taxonomy":"product_brand","embeddable":true,"href":"https:\/\/levelprint.com.br\/pt\/wp-json\/wp\/v2\/product_brand?post=74977"},{"taxonomy":"product_cat","embeddable":true,"href":"https:\/\/levelprint.com.br\/pt\/wp-json\/wp\/v2\/product_cat?post=74977"},{"taxonomy":"product_tag","embeddable":true,"href":"https:\/\/levelprint.com.br\/pt\/wp-json\/wp\/v2\/product_tag?post=74977"}],"curies":[{"name":"wp","href":"https:\/\/api.w.org\/{rel}","templated":true}]}}