{"id":74985,"date":"2024-10-30T11:58:54","date_gmt":"2024-10-30T14:58:54","guid":{"rendered":"https:\/\/levelprint.com.br\/?post_type=product&#038;p=74985"},"modified":"2025-10-24T16:08:35","modified_gmt":"2025-10-24T19:08:35","slug":"porta-retrato-com-foto-a4-20x30-parede-moldura-quadro-c-acetato-cor-preto","status":"publish","type":"product","link":"https:\/\/levelprint.com.br\/pt\/categoria\/produto\/porta-retrato-com-foto-a4-20x30-parede-moldura-quadro-c-acetato-cor-preto\/","title":{"rendered":"Porta Retrato com Foto A4 20&#215;30 Parede Moldura Quadro c\/ Acetato Cor Preto"},"content":{"rendered":"<h4><strong>ESPECIFICA\u00c7\u00d5ES<\/strong><\/h4>\n<ul>\n<li>Cores da moldura: Preto<\/li>\n<li>Material: Madeira maci\u00e7a (pinus de reflorestamento) com acabamento revestido \/ Fundo de MDF 3mm \/ Suporte tipo gravata para mesa \/ Acetato de 0,20mm<\/li>\n<li>Medidas: altura de 24cm x profundidade de 1,2cm x largura de 33cm<\/li>\n<li>Peso: 0,4 kg<\/li>\n<\/ul>\n<p>Cuidados com a limpeza:** Limpar com pano levemente umedecido e finalizar com pano seco. Evitar impactos.<\/p>\n<h4><strong>INCLUSO<\/strong><\/h4>\n<ul>\n<li>Moldura porta retrato para fotos de 20x30cm, com dimens\u00f5es externas de 24x34cm.<\/li>\n<li>Foto 20,5&#215;29<\/li>\n<\/ul>\n","protected":false},"excerpt":{"rendered":"<h3>Porta Retrato para Fotos 20x30cm com Acetato<\/h3>\n<p>Perfeito para decorar ambientes como sua casa, sala de estar, sala de jantar, quartos e escrit\u00f3rios.<\/p>\n<h4><strong>DETALHES<\/strong><\/h4>\n<ul>\n<li>Moldura com suporte para mesa, design moderno e linear, com revestimento de alta qualidade, feito em 100% madeira<\/li>\n<li>Dimens\u00f5es para fotos 20x30cm, ideal para dar um toque contempor\u00e2neo e estilizar seu espa\u00e7o<\/li>\n<li>Transforme a decora\u00e7\u00e3o com uma solu\u00e7\u00e3o pr\u00e1tica e personalizada.<\/li>\n<\/ul>\n","protected":false},"featured_media":75334,"template":"","meta":[],"product_brand":[],"product_cat":[802],"product_tag":[800,797,799,798,796,795,801,536],"class_list":{"0":"post-74985","1":"product","2":"type-product","3":"status-publish","4":"has-post-thumbnail","6":"product_cat-brindes-presentes","7":"product_tag-20x30cm","8":"product_tag-foto-10x15","9":"product_tag-foto-20x30","10":"product_tag-foto-parede","11":"product_tag-porta-foto","12":"product_tag-porta-retrato","13":"product_tag-presente-maceio","14":"product_tag-presentes","16":"first","17":"instock","18":"sale","19":"taxable","20":"shipping-taxable","21":"purchasable","22":"product-type-simple"},"yoast_head":"<!-- This site is optimized with the Yoast SEO plugin v27.3 - https:\/\/yoast.com\/product\/yoast-seo-wordpress\/ -->\n<title>Porta Retrato com Foto A4 20x30 Parede Moldura Quadro c\/ Acetato Cor Preto - Level Print Gr\u00e1fica e Personalizados<\/title>\n<meta name=\"robots\" content=\"index, follow, max-snippet:-1, max-image-preview:large, max-video-preview:-1\" \/>\n<link rel=\"canonical\" href=\"https:\/\/levelprint.com.br\/pt\/categoria\/produto\/porta-retrato-com-foto-a4-20x30-parede-moldura-quadro-c-acetato-cor-preto\/\" \/>\n<meta property=\"og:locale\" content=\"pt_BR\" \/>\n<meta property=\"og:type\" content=\"article\" \/>\n<meta property=\"og:title\" content=\"Porta Retrato com Foto A4 20x30 Parede Moldura Quadro c\/ Acetato Cor Preto - Level Print Gr\u00e1fica e Personalizados\" \/>\n<meta property=\"og:description\" content=\"Porta Retrato para Fotos 20x30cm com Acetato Perfeito para decorar ambientes como sua casa, sala de estar, sala de jantar, quartos e escrit\u00f3rios. DETALHES   Moldura com suporte para mesa, design moderno e linear, com revestimento de alta qualidade, feito em 100% madeira  Dimens\u00f5es para fotos 20x30cm, ideal para dar um toque contempor\u00e2neo e estilizar seu espa\u00e7o  Transforme a decora\u00e7\u00e3o com uma solu\u00e7\u00e3o pr\u00e1tica e personalizada.\" \/>\n<meta property=\"og:url\" content=\"https:\/\/levelprint.com.br\/pt\/categoria\/produto\/porta-retrato-com-foto-a4-20x30-parede-moldura-quadro-c-acetato-cor-preto\/\" \/>\n<meta property=\"og:site_name\" content=\"Level Print Gr\u00e1fica e Personalizados\" \/>\n<meta property=\"article:publisher\" content=\"https:\/\/www.facebook.com\/levelprintgrafica\" \/>\n<meta property=\"article:modified_time\" content=\"2025-10-24T19:08:35+00:00\" \/>\n<meta property=\"og:image\" content=\"https:\/\/levelprint.com.br\/wp-content\/uploads\/2024\/10\/DIA-DOS-NAMORADOS-PORTA-RETRATO-Level.webp\" \/>\n\t<meta property=\"og:image:width\" content=\"1855\" \/>\n\t<meta property=\"og:image:height\" content=\"1854\" \/>\n\t<meta property=\"og:image:type\" content=\"image\/jpeg\" \/>\n<meta name=\"twitter:card\" content=\"summary_large_image\" \/>\n<meta name=\"twitter:site\" content=\"@levelprintbr\" \/>\n<meta name=\"twitter:label1\" content=\"Est. tempo de leitura\" \/>\n\t<meta name=\"twitter:data1\" content=\"1 minuto\" \/>\n<script type=\"application\/ld+json\" class=\"yoast-schema-graph\">{\"@context\":\"https:\\\/\\\/schema.org\",\"@graph\":[{\"@type\":\"WebPage\",\"@id\":\"https:\\\/\\\/levelprint.com.br\\\/categoria\\\/produto\\\/porta-retrato-com-foto-a4-20x30-parede-moldura-quadro-c-acetato-cor-preto\\\/\",\"url\":\"https:\\\/\\\/levelprint.com.br\\\/categoria\\\/produto\\\/porta-retrato-com-foto-a4-20x30-parede-moldura-quadro-c-acetato-cor-preto\\\/\",\"name\":\"Porta Retrato com Foto A4 20x30 Parede Moldura Quadro c\\\/ Acetato Cor Preto - Level Print Gr\u00e1fica e Personalizados\",\"isPartOf\":{\"@id\":\"https:\\\/\\\/levelprint.com.br\\\/#website\"},\"primaryImageOfPage\":{\"@id\":\"https:\\\/\\\/levelprint.com.br\\\/categoria\\\/produto\\\/porta-retrato-com-foto-a4-20x30-parede-moldura-quadro-c-acetato-cor-preto\\\/#primaryimage\"},\"image\":{\"@id\":\"https:\\\/\\\/levelprint.com.br\\\/categoria\\\/produto\\\/porta-retrato-com-foto-a4-20x30-parede-moldura-quadro-c-acetato-cor-preto\\\/#primaryimage\"},\"thumbnailUrl\":\"https:\\\/\\\/levelprint.com.br\\\/wp-content\\\/uploads\\\/2024\\\/10\\\/DIA-DOS-NAMORADOS-PORTA-RETRATO-Level.webp\",\"datePublished\":\"2024-10-30T14:58:54+00:00\",\"dateModified\":\"2025-10-24T19:08:35+00:00\",\"breadcrumb\":{\"@id\":\"https:\\\/\\\/levelprint.com.br\\\/categoria\\\/produto\\\/porta-retrato-com-foto-a4-20x30-parede-moldura-quadro-c-acetato-cor-preto\\\/#breadcrumb\"},\"inLanguage\":\"pt-BR\",\"potentialAction\":[{\"@type\":\"ReadAction\",\"target\":[\"https:\\\/\\\/levelprint.com.br\\\/categoria\\\/produto\\\/porta-retrato-com-foto-a4-20x30-parede-moldura-quadro-c-acetato-cor-preto\\\/\"]}]},{\"@type\":\"ImageObject\",\"inLanguage\":\"pt-BR\",\"@id\":\"https:\\\/\\\/levelprint.com.br\\\/categoria\\\/produto\\\/porta-retrato-com-foto-a4-20x30-parede-moldura-quadro-c-acetato-cor-preto\\\/#primaryimage\",\"url\":\"https:\\\/\\\/levelprint.com.br\\\/wp-content\\\/uploads\\\/2024\\\/10\\\/DIA-DOS-NAMORADOS-PORTA-RETRATO-Level.webp\",\"contentUrl\":\"https:\\\/\\\/levelprint.com.br\\\/wp-content\\\/uploads\\\/2024\\\/10\\\/DIA-DOS-NAMORADOS-PORTA-RETRATO-Level.webp\",\"width\":1855,\"height\":1854},{\"@type\":\"BreadcrumbList\",\"@id\":\"https:\\\/\\\/levelprint.com.br\\\/categoria\\\/produto\\\/porta-retrato-com-foto-a4-20x30-parede-moldura-quadro-c-acetato-cor-preto\\\/#breadcrumb\",\"itemListElement\":[{\"@type\":\"ListItem\",\"position\":1,\"name\":\"In\u00edcio\",\"item\":\"https:\\\/\\\/levelprint.com.br\\\/\"},{\"@type\":\"ListItem\",\"position\":2,\"name\":\"Loja\",\"item\":\"https:\\\/\\\/levelprint.com.br\\\/pt\\\/loja\\\/\"},{\"@type\":\"ListItem\",\"position\":3,\"name\":\"Porta Retrato com Foto A4 20&#215;30 Parede Moldura Quadro c\\\/ Acetato Cor Preto\"}]},{\"@type\":\"WebSite\",\"@id\":\"https:\\\/\\\/levelprint.com.br\\\/#website\",\"url\":\"https:\\\/\\\/levelprint.com.br\\\/\",\"name\":\"Level Print Gr\u00e1fica em Alagoas | Banners, Crach\u00e1s, Canecas Personalizadas e Mais\",\"description\":\"L\u00edder em Gr\u00e1fica e Personalizados em Macei\u00f3\",\"publisher\":{\"@id\":\"https:\\\/\\\/levelprint.com.br\\\/#organization\"},\"alternateName\":\"Gr\u00e1fica em Macei\u00f3 - Level Print | Banners, Canecas, Crach\u00e1s, Cord\u00f5es Personalizados\",\"potentialAction\":[{\"@type\":\"SearchAction\",\"target\":{\"@type\":\"EntryPoint\",\"urlTemplate\":\"https:\\\/\\\/levelprint.com.br\\\/?s={search_term_string}\"},\"query-input\":{\"@type\":\"PropertyValueSpecification\",\"valueRequired\":true,\"valueName\":\"search_term_string\"}}],\"inLanguage\":\"pt-BR\"},{\"@type\":\"Organization\",\"@id\":\"https:\\\/\\\/levelprint.com.br\\\/#organization\",\"name\":\"Level Print Gr\u00e1fica e Personalizados LTDA.\",\"alternateName\":\"Level Print Gr\u00e1fica\",\"url\":\"https:\\\/\\\/levelprint.com.br\\\/\",\"logo\":{\"@type\":\"ImageObject\",\"inLanguage\":\"pt-BR\",\"@id\":\"https:\\\/\\\/levelprint.com.br\\\/#\\\/schema\\\/logo\\\/image\\\/\",\"url\":\"https:\\\/\\\/levelprint.com.br\\\/wp-content\\\/uploads\\\/2025\\\/07\\\/Logo-Level-Print-Grafica.webp\",\"contentUrl\":\"https:\\\/\\\/levelprint.com.br\\\/wp-content\\\/uploads\\\/2025\\\/07\\\/Logo-Level-Print-Grafica.webp\",\"width\":1176,\"height\":1176,\"caption\":\"Level Print Gr\u00e1fica e Personalizados LTDA.\"},\"image\":{\"@id\":\"https:\\\/\\\/levelprint.com.br\\\/#\\\/schema\\\/logo\\\/image\\\/\"},\"sameAs\":[\"https:\\\/\\\/www.facebook.com\\\/levelprintgrafica\",\"https:\\\/\\\/x.com\\\/levelprintbr\",\"https:\\\/\\\/instagram.com\\\/levelprintgrafica\",\"https:\\\/\\\/www.linkedin.com\\\/company\\\/levelprint\\\/\",\"https:\\\/\\\/br.pinterest.com\\\/simones6766\\\/_saved\\\/https:\\\/\\\/br.pinterest.com\\\/simones6766\\\/_saved\\\/\",\"https:\\\/\\\/www.youtube.com\\\/channel\\\/UC3fz7xDpzPqorul-xhH6lBg\"]}]}<\/script>\n<!-- \/ Yoast SEO plugin. -->","yoast_head_json":{"title":"Porta Retrato com Foto A4 20x30 Parede Moldura Quadro c\/ Acetato Cor Preto - Level Print Gr\u00e1fica e Personalizados","robots":{"index":"index","follow":"follow","max-snippet":"max-snippet:-1","max-image-preview":"max-image-preview:large","max-video-preview":"max-video-preview:-1"},"canonical":"https:\/\/levelprint.com.br\/pt\/categoria\/produto\/porta-retrato-com-foto-a4-20x30-parede-moldura-quadro-c-acetato-cor-preto\/","og_locale":"pt_BR","og_type":"article","og_title":"Porta Retrato com Foto A4 20x30 Parede Moldura Quadro c\/ Acetato Cor Preto - Level Print Gr\u00e1fica e Personalizados","og_description":"Porta Retrato para Fotos 20x30cm com Acetato Perfeito para decorar ambientes como sua casa, sala de estar, sala de jantar, quartos e escrit\u00f3rios. DETALHES   Moldura com suporte para mesa, design moderno e linear, com revestimento de alta qualidade, feito em 100% madeira  Dimens\u00f5es para fotos 20x30cm, ideal para dar um toque contempor\u00e2neo e estilizar seu espa\u00e7o  Transforme a decora\u00e7\u00e3o com uma solu\u00e7\u00e3o pr\u00e1tica e personalizada.","og_url":"https:\/\/levelprint.com.br\/pt\/categoria\/produto\/porta-retrato-com-foto-a4-20x30-parede-moldura-quadro-c-acetato-cor-preto\/","og_site_name":"Level Print Gr\u00e1fica e Personalizados","article_publisher":"https:\/\/www.facebook.com\/levelprintgrafica","article_modified_time":"2025-10-24T19:08:35+00:00","og_image":[{"width":1855,"height":1854,"url":"https:\/\/levelprint.com.br\/wp-content\/uploads\/2024\/10\/DIA-DOS-NAMORADOS-PORTA-RETRATO-Level.webp","type":"image\/jpeg"}],"twitter_card":"summary_large_image","twitter_site":"@levelprintbr","twitter_misc":{"Est. tempo de leitura":"1 minuto"},"schema":{"@context":"https:\/\/schema.org","@graph":[{"@type":"WebPage","@id":"https:\/\/levelprint.com.br\/categoria\/produto\/porta-retrato-com-foto-a4-20x30-parede-moldura-quadro-c-acetato-cor-preto\/","url":"https:\/\/levelprint.com.br\/categoria\/produto\/porta-retrato-com-foto-a4-20x30-parede-moldura-quadro-c-acetato-cor-preto\/","name":"Porta Retrato com Foto A4 20x30 Parede Moldura Quadro c\/ Acetato Cor Preto - Level Print Gr\u00e1fica e Personalizados","isPartOf":{"@id":"https:\/\/levelprint.com.br\/#website"},"primaryImageOfPage":{"@id":"https:\/\/levelprint.com.br\/categoria\/produto\/porta-retrato-com-foto-a4-20x30-parede-moldura-quadro-c-acetato-cor-preto\/#primaryimage"},"image":{"@id":"https:\/\/levelprint.com.br\/categoria\/produto\/porta-retrato-com-foto-a4-20x30-parede-moldura-quadro-c-acetato-cor-preto\/#primaryimage"},"thumbnailUrl":"https:\/\/levelprint.com.br\/wp-content\/uploads\/2024\/10\/DIA-DOS-NAMORADOS-PORTA-RETRATO-Level.webp","datePublished":"2024-10-30T14:58:54+00:00","dateModified":"2025-10-24T19:08:35+00:00","breadcrumb":{"@id":"https:\/\/levelprint.com.br\/categoria\/produto\/porta-retrato-com-foto-a4-20x30-parede-moldura-quadro-c-acetato-cor-preto\/#breadcrumb"},"inLanguage":"pt-BR","potentialAction":[{"@type":"ReadAction","target":["https:\/\/levelprint.com.br\/categoria\/produto\/porta-retrato-com-foto-a4-20x30-parede-moldura-quadro-c-acetato-cor-preto\/"]}]},{"@type":"ImageObject","inLanguage":"pt-BR","@id":"https:\/\/levelprint.com.br\/categoria\/produto\/porta-retrato-com-foto-a4-20x30-parede-moldura-quadro-c-acetato-cor-preto\/#primaryimage","url":"https:\/\/levelprint.com.br\/wp-content\/uploads\/2024\/10\/DIA-DOS-NAMORADOS-PORTA-RETRATO-Level.webp","contentUrl":"https:\/\/levelprint.com.br\/wp-content\/uploads\/2024\/10\/DIA-DOS-NAMORADOS-PORTA-RETRATO-Level.webp","width":1855,"height":1854},{"@type":"BreadcrumbList","@id":"https:\/\/levelprint.com.br\/categoria\/produto\/porta-retrato-com-foto-a4-20x30-parede-moldura-quadro-c-acetato-cor-preto\/#breadcrumb","itemListElement":[{"@type":"ListItem","position":1,"name":"In\u00edcio","item":"https:\/\/levelprint.com.br\/"},{"@type":"ListItem","position":2,"name":"Loja","item":"https:\/\/levelprint.com.br\/pt\/loja\/"},{"@type":"ListItem","position":3,"name":"Porta Retrato com Foto A4 20&#215;30 Parede Moldura Quadro c\/ Acetato Cor Preto"}]},{"@type":"WebSite","@id":"https:\/\/levelprint.com.br\/#website","url":"https:\/\/levelprint.com.br\/","name":"Level Print Gr\u00e1fica em Alagoas | Banners, Crach\u00e1s, Canecas Personalizadas e Mais","description":"L\u00edder em Gr\u00e1fica e Personalizados em Macei\u00f3","publisher":{"@id":"https:\/\/levelprint.com.br\/#organization"},"alternateName":"Gr\u00e1fica em Macei\u00f3 - Level Print | Banners, Canecas, Crach\u00e1s, Cord\u00f5es Personalizados","potentialAction":[{"@type":"SearchAction","target":{"@type":"EntryPoint","urlTemplate":"https:\/\/levelprint.com.br\/?s={search_term_string}"},"query-input":{"@type":"PropertyValueSpecification","valueRequired":true,"valueName":"search_term_string"}}],"inLanguage":"pt-BR"},{"@type":"Organization","@id":"https:\/\/levelprint.com.br\/#organization","name":"Level Print Gr\u00e1fica e Personalizados LTDA.","alternateName":"Level Print Gr\u00e1fica","url":"https:\/\/levelprint.com.br\/","logo":{"@type":"ImageObject","inLanguage":"pt-BR","@id":"https:\/\/levelprint.com.br\/#\/schema\/logo\/image\/","url":"https:\/\/levelprint.com.br\/wp-content\/uploads\/2025\/07\/Logo-Level-Print-Grafica.webp","contentUrl":"https:\/\/levelprint.com.br\/wp-content\/uploads\/2025\/07\/Logo-Level-Print-Grafica.webp","width":1176,"height":1176,"caption":"Level Print Gr\u00e1fica e Personalizados LTDA."},"image":{"@id":"https:\/\/levelprint.com.br\/#\/schema\/logo\/image\/"},"sameAs":["https:\/\/www.facebook.com\/levelprintgrafica","https:\/\/x.com\/levelprintbr","https:\/\/instagram.com\/levelprintgrafica","https:\/\/www.linkedin.com\/company\/levelprint\/","https:\/\/br.pinterest.com\/simones6766\/_saved\/https:\/\/br.pinterest.com\/simones6766\/_saved\/","https:\/\/www.youtube.com\/channel\/UC3fz7xDpzPqorul-xhH6lBg"]}]}},"_links":{"self":[{"href":"https:\/\/levelprint.com.br\/pt\/wp-json\/wp\/v2\/product\/74985","targetHints":{"allow":["GET"]}}],"collection":[{"href":"https:\/\/levelprint.com.br\/pt\/wp-json\/wp\/v2\/product"}],"about":[{"href":"https:\/\/levelprint.com.br\/pt\/wp-json\/wp\/v2\/types\/product"}],"wp:featuredmedia":[{"embeddable":true,"href":"https:\/\/levelprint.com.br\/pt\/wp-json\/wp\/v2\/media\/75334"}],"wp:attachment":[{"href":"https:\/\/levelprint.com.br\/pt\/wp-json\/wp\/v2\/media?parent=74985"}],"wp:term":[{"taxonomy":"product_brand","embeddable":true,"href":"https:\/\/levelprint.com.br\/pt\/wp-json\/wp\/v2\/product_brand?post=74985"},{"taxonomy":"product_cat","embeddable":true,"href":"https:\/\/levelprint.com.br\/pt\/wp-json\/wp\/v2\/product_cat?post=74985"},{"taxonomy":"product_tag","embeddable":true,"href":"https:\/\/levelprint.com.br\/pt\/wp-json\/wp\/v2\/product_tag?post=74985"}],"curies":[{"name":"wp","href":"https:\/\/api.w.org\/{rel}","templated":true}]}}