{"id":75108,"date":"2025-02-28T19:36:46","date_gmt":"2025-02-28T22:36:46","guid":{"rendered":"https:\/\/levelprint.com.br\/?post_type=product&#038;p=75108"},"modified":"2025-10-24T16:08:34","modified_gmt":"2025-10-24T19:08:34","slug":"01-adesivo-vinil-recorte-vende-se-carro-30x20cm-aplicacao","status":"publish","type":"product","link":"https:\/\/levelprint.com.br\/pt\/categoria\/produto\/01-adesivo-vinil-recorte-vende-se-carro-30x20cm-aplicacao\/","title":{"rendered":"01 Adesivo Vinil Recorte Vende-se Carro 30x20cm + Aplica\u00e7\u00e3o"},"content":{"rendered":"<section class=\"category_information_content_texts_title\">\n<section class=\"category_information_content_texts_title\">\ud83d\ude97 <strong>Venda seu carro com mais praticidade e destaque!<\/strong> Adquira agora seus adesivos na Level Print e aumente suas chances de fechar neg\u00f3cio rapidamente!\ud83d\udce6 <strong>Envio para todo o Brasil!<\/strong><\/section>\n<\/section>\n<section class=\"category_information_content_image_and_text_texts\"><\/section>\n","protected":false},"excerpt":{"rendered":"<p><strong>Adesivos Vinil Recorte &#8220;Vende-se Carro&#8221; 30x20cm \u2013 Kit com 01 Unidade<\/strong><\/p>\n<p>Precisa vender seu carro de forma r\u00e1pida e eficiente? O kit com 01<strong> adesivo de vinil recorte &#8220;Vende-se Carro&#8221;<\/strong> da Level Print \u00e9 a solu\u00e7\u00e3o ideal! Com um design profissional e tamanho de <strong>30x20cm<\/strong>, esse adesivo garante alta visibilidade, chamando a aten\u00e7\u00e3o de potenciais compradores.<\/p>\n<h3>\u2705 <strong>Principais Caracter\u00edsticas:<\/strong><\/h3>\n<p>\u2714 <strong>Material resistente<\/strong>: Vinil de alta qualidade, dur\u00e1vel e resistente \u00e0s intemp\u00e9ries.<br \/>\n\u2714 <strong>F\u00e1cil aplica\u00e7\u00e3o<\/strong>: Pode ser fixado em vidros ou lataria sem danificar a pintura.<br \/>\n\u2714 <strong>Recorte preciso<\/strong>: Design sem fundo, garantindo um acabamento sofisticado.<br \/>\n\u2714 <strong>Alta visibilidade<\/strong>: Letras em destaque para facilitar a leitura \u00e0 dist\u00e2ncia.<\/p>\n<p><strong>Kit com 01 unidade<\/strong><\/p>\n","protected":false},"featured_media":0,"template":"","meta":[],"product_brand":[],"product_cat":[763,824,768,228],"product_tag":[601,827,828,825,826,822,786,564],"class_list":{"0":"post-75108","1":"product","2":"type-product","3":"status-publish","5":"product_cat-adesivos-2","6":"product_cat-adesivos-recorte","7":"product_cat-comunicacao-visual","8":"product_cat-empresas","9":"product_tag-adesivo","10":"product_tag-adesivo-automotivo","11":"product_tag-adesivo-carro","12":"product_tag-adesivo-recorte","13":"product_tag-adesivo-vende-se","14":"product_tag-alta-qualidade","15":"product_tag-comunicacao-visual","16":"product_tag-empresa","18":"first","19":"instock","20":"sale","21":"purchasable","22":"product-type-simple"},"yoast_head":"<!-- This site is optimized with the Yoast SEO plugin v27.4 - https:\/\/yoast.com\/product\/yoast-seo-wordpress\/ -->\n<title>01 Adesivo Vinil Recorte Vende-se Carro 30x20cm + Aplica\u00e7\u00e3o - Level Print Gr\u00e1fica e Personalizados %<\/title>\n<meta name=\"robots\" content=\"index, follow, max-snippet:-1, max-image-preview:large, max-video-preview:-1\" \/>\n<link rel=\"canonical\" href=\"https:\/\/levelprint.com.br\/pt\/categoria\/produto\/01-adesivo-vinil-recorte-vende-se-carro-30x20cm-aplicacao\/\" \/>\n<meta property=\"og:locale\" content=\"pt_BR\" \/>\n<meta property=\"og:type\" content=\"article\" \/>\n<meta property=\"og:title\" content=\"01 Adesivo Vinil Recorte Vende-se Carro 30x20cm + Aplica\u00e7\u00e3o - Level Print Gr\u00e1fica e Personalizados %\" \/>\n<meta property=\"og:description\" content=\"Adesivos Vinil Recorte &quot;Vende-se Carro&quot; 30x20cm \u2013 Kit com 01 Unidade  Precisa vender seu carro de forma r\u00e1pida e eficiente? O kit com 01 adesivo de vinil recorte &quot;Vende-se Carro&quot; da Level Print \u00e9 a solu\u00e7\u00e3o ideal! Com um design profissional e tamanho de 30x20cm, esse adesivo garante alta visibilidade, chamando a aten\u00e7\u00e3o de potenciais compradores. \u2705 Principais Caracter\u00edsticas: \u2714 Material resistente: Vinil de alta qualidade, dur\u00e1vel e resistente \u00e0s intemp\u00e9ries. \u2714 F\u00e1cil aplica\u00e7\u00e3o: Pode ser fixado em vidros ou lataria sem danificar a pintura. \u2714 Recorte preciso: Design sem fundo, garantindo um acabamento sofisticado. \u2714 Alta visibilidade: Letras em destaque para facilitar a leitura \u00e0 dist\u00e2ncia.  Kit com 01 unidade\" \/>\n<meta property=\"og:url\" content=\"https:\/\/levelprint.com.br\/pt\/categoria\/produto\/01-adesivo-vinil-recorte-vende-se-carro-30x20cm-aplicacao\/\" \/>\n<meta property=\"og:site_name\" content=\"Level Print Gr\u00e1fica e Personalizados\" \/>\n<meta property=\"article:publisher\" content=\"https:\/\/www.facebook.com\/levelprintgrafica\" \/>\n<meta property=\"article:modified_time\" content=\"2025-10-24T19:08:34+00:00\" \/>\n<meta property=\"og:image\" content=\"https:\/\/levelprint.com.br\/wp-content\/uploads\/2025\/07\/Logo-Level-Print-Grafica-Lateral.webp\" \/>\n\t<meta property=\"og:image:width\" content=\"1594\" \/>\n\t<meta property=\"og:image:height\" content=\"804\" \/>\n\t<meta property=\"og:image:type\" content=\"image\/jpeg\" \/>\n<meta name=\"twitter:card\" content=\"summary_large_image\" \/>\n<meta name=\"twitter:site\" content=\"@levelprintbr\" \/>\n<meta name=\"twitter:label1\" content=\"Est. tempo de leitura\" \/>\n\t<meta name=\"twitter:data1\" content=\"1 minuto\" \/>\n<script type=\"application\/ld+json\" class=\"yoast-schema-graph\">{\"@context\":\"https:\\\/\\\/schema.org\",\"@graph\":[{\"@type\":\"WebPage\",\"@id\":\"https:\\\/\\\/levelprint.com.br\\\/categoria\\\/produto\\\/01-adesivo-vinil-recorte-vende-se-carro-30x20cm-aplicacao\\\/\",\"url\":\"https:\\\/\\\/levelprint.com.br\\\/categoria\\\/produto\\\/01-adesivo-vinil-recorte-vende-se-carro-30x20cm-aplicacao\\\/\",\"name\":\"01 Adesivo Vinil Recorte Vende-se Carro 30x20cm + Aplica\u00e7\u00e3o - Level Print Gr\u00e1fica e Personalizados %\",\"isPartOf\":{\"@id\":\"https:\\\/\\\/levelprint.com.br\\\/#website\"},\"datePublished\":\"2025-02-28T22:36:46+00:00\",\"dateModified\":\"2025-10-24T19:08:34+00:00\",\"breadcrumb\":{\"@id\":\"https:\\\/\\\/levelprint.com.br\\\/categoria\\\/produto\\\/01-adesivo-vinil-recorte-vende-se-carro-30x20cm-aplicacao\\\/#breadcrumb\"},\"inLanguage\":\"pt-BR\",\"potentialAction\":[{\"@type\":\"ReadAction\",\"target\":[\"https:\\\/\\\/levelprint.com.br\\\/categoria\\\/produto\\\/01-adesivo-vinil-recorte-vende-se-carro-30x20cm-aplicacao\\\/\"]}]},{\"@type\":\"BreadcrumbList\",\"@id\":\"https:\\\/\\\/levelprint.com.br\\\/categoria\\\/produto\\\/01-adesivo-vinil-recorte-vende-se-carro-30x20cm-aplicacao\\\/#breadcrumb\",\"itemListElement\":[{\"@type\":\"ListItem\",\"position\":1,\"name\":\"In\u00edcio\",\"item\":\"https:\\\/\\\/levelprint.com.br\\\/\"},{\"@type\":\"ListItem\",\"position\":2,\"name\":\"Loja\",\"item\":\"https:\\\/\\\/levelprint.com.br\\\/pt\\\/loja\\\/\"},{\"@type\":\"ListItem\",\"position\":3,\"name\":\"01 Adesivo Vinil Recorte Vende-se Carro 30x20cm + Aplica\u00e7\u00e3o\"}]},{\"@type\":\"WebSite\",\"@id\":\"https:\\\/\\\/levelprint.com.br\\\/#website\",\"url\":\"https:\\\/\\\/levelprint.com.br\\\/\",\"name\":\"Level Print Gr\u00e1fica em Alagoas | Banners, Crach\u00e1s, Canecas Personalizadas e Mais\",\"description\":\"L\u00edder em Gr\u00e1fica e Personalizados em Macei\u00f3\",\"publisher\":{\"@id\":\"https:\\\/\\\/levelprint.com.br\\\/#organization\"},\"alternateName\":\"Gr\u00e1fica em Macei\u00f3 - Level Print | Banners, Canecas, Crach\u00e1s, Cord\u00f5es Personalizados\",\"potentialAction\":[{\"@type\":\"SearchAction\",\"target\":{\"@type\":\"EntryPoint\",\"urlTemplate\":\"https:\\\/\\\/levelprint.com.br\\\/?s={search_term_string}\"},\"query-input\":{\"@type\":\"PropertyValueSpecification\",\"valueRequired\":true,\"valueName\":\"search_term_string\"}}],\"inLanguage\":\"pt-BR\"},{\"@type\":\"Organization\",\"@id\":\"https:\\\/\\\/levelprint.com.br\\\/#organization\",\"name\":\"Level Print Gr\u00e1fica e Personalizados LTDA.\",\"alternateName\":\"Level Print Gr\u00e1fica\",\"url\":\"https:\\\/\\\/levelprint.com.br\\\/\",\"logo\":{\"@type\":\"ImageObject\",\"inLanguage\":\"pt-BR\",\"@id\":\"https:\\\/\\\/levelprint.com.br\\\/#\\\/schema\\\/logo\\\/image\\\/\",\"url\":\"https:\\\/\\\/levelprint.com.br\\\/wp-content\\\/uploads\\\/2025\\\/07\\\/Logo-Level-Print-Grafica.webp\",\"contentUrl\":\"https:\\\/\\\/levelprint.com.br\\\/wp-content\\\/uploads\\\/2025\\\/07\\\/Logo-Level-Print-Grafica.webp\",\"width\":1176,\"height\":1176,\"caption\":\"Level Print Gr\u00e1fica e Personalizados LTDA.\"},\"image\":{\"@id\":\"https:\\\/\\\/levelprint.com.br\\\/#\\\/schema\\\/logo\\\/image\\\/\"},\"sameAs\":[\"https:\\\/\\\/www.facebook.com\\\/levelprintgrafica\",\"https:\\\/\\\/x.com\\\/levelprintbr\",\"https:\\\/\\\/instagram.com\\\/levelprintgrafica\",\"https:\\\/\\\/www.linkedin.com\\\/company\\\/levelprint\\\/\",\"https:\\\/\\\/br.pinterest.com\\\/simones6766\\\/_saved\\\/https:\\\/\\\/br.pinterest.com\\\/simones6766\\\/_saved\\\/\",\"https:\\\/\\\/www.youtube.com\\\/channel\\\/UC3fz7xDpzPqorul-xhH6lBg\"]}]}<\/script>\n<!-- \/ Yoast SEO plugin. -->","yoast_head_json":{"title":"01 Adesivo Vinil Recorte Vende-se Carro 30x20cm + Aplica\u00e7\u00e3o - Level Print Gr\u00e1fica e Personalizados %","robots":{"index":"index","follow":"follow","max-snippet":"max-snippet:-1","max-image-preview":"max-image-preview:large","max-video-preview":"max-video-preview:-1"},"canonical":"https:\/\/levelprint.com.br\/pt\/categoria\/produto\/01-adesivo-vinil-recorte-vende-se-carro-30x20cm-aplicacao\/","og_locale":"pt_BR","og_type":"article","og_title":"01 Adesivo Vinil Recorte Vende-se Carro 30x20cm + Aplica\u00e7\u00e3o - Level Print Gr\u00e1fica e Personalizados %","og_description":"Adesivos Vinil Recorte \"Vende-se Carro\" 30x20cm \u2013 Kit com 01 Unidade  Precisa vender seu carro de forma r\u00e1pida e eficiente? O kit com 01 adesivo de vinil recorte \"Vende-se Carro\" da Level Print \u00e9 a solu\u00e7\u00e3o ideal! Com um design profissional e tamanho de 30x20cm, esse adesivo garante alta visibilidade, chamando a aten\u00e7\u00e3o de potenciais compradores. \u2705 Principais Caracter\u00edsticas: \u2714 Material resistente: Vinil de alta qualidade, dur\u00e1vel e resistente \u00e0s intemp\u00e9ries. \u2714 F\u00e1cil aplica\u00e7\u00e3o: Pode ser fixado em vidros ou lataria sem danificar a pintura. \u2714 Recorte preciso: Design sem fundo, garantindo um acabamento sofisticado. \u2714 Alta visibilidade: Letras em destaque para facilitar a leitura \u00e0 dist\u00e2ncia.  Kit com 01 unidade","og_url":"https:\/\/levelprint.com.br\/pt\/categoria\/produto\/01-adesivo-vinil-recorte-vende-se-carro-30x20cm-aplicacao\/","og_site_name":"Level Print Gr\u00e1fica e Personalizados","article_publisher":"https:\/\/www.facebook.com\/levelprintgrafica","article_modified_time":"2025-10-24T19:08:34+00:00","og_image":[{"width":1594,"height":804,"url":"https:\/\/levelprint.com.br\/wp-content\/uploads\/2025\/07\/Logo-Level-Print-Grafica-Lateral.webp","type":"image\/jpeg"}],"twitter_card":"summary_large_image","twitter_site":"@levelprintbr","twitter_misc":{"Est. tempo de leitura":"1 minuto"},"schema":{"@context":"https:\/\/schema.org","@graph":[{"@type":"WebPage","@id":"https:\/\/levelprint.com.br\/categoria\/produto\/01-adesivo-vinil-recorte-vende-se-carro-30x20cm-aplicacao\/","url":"https:\/\/levelprint.com.br\/categoria\/produto\/01-adesivo-vinil-recorte-vende-se-carro-30x20cm-aplicacao\/","name":"01 Adesivo Vinil Recorte Vende-se Carro 30x20cm + Aplica\u00e7\u00e3o - Level Print Gr\u00e1fica e Personalizados %","isPartOf":{"@id":"https:\/\/levelprint.com.br\/#website"},"datePublished":"2025-02-28T22:36:46+00:00","dateModified":"2025-10-24T19:08:34+00:00","breadcrumb":{"@id":"https:\/\/levelprint.com.br\/categoria\/produto\/01-adesivo-vinil-recorte-vende-se-carro-30x20cm-aplicacao\/#breadcrumb"},"inLanguage":"pt-BR","potentialAction":[{"@type":"ReadAction","target":["https:\/\/levelprint.com.br\/categoria\/produto\/01-adesivo-vinil-recorte-vende-se-carro-30x20cm-aplicacao\/"]}]},{"@type":"BreadcrumbList","@id":"https:\/\/levelprint.com.br\/categoria\/produto\/01-adesivo-vinil-recorte-vende-se-carro-30x20cm-aplicacao\/#breadcrumb","itemListElement":[{"@type":"ListItem","position":1,"name":"In\u00edcio","item":"https:\/\/levelprint.com.br\/"},{"@type":"ListItem","position":2,"name":"Loja","item":"https:\/\/levelprint.com.br\/pt\/loja\/"},{"@type":"ListItem","position":3,"name":"01 Adesivo Vinil Recorte Vende-se Carro 30x20cm + Aplica\u00e7\u00e3o"}]},{"@type":"WebSite","@id":"https:\/\/levelprint.com.br\/#website","url":"https:\/\/levelprint.com.br\/","name":"Level Print Gr\u00e1fica em Alagoas | Banners, Crach\u00e1s, Canecas Personalizadas e Mais","description":"L\u00edder em Gr\u00e1fica e Personalizados em Macei\u00f3","publisher":{"@id":"https:\/\/levelprint.com.br\/#organization"},"alternateName":"Gr\u00e1fica em Macei\u00f3 - Level Print | Banners, Canecas, Crach\u00e1s, Cord\u00f5es Personalizados","potentialAction":[{"@type":"SearchAction","target":{"@type":"EntryPoint","urlTemplate":"https:\/\/levelprint.com.br\/?s={search_term_string}"},"query-input":{"@type":"PropertyValueSpecification","valueRequired":true,"valueName":"search_term_string"}}],"inLanguage":"pt-BR"},{"@type":"Organization","@id":"https:\/\/levelprint.com.br\/#organization","name":"Level Print Gr\u00e1fica e Personalizados LTDA.","alternateName":"Level Print Gr\u00e1fica","url":"https:\/\/levelprint.com.br\/","logo":{"@type":"ImageObject","inLanguage":"pt-BR","@id":"https:\/\/levelprint.com.br\/#\/schema\/logo\/image\/","url":"https:\/\/levelprint.com.br\/wp-content\/uploads\/2025\/07\/Logo-Level-Print-Grafica.webp","contentUrl":"https:\/\/levelprint.com.br\/wp-content\/uploads\/2025\/07\/Logo-Level-Print-Grafica.webp","width":1176,"height":1176,"caption":"Level Print Gr\u00e1fica e Personalizados LTDA."},"image":{"@id":"https:\/\/levelprint.com.br\/#\/schema\/logo\/image\/"},"sameAs":["https:\/\/www.facebook.com\/levelprintgrafica","https:\/\/x.com\/levelprintbr","https:\/\/instagram.com\/levelprintgrafica","https:\/\/www.linkedin.com\/company\/levelprint\/","https:\/\/br.pinterest.com\/simones6766\/_saved\/https:\/\/br.pinterest.com\/simones6766\/_saved\/","https:\/\/www.youtube.com\/channel\/UC3fz7xDpzPqorul-xhH6lBg"]}]}},"_links":{"self":[{"href":"https:\/\/levelprint.com.br\/pt\/wp-json\/wp\/v2\/product\/75108","targetHints":{"allow":["GET"]}}],"collection":[{"href":"https:\/\/levelprint.com.br\/pt\/wp-json\/wp\/v2\/product"}],"about":[{"href":"https:\/\/levelprint.com.br\/pt\/wp-json\/wp\/v2\/types\/product"}],"wp:attachment":[{"href":"https:\/\/levelprint.com.br\/pt\/wp-json\/wp\/v2\/media?parent=75108"}],"wp:term":[{"taxonomy":"product_brand","embeddable":true,"href":"https:\/\/levelprint.com.br\/pt\/wp-json\/wp\/v2\/product_brand?post=75108"},{"taxonomy":"product_cat","embeddable":true,"href":"https:\/\/levelprint.com.br\/pt\/wp-json\/wp\/v2\/product_cat?post=75108"},{"taxonomy":"product_tag","embeddable":true,"href":"https:\/\/levelprint.com.br\/pt\/wp-json\/wp\/v2\/product_tag?post=75108"}],"curies":[{"name":"wp","href":"https:\/\/api.w.org\/{rel}","templated":true}]}}