{"id":75146,"date":"2025-03-04T15:25:08","date_gmt":"2025-03-04T18:25:08","guid":{"rendered":"https:\/\/levelprint.com.br\/?post_type=product&#038;p=75146"},"modified":"2025-10-24T16:08:34","modified_gmt":"2025-10-24T19:08:34","slug":"cordao-tirante-para-canecas-cetim-20mm-so-frente-personalizado","status":"publish","type":"product","link":"https:\/\/levelprint.com.br\/pt\/categoria\/produto\/cordao-tirante-para-canecas-cetim-20mm-so-frente-personalizado\/","title":{"rendered":"Cord\u00e3o tirante para canecas cetim 20mm s\u00f3 frente personalizado"},"content":{"rendered":"<section class=\"category_information_content_texts_title\">\n<section class=\"category_information_content_texts_title\"><strong>Cord\u00f5es Tirante 20mm colorido s\u00f3 frente para Canecas de Alum\u00ednio \u2013 Qualidade e Eleg\u00e2ncia em Cetim<\/strong><\/section>\n<section><\/section>\n<section class=\"category_information_content_texts_title\">Destaque sua marca com <strong>cord\u00f5es tirante de 20mm<\/strong> produzidos em <strong>cetim de alta qualidade<\/strong>, garantindo um toque macio, brilho sofisticado e durabilidade excepcional. Ideais para <strong>canecas de alum\u00ednio<\/strong>, esses cord\u00f5es s\u00e3o perfeitos para eventos, brindes corporativos e a\u00e7\u00f5es promocionais.<\/section>\n<section><\/section>\n<section class=\"category_information_content_texts_title\">\ud83d\udd39 <strong>Material:<\/strong> Cetim premium<br \/>\n\ud83d\udd39 <strong>Largura:<\/strong> 20mm<br \/>\n\ud83d\udd39 <strong>Impress\u00e3o personalizada<\/strong> para destacar sua identidade visual<br \/>\n\ud83d\udd39 <strong>Acabamento refor\u00e7ado<\/strong>, garantindo resist\u00eancia e conforto\ud83d\udd25 Pe\u00e7a j\u00e1 seus cord\u00f5es tirante personalizados e agregue valor aos seus brindes! Entre em contato com a <strong>Level Print<\/strong> e solicite um or\u00e7amento. \ud83d\ude80<\/p>\n<p>Somos a empresa mais bem avaliada de Alagoas e grande destaque de vendas destes itens em Macei\u00f3. Precisou de cord\u00e3o tirante para crach\u00e1s em Macei\u00f3, fale com a Level Print. Em breve estaremos fazendo entrega para todo o Brasil.<\/p>\n<\/section>\n<\/section>\n<section class=\"category_information_content_image_and_text_texts\"><\/section>\n","protected":false},"excerpt":{"rendered":"<p>Destaque sua empresa com os cord\u00f5es para crach\u00e1 da Level Print Gr\u00e1fica. Durabilidade, personaliza\u00e7\u00e3o exclusiva e pre\u00e7o competitivo, garantindo a representa\u00e7\u00e3o da sua marca com qualidade.<\/p>\n","protected":false},"featured_media":74819,"template":"","meta":[],"product_brand":[],"product_cat":[662,228,541],"product_tag":[664,666,663,562,661,563,564,565,605,561,665],"class_list":{"0":"post-75146","1":"product","2":"type-product","3":"status-publish","4":"has-post-thumbnail","6":"product_cat-cordao-tirante","7":"product_cat-empresas","8":"product_cat-grafica","9":"product_tag-cordao","10":"product_tag-cordao-maceio","11":"product_tag-cordao-para-cracha","12":"product_tag-cracha","13":"product_tag-cracha-maceio","14":"product_tag-crachapersonalizado","15":"product_tag-empresa","16":"product_tag-funcao","17":"product_tag-grafica","18":"product_tag-pvc","19":"product_tag-tirante","21":"first","22":"instock","23":"taxable","24":"shipping-taxable","25":"product-type-simple"},"yoast_head":"<!-- This site is optimized with the Yoast SEO plugin v27.3 - https:\/\/yoast.com\/product\/yoast-seo-wordpress\/ -->\n<title>Cord\u00e3o tirante para canecas cetim 20mm s\u00f3 frente personalizado - Level Print Gr\u00e1fica e Personalizados %<\/title>\n<meta name=\"robots\" content=\"index, follow, max-snippet:-1, max-image-preview:large, max-video-preview:-1\" \/>\n<link rel=\"canonical\" href=\"https:\/\/levelprint.com.br\/pt\/categoria\/produto\/cordao-tirante-para-canecas-cetim-20mm-so-frente-personalizado\/\" \/>\n<meta property=\"og:locale\" content=\"pt_BR\" \/>\n<meta property=\"og:type\" content=\"article\" \/>\n<meta property=\"og:title\" content=\"Cord\u00e3o tirante para canecas cetim 20mm s\u00f3 frente personalizado - Level Print Gr\u00e1fica e Personalizados %\" \/>\n<meta property=\"og:description\" content=\"Destaque sua empresa com os cord\u00f5es para crach\u00e1 da Level Print Gr\u00e1fica. Durabilidade, personaliza\u00e7\u00e3o exclusiva e pre\u00e7o competitivo, garantindo a representa\u00e7\u00e3o da sua marca com qualidade.\" \/>\n<meta property=\"og:url\" content=\"https:\/\/levelprint.com.br\/pt\/categoria\/produto\/cordao-tirante-para-canecas-cetim-20mm-so-frente-personalizado\/\" \/>\n<meta property=\"og:site_name\" content=\"Level Print Gr\u00e1fica e Personalizados\" \/>\n<meta property=\"article:publisher\" content=\"https:\/\/www.facebook.com\/levelprintgrafica\" \/>\n<meta property=\"article:modified_time\" content=\"2025-10-24T19:08:34+00:00\" \/>\n<meta property=\"og:image\" content=\"https:\/\/levelprint.com.br\/wp-content\/uploads\/2024\/02\/Cordao-Cracha-Level-Print-menor.jpg\" \/>\n\t<meta property=\"og:image:width\" content=\"1285\" \/>\n\t<meta property=\"og:image:height\" content=\"1285\" \/>\n\t<meta property=\"og:image:type\" content=\"image\/jpeg\" \/>\n<meta name=\"twitter:card\" content=\"summary_large_image\" \/>\n<meta name=\"twitter:site\" content=\"@levelprintbr\" \/>\n<meta name=\"twitter:label1\" content=\"Est. tempo de leitura\" \/>\n\t<meta name=\"twitter:data1\" content=\"1 minuto\" \/>\n<script type=\"application\/ld+json\" class=\"yoast-schema-graph\">{\"@context\":\"https:\\\/\\\/schema.org\",\"@graph\":[{\"@type\":\"WebPage\",\"@id\":\"https:\\\/\\\/levelprint.com.br\\\/categoria\\\/produto\\\/cordao-tirante-para-canecas-cetim-20mm-so-frente-personalizado\\\/\",\"url\":\"https:\\\/\\\/levelprint.com.br\\\/categoria\\\/produto\\\/cordao-tirante-para-canecas-cetim-20mm-so-frente-personalizado\\\/\",\"name\":\"Cord\u00e3o tirante para canecas cetim 20mm s\u00f3 frente personalizado - Level Print Gr\u00e1fica e Personalizados %\",\"isPartOf\":{\"@id\":\"https:\\\/\\\/levelprint.com.br\\\/#website\"},\"primaryImageOfPage\":{\"@id\":\"https:\\\/\\\/levelprint.com.br\\\/categoria\\\/produto\\\/cordao-tirante-para-canecas-cetim-20mm-so-frente-personalizado\\\/#primaryimage\"},\"image\":{\"@id\":\"https:\\\/\\\/levelprint.com.br\\\/categoria\\\/produto\\\/cordao-tirante-para-canecas-cetim-20mm-so-frente-personalizado\\\/#primaryimage\"},\"thumbnailUrl\":\"https:\\\/\\\/levelprint.com.br\\\/wp-content\\\/uploads\\\/2024\\\/02\\\/Cordao-Cracha-Level-Print-menor.jpg\",\"datePublished\":\"2025-03-04T18:25:08+00:00\",\"dateModified\":\"2025-10-24T19:08:34+00:00\",\"breadcrumb\":{\"@id\":\"https:\\\/\\\/levelprint.com.br\\\/categoria\\\/produto\\\/cordao-tirante-para-canecas-cetim-20mm-so-frente-personalizado\\\/#breadcrumb\"},\"inLanguage\":\"pt-BR\",\"potentialAction\":[{\"@type\":\"ReadAction\",\"target\":[\"https:\\\/\\\/levelprint.com.br\\\/categoria\\\/produto\\\/cordao-tirante-para-canecas-cetim-20mm-so-frente-personalizado\\\/\"]}]},{\"@type\":\"ImageObject\",\"inLanguage\":\"pt-BR\",\"@id\":\"https:\\\/\\\/levelprint.com.br\\\/categoria\\\/produto\\\/cordao-tirante-para-canecas-cetim-20mm-so-frente-personalizado\\\/#primaryimage\",\"url\":\"https:\\\/\\\/levelprint.com.br\\\/wp-content\\\/uploads\\\/2024\\\/02\\\/Cordao-Cracha-Level-Print-menor.jpg\",\"contentUrl\":\"https:\\\/\\\/levelprint.com.br\\\/wp-content\\\/uploads\\\/2024\\\/02\\\/Cordao-Cracha-Level-Print-menor.jpg\",\"width\":1285,\"height\":1285},{\"@type\":\"BreadcrumbList\",\"@id\":\"https:\\\/\\\/levelprint.com.br\\\/categoria\\\/produto\\\/cordao-tirante-para-canecas-cetim-20mm-so-frente-personalizado\\\/#breadcrumb\",\"itemListElement\":[{\"@type\":\"ListItem\",\"position\":1,\"name\":\"In\u00edcio\",\"item\":\"https:\\\/\\\/levelprint.com.br\\\/\"},{\"@type\":\"ListItem\",\"position\":2,\"name\":\"Loja\",\"item\":\"https:\\\/\\\/levelprint.com.br\\\/pt\\\/loja\\\/\"},{\"@type\":\"ListItem\",\"position\":3,\"name\":\"Cord\u00e3o tirante para canecas cetim 20mm s\u00f3 frente personalizado\"}]},{\"@type\":\"WebSite\",\"@id\":\"https:\\\/\\\/levelprint.com.br\\\/#website\",\"url\":\"https:\\\/\\\/levelprint.com.br\\\/\",\"name\":\"Level Print Gr\u00e1fica em Alagoas | Banners, Crach\u00e1s, Canecas Personalizadas e Mais\",\"description\":\"L\u00edder em Gr\u00e1fica e Personalizados em Macei\u00f3\",\"publisher\":{\"@id\":\"https:\\\/\\\/levelprint.com.br\\\/#organization\"},\"alternateName\":\"Gr\u00e1fica em Macei\u00f3 - Level Print | Banners, Canecas, Crach\u00e1s, Cord\u00f5es Personalizados\",\"potentialAction\":[{\"@type\":\"SearchAction\",\"target\":{\"@type\":\"EntryPoint\",\"urlTemplate\":\"https:\\\/\\\/levelprint.com.br\\\/?s={search_term_string}\"},\"query-input\":{\"@type\":\"PropertyValueSpecification\",\"valueRequired\":true,\"valueName\":\"search_term_string\"}}],\"inLanguage\":\"pt-BR\"},{\"@type\":\"Organization\",\"@id\":\"https:\\\/\\\/levelprint.com.br\\\/#organization\",\"name\":\"Level Print Gr\u00e1fica e Personalizados LTDA.\",\"alternateName\":\"Level Print Gr\u00e1fica\",\"url\":\"https:\\\/\\\/levelprint.com.br\\\/\",\"logo\":{\"@type\":\"ImageObject\",\"inLanguage\":\"pt-BR\",\"@id\":\"https:\\\/\\\/levelprint.com.br\\\/#\\\/schema\\\/logo\\\/image\\\/\",\"url\":\"https:\\\/\\\/levelprint.com.br\\\/wp-content\\\/uploads\\\/2025\\\/07\\\/Logo-Level-Print-Grafica.webp\",\"contentUrl\":\"https:\\\/\\\/levelprint.com.br\\\/wp-content\\\/uploads\\\/2025\\\/07\\\/Logo-Level-Print-Grafica.webp\",\"width\":1176,\"height\":1176,\"caption\":\"Level Print Gr\u00e1fica e Personalizados LTDA.\"},\"image\":{\"@id\":\"https:\\\/\\\/levelprint.com.br\\\/#\\\/schema\\\/logo\\\/image\\\/\"},\"sameAs\":[\"https:\\\/\\\/www.facebook.com\\\/levelprintgrafica\",\"https:\\\/\\\/x.com\\\/levelprintbr\",\"https:\\\/\\\/instagram.com\\\/levelprintgrafica\",\"https:\\\/\\\/www.linkedin.com\\\/company\\\/levelprint\\\/\",\"https:\\\/\\\/br.pinterest.com\\\/simones6766\\\/_saved\\\/https:\\\/\\\/br.pinterest.com\\\/simones6766\\\/_saved\\\/\",\"https:\\\/\\\/www.youtube.com\\\/channel\\\/UC3fz7xDpzPqorul-xhH6lBg\"]}]}<\/script>\n<!-- \/ Yoast SEO plugin. -->","yoast_head_json":{"title":"Cord\u00e3o tirante para canecas cetim 20mm s\u00f3 frente personalizado - Level Print Gr\u00e1fica e Personalizados %","robots":{"index":"index","follow":"follow","max-snippet":"max-snippet:-1","max-image-preview":"max-image-preview:large","max-video-preview":"max-video-preview:-1"},"canonical":"https:\/\/levelprint.com.br\/pt\/categoria\/produto\/cordao-tirante-para-canecas-cetim-20mm-so-frente-personalizado\/","og_locale":"pt_BR","og_type":"article","og_title":"Cord\u00e3o tirante para canecas cetim 20mm s\u00f3 frente personalizado - Level Print Gr\u00e1fica e Personalizados %","og_description":"Destaque sua empresa com os cord\u00f5es para crach\u00e1 da Level Print Gr\u00e1fica. Durabilidade, personaliza\u00e7\u00e3o exclusiva e pre\u00e7o competitivo, garantindo a representa\u00e7\u00e3o da sua marca com qualidade.","og_url":"https:\/\/levelprint.com.br\/pt\/categoria\/produto\/cordao-tirante-para-canecas-cetim-20mm-so-frente-personalizado\/","og_site_name":"Level Print Gr\u00e1fica e Personalizados","article_publisher":"https:\/\/www.facebook.com\/levelprintgrafica","article_modified_time":"2025-10-24T19:08:34+00:00","og_image":[{"width":1285,"height":1285,"url":"https:\/\/levelprint.com.br\/wp-content\/uploads\/2024\/02\/Cordao-Cracha-Level-Print-menor.jpg","type":"image\/jpeg"}],"twitter_card":"summary_large_image","twitter_site":"@levelprintbr","twitter_misc":{"Est. tempo de leitura":"1 minuto"},"schema":{"@context":"https:\/\/schema.org","@graph":[{"@type":"WebPage","@id":"https:\/\/levelprint.com.br\/categoria\/produto\/cordao-tirante-para-canecas-cetim-20mm-so-frente-personalizado\/","url":"https:\/\/levelprint.com.br\/categoria\/produto\/cordao-tirante-para-canecas-cetim-20mm-so-frente-personalizado\/","name":"Cord\u00e3o tirante para canecas cetim 20mm s\u00f3 frente personalizado - Level Print Gr\u00e1fica e Personalizados %","isPartOf":{"@id":"https:\/\/levelprint.com.br\/#website"},"primaryImageOfPage":{"@id":"https:\/\/levelprint.com.br\/categoria\/produto\/cordao-tirante-para-canecas-cetim-20mm-so-frente-personalizado\/#primaryimage"},"image":{"@id":"https:\/\/levelprint.com.br\/categoria\/produto\/cordao-tirante-para-canecas-cetim-20mm-so-frente-personalizado\/#primaryimage"},"thumbnailUrl":"https:\/\/levelprint.com.br\/wp-content\/uploads\/2024\/02\/Cordao-Cracha-Level-Print-menor.jpg","datePublished":"2025-03-04T18:25:08+00:00","dateModified":"2025-10-24T19:08:34+00:00","breadcrumb":{"@id":"https:\/\/levelprint.com.br\/categoria\/produto\/cordao-tirante-para-canecas-cetim-20mm-so-frente-personalizado\/#breadcrumb"},"inLanguage":"pt-BR","potentialAction":[{"@type":"ReadAction","target":["https:\/\/levelprint.com.br\/categoria\/produto\/cordao-tirante-para-canecas-cetim-20mm-so-frente-personalizado\/"]}]},{"@type":"ImageObject","inLanguage":"pt-BR","@id":"https:\/\/levelprint.com.br\/categoria\/produto\/cordao-tirante-para-canecas-cetim-20mm-so-frente-personalizado\/#primaryimage","url":"https:\/\/levelprint.com.br\/wp-content\/uploads\/2024\/02\/Cordao-Cracha-Level-Print-menor.jpg","contentUrl":"https:\/\/levelprint.com.br\/wp-content\/uploads\/2024\/02\/Cordao-Cracha-Level-Print-menor.jpg","width":1285,"height":1285},{"@type":"BreadcrumbList","@id":"https:\/\/levelprint.com.br\/categoria\/produto\/cordao-tirante-para-canecas-cetim-20mm-so-frente-personalizado\/#breadcrumb","itemListElement":[{"@type":"ListItem","position":1,"name":"In\u00edcio","item":"https:\/\/levelprint.com.br\/"},{"@type":"ListItem","position":2,"name":"Loja","item":"https:\/\/levelprint.com.br\/pt\/loja\/"},{"@type":"ListItem","position":3,"name":"Cord\u00e3o tirante para canecas cetim 20mm s\u00f3 frente personalizado"}]},{"@type":"WebSite","@id":"https:\/\/levelprint.com.br\/#website","url":"https:\/\/levelprint.com.br\/","name":"Level Print Gr\u00e1fica em Alagoas | Banners, Crach\u00e1s, Canecas Personalizadas e Mais","description":"L\u00edder em Gr\u00e1fica e Personalizados em Macei\u00f3","publisher":{"@id":"https:\/\/levelprint.com.br\/#organization"},"alternateName":"Gr\u00e1fica em Macei\u00f3 - Level Print | Banners, Canecas, Crach\u00e1s, Cord\u00f5es Personalizados","potentialAction":[{"@type":"SearchAction","target":{"@type":"EntryPoint","urlTemplate":"https:\/\/levelprint.com.br\/?s={search_term_string}"},"query-input":{"@type":"PropertyValueSpecification","valueRequired":true,"valueName":"search_term_string"}}],"inLanguage":"pt-BR"},{"@type":"Organization","@id":"https:\/\/levelprint.com.br\/#organization","name":"Level Print Gr\u00e1fica e Personalizados LTDA.","alternateName":"Level Print Gr\u00e1fica","url":"https:\/\/levelprint.com.br\/","logo":{"@type":"ImageObject","inLanguage":"pt-BR","@id":"https:\/\/levelprint.com.br\/#\/schema\/logo\/image\/","url":"https:\/\/levelprint.com.br\/wp-content\/uploads\/2025\/07\/Logo-Level-Print-Grafica.webp","contentUrl":"https:\/\/levelprint.com.br\/wp-content\/uploads\/2025\/07\/Logo-Level-Print-Grafica.webp","width":1176,"height":1176,"caption":"Level Print Gr\u00e1fica e Personalizados LTDA."},"image":{"@id":"https:\/\/levelprint.com.br\/#\/schema\/logo\/image\/"},"sameAs":["https:\/\/www.facebook.com\/levelprintgrafica","https:\/\/x.com\/levelprintbr","https:\/\/instagram.com\/levelprintgrafica","https:\/\/www.linkedin.com\/company\/levelprint\/","https:\/\/br.pinterest.com\/simones6766\/_saved\/https:\/\/br.pinterest.com\/simones6766\/_saved\/","https:\/\/www.youtube.com\/channel\/UC3fz7xDpzPqorul-xhH6lBg"]}]}},"_links":{"self":[{"href":"https:\/\/levelprint.com.br\/pt\/wp-json\/wp\/v2\/product\/75146","targetHints":{"allow":["GET"]}}],"collection":[{"href":"https:\/\/levelprint.com.br\/pt\/wp-json\/wp\/v2\/product"}],"about":[{"href":"https:\/\/levelprint.com.br\/pt\/wp-json\/wp\/v2\/types\/product"}],"wp:featuredmedia":[{"embeddable":true,"href":"https:\/\/levelprint.com.br\/pt\/wp-json\/wp\/v2\/media\/74819"}],"wp:attachment":[{"href":"https:\/\/levelprint.com.br\/pt\/wp-json\/wp\/v2\/media?parent=75146"}],"wp:term":[{"taxonomy":"product_brand","embeddable":true,"href":"https:\/\/levelprint.com.br\/pt\/wp-json\/wp\/v2\/product_brand?post=75146"},{"taxonomy":"product_cat","embeddable":true,"href":"https:\/\/levelprint.com.br\/pt\/wp-json\/wp\/v2\/product_cat?post=75146"},{"taxonomy":"product_tag","embeddable":true,"href":"https:\/\/levelprint.com.br\/pt\/wp-json\/wp\/v2\/product_tag?post=75146"}],"curies":[{"name":"wp","href":"https:\/\/api.w.org\/{rel}","templated":true}]}}