{"id":75151,"date":"2025-03-04T15:46:08","date_gmt":"2025-03-04T18:46:08","guid":{"rendered":"https:\/\/levelprint.com.br\/?post_type=product&#038;p=75151"},"modified":"2025-10-24T16:08:34","modified_gmt":"2025-10-24T19:08:34","slug":"credenciais-ps-1mm-10x14cm-4x0-so-frente-para-eventos","status":"publish","type":"product","link":"https:\/\/levelprint.com.br\/pt\/categoria\/produto\/credenciais-ps-1mm-10x14cm-4x0-so-frente-para-eventos\/","title":{"rendered":"Credenciais PS 1mm 10x14cm 4&#215;0 (s\u00f3 frente) para eventos"},"content":{"rendered":"<section class=\"category_information_content_texts_title\">\n<section class=\"category_information_content_texts_title\">\n<h3><strong><img loading=\"lazy\" decoding=\"async\" class=\"aligncenter size-medium wp-image-75196\" src=\"https:\/\/levelprint.com.br\/wp-content\/uploads\/2025\/03\/credenciais-135x300.webp\" alt=\"\" width=\"135\" height=\"300\" \/>Por que escolher as credenciais em PS da Level Print?<\/strong><\/h3>\n<p>\u2714 <strong>Material resistente e flex\u00edvel<\/strong> \u2013 O poliestireno \u00e9 um material r\u00edgido e dur\u00e1vel, ideal para uso prolongado.<br \/>\n\u2714 <strong>Impress\u00e3o de alta defini\u00e7\u00e3o<\/strong> \u2013 Personalizamos com cores vibrantes e detalhes n\u00edtidos, utilizando tecnologia de ponta.<br \/>\n\u2714 <strong>Acabamento profissional<\/strong> \u2013 Op\u00e7\u00f5es com verniz, cantos arredondados, fura\u00e7\u00e3o para cord\u00e3o e outros detalhes que valorizam a apresenta\u00e7\u00e3o.<br \/>\n\u2714 <strong>Totalmente personaliz\u00e1vel<\/strong> \u2013 Escolha design, tamanho, layout e informa\u00e7\u00f5es conforme sua necessidade.<\/p>\n<p>Seja para um evento de alto n\u00edvel ou identifica\u00e7\u00e3o funcional do seu time, <strong>as credenciais da Level Print garantem um visual profissional e impactante<\/strong>.<\/p>\n<p><strong>Solicite seu or\u00e7amento agora e valorize sua marca com credenciais de alta qualidade!<\/strong><\/p>\n<\/section>\n<\/section>\n<section class=\"category_information_content_image_and_text_texts\"><\/section>\n","protected":false},"excerpt":{"rendered":"<p><strong>Credenciais em Poliestireno (PS) colorido s\u00f3 frente \u2013 Qualidade e Sofistica\u00e7\u00e3o com a Level Print<\/strong><\/p>\n<p>Na Level Print, fabricamos <strong>credenciais personalizadas em Poliestireno (PS)<\/strong>, garantindo um produto de alta qualidade, durabilidade e acabamento impec\u00e1vel. As credenciais em PS s\u00e3o ideais para eventos, congressos, feiras, empresas, academias e qualquer outra situa\u00e7\u00e3o que exija identifica\u00e7\u00e3o profissional e sofisticada.<\/p>\n","protected":false},"featured_media":75200,"template":"","meta":[],"product_brand":[],"product_cat":[543,843,228,541],"product_tag":[841,836,833,839,838,835,837,840,834,842],"class_list":{"0":"post-75151","1":"product","2":"type-product","3":"status-publish","4":"has-post-thumbnail","6":"product_cat-crachas","7":"product_cat-credenciais","8":"product_cat-empresas","9":"product_cat-grafica","10":"product_tag-acabamento-profissional","11":"product_tag-cracha-em-ps","12":"product_tag-credenciais-personalizadas","13":"product_tag-credenciais-resistentes","14":"product_tag-eventos-e-congressos","15":"product_tag-identificacao-profissional","16":"product_tag-impressao-de-alta-qualidade","17":"product_tag-personalizacao-completa","18":"product_tag-poliestireno-ps","19":"product_tag-producao-propria","21":"first","22":"instock","23":"taxable","24":"shipping-taxable","25":"product-type-simple"},"yoast_head":"<!-- This site is optimized with the Yoast SEO plugin v27.3 - https:\/\/yoast.com\/product\/yoast-seo-wordpress\/ -->\n<title>Credenciais PS 1mm 10x14cm 4x0 (s\u00f3 frente) para eventos - Level Print Gr\u00e1fica e Personalizados %<\/title>\n<meta name=\"robots\" content=\"index, follow, max-snippet:-1, max-image-preview:large, max-video-preview:-1\" \/>\n<link rel=\"canonical\" href=\"https:\/\/levelprint.com.br\/pt\/categoria\/produto\/credenciais-ps-1mm-10x14cm-4x0-so-frente-para-eventos\/\" \/>\n<meta property=\"og:locale\" content=\"pt_BR\" \/>\n<meta property=\"og:type\" content=\"article\" \/>\n<meta property=\"og:title\" content=\"Credenciais PS 1mm 10x14cm 4x0 (s\u00f3 frente) para eventos - Level Print Gr\u00e1fica e Personalizados %\" \/>\n<meta property=\"og:description\" content=\"Credenciais em Poliestireno (PS) colorido s\u00f3 frente \u2013 Qualidade e Sofistica\u00e7\u00e3o com a Level Print  Na Level Print, fabricamos credenciais personalizadas em Poliestireno (PS), garantindo um produto de alta qualidade, durabilidade e acabamento impec\u00e1vel. As credenciais em PS s\u00e3o ideais para eventos, congressos, feiras, empresas, academias e qualquer outra situa\u00e7\u00e3o que exija identifica\u00e7\u00e3o profissional e sofisticada.\" \/>\n<meta property=\"og:url\" content=\"https:\/\/levelprint.com.br\/pt\/categoria\/produto\/credenciais-ps-1mm-10x14cm-4x0-so-frente-para-eventos\/\" \/>\n<meta property=\"og:site_name\" content=\"Level Print Gr\u00e1fica e Personalizados\" \/>\n<meta property=\"article:publisher\" content=\"https:\/\/www.facebook.com\/levelprintgrafica\" \/>\n<meta property=\"article:modified_time\" content=\"2025-10-24T19:08:34+00:00\" \/>\n<meta property=\"og:image\" content=\"https:\/\/levelprint.com.br\/wp-content\/uploads\/2025\/03\/credenciais-2.webp\" \/>\n\t<meta property=\"og:image:width\" content=\"720\" \/>\n\t<meta property=\"og:image:height\" content=\"1600\" \/>\n\t<meta property=\"og:image:type\" content=\"image\/jpeg\" \/>\n<meta name=\"twitter:card\" content=\"summary_large_image\" \/>\n<meta name=\"twitter:site\" content=\"@levelprintbr\" \/>\n<meta name=\"twitter:label1\" content=\"Est. tempo de leitura\" \/>\n\t<meta name=\"twitter:data1\" content=\"2 minutos\" \/>\n<script type=\"application\/ld+json\" class=\"yoast-schema-graph\">{\"@context\":\"https:\\\/\\\/schema.org\",\"@graph\":[{\"@type\":\"WebPage\",\"@id\":\"https:\\\/\\\/levelprint.com.br\\\/categoria\\\/produto\\\/credenciais-ps-1mm-10x14cm-4x0-so-frente-para-eventos\\\/\",\"url\":\"https:\\\/\\\/levelprint.com.br\\\/categoria\\\/produto\\\/credenciais-ps-1mm-10x14cm-4x0-so-frente-para-eventos\\\/\",\"name\":\"Credenciais PS 1mm 10x14cm 4x0 (s\u00f3 frente) para eventos - Level Print Gr\u00e1fica e Personalizados %\",\"isPartOf\":{\"@id\":\"https:\\\/\\\/levelprint.com.br\\\/#website\"},\"primaryImageOfPage\":{\"@id\":\"https:\\\/\\\/levelprint.com.br\\\/categoria\\\/produto\\\/credenciais-ps-1mm-10x14cm-4x0-so-frente-para-eventos\\\/#primaryimage\"},\"image\":{\"@id\":\"https:\\\/\\\/levelprint.com.br\\\/categoria\\\/produto\\\/credenciais-ps-1mm-10x14cm-4x0-so-frente-para-eventos\\\/#primaryimage\"},\"thumbnailUrl\":\"https:\\\/\\\/levelprint.com.br\\\/wp-content\\\/uploads\\\/2025\\\/03\\\/credenciais-2.webp\",\"datePublished\":\"2025-03-04T18:46:08+00:00\",\"dateModified\":\"2025-10-24T19:08:34+00:00\",\"breadcrumb\":{\"@id\":\"https:\\\/\\\/levelprint.com.br\\\/categoria\\\/produto\\\/credenciais-ps-1mm-10x14cm-4x0-so-frente-para-eventos\\\/#breadcrumb\"},\"inLanguage\":\"pt-BR\",\"potentialAction\":[{\"@type\":\"ReadAction\",\"target\":[\"https:\\\/\\\/levelprint.com.br\\\/categoria\\\/produto\\\/credenciais-ps-1mm-10x14cm-4x0-so-frente-para-eventos\\\/\"]}]},{\"@type\":\"ImageObject\",\"inLanguage\":\"pt-BR\",\"@id\":\"https:\\\/\\\/levelprint.com.br\\\/categoria\\\/produto\\\/credenciais-ps-1mm-10x14cm-4x0-so-frente-para-eventos\\\/#primaryimage\",\"url\":\"https:\\\/\\\/levelprint.com.br\\\/wp-content\\\/uploads\\\/2025\\\/03\\\/credenciais-2.webp\",\"contentUrl\":\"https:\\\/\\\/levelprint.com.br\\\/wp-content\\\/uploads\\\/2025\\\/03\\\/credenciais-2.webp\",\"width\":720,\"height\":1600},{\"@type\":\"BreadcrumbList\",\"@id\":\"https:\\\/\\\/levelprint.com.br\\\/categoria\\\/produto\\\/credenciais-ps-1mm-10x14cm-4x0-so-frente-para-eventos\\\/#breadcrumb\",\"itemListElement\":[{\"@type\":\"ListItem\",\"position\":1,\"name\":\"In\u00edcio\",\"item\":\"https:\\\/\\\/levelprint.com.br\\\/\"},{\"@type\":\"ListItem\",\"position\":2,\"name\":\"Loja\",\"item\":\"https:\\\/\\\/levelprint.com.br\\\/pt\\\/loja\\\/\"},{\"@type\":\"ListItem\",\"position\":3,\"name\":\"Credenciais PS 1mm 10x14cm 4&#215;0 (s\u00f3 frente) para eventos\"}]},{\"@type\":\"WebSite\",\"@id\":\"https:\\\/\\\/levelprint.com.br\\\/#website\",\"url\":\"https:\\\/\\\/levelprint.com.br\\\/\",\"name\":\"Level Print Gr\u00e1fica em Alagoas | Banners, Crach\u00e1s, Canecas Personalizadas e Mais\",\"description\":\"L\u00edder em Gr\u00e1fica e Personalizados em Macei\u00f3\",\"publisher\":{\"@id\":\"https:\\\/\\\/levelprint.com.br\\\/#organization\"},\"alternateName\":\"Gr\u00e1fica em Macei\u00f3 - Level Print | Banners, Canecas, Crach\u00e1s, Cord\u00f5es Personalizados\",\"potentialAction\":[{\"@type\":\"SearchAction\",\"target\":{\"@type\":\"EntryPoint\",\"urlTemplate\":\"https:\\\/\\\/levelprint.com.br\\\/?s={search_term_string}\"},\"query-input\":{\"@type\":\"PropertyValueSpecification\",\"valueRequired\":true,\"valueName\":\"search_term_string\"}}],\"inLanguage\":\"pt-BR\"},{\"@type\":\"Organization\",\"@id\":\"https:\\\/\\\/levelprint.com.br\\\/#organization\",\"name\":\"Level Print Gr\u00e1fica e Personalizados LTDA.\",\"alternateName\":\"Level Print Gr\u00e1fica\",\"url\":\"https:\\\/\\\/levelprint.com.br\\\/\",\"logo\":{\"@type\":\"ImageObject\",\"inLanguage\":\"pt-BR\",\"@id\":\"https:\\\/\\\/levelprint.com.br\\\/#\\\/schema\\\/logo\\\/image\\\/\",\"url\":\"https:\\\/\\\/levelprint.com.br\\\/wp-content\\\/uploads\\\/2025\\\/07\\\/Logo-Level-Print-Grafica.webp\",\"contentUrl\":\"https:\\\/\\\/levelprint.com.br\\\/wp-content\\\/uploads\\\/2025\\\/07\\\/Logo-Level-Print-Grafica.webp\",\"width\":1176,\"height\":1176,\"caption\":\"Level Print Gr\u00e1fica e Personalizados LTDA.\"},\"image\":{\"@id\":\"https:\\\/\\\/levelprint.com.br\\\/#\\\/schema\\\/logo\\\/image\\\/\"},\"sameAs\":[\"https:\\\/\\\/www.facebook.com\\\/levelprintgrafica\",\"https:\\\/\\\/x.com\\\/levelprintbr\",\"https:\\\/\\\/instagram.com\\\/levelprintgrafica\",\"https:\\\/\\\/www.linkedin.com\\\/company\\\/levelprint\\\/\",\"https:\\\/\\\/br.pinterest.com\\\/simones6766\\\/_saved\\\/https:\\\/\\\/br.pinterest.com\\\/simones6766\\\/_saved\\\/\",\"https:\\\/\\\/www.youtube.com\\\/channel\\\/UC3fz7xDpzPqorul-xhH6lBg\"]}]}<\/script>\n<!-- \/ Yoast SEO plugin. -->","yoast_head_json":{"title":"Credenciais PS 1mm 10x14cm 4x0 (s\u00f3 frente) para eventos - Level Print Gr\u00e1fica e Personalizados %","robots":{"index":"index","follow":"follow","max-snippet":"max-snippet:-1","max-image-preview":"max-image-preview:large","max-video-preview":"max-video-preview:-1"},"canonical":"https:\/\/levelprint.com.br\/pt\/categoria\/produto\/credenciais-ps-1mm-10x14cm-4x0-so-frente-para-eventos\/","og_locale":"pt_BR","og_type":"article","og_title":"Credenciais PS 1mm 10x14cm 4x0 (s\u00f3 frente) para eventos - Level Print Gr\u00e1fica e Personalizados %","og_description":"Credenciais em Poliestireno (PS) colorido s\u00f3 frente \u2013 Qualidade e Sofistica\u00e7\u00e3o com a Level Print  Na Level Print, fabricamos credenciais personalizadas em Poliestireno (PS), garantindo um produto de alta qualidade, durabilidade e acabamento impec\u00e1vel. As credenciais em PS s\u00e3o ideais para eventos, congressos, feiras, empresas, academias e qualquer outra situa\u00e7\u00e3o que exija identifica\u00e7\u00e3o profissional e sofisticada.","og_url":"https:\/\/levelprint.com.br\/pt\/categoria\/produto\/credenciais-ps-1mm-10x14cm-4x0-so-frente-para-eventos\/","og_site_name":"Level Print Gr\u00e1fica e Personalizados","article_publisher":"https:\/\/www.facebook.com\/levelprintgrafica","article_modified_time":"2025-10-24T19:08:34+00:00","og_image":[{"width":720,"height":1600,"url":"https:\/\/levelprint.com.br\/wp-content\/uploads\/2025\/03\/credenciais-2.webp","type":"image\/jpeg"}],"twitter_card":"summary_large_image","twitter_site":"@levelprintbr","twitter_misc":{"Est. tempo de leitura":"2 minutos"},"schema":{"@context":"https:\/\/schema.org","@graph":[{"@type":"WebPage","@id":"https:\/\/levelprint.com.br\/categoria\/produto\/credenciais-ps-1mm-10x14cm-4x0-so-frente-para-eventos\/","url":"https:\/\/levelprint.com.br\/categoria\/produto\/credenciais-ps-1mm-10x14cm-4x0-so-frente-para-eventos\/","name":"Credenciais PS 1mm 10x14cm 4x0 (s\u00f3 frente) para eventos - Level Print Gr\u00e1fica e Personalizados %","isPartOf":{"@id":"https:\/\/levelprint.com.br\/#website"},"primaryImageOfPage":{"@id":"https:\/\/levelprint.com.br\/categoria\/produto\/credenciais-ps-1mm-10x14cm-4x0-so-frente-para-eventos\/#primaryimage"},"image":{"@id":"https:\/\/levelprint.com.br\/categoria\/produto\/credenciais-ps-1mm-10x14cm-4x0-so-frente-para-eventos\/#primaryimage"},"thumbnailUrl":"https:\/\/levelprint.com.br\/wp-content\/uploads\/2025\/03\/credenciais-2.webp","datePublished":"2025-03-04T18:46:08+00:00","dateModified":"2025-10-24T19:08:34+00:00","breadcrumb":{"@id":"https:\/\/levelprint.com.br\/categoria\/produto\/credenciais-ps-1mm-10x14cm-4x0-so-frente-para-eventos\/#breadcrumb"},"inLanguage":"pt-BR","potentialAction":[{"@type":"ReadAction","target":["https:\/\/levelprint.com.br\/categoria\/produto\/credenciais-ps-1mm-10x14cm-4x0-so-frente-para-eventos\/"]}]},{"@type":"ImageObject","inLanguage":"pt-BR","@id":"https:\/\/levelprint.com.br\/categoria\/produto\/credenciais-ps-1mm-10x14cm-4x0-so-frente-para-eventos\/#primaryimage","url":"https:\/\/levelprint.com.br\/wp-content\/uploads\/2025\/03\/credenciais-2.webp","contentUrl":"https:\/\/levelprint.com.br\/wp-content\/uploads\/2025\/03\/credenciais-2.webp","width":720,"height":1600},{"@type":"BreadcrumbList","@id":"https:\/\/levelprint.com.br\/categoria\/produto\/credenciais-ps-1mm-10x14cm-4x0-so-frente-para-eventos\/#breadcrumb","itemListElement":[{"@type":"ListItem","position":1,"name":"In\u00edcio","item":"https:\/\/levelprint.com.br\/"},{"@type":"ListItem","position":2,"name":"Loja","item":"https:\/\/levelprint.com.br\/pt\/loja\/"},{"@type":"ListItem","position":3,"name":"Credenciais PS 1mm 10x14cm 4&#215;0 (s\u00f3 frente) para eventos"}]},{"@type":"WebSite","@id":"https:\/\/levelprint.com.br\/#website","url":"https:\/\/levelprint.com.br\/","name":"Level Print Gr\u00e1fica em Alagoas | Banners, Crach\u00e1s, Canecas Personalizadas e Mais","description":"L\u00edder em Gr\u00e1fica e Personalizados em Macei\u00f3","publisher":{"@id":"https:\/\/levelprint.com.br\/#organization"},"alternateName":"Gr\u00e1fica em Macei\u00f3 - Level Print | Banners, Canecas, Crach\u00e1s, Cord\u00f5es Personalizados","potentialAction":[{"@type":"SearchAction","target":{"@type":"EntryPoint","urlTemplate":"https:\/\/levelprint.com.br\/?s={search_term_string}"},"query-input":{"@type":"PropertyValueSpecification","valueRequired":true,"valueName":"search_term_string"}}],"inLanguage":"pt-BR"},{"@type":"Organization","@id":"https:\/\/levelprint.com.br\/#organization","name":"Level Print Gr\u00e1fica e Personalizados LTDA.","alternateName":"Level Print Gr\u00e1fica","url":"https:\/\/levelprint.com.br\/","logo":{"@type":"ImageObject","inLanguage":"pt-BR","@id":"https:\/\/levelprint.com.br\/#\/schema\/logo\/image\/","url":"https:\/\/levelprint.com.br\/wp-content\/uploads\/2025\/07\/Logo-Level-Print-Grafica.webp","contentUrl":"https:\/\/levelprint.com.br\/wp-content\/uploads\/2025\/07\/Logo-Level-Print-Grafica.webp","width":1176,"height":1176,"caption":"Level Print Gr\u00e1fica e Personalizados LTDA."},"image":{"@id":"https:\/\/levelprint.com.br\/#\/schema\/logo\/image\/"},"sameAs":["https:\/\/www.facebook.com\/levelprintgrafica","https:\/\/x.com\/levelprintbr","https:\/\/instagram.com\/levelprintgrafica","https:\/\/www.linkedin.com\/company\/levelprint\/","https:\/\/br.pinterest.com\/simones6766\/_saved\/https:\/\/br.pinterest.com\/simones6766\/_saved\/","https:\/\/www.youtube.com\/channel\/UC3fz7xDpzPqorul-xhH6lBg"]}]}},"_links":{"self":[{"href":"https:\/\/levelprint.com.br\/pt\/wp-json\/wp\/v2\/product\/75151","targetHints":{"allow":["GET"]}}],"collection":[{"href":"https:\/\/levelprint.com.br\/pt\/wp-json\/wp\/v2\/product"}],"about":[{"href":"https:\/\/levelprint.com.br\/pt\/wp-json\/wp\/v2\/types\/product"}],"wp:featuredmedia":[{"embeddable":true,"href":"https:\/\/levelprint.com.br\/pt\/wp-json\/wp\/v2\/media\/75200"}],"wp:attachment":[{"href":"https:\/\/levelprint.com.br\/pt\/wp-json\/wp\/v2\/media?parent=75151"}],"wp:term":[{"taxonomy":"product_brand","embeddable":true,"href":"https:\/\/levelprint.com.br\/pt\/wp-json\/wp\/v2\/product_brand?post=75151"},{"taxonomy":"product_cat","embeddable":true,"href":"https:\/\/levelprint.com.br\/pt\/wp-json\/wp\/v2\/product_cat?post=75151"},{"taxonomy":"product_tag","embeddable":true,"href":"https:\/\/levelprint.com.br\/pt\/wp-json\/wp\/v2\/product_tag?post=75151"}],"curies":[{"name":"wp","href":"https:\/\/api.w.org\/{rel}","templated":true}]}}