{"id":75271,"date":"2025-04-12T02:28:16","date_gmt":"2025-04-12T05:28:16","guid":{"rendered":"https:\/\/levelprint.com.br\/?post_type=product&#038;p=75271"},"modified":"2025-10-24T16:08:33","modified_gmt":"2025-10-24T19:08:33","slug":"bolsa-sacola-ecobag-oxford-33x40-dia-dos-professores-mod01","status":"publish","type":"product","link":"https:\/\/levelprint.com.br\/pt\/categoria\/produto\/bolsa-sacola-ecobag-oxford-33x40-dia-dos-professores-mod01\/","title":{"rendered":"Bolsa Sacola Ecobag Oxford 33&#215;40 Dia Dos Professores Mod01"},"content":{"rendered":"<section class=\"category_information_content_texts_title\">\n<section class=\"category_information_content_texts_title\">Leve, pr\u00e1tica e resistente, a Bolsa Ecobag 33x40cm em tecido Oxford \u00e9 a escolha ideal para quem busca estilo e funcionalidade. Totalmente personaliz\u00e1vel, ela \u00e9 perfeita para passeios, viagens e excurs\u00f5es, oferecendo espa\u00e7o de sobra para carregar o que voc\u00ea precisa com conforto. Uma op\u00e7\u00e3o ecol\u00f3gica e vers\u00e1til que valoriza sua marca ou evento com um toque \u00fanico.<\/section>\n<section><\/section>\n<section class=\"category_information_content_texts_title\">Somos a empresa mais bem avaliada de Alagoas e grande destaque de vendas destes itens em Macei\u00f3. Precisou de cord\u00e3o tirante para crach\u00e1s em Macei\u00f3, fale com a Level Print. Em breve estaremos fazendo entrega para todo o Brasil.<\/section>\n<section><\/section>\n<\/section>\n<section class=\"category_information_content_image_and_text_texts\"><\/section>\n","protected":false},"excerpt":{"rendered":"<p class=\"QN2lPu\">A Sacola EcoBag \u00e9 ecologicamente correta e considerada Produto Verde, pois ajuda no desenvolvimento sustent\u00e1vel do planeta e mant\u00e9m um compromisso ambiental.<\/p>\n<ul>\n<li class=\"QN2lPu\">Material: Tecido Oxford 100% Poli\u00e9ster<\/li>\n<li>Al\u00e7a: Polipropileno<\/li>\n<li class=\"QN2lPu\">OBS.: FAVOR VERIFICAR TODAS AS INFORMA\u00c7\u00d5ES DO AN\u00daNCIO (Tamanho, tipo de material) ANTES DE EFETUAR A COMPRA.<\/li>\n<\/ul>\n<p class=\"QN2lPu\">Dimens\u00f5es aproximadas:<\/p>\n<ul>\n<li class=\"QN2lPu\">Altura: 40cm<\/li>\n<li class=\"QN2lPu\">Largura: 33cm<\/li>\n<li class=\"QN2lPu\">Al\u00e7a: 60cm<\/li>\n<\/ul>\n","protected":false},"featured_media":75272,"template":"","meta":[],"product_brand":[],"product_cat":[662,228,541],"product_tag":[664,666,663,562,661,563,564,565,605,561,665],"class_list":{"0":"post-75271","1":"product","2":"type-product","3":"status-publish","4":"has-post-thumbnail","6":"product_cat-cordao-tirante","7":"product_cat-empresas","8":"product_cat-grafica","9":"product_tag-cordao","10":"product_tag-cordao-maceio","11":"product_tag-cordao-para-cracha","12":"product_tag-cracha","13":"product_tag-cracha-maceio","14":"product_tag-crachapersonalizado","15":"product_tag-empresa","16":"product_tag-funcao","17":"product_tag-grafica","18":"product_tag-pvc","19":"product_tag-tirante","21":"first","22":"instock","23":"taxable","24":"shipping-taxable","25":"product-type-simple"},"yoast_head":"<!-- This site is optimized with the Yoast SEO plugin v27.3 - https:\/\/yoast.com\/product\/yoast-seo-wordpress\/ -->\n<title>Bolsa Sacola Ecobag Oxford 33x40 Dia Dos Professores Mod01 - Level Print Gr\u00e1fica e Personalizados %<\/title>\n<meta name=\"robots\" content=\"index, follow, max-snippet:-1, max-image-preview:large, max-video-preview:-1\" \/>\n<link rel=\"canonical\" href=\"https:\/\/levelprint.com.br\/pt\/categoria\/produto\/bolsa-sacola-ecobag-oxford-33x40-dia-dos-professores-mod01\/\" \/>\n<meta property=\"og:locale\" content=\"pt_BR\" \/>\n<meta property=\"og:type\" content=\"article\" \/>\n<meta property=\"og:title\" content=\"Bolsa Sacola Ecobag Oxford 33x40 Dia Dos Professores Mod01 - Level Print Gr\u00e1fica e Personalizados %\" \/>\n<meta property=\"og:description\" content=\"A Sacola EcoBag \u00e9 ecologicamente correta e considerada Produto Verde, pois ajuda no desenvolvimento sustent\u00e1vel do planeta e mant\u00e9m um compromisso ambiental.    Material: Tecido Oxford 100% Poli\u00e9ster  Al\u00e7a: Polipropileno  OBS.: FAVOR VERIFICAR TODAS AS INFORMA\u00c7\u00d5ES DO AN\u00daNCIO (Tamanho, tipo de material) ANTES DE EFETUAR A COMPRA.  Dimens\u00f5es aproximadas:    Altura: 40cm  Largura: 33cm  Al\u00e7a: 60cm\" \/>\n<meta property=\"og:url\" content=\"https:\/\/levelprint.com.br\/pt\/categoria\/produto\/bolsa-sacola-ecobag-oxford-33x40-dia-dos-professores-mod01\/\" \/>\n<meta property=\"og:site_name\" content=\"Level Print Gr\u00e1fica e Personalizados\" \/>\n<meta property=\"article:publisher\" content=\"https:\/\/www.facebook.com\/levelprintgrafica\" \/>\n<meta property=\"article:modified_time\" content=\"2025-10-24T19:08:33+00:00\" \/>\n<meta property=\"og:image\" content=\"https:\/\/levelprint.com.br\/wp-content\/uploads\/2025\/04\/BOLSA-ECOBAG-TECIDO-OXFORD-PERSONALIZADA.webp\" \/>\n\t<meta property=\"og:image:width\" content=\"1149\" \/>\n\t<meta property=\"og:image:height\" content=\"1149\" \/>\n\t<meta property=\"og:image:type\" content=\"image\/jpeg\" \/>\n<meta name=\"twitter:card\" content=\"summary_large_image\" \/>\n<meta name=\"twitter:site\" content=\"@levelprintbr\" \/>\n<meta name=\"twitter:label1\" content=\"Est. tempo de leitura\" \/>\n\t<meta name=\"twitter:data1\" content=\"1 minuto\" \/>\n<script type=\"application\/ld+json\" class=\"yoast-schema-graph\">{\"@context\":\"https:\\\/\\\/schema.org\",\"@graph\":[{\"@type\":\"WebPage\",\"@id\":\"https:\\\/\\\/levelprint.com.br\\\/categoria\\\/produto\\\/bolsa-sacola-ecobag-oxford-33x40-dia-dos-professores-mod01\\\/\",\"url\":\"https:\\\/\\\/levelprint.com.br\\\/categoria\\\/produto\\\/bolsa-sacola-ecobag-oxford-33x40-dia-dos-professores-mod01\\\/\",\"name\":\"Bolsa Sacola Ecobag Oxford 33x40 Dia Dos Professores Mod01 - Level Print Gr\u00e1fica e Personalizados %\",\"isPartOf\":{\"@id\":\"https:\\\/\\\/levelprint.com.br\\\/#website\"},\"primaryImageOfPage\":{\"@id\":\"https:\\\/\\\/levelprint.com.br\\\/categoria\\\/produto\\\/bolsa-sacola-ecobag-oxford-33x40-dia-dos-professores-mod01\\\/#primaryimage\"},\"image\":{\"@id\":\"https:\\\/\\\/levelprint.com.br\\\/categoria\\\/produto\\\/bolsa-sacola-ecobag-oxford-33x40-dia-dos-professores-mod01\\\/#primaryimage\"},\"thumbnailUrl\":\"https:\\\/\\\/levelprint.com.br\\\/wp-content\\\/uploads\\\/2025\\\/04\\\/BOLSA-ECOBAG-TECIDO-OXFORD-PERSONALIZADA.webp\",\"datePublished\":\"2025-04-12T05:28:16+00:00\",\"dateModified\":\"2025-10-24T19:08:33+00:00\",\"breadcrumb\":{\"@id\":\"https:\\\/\\\/levelprint.com.br\\\/categoria\\\/produto\\\/bolsa-sacola-ecobag-oxford-33x40-dia-dos-professores-mod01\\\/#breadcrumb\"},\"inLanguage\":\"pt-BR\",\"potentialAction\":[{\"@type\":\"ReadAction\",\"target\":[\"https:\\\/\\\/levelprint.com.br\\\/categoria\\\/produto\\\/bolsa-sacola-ecobag-oxford-33x40-dia-dos-professores-mod01\\\/\"]}]},{\"@type\":\"ImageObject\",\"inLanguage\":\"pt-BR\",\"@id\":\"https:\\\/\\\/levelprint.com.br\\\/categoria\\\/produto\\\/bolsa-sacola-ecobag-oxford-33x40-dia-dos-professores-mod01\\\/#primaryimage\",\"url\":\"https:\\\/\\\/levelprint.com.br\\\/wp-content\\\/uploads\\\/2025\\\/04\\\/BOLSA-ECOBAG-TECIDO-OXFORD-PERSONALIZADA.webp\",\"contentUrl\":\"https:\\\/\\\/levelprint.com.br\\\/wp-content\\\/uploads\\\/2025\\\/04\\\/BOLSA-ECOBAG-TECIDO-OXFORD-PERSONALIZADA.webp\",\"width\":1149,\"height\":1149},{\"@type\":\"BreadcrumbList\",\"@id\":\"https:\\\/\\\/levelprint.com.br\\\/categoria\\\/produto\\\/bolsa-sacola-ecobag-oxford-33x40-dia-dos-professores-mod01\\\/#breadcrumb\",\"itemListElement\":[{\"@type\":\"ListItem\",\"position\":1,\"name\":\"In\u00edcio\",\"item\":\"https:\\\/\\\/levelprint.com.br\\\/\"},{\"@type\":\"ListItem\",\"position\":2,\"name\":\"Loja\",\"item\":\"https:\\\/\\\/levelprint.com.br\\\/pt\\\/loja\\\/\"},{\"@type\":\"ListItem\",\"position\":3,\"name\":\"Bolsa Sacola Ecobag Oxford 33&#215;40 Dia Dos Professores Mod01\"}]},{\"@type\":\"WebSite\",\"@id\":\"https:\\\/\\\/levelprint.com.br\\\/#website\",\"url\":\"https:\\\/\\\/levelprint.com.br\\\/\",\"name\":\"Level Print Gr\u00e1fica em Alagoas | Banners, Crach\u00e1s, Canecas Personalizadas e Mais\",\"description\":\"L\u00edder em Gr\u00e1fica e Personalizados em Macei\u00f3\",\"publisher\":{\"@id\":\"https:\\\/\\\/levelprint.com.br\\\/#organization\"},\"alternateName\":\"Gr\u00e1fica em Macei\u00f3 - Level Print | Banners, Canecas, Crach\u00e1s, Cord\u00f5es Personalizados\",\"potentialAction\":[{\"@type\":\"SearchAction\",\"target\":{\"@type\":\"EntryPoint\",\"urlTemplate\":\"https:\\\/\\\/levelprint.com.br\\\/?s={search_term_string}\"},\"query-input\":{\"@type\":\"PropertyValueSpecification\",\"valueRequired\":true,\"valueName\":\"search_term_string\"}}],\"inLanguage\":\"pt-BR\"},{\"@type\":\"Organization\",\"@id\":\"https:\\\/\\\/levelprint.com.br\\\/#organization\",\"name\":\"Level Print Gr\u00e1fica e Personalizados LTDA.\",\"alternateName\":\"Level Print Gr\u00e1fica\",\"url\":\"https:\\\/\\\/levelprint.com.br\\\/\",\"logo\":{\"@type\":\"ImageObject\",\"inLanguage\":\"pt-BR\",\"@id\":\"https:\\\/\\\/levelprint.com.br\\\/#\\\/schema\\\/logo\\\/image\\\/\",\"url\":\"https:\\\/\\\/levelprint.com.br\\\/wp-content\\\/uploads\\\/2025\\\/07\\\/Logo-Level-Print-Grafica.webp\",\"contentUrl\":\"https:\\\/\\\/levelprint.com.br\\\/wp-content\\\/uploads\\\/2025\\\/07\\\/Logo-Level-Print-Grafica.webp\",\"width\":1176,\"height\":1176,\"caption\":\"Level Print Gr\u00e1fica e Personalizados LTDA.\"},\"image\":{\"@id\":\"https:\\\/\\\/levelprint.com.br\\\/#\\\/schema\\\/logo\\\/image\\\/\"},\"sameAs\":[\"https:\\\/\\\/www.facebook.com\\\/levelprintgrafica\",\"https:\\\/\\\/x.com\\\/levelprintbr\",\"https:\\\/\\\/instagram.com\\\/levelprintgrafica\",\"https:\\\/\\\/www.linkedin.com\\\/company\\\/levelprint\\\/\",\"https:\\\/\\\/br.pinterest.com\\\/simones6766\\\/_saved\\\/https:\\\/\\\/br.pinterest.com\\\/simones6766\\\/_saved\\\/\",\"https:\\\/\\\/www.youtube.com\\\/channel\\\/UC3fz7xDpzPqorul-xhH6lBg\"]}]}<\/script>\n<!-- \/ Yoast SEO plugin. -->","yoast_head_json":{"title":"Bolsa Sacola Ecobag Oxford 33x40 Dia Dos Professores Mod01 - Level Print Gr\u00e1fica e Personalizados %","robots":{"index":"index","follow":"follow","max-snippet":"max-snippet:-1","max-image-preview":"max-image-preview:large","max-video-preview":"max-video-preview:-1"},"canonical":"https:\/\/levelprint.com.br\/pt\/categoria\/produto\/bolsa-sacola-ecobag-oxford-33x40-dia-dos-professores-mod01\/","og_locale":"pt_BR","og_type":"article","og_title":"Bolsa Sacola Ecobag Oxford 33x40 Dia Dos Professores Mod01 - Level Print Gr\u00e1fica e Personalizados %","og_description":"A Sacola EcoBag \u00e9 ecologicamente correta e considerada Produto Verde, pois ajuda no desenvolvimento sustent\u00e1vel do planeta e mant\u00e9m um compromisso ambiental.    Material: Tecido Oxford 100% Poli\u00e9ster  Al\u00e7a: Polipropileno  OBS.: FAVOR VERIFICAR TODAS AS INFORMA\u00c7\u00d5ES DO AN\u00daNCIO (Tamanho, tipo de material) ANTES DE EFETUAR A COMPRA.  Dimens\u00f5es aproximadas:    Altura: 40cm  Largura: 33cm  Al\u00e7a: 60cm","og_url":"https:\/\/levelprint.com.br\/pt\/categoria\/produto\/bolsa-sacola-ecobag-oxford-33x40-dia-dos-professores-mod01\/","og_site_name":"Level Print Gr\u00e1fica e Personalizados","article_publisher":"https:\/\/www.facebook.com\/levelprintgrafica","article_modified_time":"2025-10-24T19:08:33+00:00","og_image":[{"width":1149,"height":1149,"url":"https:\/\/levelprint.com.br\/wp-content\/uploads\/2025\/04\/BOLSA-ECOBAG-TECIDO-OXFORD-PERSONALIZADA.webp","type":"image\/jpeg"}],"twitter_card":"summary_large_image","twitter_site":"@levelprintbr","twitter_misc":{"Est. tempo de leitura":"1 minuto"},"schema":{"@context":"https:\/\/schema.org","@graph":[{"@type":"WebPage","@id":"https:\/\/levelprint.com.br\/categoria\/produto\/bolsa-sacola-ecobag-oxford-33x40-dia-dos-professores-mod01\/","url":"https:\/\/levelprint.com.br\/categoria\/produto\/bolsa-sacola-ecobag-oxford-33x40-dia-dos-professores-mod01\/","name":"Bolsa Sacola Ecobag Oxford 33x40 Dia Dos Professores Mod01 - Level Print Gr\u00e1fica e Personalizados %","isPartOf":{"@id":"https:\/\/levelprint.com.br\/#website"},"primaryImageOfPage":{"@id":"https:\/\/levelprint.com.br\/categoria\/produto\/bolsa-sacola-ecobag-oxford-33x40-dia-dos-professores-mod01\/#primaryimage"},"image":{"@id":"https:\/\/levelprint.com.br\/categoria\/produto\/bolsa-sacola-ecobag-oxford-33x40-dia-dos-professores-mod01\/#primaryimage"},"thumbnailUrl":"https:\/\/levelprint.com.br\/wp-content\/uploads\/2025\/04\/BOLSA-ECOBAG-TECIDO-OXFORD-PERSONALIZADA.webp","datePublished":"2025-04-12T05:28:16+00:00","dateModified":"2025-10-24T19:08:33+00:00","breadcrumb":{"@id":"https:\/\/levelprint.com.br\/categoria\/produto\/bolsa-sacola-ecobag-oxford-33x40-dia-dos-professores-mod01\/#breadcrumb"},"inLanguage":"pt-BR","potentialAction":[{"@type":"ReadAction","target":["https:\/\/levelprint.com.br\/categoria\/produto\/bolsa-sacola-ecobag-oxford-33x40-dia-dos-professores-mod01\/"]}]},{"@type":"ImageObject","inLanguage":"pt-BR","@id":"https:\/\/levelprint.com.br\/categoria\/produto\/bolsa-sacola-ecobag-oxford-33x40-dia-dos-professores-mod01\/#primaryimage","url":"https:\/\/levelprint.com.br\/wp-content\/uploads\/2025\/04\/BOLSA-ECOBAG-TECIDO-OXFORD-PERSONALIZADA.webp","contentUrl":"https:\/\/levelprint.com.br\/wp-content\/uploads\/2025\/04\/BOLSA-ECOBAG-TECIDO-OXFORD-PERSONALIZADA.webp","width":1149,"height":1149},{"@type":"BreadcrumbList","@id":"https:\/\/levelprint.com.br\/categoria\/produto\/bolsa-sacola-ecobag-oxford-33x40-dia-dos-professores-mod01\/#breadcrumb","itemListElement":[{"@type":"ListItem","position":1,"name":"In\u00edcio","item":"https:\/\/levelprint.com.br\/"},{"@type":"ListItem","position":2,"name":"Loja","item":"https:\/\/levelprint.com.br\/pt\/loja\/"},{"@type":"ListItem","position":3,"name":"Bolsa Sacola Ecobag Oxford 33&#215;40 Dia Dos Professores Mod01"}]},{"@type":"WebSite","@id":"https:\/\/levelprint.com.br\/#website","url":"https:\/\/levelprint.com.br\/","name":"Level Print Gr\u00e1fica em Alagoas | Banners, Crach\u00e1s, Canecas Personalizadas e Mais","description":"L\u00edder em Gr\u00e1fica e Personalizados em Macei\u00f3","publisher":{"@id":"https:\/\/levelprint.com.br\/#organization"},"alternateName":"Gr\u00e1fica em Macei\u00f3 - Level Print | Banners, Canecas, Crach\u00e1s, Cord\u00f5es Personalizados","potentialAction":[{"@type":"SearchAction","target":{"@type":"EntryPoint","urlTemplate":"https:\/\/levelprint.com.br\/?s={search_term_string}"},"query-input":{"@type":"PropertyValueSpecification","valueRequired":true,"valueName":"search_term_string"}}],"inLanguage":"pt-BR"},{"@type":"Organization","@id":"https:\/\/levelprint.com.br\/#organization","name":"Level Print Gr\u00e1fica e Personalizados LTDA.","alternateName":"Level Print Gr\u00e1fica","url":"https:\/\/levelprint.com.br\/","logo":{"@type":"ImageObject","inLanguage":"pt-BR","@id":"https:\/\/levelprint.com.br\/#\/schema\/logo\/image\/","url":"https:\/\/levelprint.com.br\/wp-content\/uploads\/2025\/07\/Logo-Level-Print-Grafica.webp","contentUrl":"https:\/\/levelprint.com.br\/wp-content\/uploads\/2025\/07\/Logo-Level-Print-Grafica.webp","width":1176,"height":1176,"caption":"Level Print Gr\u00e1fica e Personalizados LTDA."},"image":{"@id":"https:\/\/levelprint.com.br\/#\/schema\/logo\/image\/"},"sameAs":["https:\/\/www.facebook.com\/levelprintgrafica","https:\/\/x.com\/levelprintbr","https:\/\/instagram.com\/levelprintgrafica","https:\/\/www.linkedin.com\/company\/levelprint\/","https:\/\/br.pinterest.com\/simones6766\/_saved\/https:\/\/br.pinterest.com\/simones6766\/_saved\/","https:\/\/www.youtube.com\/channel\/UC3fz7xDpzPqorul-xhH6lBg"]}]}},"_links":{"self":[{"href":"https:\/\/levelprint.com.br\/pt\/wp-json\/wp\/v2\/product\/75271","targetHints":{"allow":["GET"]}}],"collection":[{"href":"https:\/\/levelprint.com.br\/pt\/wp-json\/wp\/v2\/product"}],"about":[{"href":"https:\/\/levelprint.com.br\/pt\/wp-json\/wp\/v2\/types\/product"}],"wp:featuredmedia":[{"embeddable":true,"href":"https:\/\/levelprint.com.br\/pt\/wp-json\/wp\/v2\/media\/75272"}],"wp:attachment":[{"href":"https:\/\/levelprint.com.br\/pt\/wp-json\/wp\/v2\/media?parent=75271"}],"wp:term":[{"taxonomy":"product_brand","embeddable":true,"href":"https:\/\/levelprint.com.br\/pt\/wp-json\/wp\/v2\/product_brand?post=75271"},{"taxonomy":"product_cat","embeddable":true,"href":"https:\/\/levelprint.com.br\/pt\/wp-json\/wp\/v2\/product_cat?post=75271"},{"taxonomy":"product_tag","embeddable":true,"href":"https:\/\/levelprint.com.br\/pt\/wp-json\/wp\/v2\/product_tag?post=75271"}],"curies":[{"name":"wp","href":"https:\/\/api.w.org\/{rel}","templated":true}]}}