{"id":75484,"date":"2025-07-01T18:58:55","date_gmt":"2025-07-01T21:58:55","guid":{"rendered":"https:\/\/levelprint.com.br\/?post_type=product&#038;p=75484"},"modified":"2025-10-24T16:08:32","modified_gmt":"2025-10-24T19:08:32","slug":"agenda-personalizada-com-sua-logo","status":"publish","type":"product","link":"https:\/\/levelprint.com.br\/pt\/categoria\/produto\/agenda-personalizada-com-sua-logo\/","title":{"rendered":"Agenda Personalizada Com Sua Logo"},"content":{"rendered":"<p><span style=\"font-size: 20px;\">Agenda personalizada brilhosa\u00a0<\/span><\/p>\n<p>A agenda \u00e9 uma \u00f3tima ferramenta para nos auxiliar na gest\u00e3o do nosso tempo, organizando nossa vida na correria do dia dia.<br \/>\nIdeal para quem quer organizar seus compromissos no trabalho, reuni\u00f5es, hor\u00e1rios, estudo, etc.<br \/>\nUma rotina mais organizada melhora nossa qualidade de vida e nossa produtividade ao longo do dia, al\u00e9m de evitar ac\u00famulo de tarefas.<br \/>\nA capa \u00e9 impressa em adesivo de vinil com alta defini\u00e7\u00e3o de imagens, onde as cores vibrantes s\u00e3o reproduzidas com riqueza e vivacidade.<\/p>\n<p>Cada agenda cont\u00e9m:<br \/>\nEspa\u00e7o para dados pessoais;<br \/>\nCalend\u00e1rio;<br \/>\nPlanejamento;<br \/>\nCalend\u00e1rio mensal para dividir os meses;<br \/>\nFolha de anota\u00e7\u00f5es.<br \/>\nOBS.: MIOLO PODE CONTER A SUA LOGO MARCA NO RODAP\u00c9 DAS P\u00c1GINAS.<\/p>\n<p>&nbsp;<\/p>\n<p>ESPECIFICA\u00c7\u00d5ES DO PRODUTO<\/p>\n<p>&#8211; Lamina\u00e7\u00e3o: BOPP brilho<br \/>\n&#8211; Tipo de encaderna\u00e7\u00e3o: Wire-o.<br \/>\n&#8211; Tipo de capa: Capa dura.<br \/>\n&#8211; Impress\u00e3o da capa: Impressa em adesivo vinil e laminado com BOPP.<br \/>\n&#8211; Quantidade de p\u00e1ginas: 180 p\u00e1ginas.<br \/>\n&#8211; Tipo de miolo: Miolo impresso em papel offset 75g<br \/>\n&#8211; Medidas do miolo: 140 x 200 mm.<br \/>\n&#8211; Peso do produto: aproximadamente 300g.<br \/>\n&#8211; Tecnologia de impress\u00e3o: Digital<\/p>\n","protected":false},"excerpt":{"rendered":"<p>Agenda personalizada brilhosa\u00a0 A agenda \u00e9 uma \u00f3tima ferramenta para nos auxiliar na gest\u00e3o do nosso tempo, organizando nossa vida na correria do dia dia. Ideal para quem quer organizar seus compromissos no trabalho, reuni\u00f5es, hor\u00e1rios, estudo, etc. Uma rotina mais organizada melhora nossa qualidade de vida e nossa produtividade ao longo do dia, al\u00e9m [&hellip;]<\/p>\n","protected":false},"featured_media":75485,"template":"","meta":[],"product_brand":[],"product_cat":[891,802,228,541,148],"product_tag":[895,894,892,893],"class_list":{"0":"post-75484","1":"product","2":"type-product","3":"status-publish","4":"has-post-thumbnail","6":"product_cat-agenda","7":"product_cat-brindes-presentes","8":"product_cat-empresas","9":"product_cat-grafica","10":"product_cat-profissoes","11":"product_tag-agenda-anual","12":"product_tag-agenda-para-empresa","13":"product_tag-agendas","14":"product_tag-planner","16":"first","17":"instock","18":"taxable","19":"shipping-taxable","20":"purchasable","21":"product-type-simple"},"yoast_head":"<!-- This site is optimized with the Yoast SEO plugin v27.3 - https:\/\/yoast.com\/product\/yoast-seo-wordpress\/ -->\n<title>Agenda Personalizada Com Sua Logo - Level Print Gr\u00e1fica e Personalizados<\/title>\n<meta name=\"robots\" content=\"index, follow, max-snippet:-1, max-image-preview:large, max-video-preview:-1\" \/>\n<link rel=\"canonical\" href=\"https:\/\/levelprint.com.br\/pt\/categoria\/produto\/agenda-personalizada-com-sua-logo\/\" \/>\n<meta property=\"og:locale\" content=\"pt_BR\" \/>\n<meta property=\"og:type\" content=\"article\" \/>\n<meta property=\"og:title\" content=\"Agenda Personalizada Com Sua Logo - Level Print Gr\u00e1fica e Personalizados\" \/>\n<meta property=\"og:description\" content=\"Agenda personalizada brilhosa\u00a0 A agenda \u00e9 uma \u00f3tima ferramenta para nos auxiliar na gest\u00e3o do nosso tempo, organizando nossa vida na correria do dia dia. Ideal para quem quer organizar seus compromissos no trabalho, reuni\u00f5es, hor\u00e1rios, estudo, etc. Uma rotina mais organizada melhora nossa qualidade de vida e nossa produtividade ao longo do dia, al\u00e9m [&hellip;]\" \/>\n<meta property=\"og:url\" content=\"https:\/\/levelprint.com.br\/pt\/categoria\/produto\/agenda-personalizada-com-sua-logo\/\" \/>\n<meta property=\"og:site_name\" content=\"Level Print Gr\u00e1fica e Personalizados\" \/>\n<meta property=\"article:publisher\" content=\"https:\/\/www.facebook.com\/levelprintgrafica\" \/>\n<meta property=\"article:modified_time\" content=\"2025-10-24T19:08:32+00:00\" \/>\n<meta property=\"og:image\" content=\"https:\/\/levelprint.com.br\/wp-content\/uploads\/2025\/07\/Agenda-Estimular.webp\" \/>\n\t<meta property=\"og:image:width\" content=\"1599\" \/>\n\t<meta property=\"og:image:height\" content=\"899\" \/>\n\t<meta property=\"og:image:type\" content=\"image\/jpeg\" \/>\n<meta name=\"twitter:card\" content=\"summary_large_image\" \/>\n<meta name=\"twitter:site\" content=\"@levelprintbr\" \/>\n<meta name=\"twitter:label1\" content=\"Est. tempo de leitura\" \/>\n\t<meta name=\"twitter:data1\" content=\"2 minutos\" \/>\n<script type=\"application\/ld+json\" class=\"yoast-schema-graph\">{\"@context\":\"https:\\\/\\\/schema.org\",\"@graph\":[{\"@type\":\"WebPage\",\"@id\":\"https:\\\/\\\/levelprint.com.br\\\/categoria\\\/produto\\\/agenda-personalizada-com-sua-logo\\\/\",\"url\":\"https:\\\/\\\/levelprint.com.br\\\/categoria\\\/produto\\\/agenda-personalizada-com-sua-logo\\\/\",\"name\":\"Agenda Personalizada Com Sua Logo - Level Print Gr\u00e1fica e Personalizados\",\"isPartOf\":{\"@id\":\"https:\\\/\\\/levelprint.com.br\\\/#website\"},\"primaryImageOfPage\":{\"@id\":\"https:\\\/\\\/levelprint.com.br\\\/categoria\\\/produto\\\/agenda-personalizada-com-sua-logo\\\/#primaryimage\"},\"image\":{\"@id\":\"https:\\\/\\\/levelprint.com.br\\\/categoria\\\/produto\\\/agenda-personalizada-com-sua-logo\\\/#primaryimage\"},\"thumbnailUrl\":\"https:\\\/\\\/levelprint.com.br\\\/wp-content\\\/uploads\\\/2025\\\/07\\\/Agenda-Estimular.webp\",\"datePublished\":\"2025-07-01T21:58:55+00:00\",\"dateModified\":\"2025-10-24T19:08:32+00:00\",\"breadcrumb\":{\"@id\":\"https:\\\/\\\/levelprint.com.br\\\/categoria\\\/produto\\\/agenda-personalizada-com-sua-logo\\\/#breadcrumb\"},\"inLanguage\":\"pt-BR\",\"potentialAction\":[{\"@type\":\"ReadAction\",\"target\":[\"https:\\\/\\\/levelprint.com.br\\\/categoria\\\/produto\\\/agenda-personalizada-com-sua-logo\\\/\"]}]},{\"@type\":\"ImageObject\",\"inLanguage\":\"pt-BR\",\"@id\":\"https:\\\/\\\/levelprint.com.br\\\/categoria\\\/produto\\\/agenda-personalizada-com-sua-logo\\\/#primaryimage\",\"url\":\"https:\\\/\\\/levelprint.com.br\\\/wp-content\\\/uploads\\\/2025\\\/07\\\/Agenda-Estimular.webp\",\"contentUrl\":\"https:\\\/\\\/levelprint.com.br\\\/wp-content\\\/uploads\\\/2025\\\/07\\\/Agenda-Estimular.webp\",\"width\":1599,\"height\":899},{\"@type\":\"BreadcrumbList\",\"@id\":\"https:\\\/\\\/levelprint.com.br\\\/categoria\\\/produto\\\/agenda-personalizada-com-sua-logo\\\/#breadcrumb\",\"itemListElement\":[{\"@type\":\"ListItem\",\"position\":1,\"name\":\"In\u00edcio\",\"item\":\"https:\\\/\\\/levelprint.com.br\\\/\"},{\"@type\":\"ListItem\",\"position\":2,\"name\":\"Loja\",\"item\":\"https:\\\/\\\/levelprint.com.br\\\/pt\\\/loja\\\/\"},{\"@type\":\"ListItem\",\"position\":3,\"name\":\"Agenda Personalizada Com Sua Logo\"}]},{\"@type\":\"WebSite\",\"@id\":\"https:\\\/\\\/levelprint.com.br\\\/#website\",\"url\":\"https:\\\/\\\/levelprint.com.br\\\/\",\"name\":\"Level Print Gr\u00e1fica em Alagoas | Banners, Crach\u00e1s, Canecas Personalizadas e Mais\",\"description\":\"L\u00edder em Gr\u00e1fica e Personalizados em Macei\u00f3\",\"publisher\":{\"@id\":\"https:\\\/\\\/levelprint.com.br\\\/#organization\"},\"alternateName\":\"Gr\u00e1fica em Macei\u00f3 - Level Print | Banners, Canecas, Crach\u00e1s, Cord\u00f5es Personalizados\",\"potentialAction\":[{\"@type\":\"SearchAction\",\"target\":{\"@type\":\"EntryPoint\",\"urlTemplate\":\"https:\\\/\\\/levelprint.com.br\\\/?s={search_term_string}\"},\"query-input\":{\"@type\":\"PropertyValueSpecification\",\"valueRequired\":true,\"valueName\":\"search_term_string\"}}],\"inLanguage\":\"pt-BR\"},{\"@type\":\"Organization\",\"@id\":\"https:\\\/\\\/levelprint.com.br\\\/#organization\",\"name\":\"Level Print Gr\u00e1fica e Personalizados LTDA.\",\"alternateName\":\"Level Print Gr\u00e1fica\",\"url\":\"https:\\\/\\\/levelprint.com.br\\\/\",\"logo\":{\"@type\":\"ImageObject\",\"inLanguage\":\"pt-BR\",\"@id\":\"https:\\\/\\\/levelprint.com.br\\\/#\\\/schema\\\/logo\\\/image\\\/\",\"url\":\"https:\\\/\\\/levelprint.com.br\\\/wp-content\\\/uploads\\\/2025\\\/07\\\/Logo-Level-Print-Grafica.webp\",\"contentUrl\":\"https:\\\/\\\/levelprint.com.br\\\/wp-content\\\/uploads\\\/2025\\\/07\\\/Logo-Level-Print-Grafica.webp\",\"width\":1176,\"height\":1176,\"caption\":\"Level Print Gr\u00e1fica e Personalizados LTDA.\"},\"image\":{\"@id\":\"https:\\\/\\\/levelprint.com.br\\\/#\\\/schema\\\/logo\\\/image\\\/\"},\"sameAs\":[\"https:\\\/\\\/www.facebook.com\\\/levelprintgrafica\",\"https:\\\/\\\/x.com\\\/levelprintbr\",\"https:\\\/\\\/instagram.com\\\/levelprintgrafica\",\"https:\\\/\\\/www.linkedin.com\\\/company\\\/levelprint\\\/\",\"https:\\\/\\\/br.pinterest.com\\\/simones6766\\\/_saved\\\/https:\\\/\\\/br.pinterest.com\\\/simones6766\\\/_saved\\\/\",\"https:\\\/\\\/www.youtube.com\\\/channel\\\/UC3fz7xDpzPqorul-xhH6lBg\"]}]}<\/script>\n<!-- \/ Yoast SEO plugin. -->","yoast_head_json":{"title":"Agenda Personalizada Com Sua Logo - Level Print Gr\u00e1fica e Personalizados","robots":{"index":"index","follow":"follow","max-snippet":"max-snippet:-1","max-image-preview":"max-image-preview:large","max-video-preview":"max-video-preview:-1"},"canonical":"https:\/\/levelprint.com.br\/pt\/categoria\/produto\/agenda-personalizada-com-sua-logo\/","og_locale":"pt_BR","og_type":"article","og_title":"Agenda Personalizada Com Sua Logo - Level Print Gr\u00e1fica e Personalizados","og_description":"Agenda personalizada brilhosa\u00a0 A agenda \u00e9 uma \u00f3tima ferramenta para nos auxiliar na gest\u00e3o do nosso tempo, organizando nossa vida na correria do dia dia. Ideal para quem quer organizar seus compromissos no trabalho, reuni\u00f5es, hor\u00e1rios, estudo, etc. Uma rotina mais organizada melhora nossa qualidade de vida e nossa produtividade ao longo do dia, al\u00e9m [&hellip;]","og_url":"https:\/\/levelprint.com.br\/pt\/categoria\/produto\/agenda-personalizada-com-sua-logo\/","og_site_name":"Level Print Gr\u00e1fica e Personalizados","article_publisher":"https:\/\/www.facebook.com\/levelprintgrafica","article_modified_time":"2025-10-24T19:08:32+00:00","og_image":[{"width":1599,"height":899,"url":"https:\/\/levelprint.com.br\/wp-content\/uploads\/2025\/07\/Agenda-Estimular.webp","type":"image\/jpeg"}],"twitter_card":"summary_large_image","twitter_site":"@levelprintbr","twitter_misc":{"Est. tempo de leitura":"2 minutos"},"schema":{"@context":"https:\/\/schema.org","@graph":[{"@type":"WebPage","@id":"https:\/\/levelprint.com.br\/categoria\/produto\/agenda-personalizada-com-sua-logo\/","url":"https:\/\/levelprint.com.br\/categoria\/produto\/agenda-personalizada-com-sua-logo\/","name":"Agenda Personalizada Com Sua Logo - Level Print Gr\u00e1fica e Personalizados","isPartOf":{"@id":"https:\/\/levelprint.com.br\/#website"},"primaryImageOfPage":{"@id":"https:\/\/levelprint.com.br\/categoria\/produto\/agenda-personalizada-com-sua-logo\/#primaryimage"},"image":{"@id":"https:\/\/levelprint.com.br\/categoria\/produto\/agenda-personalizada-com-sua-logo\/#primaryimage"},"thumbnailUrl":"https:\/\/levelprint.com.br\/wp-content\/uploads\/2025\/07\/Agenda-Estimular.webp","datePublished":"2025-07-01T21:58:55+00:00","dateModified":"2025-10-24T19:08:32+00:00","breadcrumb":{"@id":"https:\/\/levelprint.com.br\/categoria\/produto\/agenda-personalizada-com-sua-logo\/#breadcrumb"},"inLanguage":"pt-BR","potentialAction":[{"@type":"ReadAction","target":["https:\/\/levelprint.com.br\/categoria\/produto\/agenda-personalizada-com-sua-logo\/"]}]},{"@type":"ImageObject","inLanguage":"pt-BR","@id":"https:\/\/levelprint.com.br\/categoria\/produto\/agenda-personalizada-com-sua-logo\/#primaryimage","url":"https:\/\/levelprint.com.br\/wp-content\/uploads\/2025\/07\/Agenda-Estimular.webp","contentUrl":"https:\/\/levelprint.com.br\/wp-content\/uploads\/2025\/07\/Agenda-Estimular.webp","width":1599,"height":899},{"@type":"BreadcrumbList","@id":"https:\/\/levelprint.com.br\/categoria\/produto\/agenda-personalizada-com-sua-logo\/#breadcrumb","itemListElement":[{"@type":"ListItem","position":1,"name":"In\u00edcio","item":"https:\/\/levelprint.com.br\/"},{"@type":"ListItem","position":2,"name":"Loja","item":"https:\/\/levelprint.com.br\/pt\/loja\/"},{"@type":"ListItem","position":3,"name":"Agenda Personalizada Com Sua Logo"}]},{"@type":"WebSite","@id":"https:\/\/levelprint.com.br\/#website","url":"https:\/\/levelprint.com.br\/","name":"Level Print Gr\u00e1fica em Alagoas | Banners, Crach\u00e1s, Canecas Personalizadas e Mais","description":"L\u00edder em Gr\u00e1fica e Personalizados em Macei\u00f3","publisher":{"@id":"https:\/\/levelprint.com.br\/#organization"},"alternateName":"Gr\u00e1fica em Macei\u00f3 - Level Print | Banners, Canecas, Crach\u00e1s, Cord\u00f5es Personalizados","potentialAction":[{"@type":"SearchAction","target":{"@type":"EntryPoint","urlTemplate":"https:\/\/levelprint.com.br\/?s={search_term_string}"},"query-input":{"@type":"PropertyValueSpecification","valueRequired":true,"valueName":"search_term_string"}}],"inLanguage":"pt-BR"},{"@type":"Organization","@id":"https:\/\/levelprint.com.br\/#organization","name":"Level Print Gr\u00e1fica e Personalizados LTDA.","alternateName":"Level Print Gr\u00e1fica","url":"https:\/\/levelprint.com.br\/","logo":{"@type":"ImageObject","inLanguage":"pt-BR","@id":"https:\/\/levelprint.com.br\/#\/schema\/logo\/image\/","url":"https:\/\/levelprint.com.br\/wp-content\/uploads\/2025\/07\/Logo-Level-Print-Grafica.webp","contentUrl":"https:\/\/levelprint.com.br\/wp-content\/uploads\/2025\/07\/Logo-Level-Print-Grafica.webp","width":1176,"height":1176,"caption":"Level Print Gr\u00e1fica e Personalizados LTDA."},"image":{"@id":"https:\/\/levelprint.com.br\/#\/schema\/logo\/image\/"},"sameAs":["https:\/\/www.facebook.com\/levelprintgrafica","https:\/\/x.com\/levelprintbr","https:\/\/instagram.com\/levelprintgrafica","https:\/\/www.linkedin.com\/company\/levelprint\/","https:\/\/br.pinterest.com\/simones6766\/_saved\/https:\/\/br.pinterest.com\/simones6766\/_saved\/","https:\/\/www.youtube.com\/channel\/UC3fz7xDpzPqorul-xhH6lBg"]}]}},"_links":{"self":[{"href":"https:\/\/levelprint.com.br\/pt\/wp-json\/wp\/v2\/product\/75484","targetHints":{"allow":["GET"]}}],"collection":[{"href":"https:\/\/levelprint.com.br\/pt\/wp-json\/wp\/v2\/product"}],"about":[{"href":"https:\/\/levelprint.com.br\/pt\/wp-json\/wp\/v2\/types\/product"}],"wp:featuredmedia":[{"embeddable":true,"href":"https:\/\/levelprint.com.br\/pt\/wp-json\/wp\/v2\/media\/75485"}],"wp:attachment":[{"href":"https:\/\/levelprint.com.br\/pt\/wp-json\/wp\/v2\/media?parent=75484"}],"wp:term":[{"taxonomy":"product_brand","embeddable":true,"href":"https:\/\/levelprint.com.br\/pt\/wp-json\/wp\/v2\/product_brand?post=75484"},{"taxonomy":"product_cat","embeddable":true,"href":"https:\/\/levelprint.com.br\/pt\/wp-json\/wp\/v2\/product_cat?post=75484"},{"taxonomy":"product_tag","embeddable":true,"href":"https:\/\/levelprint.com.br\/pt\/wp-json\/wp\/v2\/product_tag?post=75484"}],"curies":[{"name":"wp","href":"https:\/\/api.w.org\/{rel}","templated":true}]}}