{"id":75489,"date":"2025-07-02T14:42:55","date_gmt":"2025-07-02T17:42:55","guid":{"rendered":"https:\/\/levelprint.com.br\/?post_type=product&#038;p=75489"},"modified":"2025-10-24T16:08:32","modified_gmt":"2025-10-24T19:08:32","slug":"caderno-personalizado-capa-dura-em-maceio-level-print","status":"publish","type":"product","link":"https:\/\/levelprint.com.br\/pt\/categoria\/produto\/caderno-personalizado-capa-dura-em-maceio-level-print\/","title":{"rendered":"Caderno Personalizado Capa Dura em Macei\u00f3 | Level Print"},"content":{"rendered":"<h3>Personalize seu caderno com capa dura na Level Print!<\/h3>\n<h3>Ideal para empresas, eventos, escolas ou uso pessoal. Impress\u00e3o de alta qualidade, acabamento dur\u00e1vel e visual profissional.<\/h3>\n<h3>Produ\u00e7\u00e3o r\u00e1pida em Macei\u00f3, com atendimento humanizado e pre\u00e7o justo.<\/h3>\n<h2 class=\"ui-pdp-description__title\" data-testid=\"title\"><span style=\"font-size: 16px;\">Descri\u00e7\u00e3o<\/span><br \/>\n<span style=\"font-size: 16px;\">&#8211; Formato A5 (15x21cm)<\/span><br \/>\n<span style=\"font-size: 16px;\">&#8211; Papel offset de alta qualidade 75 Gr<\/span><br \/>\n<span style=\"font-size: 16px;\">&#8211; 150 p\u00e1ginas (76 folhas)<\/span><br \/>\n<span style=\"font-size: 16px;\">&#8211; Capa dura laminada acabamento fosco (lamina\u00e7\u00e3o \u00e9 uma pel\u00edcula de prote\u00e7\u00e3o aplicada sobre a capa oferecendo assim uma maior durabilidade para a capa)<\/span><br \/>\n<span style=\"font-size: 16px;\">&#8211; Encaderna\u00e7\u00e3o Wire-o (furo quadrado) arame branco ou preto, depende da arte<\/span><br \/>\n<span style=\"font-size: 16px;\">&#8211; Miolo pautado<\/span><\/h2>\n<p><span style=\"font-size: 16px;\">Use para organizar anota\u00e7\u00f5es no trabalho, na escola, na faculdade, anota\u00e7\u00f5es no seu dia a dia!<\/span><\/p>\n","protected":false},"excerpt":{"rendered":"<p>Personalize seu caderno com capa dura na Level Print! Ideal para empresas, eventos, escolas ou uso pessoal. Impress\u00e3o de alta qualidade, acabamento dur\u00e1vel e visual profissional. Produ\u00e7\u00e3o r\u00e1pida em Macei\u00f3, com atendimento humanizado e pre\u00e7o justo. Descri\u00e7\u00e3o &#8211; Formato A5 (15x21cm) &#8211; Papel offset de alta qualidade 75 Gr &#8211; 150 p\u00e1ginas (76 folhas) &#8211; [&hellip;]<\/p>\n","protected":false},"featured_media":75827,"template":"","meta":[],"product_brand":[],"product_cat":[802,896,228,541,148],"product_tag":[897,899,898,893],"class_list":{"0":"post-75489","1":"product","2":"type-product","3":"status-publish","4":"has-post-thumbnail","6":"product_cat-brindes-presentes","7":"product_cat-caderno","8":"product_cat-empresas","9":"product_cat-grafica","10":"product_cat-profissoes","11":"product_tag-caderno","12":"product_tag-caderno-empresa","13":"product_tag-caderno-personalizado","14":"product_tag-planner","16":"first","17":"instock","18":"taxable","19":"shipping-taxable","20":"purchasable","21":"product-type-simple"},"yoast_head":"<!-- This site is optimized with the Yoast SEO plugin v27.4 - https:\/\/yoast.com\/product\/yoast-seo-wordpress\/ -->\n<title>Caderno Personalizado Capa Dura em Macei\u00f3 | Level Print - Level Print Gr\u00e1fica e Personalizados<\/title>\n<meta name=\"description\" content=\"Caderno personalizado com capa dura \u00e9 na Level Print. Perfeito para empresas, brindes e eventos em Macei\u00f3. Alta qualidade, personaliza\u00e7\u00e3o completa.\" \/>\n<meta name=\"robots\" content=\"index, follow, max-snippet:-1, max-image-preview:large, max-video-preview:-1\" \/>\n<link rel=\"canonical\" href=\"https:\/\/levelprint.com.br\/pt\/categoria\/produto\/caderno-personalizado-capa-dura-em-maceio-level-print\/\" \/>\n<meta property=\"og:locale\" content=\"pt_BR\" \/>\n<meta property=\"og:type\" content=\"article\" \/>\n<meta property=\"og:title\" content=\"Caderno Personalizado Capa Dura em Macei\u00f3 | Level Print - Level Print Gr\u00e1fica e Personalizados\" \/>\n<meta property=\"og:description\" content=\"Caderno personalizado com capa dura \u00e9 na Level Print. Perfeito para empresas, brindes e eventos em Macei\u00f3. Alta qualidade, personaliza\u00e7\u00e3o completa.\" \/>\n<meta property=\"og:url\" content=\"https:\/\/levelprint.com.br\/pt\/categoria\/produto\/caderno-personalizado-capa-dura-em-maceio-level-print\/\" \/>\n<meta property=\"og:site_name\" content=\"Level Print Gr\u00e1fica e Personalizados\" \/>\n<meta property=\"article:publisher\" content=\"https:\/\/www.facebook.com\/levelprintgrafica\" \/>\n<meta property=\"article:modified_time\" content=\"2025-10-24T19:08:32+00:00\" \/>\n<meta property=\"og:image\" content=\"https:\/\/levelprint.com.br\/wp-content\/uploads\/2025\/07\/3de298ac-1c27-4b68-a10e-d13595ff6c1f.webp\" \/>\n\t<meta property=\"og:image:width\" content=\"899\" \/>\n\t<meta property=\"og:image:height\" content=\"1035\" \/>\n\t<meta property=\"og:image:type\" content=\"image\/png\" \/>\n<meta name=\"twitter:card\" content=\"summary_large_image\" \/>\n<meta name=\"twitter:site\" content=\"@levelprintbr\" \/>\n<meta name=\"twitter:label1\" content=\"Est. tempo de leitura\" \/>\n\t<meta name=\"twitter:data1\" content=\"1 minuto\" \/>\n<script type=\"application\/ld+json\" class=\"yoast-schema-graph\">{\"@context\":\"https:\\\/\\\/schema.org\",\"@graph\":[{\"@type\":\"WebPage\",\"@id\":\"https:\\\/\\\/levelprint.com.br\\\/categoria\\\/produto\\\/caderno-personalizado-capa-dura-em-maceio-level-print\\\/\",\"url\":\"https:\\\/\\\/levelprint.com.br\\\/categoria\\\/produto\\\/caderno-personalizado-capa-dura-em-maceio-level-print\\\/\",\"name\":\"Caderno Personalizado Capa Dura em Macei\u00f3 | Level Print - Level Print Gr\u00e1fica e Personalizados\",\"isPartOf\":{\"@id\":\"https:\\\/\\\/levelprint.com.br\\\/#website\"},\"primaryImageOfPage\":{\"@id\":\"https:\\\/\\\/levelprint.com.br\\\/categoria\\\/produto\\\/caderno-personalizado-capa-dura-em-maceio-level-print\\\/#primaryimage\"},\"image\":{\"@id\":\"https:\\\/\\\/levelprint.com.br\\\/categoria\\\/produto\\\/caderno-personalizado-capa-dura-em-maceio-level-print\\\/#primaryimage\"},\"thumbnailUrl\":\"https:\\\/\\\/levelprint.com.br\\\/wp-content\\\/uploads\\\/2025\\\/07\\\/3de298ac-1c27-4b68-a10e-d13595ff6c1f.webp\",\"datePublished\":\"2025-07-02T17:42:55+00:00\",\"dateModified\":\"2025-10-24T19:08:32+00:00\",\"description\":\"Caderno personalizado com capa dura \u00e9 na Level Print. Perfeito para empresas, brindes e eventos em Macei\u00f3. Alta qualidade, personaliza\u00e7\u00e3o completa.\",\"breadcrumb\":{\"@id\":\"https:\\\/\\\/levelprint.com.br\\\/categoria\\\/produto\\\/caderno-personalizado-capa-dura-em-maceio-level-print\\\/#breadcrumb\"},\"inLanguage\":\"pt-BR\",\"potentialAction\":[{\"@type\":\"ReadAction\",\"target\":[\"https:\\\/\\\/levelprint.com.br\\\/categoria\\\/produto\\\/caderno-personalizado-capa-dura-em-maceio-level-print\\\/\"]}]},{\"@type\":\"ImageObject\",\"inLanguage\":\"pt-BR\",\"@id\":\"https:\\\/\\\/levelprint.com.br\\\/categoria\\\/produto\\\/caderno-personalizado-capa-dura-em-maceio-level-print\\\/#primaryimage\",\"url\":\"https:\\\/\\\/levelprint.com.br\\\/wp-content\\\/uploads\\\/2025\\\/07\\\/3de298ac-1c27-4b68-a10e-d13595ff6c1f.webp\",\"contentUrl\":\"https:\\\/\\\/levelprint.com.br\\\/wp-content\\\/uploads\\\/2025\\\/07\\\/3de298ac-1c27-4b68-a10e-d13595ff6c1f.webp\",\"width\":899,\"height\":1035},{\"@type\":\"BreadcrumbList\",\"@id\":\"https:\\\/\\\/levelprint.com.br\\\/categoria\\\/produto\\\/caderno-personalizado-capa-dura-em-maceio-level-print\\\/#breadcrumb\",\"itemListElement\":[{\"@type\":\"ListItem\",\"position\":1,\"name\":\"In\u00edcio\",\"item\":\"https:\\\/\\\/levelprint.com.br\\\/\"},{\"@type\":\"ListItem\",\"position\":2,\"name\":\"Loja\",\"item\":\"https:\\\/\\\/levelprint.com.br\\\/pt\\\/loja\\\/\"},{\"@type\":\"ListItem\",\"position\":3,\"name\":\"Caderno Personalizado Capa Dura em Macei\u00f3 | Level Print\"}]},{\"@type\":\"WebSite\",\"@id\":\"https:\\\/\\\/levelprint.com.br\\\/#website\",\"url\":\"https:\\\/\\\/levelprint.com.br\\\/\",\"name\":\"Level Print Gr\u00e1fica em Alagoas | Banners, Crach\u00e1s, Canecas Personalizadas e Mais\",\"description\":\"L\u00edder em Gr\u00e1fica e Personalizados em Macei\u00f3\",\"publisher\":{\"@id\":\"https:\\\/\\\/levelprint.com.br\\\/#organization\"},\"alternateName\":\"Gr\u00e1fica em Macei\u00f3 - Level Print | Banners, Canecas, Crach\u00e1s, Cord\u00f5es Personalizados\",\"potentialAction\":[{\"@type\":\"SearchAction\",\"target\":{\"@type\":\"EntryPoint\",\"urlTemplate\":\"https:\\\/\\\/levelprint.com.br\\\/?s={search_term_string}\"},\"query-input\":{\"@type\":\"PropertyValueSpecification\",\"valueRequired\":true,\"valueName\":\"search_term_string\"}}],\"inLanguage\":\"pt-BR\"},{\"@type\":\"Organization\",\"@id\":\"https:\\\/\\\/levelprint.com.br\\\/#organization\",\"name\":\"Level Print Gr\u00e1fica e Personalizados LTDA.\",\"alternateName\":\"Level Print Gr\u00e1fica\",\"url\":\"https:\\\/\\\/levelprint.com.br\\\/\",\"logo\":{\"@type\":\"ImageObject\",\"inLanguage\":\"pt-BR\",\"@id\":\"https:\\\/\\\/levelprint.com.br\\\/#\\\/schema\\\/logo\\\/image\\\/\",\"url\":\"https:\\\/\\\/levelprint.com.br\\\/wp-content\\\/uploads\\\/2025\\\/07\\\/Logo-Level-Print-Grafica.webp\",\"contentUrl\":\"https:\\\/\\\/levelprint.com.br\\\/wp-content\\\/uploads\\\/2025\\\/07\\\/Logo-Level-Print-Grafica.webp\",\"width\":1176,\"height\":1176,\"caption\":\"Level Print Gr\u00e1fica e Personalizados LTDA.\"},\"image\":{\"@id\":\"https:\\\/\\\/levelprint.com.br\\\/#\\\/schema\\\/logo\\\/image\\\/\"},\"sameAs\":[\"https:\\\/\\\/www.facebook.com\\\/levelprintgrafica\",\"https:\\\/\\\/x.com\\\/levelprintbr\",\"https:\\\/\\\/instagram.com\\\/levelprintgrafica\",\"https:\\\/\\\/www.linkedin.com\\\/company\\\/levelprint\\\/\",\"https:\\\/\\\/br.pinterest.com\\\/simones6766\\\/_saved\\\/https:\\\/\\\/br.pinterest.com\\\/simones6766\\\/_saved\\\/\",\"https:\\\/\\\/www.youtube.com\\\/channel\\\/UC3fz7xDpzPqorul-xhH6lBg\"]}]}<\/script>\n<!-- \/ Yoast SEO plugin. -->","yoast_head_json":{"title":"Caderno Personalizado Capa Dura em Macei\u00f3 | Level Print - Level Print Gr\u00e1fica e Personalizados","description":"Caderno personalizado com capa dura \u00e9 na Level Print. Perfeito para empresas, brindes e eventos em Macei\u00f3. Alta qualidade, personaliza\u00e7\u00e3o completa.","robots":{"index":"index","follow":"follow","max-snippet":"max-snippet:-1","max-image-preview":"max-image-preview:large","max-video-preview":"max-video-preview:-1"},"canonical":"https:\/\/levelprint.com.br\/pt\/categoria\/produto\/caderno-personalizado-capa-dura-em-maceio-level-print\/","og_locale":"pt_BR","og_type":"article","og_title":"Caderno Personalizado Capa Dura em Macei\u00f3 | Level Print - Level Print Gr\u00e1fica e Personalizados","og_description":"Caderno personalizado com capa dura \u00e9 na Level Print. Perfeito para empresas, brindes e eventos em Macei\u00f3. Alta qualidade, personaliza\u00e7\u00e3o completa.","og_url":"https:\/\/levelprint.com.br\/pt\/categoria\/produto\/caderno-personalizado-capa-dura-em-maceio-level-print\/","og_site_name":"Level Print Gr\u00e1fica e Personalizados","article_publisher":"https:\/\/www.facebook.com\/levelprintgrafica","article_modified_time":"2025-10-24T19:08:32+00:00","og_image":[{"width":899,"height":1035,"url":"https:\/\/levelprint.com.br\/wp-content\/uploads\/2025\/07\/3de298ac-1c27-4b68-a10e-d13595ff6c1f.webp","type":"image\/png"}],"twitter_card":"summary_large_image","twitter_site":"@levelprintbr","twitter_misc":{"Est. tempo de leitura":"1 minuto"},"schema":{"@context":"https:\/\/schema.org","@graph":[{"@type":"WebPage","@id":"https:\/\/levelprint.com.br\/categoria\/produto\/caderno-personalizado-capa-dura-em-maceio-level-print\/","url":"https:\/\/levelprint.com.br\/categoria\/produto\/caderno-personalizado-capa-dura-em-maceio-level-print\/","name":"Caderno Personalizado Capa Dura em Macei\u00f3 | Level Print - Level Print Gr\u00e1fica e Personalizados","isPartOf":{"@id":"https:\/\/levelprint.com.br\/#website"},"primaryImageOfPage":{"@id":"https:\/\/levelprint.com.br\/categoria\/produto\/caderno-personalizado-capa-dura-em-maceio-level-print\/#primaryimage"},"image":{"@id":"https:\/\/levelprint.com.br\/categoria\/produto\/caderno-personalizado-capa-dura-em-maceio-level-print\/#primaryimage"},"thumbnailUrl":"https:\/\/levelprint.com.br\/wp-content\/uploads\/2025\/07\/3de298ac-1c27-4b68-a10e-d13595ff6c1f.webp","datePublished":"2025-07-02T17:42:55+00:00","dateModified":"2025-10-24T19:08:32+00:00","description":"Caderno personalizado com capa dura \u00e9 na Level Print. Perfeito para empresas, brindes e eventos em Macei\u00f3. Alta qualidade, personaliza\u00e7\u00e3o completa.","breadcrumb":{"@id":"https:\/\/levelprint.com.br\/categoria\/produto\/caderno-personalizado-capa-dura-em-maceio-level-print\/#breadcrumb"},"inLanguage":"pt-BR","potentialAction":[{"@type":"ReadAction","target":["https:\/\/levelprint.com.br\/categoria\/produto\/caderno-personalizado-capa-dura-em-maceio-level-print\/"]}]},{"@type":"ImageObject","inLanguage":"pt-BR","@id":"https:\/\/levelprint.com.br\/categoria\/produto\/caderno-personalizado-capa-dura-em-maceio-level-print\/#primaryimage","url":"https:\/\/levelprint.com.br\/wp-content\/uploads\/2025\/07\/3de298ac-1c27-4b68-a10e-d13595ff6c1f.webp","contentUrl":"https:\/\/levelprint.com.br\/wp-content\/uploads\/2025\/07\/3de298ac-1c27-4b68-a10e-d13595ff6c1f.webp","width":899,"height":1035},{"@type":"BreadcrumbList","@id":"https:\/\/levelprint.com.br\/categoria\/produto\/caderno-personalizado-capa-dura-em-maceio-level-print\/#breadcrumb","itemListElement":[{"@type":"ListItem","position":1,"name":"In\u00edcio","item":"https:\/\/levelprint.com.br\/"},{"@type":"ListItem","position":2,"name":"Loja","item":"https:\/\/levelprint.com.br\/pt\/loja\/"},{"@type":"ListItem","position":3,"name":"Caderno Personalizado Capa Dura em Macei\u00f3 | Level Print"}]},{"@type":"WebSite","@id":"https:\/\/levelprint.com.br\/#website","url":"https:\/\/levelprint.com.br\/","name":"Level Print Gr\u00e1fica em Alagoas | Banners, Crach\u00e1s, Canecas Personalizadas e Mais","description":"L\u00edder em Gr\u00e1fica e Personalizados em Macei\u00f3","publisher":{"@id":"https:\/\/levelprint.com.br\/#organization"},"alternateName":"Gr\u00e1fica em Macei\u00f3 - Level Print | Banners, Canecas, Crach\u00e1s, Cord\u00f5es Personalizados","potentialAction":[{"@type":"SearchAction","target":{"@type":"EntryPoint","urlTemplate":"https:\/\/levelprint.com.br\/?s={search_term_string}"},"query-input":{"@type":"PropertyValueSpecification","valueRequired":true,"valueName":"search_term_string"}}],"inLanguage":"pt-BR"},{"@type":"Organization","@id":"https:\/\/levelprint.com.br\/#organization","name":"Level Print Gr\u00e1fica e Personalizados LTDA.","alternateName":"Level Print Gr\u00e1fica","url":"https:\/\/levelprint.com.br\/","logo":{"@type":"ImageObject","inLanguage":"pt-BR","@id":"https:\/\/levelprint.com.br\/#\/schema\/logo\/image\/","url":"https:\/\/levelprint.com.br\/wp-content\/uploads\/2025\/07\/Logo-Level-Print-Grafica.webp","contentUrl":"https:\/\/levelprint.com.br\/wp-content\/uploads\/2025\/07\/Logo-Level-Print-Grafica.webp","width":1176,"height":1176,"caption":"Level Print Gr\u00e1fica e Personalizados LTDA."},"image":{"@id":"https:\/\/levelprint.com.br\/#\/schema\/logo\/image\/"},"sameAs":["https:\/\/www.facebook.com\/levelprintgrafica","https:\/\/x.com\/levelprintbr","https:\/\/instagram.com\/levelprintgrafica","https:\/\/www.linkedin.com\/company\/levelprint\/","https:\/\/br.pinterest.com\/simones6766\/_saved\/https:\/\/br.pinterest.com\/simones6766\/_saved\/","https:\/\/www.youtube.com\/channel\/UC3fz7xDpzPqorul-xhH6lBg"]}]}},"_links":{"self":[{"href":"https:\/\/levelprint.com.br\/pt\/wp-json\/wp\/v2\/product\/75489","targetHints":{"allow":["GET"]}}],"collection":[{"href":"https:\/\/levelprint.com.br\/pt\/wp-json\/wp\/v2\/product"}],"about":[{"href":"https:\/\/levelprint.com.br\/pt\/wp-json\/wp\/v2\/types\/product"}],"wp:featuredmedia":[{"embeddable":true,"href":"https:\/\/levelprint.com.br\/pt\/wp-json\/wp\/v2\/media\/75827"}],"wp:attachment":[{"href":"https:\/\/levelprint.com.br\/pt\/wp-json\/wp\/v2\/media?parent=75489"}],"wp:term":[{"taxonomy":"product_brand","embeddable":true,"href":"https:\/\/levelprint.com.br\/pt\/wp-json\/wp\/v2\/product_brand?post=75489"},{"taxonomy":"product_cat","embeddable":true,"href":"https:\/\/levelprint.com.br\/pt\/wp-json\/wp\/v2\/product_cat?post=75489"},{"taxonomy":"product_tag","embeddable":true,"href":"https:\/\/levelprint.com.br\/pt\/wp-json\/wp\/v2\/product_tag?post=75489"}],"curies":[{"name":"wp","href":"https:\/\/api.w.org\/{rel}","templated":true}]}}