{"id":75838,"date":"2025-08-25T14:56:21","date_gmt":"2025-08-25T17:56:21","guid":{"rendered":"https:\/\/levelprint.com.br\/?post_type=product&#038;p=75838"},"modified":"2025-10-24T16:08:32","modified_gmt":"2025-10-24T19:08:32","slug":"canetas-transfer-laser-brindes-presentes","status":"publish","type":"product","link":"https:\/\/levelprint.com.br\/pt\/categoria\/produto\/canetas-transfer-laser-brindes-presentes\/","title":{"rendered":"Canetas Transfer Laser | Brindes \/ Presentes"},"content":{"rendered":"<h3>As canetas transfer laser da Level Print representam uma escolha sofisticada para empresas que buscam brindes personalizados de alta qualidade e durabilidade.<\/h3>\n<p>Utilizando a tecnologia de grava\u00e7\u00e3o a transfer, essas canetas s\u00e3o produzidas com precis\u00e3o, criando detalhes finos que destacam o logotipo e a identidade visual da marca sem perder a nitidez com o tempo. A grava\u00e7\u00e3o\u00a0 tem a vantagem de ser resistente ao desgaste, o que garante uma apar\u00eancia profissional e rigorosa, mesmo com o uso constante.<\/p>\n","protected":false},"excerpt":{"rendered":"<p>Dispon\u00edveis em uma variedade de modelos e cores, as canetas transfer laser da Level Print oferecem flexibilidade de personaliza\u00e7\u00e3o, permitindo que cada cliente escolha o estilo que melhor representa sua marca. Esse cuidado com a personaliza\u00e7\u00e3o faz com que as canetas sejam ideais para a\u00e7\u00f5es promocionais, brindes corporativos e eventos especiais, gerando uma lembran\u00e7a positiva e rigidez na mente dos clientes.<\/p>\n<p>Como l\u00edder em brindes personalizados e comunica\u00e7\u00e3o visual em Alagoas, a Level Print \u00e9 refer\u00eancia em inova\u00e7\u00e3o e qualidade. A empresa se compromete a entregar produtos de excel\u00eancia a pre\u00e7os econ\u00f4micos, ajudando as marcas a fortalecer seu relacionamento com o p\u00fablico<\/p>\n","protected":false},"featured_media":74990,"template":"","meta":[],"product_brand":[],"product_cat":[802,734,804],"product_tag":[49,805,806,536,808,807],"class_list":{"0":"post-75838","1":"product","2":"type-product","3":"status-publish","4":"has-post-thumbnail","6":"product_cat-brindes-presentes","7":"product_cat-caneta","8":"product_cat-transfer","9":"product_tag-brindes","10":"product_tag-canetas","11":"product_tag-personalizadas","12":"product_tag-presentes","13":"product_tag-transfer","14":"product_tag-transfer-laser","16":"first","17":"instock","18":"taxable","19":"shipping-taxable","20":"purchasable","21":"product-type-simple"},"yoast_head":"<!-- This site is optimized with the Yoast SEO plugin v27.3 - https:\/\/yoast.com\/product\/yoast-seo-wordpress\/ -->\n<title>Canetas Transfer Laser | Brindes \/ Presentes - Level Print Gr\u00e1fica e Personalizados<\/title>\n<meta name=\"robots\" content=\"index, follow, max-snippet:-1, max-image-preview:large, max-video-preview:-1\" \/>\n<link rel=\"canonical\" href=\"https:\/\/levelprint.com.br\/pt\/categoria\/produto\/canetas-transfer-laser-brindes-presentes\/\" \/>\n<meta property=\"og:locale\" content=\"pt_BR\" \/>\n<meta property=\"og:type\" content=\"article\" \/>\n<meta property=\"og:title\" content=\"Canetas Transfer Laser | Brindes \/ Presentes - Level Print Gr\u00e1fica e Personalizados\" \/>\n<meta property=\"og:description\" content=\"Dispon\u00edveis em uma variedade de modelos e cores, as canetas transfer laser da Level Print oferecem flexibilidade de personaliza\u00e7\u00e3o, permitindo que cada cliente escolha o estilo que melhor representa sua marca. Esse cuidado com a personaliza\u00e7\u00e3o faz com que as canetas sejam ideais para a\u00e7\u00f5es promocionais, brindes corporativos e eventos especiais, gerando uma lembran\u00e7a positiva e rigidez na mente dos clientes.  Como l\u00edder em brindes personalizados e comunica\u00e7\u00e3o visual em Alagoas, a Level Print \u00e9 refer\u00eancia em inova\u00e7\u00e3o e qualidade. A empresa se compromete a entregar produtos de excel\u00eancia a pre\u00e7os econ\u00f4micos, ajudando as marcas a fortalecer seu relacionamento com o p\u00fablico\" \/>\n<meta property=\"og:url\" content=\"https:\/\/levelprint.com.br\/pt\/categoria\/produto\/canetas-transfer-laser-brindes-presentes\/\" \/>\n<meta property=\"og:site_name\" content=\"Level Print Gr\u00e1fica e Personalizados\" \/>\n<meta property=\"article:publisher\" content=\"https:\/\/www.facebook.com\/levelprintgrafica\" \/>\n<meta property=\"article:modified_time\" content=\"2025-10-24T19:08:32+00:00\" \/>\n<meta property=\"og:image\" content=\"https:\/\/levelprint.com.br\/wp-content\/uploads\/2024\/11\/Canecas-Personalizadas-Transfer-Laser-Level-Print.jpg\" \/>\n\t<meta property=\"og:image:width\" content=\"1505\" \/>\n\t<meta property=\"og:image:height\" content=\"1512\" \/>\n\t<meta property=\"og:image:type\" content=\"image\/jpeg\" \/>\n<meta name=\"twitter:card\" content=\"summary_large_image\" \/>\n<meta name=\"twitter:site\" content=\"@levelprintbr\" \/>\n<meta name=\"twitter:label1\" content=\"Est. tempo de leitura\" \/>\n\t<meta name=\"twitter:data1\" content=\"1 minuto\" \/>\n<script type=\"application\/ld+json\" class=\"yoast-schema-graph\">{\"@context\":\"https:\\\/\\\/schema.org\",\"@graph\":[{\"@type\":\"WebPage\",\"@id\":\"https:\\\/\\\/levelprint.com.br\\\/categoria\\\/produto\\\/canetas-transfer-laser-brindes-presentes\\\/\",\"url\":\"https:\\\/\\\/levelprint.com.br\\\/categoria\\\/produto\\\/canetas-transfer-laser-brindes-presentes\\\/\",\"name\":\"Canetas Transfer Laser | Brindes \\\/ Presentes - Level Print Gr\u00e1fica e Personalizados\",\"isPartOf\":{\"@id\":\"https:\\\/\\\/levelprint.com.br\\\/#website\"},\"primaryImageOfPage\":{\"@id\":\"https:\\\/\\\/levelprint.com.br\\\/categoria\\\/produto\\\/canetas-transfer-laser-brindes-presentes\\\/#primaryimage\"},\"image\":{\"@id\":\"https:\\\/\\\/levelprint.com.br\\\/categoria\\\/produto\\\/canetas-transfer-laser-brindes-presentes\\\/#primaryimage\"},\"thumbnailUrl\":\"https:\\\/\\\/levelprint.com.br\\\/wp-content\\\/uploads\\\/2024\\\/11\\\/Canecas-Personalizadas-Transfer-Laser-Level-Print.jpg\",\"datePublished\":\"2025-08-25T17:56:21+00:00\",\"dateModified\":\"2025-10-24T19:08:32+00:00\",\"breadcrumb\":{\"@id\":\"https:\\\/\\\/levelprint.com.br\\\/categoria\\\/produto\\\/canetas-transfer-laser-brindes-presentes\\\/#breadcrumb\"},\"inLanguage\":\"pt-BR\",\"potentialAction\":[{\"@type\":\"ReadAction\",\"target\":[\"https:\\\/\\\/levelprint.com.br\\\/categoria\\\/produto\\\/canetas-transfer-laser-brindes-presentes\\\/\"]}]},{\"@type\":\"ImageObject\",\"inLanguage\":\"pt-BR\",\"@id\":\"https:\\\/\\\/levelprint.com.br\\\/categoria\\\/produto\\\/canetas-transfer-laser-brindes-presentes\\\/#primaryimage\",\"url\":\"https:\\\/\\\/levelprint.com.br\\\/wp-content\\\/uploads\\\/2024\\\/11\\\/Canecas-Personalizadas-Transfer-Laser-Level-Print.jpg\",\"contentUrl\":\"https:\\\/\\\/levelprint.com.br\\\/wp-content\\\/uploads\\\/2024\\\/11\\\/Canecas-Personalizadas-Transfer-Laser-Level-Print.jpg\",\"width\":1505,\"height\":1512},{\"@type\":\"BreadcrumbList\",\"@id\":\"https:\\\/\\\/levelprint.com.br\\\/categoria\\\/produto\\\/canetas-transfer-laser-brindes-presentes\\\/#breadcrumb\",\"itemListElement\":[{\"@type\":\"ListItem\",\"position\":1,\"name\":\"In\u00edcio\",\"item\":\"https:\\\/\\\/levelprint.com.br\\\/\"},{\"@type\":\"ListItem\",\"position\":2,\"name\":\"Loja\",\"item\":\"https:\\\/\\\/levelprint.com.br\\\/pt\\\/loja\\\/\"},{\"@type\":\"ListItem\",\"position\":3,\"name\":\"Canetas Transfer Laser | Brindes \\\/ Presentes\"}]},{\"@type\":\"WebSite\",\"@id\":\"https:\\\/\\\/levelprint.com.br\\\/#website\",\"url\":\"https:\\\/\\\/levelprint.com.br\\\/\",\"name\":\"Level Print Gr\u00e1fica em Alagoas | Banners, Crach\u00e1s, Canecas Personalizadas e Mais\",\"description\":\"L\u00edder em Gr\u00e1fica e Personalizados em Macei\u00f3\",\"publisher\":{\"@id\":\"https:\\\/\\\/levelprint.com.br\\\/#organization\"},\"alternateName\":\"Gr\u00e1fica em Macei\u00f3 - Level Print | Banners, Canecas, Crach\u00e1s, Cord\u00f5es Personalizados\",\"potentialAction\":[{\"@type\":\"SearchAction\",\"target\":{\"@type\":\"EntryPoint\",\"urlTemplate\":\"https:\\\/\\\/levelprint.com.br\\\/?s={search_term_string}\"},\"query-input\":{\"@type\":\"PropertyValueSpecification\",\"valueRequired\":true,\"valueName\":\"search_term_string\"}}],\"inLanguage\":\"pt-BR\"},{\"@type\":\"Organization\",\"@id\":\"https:\\\/\\\/levelprint.com.br\\\/#organization\",\"name\":\"Level Print Gr\u00e1fica e Personalizados LTDA.\",\"alternateName\":\"Level Print Gr\u00e1fica\",\"url\":\"https:\\\/\\\/levelprint.com.br\\\/\",\"logo\":{\"@type\":\"ImageObject\",\"inLanguage\":\"pt-BR\",\"@id\":\"https:\\\/\\\/levelprint.com.br\\\/#\\\/schema\\\/logo\\\/image\\\/\",\"url\":\"https:\\\/\\\/levelprint.com.br\\\/wp-content\\\/uploads\\\/2025\\\/07\\\/Logo-Level-Print-Grafica.webp\",\"contentUrl\":\"https:\\\/\\\/levelprint.com.br\\\/wp-content\\\/uploads\\\/2025\\\/07\\\/Logo-Level-Print-Grafica.webp\",\"width\":1176,\"height\":1176,\"caption\":\"Level Print Gr\u00e1fica e Personalizados LTDA.\"},\"image\":{\"@id\":\"https:\\\/\\\/levelprint.com.br\\\/#\\\/schema\\\/logo\\\/image\\\/\"},\"sameAs\":[\"https:\\\/\\\/www.facebook.com\\\/levelprintgrafica\",\"https:\\\/\\\/x.com\\\/levelprintbr\",\"https:\\\/\\\/instagram.com\\\/levelprintgrafica\",\"https:\\\/\\\/www.linkedin.com\\\/company\\\/levelprint\\\/\",\"https:\\\/\\\/br.pinterest.com\\\/simones6766\\\/_saved\\\/https:\\\/\\\/br.pinterest.com\\\/simones6766\\\/_saved\\\/\",\"https:\\\/\\\/www.youtube.com\\\/channel\\\/UC3fz7xDpzPqorul-xhH6lBg\"]}]}<\/script>\n<!-- \/ Yoast SEO plugin. -->","yoast_head_json":{"title":"Canetas Transfer Laser | Brindes \/ Presentes - Level Print Gr\u00e1fica e Personalizados","robots":{"index":"index","follow":"follow","max-snippet":"max-snippet:-1","max-image-preview":"max-image-preview:large","max-video-preview":"max-video-preview:-1"},"canonical":"https:\/\/levelprint.com.br\/pt\/categoria\/produto\/canetas-transfer-laser-brindes-presentes\/","og_locale":"pt_BR","og_type":"article","og_title":"Canetas Transfer Laser | Brindes \/ Presentes - Level Print Gr\u00e1fica e Personalizados","og_description":"Dispon\u00edveis em uma variedade de modelos e cores, as canetas transfer laser da Level Print oferecem flexibilidade de personaliza\u00e7\u00e3o, permitindo que cada cliente escolha o estilo que melhor representa sua marca. Esse cuidado com a personaliza\u00e7\u00e3o faz com que as canetas sejam ideais para a\u00e7\u00f5es promocionais, brindes corporativos e eventos especiais, gerando uma lembran\u00e7a positiva e rigidez na mente dos clientes.  Como l\u00edder em brindes personalizados e comunica\u00e7\u00e3o visual em Alagoas, a Level Print \u00e9 refer\u00eancia em inova\u00e7\u00e3o e qualidade. A empresa se compromete a entregar produtos de excel\u00eancia a pre\u00e7os econ\u00f4micos, ajudando as marcas a fortalecer seu relacionamento com o p\u00fablico","og_url":"https:\/\/levelprint.com.br\/pt\/categoria\/produto\/canetas-transfer-laser-brindes-presentes\/","og_site_name":"Level Print Gr\u00e1fica e Personalizados","article_publisher":"https:\/\/www.facebook.com\/levelprintgrafica","article_modified_time":"2025-10-24T19:08:32+00:00","og_image":[{"width":1505,"height":1512,"url":"https:\/\/levelprint.com.br\/wp-content\/uploads\/2024\/11\/Canecas-Personalizadas-Transfer-Laser-Level-Print.jpg","type":"image\/jpeg"}],"twitter_card":"summary_large_image","twitter_site":"@levelprintbr","twitter_misc":{"Est. tempo de leitura":"1 minuto"},"schema":{"@context":"https:\/\/schema.org","@graph":[{"@type":"WebPage","@id":"https:\/\/levelprint.com.br\/categoria\/produto\/canetas-transfer-laser-brindes-presentes\/","url":"https:\/\/levelprint.com.br\/categoria\/produto\/canetas-transfer-laser-brindes-presentes\/","name":"Canetas Transfer Laser | Brindes \/ Presentes - Level Print Gr\u00e1fica e Personalizados","isPartOf":{"@id":"https:\/\/levelprint.com.br\/#website"},"primaryImageOfPage":{"@id":"https:\/\/levelprint.com.br\/categoria\/produto\/canetas-transfer-laser-brindes-presentes\/#primaryimage"},"image":{"@id":"https:\/\/levelprint.com.br\/categoria\/produto\/canetas-transfer-laser-brindes-presentes\/#primaryimage"},"thumbnailUrl":"https:\/\/levelprint.com.br\/wp-content\/uploads\/2024\/11\/Canecas-Personalizadas-Transfer-Laser-Level-Print.jpg","datePublished":"2025-08-25T17:56:21+00:00","dateModified":"2025-10-24T19:08:32+00:00","breadcrumb":{"@id":"https:\/\/levelprint.com.br\/categoria\/produto\/canetas-transfer-laser-brindes-presentes\/#breadcrumb"},"inLanguage":"pt-BR","potentialAction":[{"@type":"ReadAction","target":["https:\/\/levelprint.com.br\/categoria\/produto\/canetas-transfer-laser-brindes-presentes\/"]}]},{"@type":"ImageObject","inLanguage":"pt-BR","@id":"https:\/\/levelprint.com.br\/categoria\/produto\/canetas-transfer-laser-brindes-presentes\/#primaryimage","url":"https:\/\/levelprint.com.br\/wp-content\/uploads\/2024\/11\/Canecas-Personalizadas-Transfer-Laser-Level-Print.jpg","contentUrl":"https:\/\/levelprint.com.br\/wp-content\/uploads\/2024\/11\/Canecas-Personalizadas-Transfer-Laser-Level-Print.jpg","width":1505,"height":1512},{"@type":"BreadcrumbList","@id":"https:\/\/levelprint.com.br\/categoria\/produto\/canetas-transfer-laser-brindes-presentes\/#breadcrumb","itemListElement":[{"@type":"ListItem","position":1,"name":"In\u00edcio","item":"https:\/\/levelprint.com.br\/"},{"@type":"ListItem","position":2,"name":"Loja","item":"https:\/\/levelprint.com.br\/pt\/loja\/"},{"@type":"ListItem","position":3,"name":"Canetas Transfer Laser | Brindes \/ Presentes"}]},{"@type":"WebSite","@id":"https:\/\/levelprint.com.br\/#website","url":"https:\/\/levelprint.com.br\/","name":"Level Print Gr\u00e1fica em Alagoas | Banners, Crach\u00e1s, Canecas Personalizadas e Mais","description":"L\u00edder em Gr\u00e1fica e Personalizados em Macei\u00f3","publisher":{"@id":"https:\/\/levelprint.com.br\/#organization"},"alternateName":"Gr\u00e1fica em Macei\u00f3 - Level Print | Banners, Canecas, Crach\u00e1s, Cord\u00f5es Personalizados","potentialAction":[{"@type":"SearchAction","target":{"@type":"EntryPoint","urlTemplate":"https:\/\/levelprint.com.br\/?s={search_term_string}"},"query-input":{"@type":"PropertyValueSpecification","valueRequired":true,"valueName":"search_term_string"}}],"inLanguage":"pt-BR"},{"@type":"Organization","@id":"https:\/\/levelprint.com.br\/#organization","name":"Level Print Gr\u00e1fica e Personalizados LTDA.","alternateName":"Level Print Gr\u00e1fica","url":"https:\/\/levelprint.com.br\/","logo":{"@type":"ImageObject","inLanguage":"pt-BR","@id":"https:\/\/levelprint.com.br\/#\/schema\/logo\/image\/","url":"https:\/\/levelprint.com.br\/wp-content\/uploads\/2025\/07\/Logo-Level-Print-Grafica.webp","contentUrl":"https:\/\/levelprint.com.br\/wp-content\/uploads\/2025\/07\/Logo-Level-Print-Grafica.webp","width":1176,"height":1176,"caption":"Level Print Gr\u00e1fica e Personalizados LTDA."},"image":{"@id":"https:\/\/levelprint.com.br\/#\/schema\/logo\/image\/"},"sameAs":["https:\/\/www.facebook.com\/levelprintgrafica","https:\/\/x.com\/levelprintbr","https:\/\/instagram.com\/levelprintgrafica","https:\/\/www.linkedin.com\/company\/levelprint\/","https:\/\/br.pinterest.com\/simones6766\/_saved\/https:\/\/br.pinterest.com\/simones6766\/_saved\/","https:\/\/www.youtube.com\/channel\/UC3fz7xDpzPqorul-xhH6lBg"]}]}},"_links":{"self":[{"href":"https:\/\/levelprint.com.br\/pt\/wp-json\/wp\/v2\/product\/75838","targetHints":{"allow":["GET"]}}],"collection":[{"href":"https:\/\/levelprint.com.br\/pt\/wp-json\/wp\/v2\/product"}],"about":[{"href":"https:\/\/levelprint.com.br\/pt\/wp-json\/wp\/v2\/types\/product"}],"wp:featuredmedia":[{"embeddable":true,"href":"https:\/\/levelprint.com.br\/pt\/wp-json\/wp\/v2\/media\/74990"}],"wp:attachment":[{"href":"https:\/\/levelprint.com.br\/pt\/wp-json\/wp\/v2\/media?parent=75838"}],"wp:term":[{"taxonomy":"product_brand","embeddable":true,"href":"https:\/\/levelprint.com.br\/pt\/wp-json\/wp\/v2\/product_brand?post=75838"},{"taxonomy":"product_cat","embeddable":true,"href":"https:\/\/levelprint.com.br\/pt\/wp-json\/wp\/v2\/product_cat?post=75838"},{"taxonomy":"product_tag","embeddable":true,"href":"https:\/\/levelprint.com.br\/pt\/wp-json\/wp\/v2\/product_tag?post=75838"}],"curies":[{"name":"wp","href":"https:\/\/api.w.org\/{rel}","templated":true}]}}